{"id":1022,"date":"2017-05-25T11:34:31","date_gmt":"2017-05-25T09:34:31","guid":{"rendered":"http:\/\/www.getnogard.de\/?page_id=1022\/"},"modified":"2025-05-30T18:29:23","modified_gmt":"2025-05-30T16:29:23","slug":"camping-key-europe","status":"publish","type":"page","link":"https:\/\/www.getnogard.se\/de\/naturcamping\/camping-key-europe\/","title":{"rendered":"Camping Key Europe"},"content":{"rendered":"\n\n\t\t\t\t<img loading=\"lazy\" decoding=\"async\" src=\"https:\/\/www.getnogard.se\/wp-content\/uploads\/header_1100x400_01.jpg\" alt=\"header_1100x400_01\" itemprop=\"image\" height=\"400\" width=\"1100\" title=\"header_1100x400_01\" onerror=\"this.style.display='none'\"  \/>\n<h1>\n\t\tCamping Key Europe\n\t<\/h1>\n\t<p>Willkommen in Schweden und Europa. Die Camping Key Europe ist eine Campingkarte, die Campingpl\u00e4tze in ganz Europa miteinander verbindet. Mit dieser Karte steht Ihnen Europa offen und Ihr Urlaub gestaltet sich bequemer, sicherer und g\u00fcnstiger. In Schweden ben\u00f6tigen Sie die Camping Key Europe, um auf einem dem SCR angeschlossenen Campingplatz wohnen zu k\u00f6nnen.<\/p>\n<h3>Warum brauche ich die Camping Key Europe?<\/h3>\n<p>Alle schwedischen Campingpl\u00e4tze, welche die Camping Key Europe nutzen, sind Mitglieder der Branchenorganisation SCR Svensk Camping.<\/p>\n<h3>Dieses System nutzen wir aus mehreren Gr\u00fcnden:<\/h3>\n<ul>\n<li>Die Kartengeb\u00fchr unterst\u00fctzt uns bei der Qualit\u00e4tssicherung Ihres Campingerlebnisses. Die Einnahmen werden z. B. f\u00fcr die Sicherheit in den Bereichen der Stromversorgung und des Brandschutzes genutzt, f\u00fcr die Verbesserung des Umweltschutzes und die Weiterentwicklung der Campingpl\u00e4tze.<\/li>\n<li>Es erleichtert das Ein-und Auschecken: Alle ben\u00f6tigten Angaben befinden sich schon auf der Karte, so dass keine Formulare mehr ausgef\u00fcllt werden m\u00fcssen. Die Karte wird lediglich einmal durch das Leseger\u00e4t gezogen, fertig. Auf diese Weise wird die Arbeit der Campingpl\u00e4tze effektiver und die Campinggeb\u00fchren k\u00f6nnen niedrig gehalten werden.<\/li>\n<\/ul>\n<h3>Der Mehrwert der Karte f\u00fcr die G\u00e4ste:<\/h3>\n<ul>\n<li>Schnelles Ein-und Auschecken auf allen Campingpl\u00e4tzen, die dem SCR Svensk Camping angeschlossen sind.<\/li>\n<li><a href=\"http:\/\/www.camping.se\/de\/Campingse-Camping-Schweden\/Camping-Key-Europe\/Camping-Key-Europe\/Unfall-und-Haftpflichtversicherung\/\" target=\"_blank\" rel=\"noopener noreferrer\">Unfallversicherung:<\/a> Die Karte bietet der ganzen Familie Versicherungsschutz im Falle eines Unfalls.<\/li>\n<li>Zugang zu <a title=\"Camping Key Europe\" href=\"http:\/\/www.campingkey.com\/de\/\" target=\"_blank\" rel=\"noopener noreferrer\">tausenden Campingpl\u00e4tzen in Europa<\/a> &#8211; mit Rabatten.<\/li>\n<li>Die Karte beinhaltet Erm\u00e4\u00dfigungen und spezielle Angebote in Schweden und in Europa. <a href=\"http:\/\/www.camping.se\/de\/Campingse-Camping-Schweden\/Camping-Key-Europe\/Camping-Key-Europe\/Ihre-Kartenangebote\/\">Hier erfahren Sie mehr<\/a><\/li>\n<\/ul>\n<h3>Preis der Campingkarte<\/h3>\n<p>Die Campingkarte kostet 299 SEK, wenn Sie diese online erwerben.<\/p>\n<p>Wenn Sie die Karte im Vorfeld Ihres Urlaubs online erwerben, k\u00f6nnen Sie sowohl Zeit als auch Geld sparen. Denn nicht nur der erste Check-In verl\u00e4uft dann schneller und geschmeidiger, sondern die Karte ist online auch etwas g\u00fcnstiger. Zus\u00e4tzlich haben Sie den Vorteil, dass eine online erworbene Karte ab dem Kaufdatum volle 12 Monate g\u00fcltig ist. Eine auf dem Campingplatz erworbene Karte gilt dagegen bis zum Ende des jeweiligen Jahres. Kaufen Sie Ihre Karte <a href=\"http:\/\/www.camping.se\/de\/Campingse-Camping-Schweden\/Camping-Key-Europe\/Camping-Key-Europe\/Karte-Kaufen\/\">hier<\/a>.<\/p>\n<h3>Au\u00dferdem erhalten Sie:<\/h3>\n<ul>\n<li>Sie erhalten Zugang zur App <em>Camping Key Europe<\/em>.<\/li>\n<li>Sie erhalten den Newsletter <em>Entdecken Sie Schweden<\/em> von <a href=\"http:\/\/www.camping.se\/de\/\" target=\"_blank\" rel=\"noopener noreferrer\">Camping.se<\/a>.<\/li>\n<\/ul>\n<h3>Wer steht hinter der Camping Key Europe<\/h3>\n<p>Camping Key Europe \u00e4r ett digitalt f\u00f6rm\u00e5nskort f\u00f6r europeiska campingg\u00e4ster och \u00e4gs immateriellt av ANWB Leden en Kampeerreizen B.V., Wassenaarseweg 220, 2596 EC den Haag. Ansvarig f\u00f6r f\u00f6rs\u00e4ljningen av Camping Key Europe i Sverige \u00e4r SCR Svensk Camping, reg.nr 716408-5602, Box 5079, 402 22 G\u00f6teborg,<a title=\"mailto:info@scr.se\" href=\"mailto:info@scr.se\"> info@scr.se.<\/a><\/p>\n\t\t<h3>Downloads &#038; Information<\/h3>\t\n\t<p>\u279d <a href=\"https:\/\/www.getnogard.se\/wp-content\/uploads\/bokningsvillkor_korttid_DE.pdf\" target=\"_blank\" rel=\"noopener\">Download Buchungsbedingungen<\/a> | <a href=\"https:\/\/www.getnogard.se\/wp-content\/uploads\/getno_broschyr_DE.pdf\" target=\"_blank\" rel=\"noopener\">Download Brosch\u00fcre<\/a><\/p>\n\t\t<h3>Unsere \u00d6ffnungszeiten<\/h3><strong>Ferienh\u00e4user: ganzj\u00e4hrig ge\u00f6ffnet<\/strong><br \/>\r\n<em>F\u00fcr Service bitte folgende Nummer anrufen: 0477-24011 oder eine E-Mail an info@getnogard.se senden<\/em>\r\n<p>\r\nCampingplatz: ge\u00f6ffnet vom 26. April &#8211; 5. Oktober 2025<\/p>>\r\n\r\n<iframe style=\u201edisplay: none;\u201c><\/iframe>\n\t<h2>Aktuelles &amp; Angebote<\/h2>\n<p>Wir informieren Euch \u00fcber News und aktuelle Angebote von Getn\u00f6 &#8211; Lake \u00c5snen Resort.<\/p>\n\n","protected":false},"excerpt":{"rendered":"<p>Camping Key Europe Willkommen in Schweden und Europa. Die Camping Key Europe ist eine Campingkarte, die Campingpl\u00e4tze in ganz Europa miteinander verbindet. Mit dieser Karte steht Ihnen Europa offen und Ihr Urlaub gestaltet sich bequemer, sicherer und g\u00fcnstiger. In Schweden ben\u00f6tigen Sie die Camping Key Europe, um auf einem dem SCR angeschlossenen Campingplatz wohnen zu [&hellip;]<\/p>\n","protected":false},"author":2,"featured_media":0,"parent":245,"menu_order":0,"comment_status":"closed","ping_status":"closed","template":"","meta":{"_acf_changed":false,"_seopress_robots_primary_cat":"","_seopress_titles_title":"","_seopress_titles_desc":"","_seopress_robots_index":"","site-sidebar-layout":"default","site-content-layout":"","ast-site-content-layout":"default","site-content-style":"default","site-sidebar-style":"default","ast-global-header-display":"","ast-banner-title-visibility":"","ast-main-header-display":"","ast-hfb-above-header-display":"","ast-hfb-below-header-display":"","ast-hfb-mobile-header-display":"","site-post-title":"","ast-breadcrumbs-content":"","ast-featured-img":"","footer-sml-layout":"","ast-disable-related-posts":"","theme-transparent-header-meta":"","adv-header-id-meta":"","stick-header-meta":"","header-above-stick-meta":"","header-main-stick-meta":"","header-below-stick-meta":"","astra-migrate-meta-layouts":"default","ast-page-background-enabled":"default","ast-page-background-meta":{"desktop":{"background-color":"var(--ast-global-color-4)","background-image":"","background-repeat":"repeat","background-position":"center center","background-size":"auto","background-attachment":"scroll","background-type":"","background-media":"","overlay-type":"","overlay-color":"","overlay-opacity":"","overlay-gradient":""},"tablet":{"background-color":"","background-image":"","background-repeat":"repeat","background-position":"center center","background-size":"auto","background-attachment":"scroll","background-type":"","background-media":"","overlay-type":"","overlay-color":"","overlay-opacity":"","overlay-gradient":""},"mobile":{"background-color":"","background-image":"","background-repeat":"repeat","background-position":"center center","background-size":"auto","background-attachment":"scroll","background-type":"","background-media":"","overlay-type":"","overlay-color":"","overlay-opacity":"","overlay-gradient":""}},"ast-content-background-meta":{"desktop":{"background-color":"var(--ast-global-color-5)","background-image":"","background-repeat":"repeat","background-position":"center center","background-size":"auto","background-attachment":"scroll","background-type":"","background-media":"","overlay-type":"","overlay-color":"","overlay-opacity":"","overlay-gradient":""},"tablet":{"background-color":"var(--ast-global-color-5)","background-image":"","background-repeat":"repeat","background-position":"center center","background-size":"auto","background-attachment":"scroll","background-type":"","background-media":"","overlay-type":"","overlay-color":"","overlay-opacity":"","overlay-gradient":""},"mobile":{"background-color":"var(--ast-global-color-5)","background-image":"","background-repeat":"repeat","background-position":"center center","background-size":"auto","background-attachment":"scroll","background-type":"","background-media":"","overlay-type":"","overlay-color":"","overlay-opacity":"","overlay-gradient":""}},"footnotes":""},"class_list":["post-1022","page","type-page","status-publish","hentry"],"acf":[],"_links":{"self":[{"href":"https:\/\/www.getnogard.se\/de\/wp-json\/wp\/v2\/pages\/1022","targetHints":{"allow":["GET"]}}],"collection":[{"href":"https:\/\/www.getnogard.se\/de\/wp-json\/wp\/v2\/pages"}],"about":[{"href":"https:\/\/www.getnogard.se\/de\/wp-json\/wp\/v2\/types\/page"}],"author":[{"embeddable":true,"href":"https:\/\/www.getnogard.se\/de\/wp-json\/wp\/v2\/users\/2"}],"replies":[{"embeddable":true,"href":"https:\/\/www.getnogard.se\/de\/wp-json\/wp\/v2\/comments?post=1022"}],"version-history":[{"count":5,"href":"https:\/\/www.getnogard.se\/de\/wp-json\/wp\/v2\/pages\/1022\/revisions"}],"predecessor-version":[{"id":5392,"href":"https:\/\/www.getnogard.se\/de\/wp-json\/wp\/v2\/pages\/1022\/revisions\/5392"}],"up":[{"embeddable":true,"href":"https:\/\/www.getnogard.se\/de\/wp-json\/wp\/v2\/pages\/245"}],"wp:attachment":[{"href":"https:\/\/www.getnogard.se\/de\/wp-json\/wp\/v2\/media?parent=1022"}],"curies":[{"name":"wp","href":"https:\/\/api.w.org\/{rel}","templated":true}]}}