{"id":145,"date":"2016-06-14T09:03:25","date_gmt":"2016-06-14T07:03:25","guid":{"rendered":"http:\/\/www.getnogard.de\/de\/?page_id=145"},"modified":"2023-03-29T13:39:31","modified_gmt":"2023-03-29T11:39:31","slug":"impressum","status":"publish","type":"page","link":"https:\/\/www.getnogard.se\/de\/impressum\/","title":{"rendered":"Impressum"},"content":{"rendered":"\n<h1>\n\t\tImpressum\n\t<\/h1>\n\tGetn\u00f6 G\u00e5rd AB<br \/>\nGetn\u00f6 G\u00e5rd<br \/>\nS &#8211; 362 96 Ryd<br \/>\nSchweden\nE-Mail: <a href=\"mailto:info@getnogard.se\">info@getnogard.se<\/a><br \/>\nHomepage: www.getnogard.se<br \/>\nTel: +46 (0)477 240 11\n<h2>\n\t\tLegal Notes\n\t<\/h2>\n\t<strong>Inhaltlich verantwortlich:<\/strong><br \/>\nIngrid E-M Olsson<br \/>\nGetn\u00f6 G\u00e5rd AB<br \/>\n<a href=\"mailto:ingrid@getnogard.se\">ingrid@getnogard.se<\/a>\n<h2>\n\t\tWeitere Hinweise\n\t<\/h2>\n\t<p>Privacy Policy for getnogard.se<\/p>\n<h2>\n\t\tFotos\n\t<\/h2>\n\tCopyright Getn\u00f6 G\u00e5rd AB<br \/>\nIngrid Olsson \/ getnogard.se<br \/>\nBastian Fellenberg \/ mindator.de<br \/>\n129048030 by <a href=\"https:\/\/de.depositphotos.com\/portfolio-9843368.html\" target=\"_blank\" rel=\"noopener\">Roman Pashkovsky<\/a><br \/>\n8763793 by <a href=\"https:\/\/de.depositphotos.com\/portfolio-1008007.html\" target=\"_blank\" rel=\"noopener\">contas30<\/a>\n<p><\/p>\n\t\t\t\t<a href=\"https:\/\/www.getnogard.se\/stugor\/\" target=\"_self\" itemprop=\"url\" rel=\"noopener\">\n\t\t\t\t<img loading=\"lazy\" decoding=\"async\" src=\"https:\/\/www.getnogard.se\/wp-content\/uploads\/bb-plugin\/cache\/getno_stugor_aelgen_02-landscape.jpg\" alt=\"getno_stugor_aelgen_02\" itemprop=\"image\" height=\"374\" width=\"600\" title=\"getno_stugor_aelgen_02\" onerror=\"this.style.display='none'\"  \/>\n\t\t\t\t<\/a>\n<h3><a href=\"https:\/\/www.getnogard.se\/stugor\/\" target=\"_self\" rel=\"noopener\">H\u00e4user<\/a><\/h3>\t\t\n\t\t\t\t<a href=\"https:\/\/www.getnogard.se\/aktiviteter\/\" target=\"_self\" itemprop=\"url\" rel=\"noopener\">\n\t\t\t\t<img loading=\"lazy\" decoding=\"async\" src=\"https:\/\/www.getnogard.se\/wp-content\/uploads\/bb-plugin\/cache\/teaser-kajak-01-landscape.jpg\" alt=\"teaser-kajak-01\" itemprop=\"image\" height=\"374\" width=\"600\" title=\"teaser-kajak-01\" onerror=\"this.style.display='none'\"  \/>\n\t\t\t\t<\/a>\n<h3><a href=\"https:\/\/www.getnogard.se\/aktiviteter\/\" target=\"_self\" rel=\"noopener\">Aktivit\u00e4ten<\/a><\/h3>\t\t\n\t\t\t\t<a href=\"https:\/\/www.getnogard.se\/konferenser\/\" target=\"_self\" itemprop=\"url\" rel=\"noopener\">\n\t\t\t\t<img loading=\"lazy\" decoding=\"async\" src=\"https:\/\/www.getnogard.se\/wp-content\/uploads\/bb-plugin\/cache\/teaser-konferens-01-landscape.jpg\" alt=\"teaser-konferens-01\" itemprop=\"image\" height=\"374\" width=\"600\" title=\"teaser-konferens-01\" onerror=\"this.style.display='none'\"  \/>\n\t\t\t\t<\/a>\n<h3><a href=\"https:\/\/www.getnogard.se\/konferenser\/\" target=\"_self\" rel=\"noopener\">Konferenzen<\/a><\/h3>\t\t\n\n","protected":false},"excerpt":{"rendered":"<p>Impressum Getn\u00f6 G\u00e5rd AB Getn\u00f6 G\u00e5rd S &#8211; 362 96 Ryd Schweden E-Mail: info@getnogard.se Homepage: www.getnogard.se Tel: +46 (0)477 240 11 Legal Notes Inhaltlich verantwortlich: Ingrid E-M Olsson Getn\u00f6 G\u00e5rd AB ingrid@getnogard.se Weitere Hinweise Privacy Policy for getnogard.se Fotos Copyright Getn\u00f6 G\u00e5rd AB Ingrid Olsson \/ getnogard.se Bastian Fellenberg \/ mindator.de 129048030 by Roman Pashkovsky [&hellip;]<\/p>\n","protected":false},"author":2,"featured_media":0,"parent":0,"menu_order":0,"comment_status":"closed","ping_status":"closed","template":"","meta":{"_acf_changed":false,"_seopress_robots_primary_cat":"","_seopress_titles_title":"","_seopress_titles_desc":"","_seopress_robots_index":"","site-sidebar-layout":"default","site-content-layout":"","ast-site-content-layout":"default","site-content-style":"default","site-sidebar-style":"default","ast-global-header-display":"","ast-banner-title-visibility":"","ast-main-header-display":"","ast-hfb-above-header-display":"","ast-hfb-below-header-display":"","ast-hfb-mobile-header-display":"","site-post-title":"","ast-breadcrumbs-content":"","ast-featured-img":"","footer-sml-layout":"","ast-disable-related-posts":"","theme-transparent-header-meta":"","adv-header-id-meta":"","stick-header-meta":"","header-above-stick-meta":"","header-main-stick-meta":"","header-below-stick-meta":"","astra-migrate-meta-layouts":"default","ast-page-background-enabled":"default","ast-page-background-meta":{"desktop":{"background-color":"var(--ast-global-color-4)","background-image":"","background-repeat":"repeat","background-position":"center center","background-size":"auto","background-attachment":"scroll","background-type":"","background-media":"","overlay-type":"","overlay-color":"","overlay-opacity":"","overlay-gradient":""},"tablet":{"background-color":"","background-image":"","background-repeat":"repeat","background-position":"center center","background-size":"auto","background-attachment":"scroll","background-type":"","background-media":"","overlay-type":"","overlay-color":"","overlay-opacity":"","overlay-gradient":""},"mobile":{"background-color":"","background-image":"","background-repeat":"repeat","background-position":"center center","background-size":"auto","background-attachment":"scroll","background-type":"","background-media":"","overlay-type":"","overlay-color":"","overlay-opacity":"","overlay-gradient":""}},"ast-content-background-meta":{"desktop":{"background-color":"var(--ast-global-color-5)","background-image":"","background-repeat":"repeat","background-position":"center center","background-size":"auto","background-attachment":"scroll","background-type":"","background-media":"","overlay-type":"","overlay-color":"","overlay-opacity":"","overlay-gradient":""},"tablet":{"background-color":"var(--ast-global-color-5)","background-image":"","background-repeat":"repeat","background-position":"center center","background-size":"auto","background-attachment":"scroll","background-type":"","background-media":"","overlay-type":"","overlay-color":"","overlay-opacity":"","overlay-gradient":""},"mobile":{"background-color":"var(--ast-global-color-5)","background-image":"","background-repeat":"repeat","background-position":"center center","background-size":"auto","background-attachment":"scroll","background-type":"","background-media":"","overlay-type":"","overlay-color":"","overlay-opacity":"","overlay-gradient":""}},"footnotes":""},"class_list":["post-145","page","type-page","status-publish","hentry"],"acf":[],"_links":{"self":[{"href":"https:\/\/www.getnogard.se\/de\/wp-json\/wp\/v2\/pages\/145","targetHints":{"allow":["GET"]}}],"collection":[{"href":"https:\/\/www.getnogard.se\/de\/wp-json\/wp\/v2\/pages"}],"about":[{"href":"https:\/\/www.getnogard.se\/de\/wp-json\/wp\/v2\/types\/page"}],"author":[{"embeddable":true,"href":"https:\/\/www.getnogard.se\/de\/wp-json\/wp\/v2\/users\/2"}],"replies":[{"embeddable":true,"href":"https:\/\/www.getnogard.se\/de\/wp-json\/wp\/v2\/comments?post=145"}],"version-history":[{"count":5,"href":"https:\/\/www.getnogard.se\/de\/wp-json\/wp\/v2\/pages\/145\/revisions"}],"predecessor-version":[{"id":4581,"href":"https:\/\/www.getnogard.se\/de\/wp-json\/wp\/v2\/pages\/145\/revisions\/4581"}],"wp:attachment":[{"href":"https:\/\/www.getnogard.se\/de\/wp-json\/wp\/v2\/media?parent=145"}],"curies":[{"name":"wp","href":"https:\/\/api.w.org\/{rel}","templated":true}]}}