{"id":1493,"date":"2018-05-03T18:06:14","date_gmt":"2018-05-03T16:06:14","guid":{"rendered":"https:\/\/www.getnogard.se\/?page_id=1493"},"modified":"2025-11-22T19:00:49","modified_gmt":"2025-11-22T18:00:49","slug":"guided-tours","status":"publish","type":"page","link":"https:\/\/www.getnogard.se\/de\/guided-tours\/","title":{"rendered":"Guided Tours"},"content":{"rendered":"\n\n\t\t\t\t<img decoding=\"async\" src=\"https:\/\/www.getnogard.se\/wp-content\/uploads\/ggab_header_1100x400_04.jpg\" alt=\"ggab_header_1100x400_04\" itemprop=\"image\" height=\"400\" width=\"1100\" title=\"ggab_header_1100x400_04\" onerror=\"this.style.display='none'\" loading=\"lazy\" \/>\n<h1>\n\t\t\tGuided Tours\t<\/h1>\n<h4>\n\t\t\tWir f\u00fchren Sie durch die sch\u00f6nsten<br \/>Naturerlebnisse im Lake \u00c5snen\t<\/h4>\n\t\t<h3>Angelguides<\/h3>\n\t\t\t<a href=\"https:\/\/www.getnogard.se\/de\/angelguides\/\" target=\"_self\">\n\t\t\t\t\t\tHier klicken\n\t\t\t\t\t<\/a>\n\t\t<h3>Naturguides<\/h3>\n\t\t\t<a href=\"https:\/\/www.getnogard.se\/de\/natur-vogelguides\/\" target=\"_self\">\n\t\t\t\t\t\tHier klicken\n\t\t\t\t\t<\/a>\n\t\t<h2>Guide-Pool f\u00fcr Naturliebhaber<\/h2><p><strong>\u00c5snen Guiderna<\/strong> ist ein &#8222;Guide-Pool&#8220; f\u00fcr die ganzen \u00c5snen Bereich. Wir k\u00f6nnen Sie auf die verschiedenen Naturf\u00fchrer wie G\u00e4ddsafaris, exklusive Kajaktouren , Fischadler-Safaris, Nachtangeln f\u00fcr Zander, Wild Aufkl\u00e4rung, Fahrradtouren, gef\u00fchrte Bootstouren , Naturschule f\u00fcr Kinder und Fischschule.<\/p>\n<p>Unser Guide-Pakete beinhalten oft lokale Speisen und Sm\u00e5land Picknick-K\u00f6rbe.<\/p>\n\t\t<h2>\u00c5snen auf \u00fcber 155km\u00b2<\/h2><p>Erleben Sie ein einzigartiges S\u00fc\u00dfwasser Archipel mit \u00fcber 1000ha. Ein wahres Paradies f\u00fcr Ornithologen, Kanuten, Angler und Naturliebhaber. Es gibt mehrere Naturschutzgebiete, Vogelschutzgebiete und \u00c5snens Nationalpark (2018).<\/p>\n<p>Der \u00c5snen hat eine durchschnittliche Tiefe von 3-5 Metern und ist f\u00fcr seine reichen Best\u00e4nde an Hecht und Zander bekannt.<\/p>\n\t<h2>Entdecken Sie \u00c5snen BIG FIVE<\/h2>\nOsprey, Schwarz Prachttaucher , Elche, Seeadler und Kranich.<br \/>\nMit etwas Gl\u00fcck, auch die sm\u00e5l\u00e4ndischen und seltenen\u00a0Fischotter.\n\nWilkommen\u00a0im Lake \u00c5snen &#8211; <strong>NATURE \u00a0FOR REAL<\/strong>!\n\t\t\t\t<img decoding=\"async\" src=\"https:\/\/www.getnogard.se\/wp-content\/uploads\/logo_asnenguiderna_150x100.png\" alt=\"logo_asnenguiderna_150x100\" itemprop=\"image\" height=\"100\" width=\"150\" title=\"logo_asnenguiderna_150x100\" onerror=\"this.style.display='none'\" loading=\"lazy\" \/>\n\t<h2>Aktuelles &amp; Angebote<\/h2>\n<p>Wir informieren Euch \u00fcber News und aktuelle Angebote von Getn\u00f6 &#8211; Lake \u00c5snen Resort.<\/p>\n\n","protected":false},"excerpt":{"rendered":"<p>Guided Tours Wir f\u00fchren Sie durch die sch\u00f6nstenNaturerlebnisse im Lake \u00c5snen Angelguides Hier klicken Naturguides Hier klicken Guide-Pool f\u00fcr Naturliebhaber \u00c5snen Guiderna ist ein &#8222;Guide-Pool&#8220; f\u00fcr die ganzen \u00c5snen Bereich. Wir k\u00f6nnen Sie auf die verschiedenen Naturf\u00fchrer wie G\u00e4ddsafaris, exklusive Kajaktouren , Fischadler-Safaris, Nachtangeln f\u00fcr Zander, Wild Aufkl\u00e4rung, Fahrradtouren, gef\u00fchrte Bootstouren , Naturschule f\u00fcr Kinder [&hellip;]<\/p>\n","protected":false},"author":2,"featured_media":0,"parent":0,"menu_order":0,"comment_status":"closed","ping_status":"closed","template":"","meta":{"_acf_changed":false,"_seopress_robots_primary_cat":"","_seopress_titles_title":"","_seopress_titles_desc":"","_seopress_robots_index":"","site-sidebar-layout":"default","site-content-layout":"","ast-site-content-layout":"default","site-content-style":"default","site-sidebar-style":"default","ast-global-header-display":"","ast-banner-title-visibility":"","ast-main-header-display":"","ast-hfb-above-header-display":"","ast-hfb-below-header-display":"","ast-hfb-mobile-header-display":"","site-post-title":"","ast-breadcrumbs-content":"","ast-featured-img":"","footer-sml-layout":"","ast-disable-related-posts":"","theme-transparent-header-meta":"default","adv-header-id-meta":"","stick-header-meta":"","header-above-stick-meta":"","header-main-stick-meta":"","header-below-stick-meta":"","astra-migrate-meta-layouts":"default","ast-page-background-enabled":"default","ast-page-background-meta":{"desktop":{"background-color":"var(--ast-global-color-4)","background-image":"","background-repeat":"repeat","background-position":"center center","background-size":"auto","background-attachment":"scroll","background-type":"","background-media":"","overlay-type":"","overlay-color":"","overlay-opacity":"","overlay-gradient":""},"tablet":{"background-color":"","background-image":"","background-repeat":"repeat","background-position":"center center","background-size":"auto","background-attachment":"scroll","background-type":"","background-media":"","overlay-type":"","overlay-color":"","overlay-opacity":"","overlay-gradient":""},"mobile":{"background-color":"","background-image":"","background-repeat":"repeat","background-position":"center center","background-size":"auto","background-attachment":"scroll","background-type":"","background-media":"","overlay-type":"","overlay-color":"","overlay-opacity":"","overlay-gradient":""}},"ast-content-background-meta":{"desktop":{"background-color":"var(--ast-global-color-5)","background-image":"","background-repeat":"repeat","background-position":"center center","background-size":"auto","background-attachment":"scroll","background-type":"","background-media":"","overlay-type":"","overlay-color":"","overlay-opacity":"","overlay-gradient":""},"tablet":{"background-color":"var(--ast-global-color-5)","background-image":"","background-repeat":"repeat","background-position":"center center","background-size":"auto","background-attachment":"scroll","background-type":"","background-media":"","overlay-type":"","overlay-color":"","overlay-opacity":"","overlay-gradient":""},"mobile":{"background-color":"var(--ast-global-color-5)","background-image":"","background-repeat":"repeat","background-position":"center center","background-size":"auto","background-attachment":"scroll","background-type":"","background-media":"","overlay-type":"","overlay-color":"","overlay-opacity":"","overlay-gradient":""}},"footnotes":""},"class_list":["post-1493","page","type-page","status-publish","hentry"],"acf":[],"_links":{"self":[{"href":"https:\/\/www.getnogard.se\/de\/wp-json\/wp\/v2\/pages\/1493","targetHints":{"allow":["GET"]}}],"collection":[{"href":"https:\/\/www.getnogard.se\/de\/wp-json\/wp\/v2\/pages"}],"about":[{"href":"https:\/\/www.getnogard.se\/de\/wp-json\/wp\/v2\/types\/page"}],"author":[{"embeddable":true,"href":"https:\/\/www.getnogard.se\/de\/wp-json\/wp\/v2\/users\/2"}],"replies":[{"embeddable":true,"href":"https:\/\/www.getnogard.se\/de\/wp-json\/wp\/v2\/comments?post=1493"}],"version-history":[{"count":5,"href":"https:\/\/www.getnogard.se\/de\/wp-json\/wp\/v2\/pages\/1493\/revisions"}],"predecessor-version":[{"id":5937,"href":"https:\/\/www.getnogard.se\/de\/wp-json\/wp\/v2\/pages\/1493\/revisions\/5937"}],"wp:attachment":[{"href":"https:\/\/www.getnogard.se\/de\/wp-json\/wp\/v2\/media?parent=1493"}],"curies":[{"name":"wp","href":"https:\/\/api.w.org\/{rel}","templated":true}]}}