{"id":15,"date":"2016-04-01T12:20:40","date_gmt":"2016-04-01T10:20:40","guid":{"rendered":"http:\/\/www.getnogard.de\/?page_id=15"},"modified":"2026-04-07T11:33:21","modified_gmt":"2026-04-07T09:33:21","slug":"frontpage","status":"publish","type":"page","link":"https:\/\/www.getnogard.se\/de\/","title":{"rendered":"Frontpage"},"content":{"rendered":"\n<h1>\n\t\t\tFreiheit, Natur &#038; Stille\t<\/h1>\n<h3>\n\t\t\tNaturcamping mit viel Platz,  abgelegene H\u00fctten und der gro\u00dfe See \u00c5snen.\t<\/h3>\n\t\t\t<a href=\"https:\/\/bokning4.paxess.se\/getno2\"  target=\"_blank\" rel=\"noopener\"    rel=\"noopener\">\n\t\t\t\t\t\tOnline Buchung\n\t\t\t\t\t<\/a>\n\t\t\t<a href=\"https:\/\/www.getnogard.se\/de\/anfrage\/\"  target=\"_self\">\n\t\t\t\t\t\tAnfrage\n\t\t\t\t\t<\/a>\n<h2>\n\t\t\tHerzlich Willkommen im Naturparadis Getn\u00f6 &#8211; Lake \u00c5snen Resort\t<\/h2>\n\t<p>Wir freuen uns sehr, Sie als Besucher auf Getno\u0308 Ga\u030ard begru\u0308\u00dfen zu du\u0308rfen. In unserem privaten Naturschutzgebiet, dessen Geschichte bis in die Wikingerzeit zuru\u0308ckreicht, konnte Familie Olsson ein Naturparadies schaffen: Das Lake A\u030asnen Resort. Getno\u0308 ist umgeben von Naturreservaten und Vogelschutzgebieten. Es ist wichtig die Natur fu\u0308r die kommende Generationen zu bewahren. Wir sind darauf stoltz, den neuen A\u030aSNEN NATIONALPARK als Nachbarn zu bekommen. Ein Gebiet von ca. 19 km\u00b2 und ca. 75% davon ist Wasser mit kleinen Inseln. Die Natur hier ist unberu\u0308hrt und einmalig.<\/p>\n<p>Schon gewusst? Getno\u0308 ist der natu\u0308rliche WASSERWEG in den A\u030aSNEN NATIONALPARK, der mit Boot, Kanu oder Kajak gut erreichbar ist. Lake A\u030asnen ist ein echtes Eldorado fu\u0308r Naturliebhaber, Angler, Kanuten und Vogelbeobachter. Entdecken Sie &#8222;A\u030asnen Big Five&#8220; oder einfach die Stille der Natur Pur.<\/p>\n<p>Zusammen mit dem &#8222;Team Getno\u0308&#8220; sind wir ambitioniert und motiviert allen unseren Ga\u0308sten den besten Service zu geben. Wir sind immer offen fu\u0308r Ihre Wu\u0308nsche und tun unser Bestes, sie umzusetzen und zu verwirklichen.<\/p>\n<p><strong>Fu\u0308r ein unvergessliches Naturerlebnis hei\u00dfen wir Sie auf Getno\u0308 HERZLICH WILLKOMMEN!<\/strong><\/p>\nHj\u00e4rtligt v\u00e4lkomna!<br \/>\nFamiljen Ingrid E-M Olsson\n<figure itemscope itemtype=\"https:\/\/schema.org\/ImageObject\">\n\t\t\t\t<a href=\"https:\/\/camping.se\/de\/uber\/camperschoice-gewinner\"  target=\"_blank\" rel=\"noopener\"  itemprop=\"url\">\n\t\t\t\t<img decoding=\"async\" src=\"https:\/\/www.getnogard.se\/wp-content\/uploads\/camperschoice_logo_black-300x300.png\" alt=\"campers+choice_logo_black\" height=\"300\" width=\"300\" title=\"campers+choice_logo_black\" onerror=\"this.style.display='none'\" loading=\"lazy\" \/>\n\t\t\t\t<\/a>\n\t<\/figure>\n\t\t<figure itemscope itemtype=\"https:\/\/schema.org\/ImageObject\">\n\t\t\t\t<a href=\"https:\/\/www.getnogard.se\/de\/haeuser\/\"  target=\"_self\" itemprop=\"url\">\n\t\t\t\t<img decoding=\"async\" src=\"https:\/\/www.getnogard.se\/wp-content\/uploads\/bb-plugin\/cache\/getno_stugor_aelgen_02-landscape-5c153e8b2c8a4fed009b0b017420fd19-.jpg\" alt=\"getno_stugor_aelgen_02\" height=\"374\" width=\"600\" title=\"getno_stugor_aelgen_02\" onerror=\"this.style.display='none'\" loading=\"lazy\" \/>\n\t\t\t\t<\/a>\n\t<\/figure>\n<h4><a href=\"https:\/\/www.getnogard.se\/de\/haeuser\/\" target=\"_self\">Ferienh\u00e4user<\/a><\/h4>\t\n\t\t<figure itemscope itemtype=\"https:\/\/schema.org\/ImageObject\">\n\t\t\t\t<a href=\"https:\/\/www.getnogard.se\/de\/naturcamping\/\"  target=\"_self\" itemprop=\"url\">\n\t\t\t\t<img decoding=\"async\" src=\"https:\/\/www.getnogard.se\/wp-content\/uploads\/bb-plugin\/cache\/getno_naturcamping_05-landscape-9daa1412ca98ef98abbc2be69cb14c08-.jpg\" alt=\"getno_naturcamping_05\" height=\"374\" width=\"600\" title=\"getno_naturcamping_05\" onerror=\"this.style.display='none'\" loading=\"lazy\" \/>\n\t\t\t\t<\/a>\n\t<\/figure>\n<h4><a href=\"https:\/\/www.getnogard.se\/de\/naturcamping\/\" target=\"_self\">Camping<\/a><\/h4>\t\n\t\t<figure itemscope itemtype=\"https:\/\/schema.org\/ImageObject\">\n\t\t\t\t<a href=\"https:\/\/www.getnogard.se\/de\/green-destinations-platinum-award\/\"  target=\"_blank\" rel=\"noopener\"  itemprop=\"url\">\n\t\t\t\t<img decoding=\"async\" src=\"https:\/\/www.getnogard.se\/wp-content\/uploads\/bb-plugin\/cache\/ggab_frontpage_teaser_blog-landscape-4bf54c6fa7ac539b87f04ec35e281e4d-.jpg\" alt=\"ggab_frontpage_teaser_blog\" height=\"312\" width=\"446\" title=\"ggab_frontpage_teaser_blog\" onerror=\"this.style.display='none'\" loading=\"lazy\" \/>\n\t\t\t\t<\/a>\n\t<\/figure>\n<h4><a href=\"https:\/\/www.getnogard.se\/de\/green-destinations-platinum-award\/\" target=\"_blank\"  rel=\"noopener\">2024 Platinum Award<\/a><\/h4>\t\n\t\t<h3>Entdecken Sie unsere Guided Tours <\/h3>\n\t\t\t<a href=\"https:\/\/www.getnogard.se\/de\/guided-tours\/\"  target=\"_self\">\n\t\t\t\t\t\t\tJetzt entdecken\n\t\t\t\t\t<\/a>\n<h2>\n\t\t\tDer Natur verpflichtet\t<\/h2>\n\t<h3>regional &#038; nachhaltig<\/h3><p>mit einer lange Tradition seit 1967 im Herzen Sm\u00e5lands<\/p>\n\t<h3>Eigener Strom<\/h3><p>wir produzieren eigenen Strom mit unseren Solarpanels<\/p>\n\t<h3>Naturschutzgebiet<\/h3><p>\u00fcber 15 km\u00b2 privates Naturschutzgebiet direkt am Nationalpark<\/p>\n\t\t<h3>Aktuelles\t\n\t<\/h3><p><strong data-start=\"316\" data-end=\"353\">Getn\u00f6s Newsletter &#8211; Fr\u00fchlingsausgabe<\/strong><\/p>\n<p>Entdecken Sie die neuesten Nachrichten, stimmungsvolle Fotos und saisonale Inspiration von Getn\u00f6 in unserem Fr\u00fchlingsnewsletter.<\/p>\n<p><a href=\"https:\/\/www.getnogard.se\/getnos-newsletter-spring-2026\/\" target=\"_blank\" rel=\"noopener\"><em>Lesen und die gesamte Ausgabe entdecken \u21d2<\/em><\/a><\/p>\n\t\t<h3>Unsere \u00d6ffnungszeiten<\/h3><p><strong>Ferienh\u00e4user: <\/strong>ganzj\u00e4hrig ge\u00f6ffnet<\/p>\n<em>F\u00fcr Service bitte folgende Nummer anrufen: 0477-24011<br \/>\nOder senden eine E-Mail an: info@getnogard.se<\/em>\n<p><strong>Camping-Saison 2026: <\/strong> 1. Mai &#8211; 4. Oktober<\/p>\n<em>Der Campingplatz ist derzeit geschlossen. Wir \u00f6ffnen die Saison am 1. Mai 2026 und freuen uns darauf, Sie dann willkommen zu hei\u00dfen!<\/em>\n\t<h2>Aktuelles &amp; Angebote<\/h2>\n<p>Wir informieren Euch \u00fcber News und aktuelle Angebote von Getn\u00f6 &#8211; Lake \u00c5snen Resort.<\/p>\n\n","protected":false},"excerpt":{"rendered":"<p>Freiheit, Natur &#038; Stille Naturcamping mit viel Platz, abgelegene H\u00fctten und der gro\u00dfe See \u00c5snen. Online Buchung Anfrage Herzlich Willkommen im Naturparadis Getn\u00f6 &#8211; Lake \u00c5snen Resort Wir freuen uns sehr, Sie als Besucher auf Getno\u0308 Ga\u030ard begru\u0308\u00dfen zu du\u0308rfen. In unserem privaten Naturschutzgebiet, dessen Geschichte bis in die Wikingerzeit zuru\u0308ckreicht, konnte Familie Olsson ein [&hellip;]<\/p>\n","protected":false},"author":2,"featured_media":0,"parent":0,"menu_order":0,"comment_status":"closed","ping_status":"closed","template":"","meta":{"_acf_changed":false,"_seopress_robots_primary_cat":"","_seopress_titles_title":"Getn\u00f6 - Lake \u00c5snen Resort | Herzlich Willkommen im Naturparadis","_seopress_titles_desc":"","_seopress_robots_index":"","site-sidebar-layout":"default","site-content-layout":"","ast-site-content-layout":"default","site-content-style":"default","site-sidebar-style":"default","ast-global-header-display":"","ast-banner-title-visibility":"","ast-main-header-display":"","ast-hfb-above-header-display":"","ast-hfb-below-header-display":"","ast-hfb-mobile-header-display":"","site-post-title":"","ast-breadcrumbs-content":"","ast-featured-img":"","footer-sml-layout":"","ast-disable-related-posts":"","theme-transparent-header-meta":"","adv-header-id-meta":"","stick-header-meta":"","header-above-stick-meta":"","header-main-stick-meta":"","header-below-stick-meta":"","astra-migrate-meta-layouts":"default","ast-page-background-enabled":"default","ast-page-background-meta":{"desktop":{"background-color":"var(--ast-global-color-4)","background-image":"","background-repeat":"repeat","background-position":"center center","background-size":"auto","background-attachment":"scroll","background-type":"","background-media":"","overlay-type":"","overlay-color":"","overlay-opacity":"","overlay-gradient":""},"tablet":{"background-color":"","background-image":"","background-repeat":"repeat","background-position":"center center","background-size":"auto","background-attachment":"scroll","background-type":"","background-media":"","overlay-type":"","overlay-color":"","overlay-opacity":"","overlay-gradient":""},"mobile":{"background-color":"","background-image":"","background-repeat":"repeat","background-position":"center center","background-size":"auto","background-attachment":"scroll","background-type":"","background-media":"","overlay-type":"","overlay-color":"","overlay-opacity":"","overlay-gradient":""}},"ast-content-background-meta":{"desktop":{"background-color":"var(--ast-global-color-5)","background-image":"","background-repeat":"repeat","background-position":"center center","background-size":"auto","background-attachment":"scroll","background-type":"","background-media":"","overlay-type":"","overlay-color":"","overlay-opacity":"","overlay-gradient":""},"tablet":{"background-color":"var(--ast-global-color-5)","background-image":"","background-repeat":"repeat","background-position":"center center","background-size":"auto","background-attachment":"scroll","background-type":"","background-media":"","overlay-type":"","overlay-color":"","overlay-opacity":"","overlay-gradient":""},"mobile":{"background-color":"var(--ast-global-color-5)","background-image":"","background-repeat":"repeat","background-position":"center center","background-size":"auto","background-attachment":"scroll","background-type":"","background-media":"","overlay-type":"","overlay-color":"","overlay-opacity":"","overlay-gradient":""}},"footnotes":""},"class_list":["post-15","page","type-page","status-publish","hentry"],"acf":[],"_links":{"self":[{"href":"https:\/\/www.getnogard.se\/de\/wp-json\/wp\/v2\/pages\/15","targetHints":{"allow":["GET"]}}],"collection":[{"href":"https:\/\/www.getnogard.se\/de\/wp-json\/wp\/v2\/pages"}],"about":[{"href":"https:\/\/www.getnogard.se\/de\/wp-json\/wp\/v2\/types\/page"}],"author":[{"embeddable":true,"href":"https:\/\/www.getnogard.se\/de\/wp-json\/wp\/v2\/users\/2"}],"replies":[{"embeddable":true,"href":"https:\/\/www.getnogard.se\/de\/wp-json\/wp\/v2\/comments?post=15"}],"version-history":[{"count":8,"href":"https:\/\/www.getnogard.se\/de\/wp-json\/wp\/v2\/pages\/15\/revisions"}],"predecessor-version":[{"id":8950,"href":"https:\/\/www.getnogard.se\/de\/wp-json\/wp\/v2\/pages\/15\/revisions\/8950"}],"wp:attachment":[{"href":"https:\/\/www.getnogard.se\/de\/wp-json\/wp\/v2\/media?parent=15"}],"curies":[{"name":"wp","href":"https:\/\/api.w.org\/{rel}","templated":true}]}}