{"id":169,"date":"2016-06-14T11:01:51","date_gmt":"2016-06-14T09:01:51","guid":{"rendered":"http:\/\/www.getnogard.de\/de\/?page_id=169"},"modified":"2026-04-28T14:31:45","modified_gmt":"2026-04-28T12:31:45","slug":"kontakt","status":"publish","type":"page","link":"https:\/\/www.getnogard.se\/de\/kontakt\/","title":{"rendered":"Kontakt"},"content":{"rendered":"\n<figure itemscope itemtype=\"https:\/\/schema.org\/ImageObject\">\n\t\t\t\t<img decoding=\"async\" src=\"https:\/\/www.getnogard.se\/wp-content\/uploads\/header_1100x400_01.jpg\" alt=\"header_1100x400_01\" height=\"400\" width=\"1100\" title=\"header_1100x400_01\" onerror=\"this.style.display='none'\" loading=\"lazy\" \/>\n\t<\/figure>\n<h1>\n\t\t\tKontakt zu uns\t<\/h1>\n<h4>\n\t\t\tGeben Sie bei Buchungsanfragen bitte Ihre vollst\u00e4ndige Adresse mit an.\t<\/h4>\n\t<div class=\"frm_forms  with_frm_style frm_style_formidable-style\" id=\"frm_form_7_container\" >\n<form enctype=\"multipart\/form-data\" method=\"post\" class=\"frm-show-form  frm_pro_form \" id=\"form_contact22\" >\n<div class=\"frm_form_fields \">\n<fieldset>\n<legend class=\"frm_hidden\">Contact DE<\/legend>\r\n\r\n<div class=\"frm_fields_container\">\n<input type=\"hidden\" name=\"frm_action\" value=\"create\" \/>\n<input type=\"hidden\" name=\"form_id\" value=\"7\" \/>\n<input type=\"hidden\" name=\"frm_hide_fields_7\" id=\"frm_hide_fields_7\" value=\"\" \/>\n<input type=\"hidden\" name=\"form_key\" value=\"contact22\" \/>\n<input type=\"hidden\" name=\"item_meta[0]\" value=\"\" \/>\n<input type=\"hidden\" id=\"frm_submit_entry_7\" name=\"frm_submit_entry_7\" value=\"7cb42da2a6\" \/><input type=\"hidden\" name=\"_wp_http_referer\" value=\"\/de\/wp-json\/wp\/v2\/pages\/169\" \/><div id=\"frm_field_76_container\" class=\"frm_form_field form-field  frm_required_field frm_top_container frm_first frm_half\">\r\n    <label for=\"field_qh4icy3\" class=\"frm_primary_label\">Vorname\r\n        <span class=\"frm_required\">*<\/span>\r\n    <\/label>\r\n    <input  type=\"text\" id=\"field_qh4icy3\" name=\"item_meta[76]\" value=\"\"  data-reqmsg=\"Dieses Feld darf nicht leer sein.\" aria-required=\"true\" data-invmsg=\"Vorname ist ung\u00fcltig\" aria-invalid=\"false\"   \/>\r\n    \r\n    \r\n<\/div>\n<div id=\"frm_field_77_container\" class=\"frm_form_field form-field  frm_required_field frm_top_container frm_half\">\r\n    <label for=\"field_ocfup13\" class=\"frm_primary_label\">Nachname\r\n        <span class=\"frm_required\">*<\/span>\r\n    <\/label>\r\n    <input  type=\"text\" id=\"field_ocfup13\" name=\"item_meta[77]\" value=\"\"  data-reqmsg=\"Dieses Feld darf nicht leer sein.\" aria-required=\"true\" data-invmsg=\"Nachname ist ung\u00fcltig\" aria-invalid=\"false\"   \/>\r\n    \r\n    \r\n<\/div>\n<div id=\"frm_field_78_container\" class=\"frm_form_field form-field  frm_required_field frm_top_container frm_full\">\r\n    <label for=\"field_29yf4d3\" class=\"frm_primary_label\">E-Mail\r\n        <span class=\"frm_required\">*<\/span>\r\n    <\/label>\r\n    <input type=\"email\" id=\"field_29yf4d3\" name=\"item_meta[78]\" value=\"\"  data-reqmsg=\"Dieses Feld darf nicht leer sein.\" aria-required=\"true\" data-invmsg=\"Please enter a valid email address\" aria-invalid=\"false\"  \/>\r\n    \r\n    \r\n<\/div>\n<div id=\"frm_field_79_container\" class=\"frm_form_field form-field  frm_top_container frm_full\">\r\n    <label for=\"field_s33h72\" class=\"frm_primary_label\">Telefon\r\n        <span class=\"frm_required\"><\/span>\r\n    <\/label>\r\n    <input  type=\"text\" id=\"field_s33h72\" name=\"item_meta[79]\" value=\"\"  data-invmsg=\"Telefon ist ung\u00fcltig\" aria-invalid=\"false\"   \/>\r\n    \r\n    \r\n<\/div>\n<div id=\"frm_field_80_container\" class=\"frm_form_field form-field  frm_required_field frm_top_container\">\r\n    <label for=\"field_v6ons2\" class=\"frm_primary_label\">Thema Ihrer Anfrage\r\n        <span class=\"frm_required\">*<\/span>\r\n    <\/label>\r\n    \t\t<select name=\"item_meta[80]\" id=\"field_v6ons2\"  data-placeholder=\"Bitte ausw\u00e4hlen...\"  placeholder=\"Bitte ausw\u00e4hlen...\" data-reqmsg=\"Dieses Feld darf nicht leer sein.\" aria-required=\"true\" data-invmsg=\"Thema Ihrer Anfrage ist ung\u00fcltig\" aria-invalid=\"false\"  >\n\t\t<option  class=\"frm-select-placeholder\" value=\"\" data-placeholder=\"true\">Bitte ausw\u00e4hlen...<\/option><option  value=\"Camping\">Camping<\/option><option  value=\"H\u00e4user\">H\u00e4user<\/option><option  value=\"Aktivit\u00e4ten\">Aktivit\u00e4ten<\/option><option  value=\"Konferenzen \/ Gruppen\">Konferenzen \/ Gruppen<\/option><option  value=\"sonstiges\">sonstiges<\/option>\t<\/select>\n\t\r\n    \r\n    \r\n<\/div>\n<div id=\"frm_field_81_container\" class=\"frm_form_field form-field  frm_required_field frm_top_container frm_full\">\r\n    <label for=\"field_9jv0r13\" class=\"frm_primary_label\">Ihre Nachricht\r\n        <span class=\"frm_required\">*<\/span>\r\n    <\/label>\r\n    <textarea name=\"item_meta[81]\" id=\"field_9jv0r13\" rows=\"5\"  data-reqmsg=\"Dieses Feld darf nicht leer sein.\" aria-required=\"true\" data-invmsg=\"Ihre Nachricht ist ung\u00fcltig\" aria-invalid=\"false\"  ><\/textarea>\r\n    \r\n    \r\n<\/div>\n<div id=\"frm_field_82_container\" class=\"frm_form_field form-field  frm_none_container\">\r\n    <label for=\"g-recaptcha-response\" class=\"frm_primary_label\">Captcha\r\n        <span class=\"frm_required\"><\/span>\r\n    <\/label>\r\n    <div  id=\"field_62n6q33\" class=\"g-recaptcha\" data-sitekey=\"6LfHmSIUAAAAADmo2oo996LsjvlZYp8SFsZW1vhl\" data-size=\"normal\" data-theme=\"light\"><\/div>\r\n    \r\n    \r\n<\/div>\n\t\t<input  type=\"hidden\" name=\"item_meta[83]\" id=\"field_rvenp2\" value=\"[get_current_language]\"  data-frmval=\"[get_current_language]\"   \/>\n\t\t<div id=\"frm_field_147_container\" class=\"frm_form_field form-field \">\n\t<div class=\"frm_submit\">\r\n\r\n<input type=\"submit\" value=\"Absenden\"  class=\"frm_final_submit\" formnovalidate=\"formnovalidate\" \/>\r\n<img decoding=\"async\" class=\"frm_ajax_loading\" src=\"https:\/\/www.getnogard.se\/wp-content\/plugins\/formidable\/images\/ajax_loader.gif\" alt=\"Wird gesendet\"\/>\r\n\r\n<\/div>\n<\/div>\n\t<input type=\"hidden\" name=\"item_key\" value=\"\" \/>\n\t\t\t<div id=\"frm_field_148_container\">\n\t\t\t<label for=\"field_1qfsx\" >\n\t\t\t\tFalls Du menschlich bist, lasse dieses Feld leer.\t\t\t<\/label>\n\t\t\t<input  id=\"field_1qfsx\" type=\"text\" class=\"frm_form_field form-field frm_verify\" name=\"item_meta[148]\" value=\"\"  \/>\n\t\t<\/div>\n\t\t<input name=\"frm_state\" type=\"hidden\" value=\"36zOLu+HRRiK3ZFOr1WZ9fTqAPiFMtyzQ\/hSxBS9TUI4EvC5Z4QK7NF9vDsKyNtF\" \/><\/div>\n<\/fieldset>\n<\/div>\n\n<\/form>\n<\/div>\n\n\t<p><strong>Getn\u00f6 G\u00e5rd AB<\/strong><\/p>\nIngrid E-M Olsson<br \/>\nManaging Director\nS-362 96 Ryd \/ Sm\u00e5land<br \/>\nSchweden\n<p>Tel: +46 477 &#8211; 240 11 \/ 21<\/p>\n\t<p><strong>Downloads<\/strong><\/p>\n<ul>\n<li><a href=\"https:\/\/www.getnogard.se\/wp-content\/uploads\/getno_broschyr_DE.pdf\" target=\"_blank\" rel=\"noopener\">Getn\u00f6 Brosch\u00fcre<\/a><\/li>\n<li><a href=\"https:\/\/www.getnogard.se\/wp-content\/uploads\/getno_karta_DE-scaled.jpg\" target=\"_blank\" rel=\"noopener\">Karte Getn\u00f6 G\u00e5rd<\/a><\/li>\n<li><a href=\"https:\/\/www.getnogard.se\/wp-content\/uploads\/getno_camping_prislista_DE.pdf\" target=\"_blank\" rel=\"noopener\">Preisliste Camping<\/a><\/li>\n<li><a href=\"https:\/\/www.getnogard.se\/wp-content\/uploads\/getno_stugor_prislista_DE.pdf\" target=\"_blank\" rel=\"noopener\">Preisliste Ferienh\u00e4user<\/a><\/li>\n<li><a href=\"https:\/\/www.getnogard.se\/wp-content\/uploads\/getno_kanotsafari_prislista_DE.pdf\" target=\"_blank\" rel=\"noopener\">Preisliste Canoe &amp; Camp<\/a><\/li>\n<li><a href=\"https:\/\/www.getnogard.se\/wp-content\/uploads\/getno_aktiviteter_prislista_DE.pdf\" target=\"_blank\" rel=\"noopener\">Preisliste Aktivit\u00e4ten<\/a><\/li>\n<li><a href=\"https:\/\/www.getnogard.se\/wp-content\/uploads\/getno_avtalsvillkor_DE.pdf\" target=\"_blank\" rel=\"noopener\">Gesch\u00e4ftsbedingungen<\/a><\/li>\n<li><a href=\"https:\/\/www.getnogard.se\/wp-content\/uploads\/map_destination_asnen.pdf\" target=\"_blank\" rel=\"noopener\">Map Destination \u00c5snen<\/a><\/li>\n<\/ul>\n\t\t<figure itemscope itemtype=\"https:\/\/schema.org\/ImageObject\">\n\t\t\t\t<a href=\"https:\/\/www.getnogard.se\/stugor\/\"  target=\"_self\" itemprop=\"url\">\n\t\t\t\t<img decoding=\"async\" src=\"https:\/\/www.getnogard.se\/wp-content\/uploads\/bb-plugin\/cache\/getno_stugor_aelgen_02-landscape-5c153e8b2c8a4fed009b0b017420fd19-.jpg\" alt=\"getno_stugor_aelgen_02\" height=\"374\" width=\"600\" title=\"getno_stugor_aelgen_02\" onerror=\"this.style.display='none'\" loading=\"lazy\" \/>\n\t\t\t\t<\/a>\n\t<\/figure>\n<h3><a href=\"https:\/\/www.getnogard.se\/stugor\/\" target=\"_self\">H\u00e4user<\/a><\/h3>\t\n\t\t<figure itemscope itemtype=\"https:\/\/schema.org\/ImageObject\">\n\t\t\t\t<a href=\"https:\/\/www.getnogard.se\/aktiviteter\/\"  target=\"_self\" itemprop=\"url\">\n\t\t\t\t<img decoding=\"async\" src=\"https:\/\/www.getnogard.se\/wp-content\/uploads\/bb-plugin\/cache\/teaser-kajak-01-landscape-281dbb851a1b3a1577736bd86f75a6c4-.jpg\" alt=\"teaser-kajak-01\" height=\"374\" width=\"600\" title=\"teaser-kajak-01\" onerror=\"this.style.display='none'\" loading=\"lazy\" \/>\n\t\t\t\t<\/a>\n\t<\/figure>\n<h3><a href=\"https:\/\/www.getnogard.se\/aktiviteter\/\" target=\"_self\">Aktivit\u00e4ten<\/a><\/h3>\t\n\t\t<figure itemscope itemtype=\"https:\/\/schema.org\/ImageObject\">\n\t\t\t\t<a href=\"https:\/\/www.getnogard.se\/konferenser\/\"  target=\"_self\" itemprop=\"url\">\n\t\t\t\t<img decoding=\"async\" src=\"https:\/\/www.getnogard.se\/wp-content\/uploads\/bb-plugin\/cache\/teaser-konferens-01-landscape-2ac6116a2b3059775360a95cfc0ebfda-.jpg\" alt=\"teaser-konferens-01\" height=\"374\" width=\"600\" title=\"teaser-konferens-01\" onerror=\"this.style.display='none'\" loading=\"lazy\" \/>\n\t\t\t\t<\/a>\n\t<\/figure>\n<h3><a href=\"https:\/\/www.getnogard.se\/konferenser\/\" target=\"_self\">Konferenzen<\/a><\/h3>\t\n\t<h2>Aktuelles &amp; Angebote<\/h2>\n<p>Wir informieren Euch \u00fcber News und aktuelle Angebote von Getn\u00f6 &#8211; Lake \u00c5snen Resort.<\/p>\n\n","protected":false},"excerpt":{"rendered":"<p>Kontakt zu uns Geben Sie bei Buchungsanfragen bitte Ihre vollst\u00e4ndige Adresse mit an. Getn\u00f6 G\u00e5rd AB Ingrid E-M Olsson Managing Director S-362 96 Ryd \/ Sm\u00e5land Schweden Tel: +46 477 &#8211; 240 11 \/ 21 Downloads Getn\u00f6 Brosch\u00fcre Karte Getn\u00f6 G\u00e5rd Preisliste Camping Preisliste Ferienh\u00e4user Preisliste Canoe &amp; Camp Preisliste Aktivit\u00e4ten Gesch\u00e4ftsbedingungen Map Destination \u00c5snen [&hellip;]<\/p>\n","protected":false},"author":2,"featured_media":0,"parent":0,"menu_order":0,"comment_status":"closed","ping_status":"closed","template":"","meta":{"_acf_changed":false,"_seopress_robots_primary_cat":"","_seopress_titles_title":"","_seopress_titles_desc":"","_seopress_robots_index":"","site-sidebar-layout":"default","site-content-layout":"","ast-site-content-layout":"default","site-content-style":"default","site-sidebar-style":"default","ast-global-header-display":"","ast-banner-title-visibility":"","ast-main-header-display":"","ast-hfb-above-header-display":"","ast-hfb-below-header-display":"","ast-hfb-mobile-header-display":"","site-post-title":"","ast-breadcrumbs-content":"","ast-featured-img":"","footer-sml-layout":"","ast-disable-related-posts":"","theme-transparent-header-meta":"","adv-header-id-meta":"","stick-header-meta":"","header-above-stick-meta":"","header-main-stick-meta":"","header-below-stick-meta":"","astra-migrate-meta-layouts":"default","ast-page-background-enabled":"default","ast-page-background-meta":{"desktop":{"background-color":"var(--ast-global-color-4)","background-image":"","background-repeat":"repeat","background-position":"center center","background-size":"auto","background-attachment":"scroll","background-type":"","background-media":"","overlay-type":"","overlay-color":"","overlay-opacity":"","overlay-gradient":""},"tablet":{"background-color":"","background-image":"","background-repeat":"repeat","background-position":"center center","background-size":"auto","background-attachment":"scroll","background-type":"","background-media":"","overlay-type":"","overlay-color":"","overlay-opacity":"","overlay-gradient":""},"mobile":{"background-color":"","background-image":"","background-repeat":"repeat","background-position":"center center","background-size":"auto","background-attachment":"scroll","background-type":"","background-media":"","overlay-type":"","overlay-color":"","overlay-opacity":"","overlay-gradient":""}},"ast-content-background-meta":{"desktop":{"background-color":"var(--ast-global-color-5)","background-image":"","background-repeat":"repeat","background-position":"center center","background-size":"auto","background-attachment":"scroll","background-type":"","background-media":"","overlay-type":"","overlay-color":"","overlay-opacity":"","overlay-gradient":""},"tablet":{"background-color":"var(--ast-global-color-5)","background-image":"","background-repeat":"repeat","background-position":"center center","background-size":"auto","background-attachment":"scroll","background-type":"","background-media":"","overlay-type":"","overlay-color":"","overlay-opacity":"","overlay-gradient":""},"mobile":{"background-color":"var(--ast-global-color-5)","background-image":"","background-repeat":"repeat","background-position":"center center","background-size":"auto","background-attachment":"scroll","background-type":"","background-media":"","overlay-type":"","overlay-color":"","overlay-opacity":"","overlay-gradient":""}},"footnotes":""},"class_list":["post-169","page","type-page","status-publish","hentry"],"acf":[],"_links":{"self":[{"href":"https:\/\/www.getnogard.se\/de\/wp-json\/wp\/v2\/pages\/169","targetHints":{"allow":["GET"]}}],"collection":[{"href":"https:\/\/www.getnogard.se\/de\/wp-json\/wp\/v2\/pages"}],"about":[{"href":"https:\/\/www.getnogard.se\/de\/wp-json\/wp\/v2\/types\/page"}],"author":[{"embeddable":true,"href":"https:\/\/www.getnogard.se\/de\/wp-json\/wp\/v2\/users\/2"}],"replies":[{"embeddable":true,"href":"https:\/\/www.getnogard.se\/de\/wp-json\/wp\/v2\/comments?post=169"}],"version-history":[{"count":10,"href":"https:\/\/www.getnogard.se\/de\/wp-json\/wp\/v2\/pages\/169\/revisions"}],"predecessor-version":[{"id":9699,"href":"https:\/\/www.getnogard.se\/de\/wp-json\/wp\/v2\/pages\/169\/revisions\/9699"}],"wp:attachment":[{"href":"https:\/\/www.getnogard.se\/de\/wp-json\/wp\/v2\/media?parent=169"}],"curies":[{"name":"wp","href":"https:\/\/api.w.org\/{rel}","templated":true}]}}