{"id":219,"date":"2017-02-21T14:17:42","date_gmt":"2017-02-21T13:17:42","guid":{"rendered":"http:\/\/www.getnogard.de\/?page_id=219\/"},"modified":"2026-02-05T08:55:03","modified_gmt":"2026-02-05T07:55:03","slug":"haeuser","status":"publish","type":"page","link":"https:\/\/www.getnogard.se\/de\/haeuser\/","title":{"rendered":"H\u00e4user"},"content":{"rendered":"\n<figure itemscope itemtype=\"https:\/\/schema.org\/ImageObject\">\n\t\t\t\t<img decoding=\"async\" src=\"https:\/\/www.getnogard.se\/wp-content\/uploads\/header_1100x400_06.jpg\" alt=\"header_1100x400_06\" height=\"400\" width=\"1100\" title=\"header_1100x400_06\" onerror=\"this.style.display='none'\" loading=\"lazy\" \/>\n\t<\/figure>\n<h1>\n\t\t\tFerienh\u00e4user auf Getn\u00f6\t<\/h1>\n\t<p>Getno\u0308 G\u00e5rd bietet 12 freiliegende Ferienha\u0308user von 2 Betten (12 m\u00b2) bis zu 12 Betten (180 m\u00b2) und 4 einfache Ferienha\u0308user, alle mit unterschiedlicher Ausstattung.<\/p>\n\t\t\t<a href=\"https:\/\/www.getnogard.se\/de\/kontakt\/\"  target=\"_self\">\n\t\t\t\t\t\t\tANFRAGE\n\t\t\t\t\t<\/a>\n\t<p>Die Ferienha\u0308user liegen naturscho\u0308n und abgelegen, damit Sie ungesto\u0308rt Ihren Urlaub geniessen ko\u0308nnen. Bei allen Ferienha\u0308usern stehen Grill- und Lagerfeuerstellen zur Verfu\u0308gung. Des weiteren bestehen Zuga\u0308nge zu Bade- und Bootsstegen. Auch Fischra\u0308ucher\u00f6fen ko\u0308nnen gemietet werden. Die Ferienha\u0308user haben entweder eine eigene Sauna oder Zugang zu einer Sauna. Genauere Informationen entnehmen Sie bitte der nachfolgenden Auflistung.<\/p>\n<h5>Wir haben die wichtigsten Informationen f\u00fcr Sie zusammengestellt, gut zu wissen vor Ihrem Besuch.<\/h5>\n\t\t\t<a href=\"https:\/\/www.getnogard.se\/de\/gut-zu-wissen\/\"  target=\"_self\">\n\t\t\t\t\t\t\tGUT ZU WISSEN\n\t\t\t\t\t<\/a>\n\t\t<figure itemscope itemtype=\"https:\/\/schema.org\/ImageObject\">\n\t\t\t\t<a href=\"https:\/\/www.getnogard.se\/de\/haeuser\/haren\/\"  target=\"_self\" itemprop=\"url\">\n\t\t\t\t<img decoding=\"async\" src=\"https:\/\/www.getnogard.se\/wp-content\/uploads\/getno_stugor_haren_03.jpg\" alt=\"getno_stugor_haren_03\" height=\"374\" width=\"600\" title=\"getno_stugor_haren_03\" onerror=\"this.style.display='none'\" loading=\"lazy\" \/>\n\t\t\t\t<\/a>\n\t<\/figure>\n<h3><a href=\"https:\/\/www.getnogard.se\/de\/haeuser\/haren\/\" target=\"_self\">Haren<\/a><\/h3><p>4+2 Personen | 46 m\u00b2<\/p>\n\t\t<figure itemscope itemtype=\"https:\/\/schema.org\/ImageObject\">\n\t\t\t\t<a href=\"https:\/\/www.getnogard.se\/de\/haeuser\/raeven\/\"  target=\"_self\" itemprop=\"url\">\n\t\t\t\t<img decoding=\"async\" src=\"https:\/\/www.getnogard.se\/wp-content\/uploads\/getno_stugor_raeven_03.jpg\" alt=\"getno_stugor_raeven_03\" height=\"374\" width=\"600\" title=\"getno_stugor_raeven_03\" onerror=\"this.style.display='none'\" loading=\"lazy\" \/>\n\t\t\t\t<\/a>\n\t<\/figure>\n<h3><a href=\"https:\/\/www.getnogard.se\/de\/haeuser\/raeven\/\" target=\"_self\">R\u00e4ven<\/a><\/h3><p>4+2 Personen | 46 m\u00b2<\/p>\n\t\t<figure itemscope itemtype=\"https:\/\/schema.org\/ImageObject\">\n\t\t\t\t<a href=\"https:\/\/www.getnogard.se\/de\/haeuser\/kronhjorten\/\"  target=\"_self\" itemprop=\"url\">\n\t\t\t\t<img decoding=\"async\" src=\"https:\/\/www.getnogard.se\/wp-content\/uploads\/getno_stugor_kronhjorten_08.jpg\" alt=\"getno_stugor_kronhjorten_08\" height=\"374\" width=\"600\" title=\"getno_stugor_kronhjorten_08\" onerror=\"this.style.display='none'\" loading=\"lazy\" \/>\n\t\t\t\t<\/a>\n\t<\/figure>\n<h3><a href=\"https:\/\/www.getnogard.se\/de\/haeuser\/kronhjorten\/\" target=\"_self\">Kronhjorten<\/a><\/h3><p>4+2 Personen | 49\u00a0m\u00b2 <strong>Neu 2017<\/strong><\/p>\n\t\t<figure itemscope itemtype=\"https:\/\/schema.org\/ImageObject\">\n\t\t\t\t<a href=\"https:\/\/www.getnogard.se\/de\/haeuser\/raadjuret\/\"  target=\"_self\" itemprop=\"url\">\n\t\t\t\t<img decoding=\"async\" src=\"https:\/\/www.getnogard.se\/wp-content\/uploads\/getno_stugor_raadjuret_01.jpg\" alt=\"getno_stugor_raadjuret_01\" height=\"374\" width=\"600\" title=\"getno_stugor_raadjuret_01\" onerror=\"this.style.display='none'\" loading=\"lazy\" \/>\n\t\t\t\t<\/a>\n\t<\/figure>\n<h3><a href=\"https:\/\/www.getnogard.se\/de\/haeuser\/raadjuret\/\" target=\"_self\">R\u00e5djuret<\/a><\/h3><p>4 Personen | 40 m\u00b2<\/p>\n\t\t<figure itemscope itemtype=\"https:\/\/schema.org\/ImageObject\">\n\t\t\t\t<a href=\"https:\/\/www.getnogard.se\/de\/haeuser\/aelgen\/\"  target=\"_self\" itemprop=\"url\">\n\t\t\t\t<img decoding=\"async\" src=\"https:\/\/www.getnogard.se\/wp-content\/uploads\/getno_stugor_aelgen_01.jpg\" alt=\"getno_stugor_aelgen_01\" height=\"374\" width=\"600\" title=\"getno_stugor_aelgen_01\" onerror=\"this.style.display='none'\" loading=\"lazy\" \/>\n\t\t\t\t<\/a>\n\t<\/figure>\n<h3><a href=\"https:\/\/www.getnogard.se\/de\/haeuser\/aelgen\/\" target=\"_self\">\u00c4lgen<\/a><\/h3><p>4 Personen | 40 m\u00b2<\/p>\n\t\t<figure itemscope itemtype=\"https:\/\/schema.org\/ImageObject\">\n\t\t\t\t<a href=\"https:\/\/www.getnogard.se\/de\/haeuser\/raettarebostaden\/\"  target=\"_self\" itemprop=\"url\">\n\t\t\t\t<img decoding=\"async\" src=\"https:\/\/www.getnogard.se\/wp-content\/uploads\/getno_stugor_raettarebostaden_18.jpg\" alt=\"getno_stugor_raettarebostaden_18\" height=\"374\" width=\"600\" title=\"getno_stugor_raettarebostaden_18\" onerror=\"this.style.display='none'\" loading=\"lazy\" \/>\n\t\t\t\t<\/a>\n\t<\/figure>\n<h3><a href=\"https:\/\/www.getnogard.se\/de\/haeuser\/raettarebostaden\/\" target=\"_self\">R\u00e4ttarebostaden<\/a><\/h3><p>12 Personen | 170\u00a0m\u00b2<\/p>\n\t\t<figure itemscope itemtype=\"https:\/\/schema.org\/ImageObject\">\n\t\t\t\t<a href=\"https:\/\/www.getnogard.se\/de\/haeuser\/hoenshuset\/\"  target=\"_self\" itemprop=\"url\">\n\t\t\t\t<img decoding=\"async\" src=\"https:\/\/www.getnogard.se\/wp-content\/uploads\/getno_stugor_hoenshuset_01.jpg\" alt=\"getno_stugor_hoenshuset_01\" height=\"374\" width=\"600\" title=\"getno_stugor_hoenshuset_01\" onerror=\"this.style.display='none'\" loading=\"lazy\" \/>\n\t\t\t\t<\/a>\n\t<\/figure>\n<h3><a href=\"https:\/\/www.getnogard.se\/de\/haeuser\/hoenshuset\/\" target=\"_self\">H\u00f6nshuset<\/a><\/h3><p>7 Personen | 72 m\u00b2<\/p>\n\t\t<figure itemscope itemtype=\"https:\/\/schema.org\/ImageObject\">\n\t\t\t\t<a href=\"https:\/\/www.getnogard.se\/de\/haeuser\/abborrestugan\/\"  target=\"_self\" itemprop=\"url\">\n\t\t\t\t<img decoding=\"async\" src=\"https:\/\/www.getnogard.se\/wp-content\/uploads\/getno_stugor_abborrestugan_01.jpg\" alt=\"getno_stugor_abborrestugan_01\" height=\"374\" width=\"600\" title=\"getno_stugor_abborrestugan_01\" onerror=\"this.style.display='none'\" loading=\"lazy\" \/>\n\t\t\t\t<\/a>\n\t<\/figure>\n<h3><a href=\"https:\/\/www.getnogard.se\/de\/haeuser\/abborrestugan\/\" target=\"_self\">Abborrestugan<\/a><\/h3><p>2 Personen | 25 m\u00b2<\/p>\n\t\t<figure itemscope itemtype=\"https:\/\/schema.org\/ImageObject\">\n\t\t\t\t<a href=\"https:\/\/www.getnogard.se\/de\/haeuser\/goesstugan\/\"  target=\"_self\" itemprop=\"url\">\n\t\t\t\t<img decoding=\"async\" src=\"https:\/\/www.getnogard.se\/wp-content\/uploads\/getno_stugor_faagelstugan_02.jpg\" alt=\"getno_stugor_faagelstugan_02\" height=\"374\" width=\"600\" title=\"getno_stugor_faagelstugan_02\" onerror=\"this.style.display='none'\" loading=\"lazy\" \/>\n\t\t\t\t<\/a>\n\t<\/figure>\n<h3><a href=\"https:\/\/www.getnogard.se\/de\/haeuser\/goesstugan\/\" target=\"_self\">G\u00f6sstugan<\/a><\/h3><p>3 Personen | 28 m\u00b2<\/p>\n\t\t<figure itemscope itemtype=\"https:\/\/schema.org\/ImageObject\">\n\t\t\t\t<a href=\"https:\/\/www.getnogard.se\/de\/haeuser\/gaeddstugan\/\"  target=\"_self\" itemprop=\"url\">\n\t\t\t\t<img decoding=\"async\" src=\"https:\/\/www.getnogard.se\/wp-content\/uploads\/getno_stugor_gaeddstugan_01.jpg\" alt=\"getno_stugor_gaeddstugan_01\" height=\"374\" width=\"600\" title=\"getno_stugor_gaeddstugan_01\" onerror=\"this.style.display='none'\" loading=\"lazy\" \/>\n\t\t\t\t<\/a>\n\t<\/figure>\n<h3><a href=\"https:\/\/www.getnogard.se\/de\/haeuser\/gaeddstugan\/\" target=\"_self\">G\u00e4ddstugan<\/a><\/h3><p>2 Personen | 23 m\u00b2<\/p>\n\t\t<figure itemscope itemtype=\"https:\/\/schema.org\/ImageObject\">\n\t\t\t\t<a href=\"https:\/\/www.getnogard.se\/de\/haeuser\/lunnatorpet\/\"  target=\"_self\" itemprop=\"url\">\n\t\t\t\t<img decoding=\"async\" src=\"https:\/\/www.getnogard.se\/wp-content\/uploads\/getno_stugor_lunnatorpet_01.jpg\" alt=\"getno_stugor_lunnatorpet_01\" height=\"374\" width=\"600\" title=\"getno_stugor_lunnatorpet_01\" onerror=\"this.style.display='none'\" loading=\"lazy\" \/>\n\t\t\t\t<\/a>\n\t<\/figure>\n<h3><a href=\"https:\/\/www.getnogard.se\/de\/haeuser\/lunnatorpet\/\" target=\"_self\">Lunnatorpet<\/a><\/h3><p>3+1 Personen | 45\u00a0m\u00b2 | <strong>nur im Sommer<\/strong><\/p>\n\t\t<figure itemscope itemtype=\"https:\/\/schema.org\/ImageObject\">\n\t\t\t\t<a href=\"https:\/\/www.getnogard.se\/de\/haeuser\/lavikatorpet\/\"  target=\"_self\" itemprop=\"url\">\n\t\t\t\t<img decoding=\"async\" src=\"https:\/\/www.getnogard.se\/wp-content\/uploads\/getno_stugor_lavikatorpet_2025_08.jpg\" alt=\"getno_stugor_lavikatorpet_2025_08\" height=\"748\" width=\"1200\" title=\"getno_stugor_lavikatorpet_2025_08\" onerror=\"this.style.display='none'\" loading=\"lazy\" \/>\n\t\t\t\t<\/a>\n\t<\/figure>\n<h3><a href=\"https:\/\/www.getnogard.se\/de\/haeuser\/lavikatorpet\/\" target=\"_self\">Lavikatorpet<\/a><\/h3><p>2+2 Personen | 30 m\u00b2<\/p>\n<h2>\n\t\t\tUnsere Nachbarh\u00e4user auf Getn\u00f6\t<\/h2>\n\t<p>Diese H\u00e4user vermieten wir im Auftrag der jeweiligen Eigent\u00fcmer.<\/p>\n\t\t<figure itemscope itemtype=\"https:\/\/schema.org\/ImageObject\">\n\t\t\t\t<a href=\"https:\/\/www.getnogard.se\/de\/haeuser\/vrigstad-gaard\/\"  target=\"_self\" itemprop=\"url\">\n\t\t\t\t<img decoding=\"async\" src=\"https:\/\/www.getnogard.se\/wp-content\/uploads\/getno_stugor_vrigstad_10.jpg\" alt=\"getno_stugor_vrigstad_10\" height=\"374\" width=\"600\" title=\"getno_stugor_vrigstad_10\" onerror=\"this.style.display='none'\" loading=\"lazy\" \/>\n\t\t\t\t<\/a>\n\t<\/figure>\n<h3><a href=\"https:\/\/www.getnogard.se\/de\/haeuser\/vrigstad-gaard\/\" target=\"_self\">Vrigstad G\u00e5rd<\/a><\/h3><p>12 Personen | 180 m\u00b2<\/p>\n\t\t<figure itemscope itemtype=\"https:\/\/schema.org\/ImageObject\">\n\t\t\t\t<a href=\"https:\/\/www.getnogard.se\/de\/haeuser\/haerbraeet\/\"  target=\"_self\" itemprop=\"url\">\n\t\t\t\t<img decoding=\"async\" src=\"https:\/\/www.getnogard.se\/wp-content\/uploads\/getno_stugor_haerbraeet_10.jpg\" alt=\"getno_stugor_haerbraeet_10\" height=\"374\" width=\"600\" title=\"getno_stugor_haerbraeet_10\" onerror=\"this.style.display='none'\" loading=\"lazy\" \/>\n\t\t\t\t<\/a>\n\t<\/figure>\n<h3><a href=\"https:\/\/www.getnogard.se\/de\/haeuser\/haerbraeet\/\" target=\"_self\">H\u00e4rbr\u00e4et<\/a><\/h3><p>6 Personen | 75\u00a0m\u00b2<\/p>\n\t\t<figure itemscope itemtype=\"https:\/\/schema.org\/ImageObject\">\n\t\t\t\t<a href=\"https:\/\/www.getnogard.se\/de\/haeuser\/farmorstugan\/\"  target=\"_self\" itemprop=\"url\">\n\t\t\t\t<img decoding=\"async\" src=\"https:\/\/www.getnogard.se\/wp-content\/uploads\/getno_stugor_farmorstugan_08.jpg\" alt=\"getno_stugor_farmorstugan_08\" height=\"374\" width=\"600\" title=\"getno_stugor_farmorstugan_08\" onerror=\"this.style.display='none'\" loading=\"lazy\" \/>\n\t\t\t\t<\/a>\n\t<\/figure>\n<h3><a href=\"https:\/\/www.getnogard.se\/de\/haeuser\/farmorstugan\/\" target=\"_self\">Farmorstugan<\/a><\/h3><p>7 Personen | 140 m\u00b2<\/p>\n\t\t<figure itemscope itemtype=\"https:\/\/schema.org\/ImageObject\">\n\t\t\t\t<a href=\"https:\/\/www.getnogard.se\/de\/haeuser\/vikingaborgen\/\"  target=\"_self\" itemprop=\"url\">\n\t\t\t\t<img decoding=\"async\" src=\"https:\/\/www.getnogard.se\/wp-content\/uploads\/getno_stugor_vikingaborgen_01.jpg\" alt=\"getno_stugor_vikingaborgen_01\" height=\"374\" width=\"600\" title=\"getno_stugor_vikingaborgen_01\" onerror=\"this.style.display='none'\" loading=\"lazy\" \/>\n\t\t\t\t<\/a>\n\t<\/figure>\n<h3><a href=\"https:\/\/www.getnogard.se\/de\/haeuser\/vikingaborgen\/\" target=\"_self\">Vikingaborgen<\/a><\/h3><p>5 Personen | 60\u00a0m\u00b2 | <strong>nur im Sommer<\/strong><\/p>\n\t<h2>Aktuelles &amp; Angebote<\/h2>\n<p>Wir informieren Euch \u00fcber News und aktuelle Angebote von Getn\u00f6 &#8211; Lake \u00c5snen Resort.<\/p>\n\n","protected":false},"excerpt":{"rendered":"<p>Ferienh\u00e4user auf Getn\u00f6 Getno\u0308 G\u00e5rd bietet 12 freiliegende Ferienha\u0308user von 2 Betten (12 m\u00b2) bis zu 12 Betten (180 m\u00b2) und 4 einfache Ferienha\u0308user, alle mit unterschiedlicher Ausstattung. ANFRAGE Die Ferienha\u0308user liegen naturscho\u0308n und abgelegen, damit Sie ungesto\u0308rt Ihren Urlaub geniessen ko\u0308nnen. Bei allen Ferienha\u0308usern stehen Grill- und Lagerfeuerstellen zur Verfu\u0308gung. Des weiteren bestehen Zuga\u0308nge [&hellip;]<\/p>\n","protected":false},"author":2,"featured_media":0,"parent":0,"menu_order":0,"comment_status":"closed","ping_status":"closed","template":"","meta":{"_acf_changed":false,"_seopress_robots_primary_cat":"","_seopress_titles_title":"","_seopress_titles_desc":"","_seopress_robots_index":"","site-sidebar-layout":"default","site-content-layout":"","ast-site-content-layout":"default","site-content-style":"default","site-sidebar-style":"default","ast-global-header-display":"","ast-banner-title-visibility":"","ast-main-header-display":"","ast-hfb-above-header-display":"","ast-hfb-below-header-display":"","ast-hfb-mobile-header-display":"","site-post-title":"","ast-breadcrumbs-content":"","ast-featured-img":"","footer-sml-layout":"","ast-disable-related-posts":"","theme-transparent-header-meta":"","adv-header-id-meta":"","stick-header-meta":"","header-above-stick-meta":"","header-main-stick-meta":"","header-below-stick-meta":"","astra-migrate-meta-layouts":"default","ast-page-background-enabled":"default","ast-page-background-meta":{"desktop":{"background-color":"var(--ast-global-color-4)","background-image":"","background-repeat":"repeat","background-position":"center center","background-size":"auto","background-attachment":"scroll","background-type":"","background-media":"","overlay-type":"","overlay-color":"","overlay-opacity":"","overlay-gradient":""},"tablet":{"background-color":"","background-image":"","background-repeat":"repeat","background-position":"center center","background-size":"auto","background-attachment":"scroll","background-type":"","background-media":"","overlay-type":"","overlay-color":"","overlay-opacity":"","overlay-gradient":""},"mobile":{"background-color":"","background-image":"","background-repeat":"repeat","background-position":"center center","background-size":"auto","background-attachment":"scroll","background-type":"","background-media":"","overlay-type":"","overlay-color":"","overlay-opacity":"","overlay-gradient":""}},"ast-content-background-meta":{"desktop":{"background-color":"var(--ast-global-color-5)","background-image":"","background-repeat":"repeat","background-position":"center center","background-size":"auto","background-attachment":"scroll","background-type":"","background-media":"","overlay-type":"","overlay-color":"","overlay-opacity":"","overlay-gradient":""},"tablet":{"background-color":"var(--ast-global-color-5)","background-image":"","background-repeat":"repeat","background-position":"center center","background-size":"auto","background-attachment":"scroll","background-type":"","background-media":"","overlay-type":"","overlay-color":"","overlay-opacity":"","overlay-gradient":""},"mobile":{"background-color":"var(--ast-global-color-5)","background-image":"","background-repeat":"repeat","background-position":"center center","background-size":"auto","background-attachment":"scroll","background-type":"","background-media":"","overlay-type":"","overlay-color":"","overlay-opacity":"","overlay-gradient":""}},"footnotes":""},"class_list":["post-219","page","type-page","status-publish","hentry"],"acf":[],"_links":{"self":[{"href":"https:\/\/www.getnogard.se\/de\/wp-json\/wp\/v2\/pages\/219","targetHints":{"allow":["GET"]}}],"collection":[{"href":"https:\/\/www.getnogard.se\/de\/wp-json\/wp\/v2\/pages"}],"about":[{"href":"https:\/\/www.getnogard.se\/de\/wp-json\/wp\/v2\/types\/page"}],"author":[{"embeddable":true,"href":"https:\/\/www.getnogard.se\/de\/wp-json\/wp\/v2\/users\/2"}],"replies":[{"embeddable":true,"href":"https:\/\/www.getnogard.se\/de\/wp-json\/wp\/v2\/comments?post=219"}],"version-history":[{"count":5,"href":"https:\/\/www.getnogard.se\/de\/wp-json\/wp\/v2\/pages\/219\/revisions"}],"predecessor-version":[{"id":6598,"href":"https:\/\/www.getnogard.se\/de\/wp-json\/wp\/v2\/pages\/219\/revisions\/6598"}],"wp:attachment":[{"href":"https:\/\/www.getnogard.se\/de\/wp-json\/wp\/v2\/media?parent=219"}],"curies":[{"name":"wp","href":"https:\/\/api.w.org\/{rel}","templated":true}]}}