{"id":245,"date":"2017-02-23T10:09:41","date_gmt":"2017-02-23T09:09:41","guid":{"rendered":"http:\/\/www.getnogard.de\/?page_id=245\/"},"modified":"2025-12-04T12:30:11","modified_gmt":"2025-12-04T11:30:11","slug":"naturcamping","status":"publish","type":"page","link":"https:\/\/www.getnogard.se\/de\/naturcamping\/","title":{"rendered":"Naturcamping"},"content":{"rendered":"\n\n\t\t\t\t<img decoding=\"async\" src=\"https:\/\/www.getnogard.se\/wp-content\/uploads\/ggab_header_1100x400_06.jpg\" alt=\"ggab_header_1100x400_06\" itemprop=\"image\" height=\"400\" width=\"1100\" title=\"ggab_header_1100x400_06\" onerror=\"this.style.display='none'\" loading=\"lazy\" \/>\n<h1>\n\t\t\tGetn\u00f6 Naturcamping ***\t<\/h1>\n\t<p>Sie sind Camping-Liebhaber, lieben die Freiheit der Natur, aber wollen auf Komfort nicht verzichten? Dann sind Sie auf unserem 3-Sterne-Naturcampingplatz auf Getn\u00f6 G\u00e5rd genau richtig&#8230;<\/p>\n\t\t\t<a href=\"https:\/\/www.getnogard.se\/de\/kontakt\/\" target=\"_self\">\n\t\t\t\t\t\t\tANFRAGE\n\t\t\t\t\t<\/a>\n\t<p>und \u00fcberdies herzlich willkommen! Direkt am gro\u00dfen See \u00c5snen gelegen, bietet der Campingplatz 150 Campern Platz. (120 Pl\u00e4tze mit Stromanschluss). Team Getn\u00f6 bietet Ihnen kompletten Service an mit: Rezeption, Landcaf\u00e9, Sommerbistro und Pub. Sie k\u00f6nnen frische Br\u00f6tchen f\u00fcr das Fr\u00fchst\u00fcck bestellen. Es gibt viele Aktivit\u00e4ten zu machen: Angeln, Kanu- &amp; Kajakfahren, Wandern, Fahradfahren usw. F\u00fcr die Kinder bieten wir Getn\u00f6s Naturschule an.<\/p>\n<h5 data-start=\"37\" data-end=\"62\">Camping-Saison 2026<\/h5>\n1. Mai &#8211; 14. Juni<br data-start=\"85\" data-end=\"88\" \/>Rezeption &amp; Landcaf\u00e9: 9:00 &#8211; 12:00 \/ 16:00 &#8211; 19:00\n15. Juni &#8211; 23. August<br data-start=\"167\" data-end=\"170\" \/>Rezeption &amp; Landcaf\u00e9: 9:00 &#8211; 12:30 \/ 14:00 &#8211; 19:00\n24. August &#8211; 4. Oktober<br data-start=\"251\" data-end=\"254\" \/>Rezeption &amp; Landcaf\u00e9: 9:00 &#8211; 12:00 \/ 16:00 &#8211; 19:00\n<h5 data-start=\"313\" data-end=\"339\">Check-in &amp; Check-out<\/h5>\nBitte melden Sie sich bei der Ankunft an der Rezeption.<br data-start=\"396\" data-end=\"399\" \/>Wir geben Ihnen gerne alle Informationen, die Sie ben\u00f6tigen, und beantworten Ihre Fragen.\nCheck-in: ab 14:00 Uhr<br data-start=\"514\" data-end=\"517\" \/>Check-out: bis 12:00 Uhr mittags\n\t<h5>Wir haben die wichtigsten Informationen f\u00fcr Sie zusammengestellt, gut zu wissen vor Ihrem Besuch.<\/h5>\n\t\t\t<a href=\"https:\/\/www.getnogard.se\/de\/gut-zu-wissen\/\" target=\"_self\">\n\t\t\t\t\t\t\tGUT ZU WISSEN\n\t\t\t\t\t<\/a>\n\t\t\t\t<a href=\"https:\/\/www.campingkeyeurope.se\/?locale=de&#038;portfolio_id=137\"  target=\"_blank\" rel=\"noopener\"  itemprop=\"url\">\n\t\t\t\t<img decoding=\"async\" src=\"https:\/\/www.getnogard.se\/wp-content\/uploads\/2020-CampingKeyEurope_980x120_SE.jpg\" alt=\"2020-CampingKeyEurope_980x120_SE\" itemprop=\"image\" height=\"120\" width=\"980\" title=\"2020-CampingKeyEurope_980x120_SE\" onerror=\"this.style.display='none'\" loading=\"lazy\" \/>\n\t\t\t\t<\/a>\n\t\t<h3>Downloads &#038; Information<\/h3>\t\n\t<p>\u279d <a href=\"https:\/\/www.getnogard.se\/wp-content\/uploads\/bokningsvillkor_korttid_DE.pdf\" target=\"_blank\" rel=\"noopener\">Download Buchungsbedingungen<\/a> | <a href=\"https:\/\/www.getnogard.se\/wp-content\/uploads\/getno_broschyr_DE.pdf\" target=\"_blank\" rel=\"noopener\">Download Brosch\u00fcre<\/a><\/p>\n\t\t<h3>Unsere \u00d6ffnungszeiten<\/h3><p><strong>Ferienh\u00e4user: <\/strong>ganzj\u00e4hrig ge\u00f6ffnet<\/p>\n<em>F\u00fcr Service bitte folgende Nummer anrufen: 0477-24011<br \/>\nOder senden eine E-Mail an: info@getnogard.se<\/em>\n<p><strong>Camping-Saison 2026: <\/strong>1. Mai &#8211; 4. Oktober<\/p>\n<em>Der Campingplatz ist derzeit geschlossen. Wir \u00f6ffnen die Saison am 1. Mai 2026 und freuen uns darauf, Sie dann willkommen zu hei\u00dfen!<\/em>\n\t<h2>Aktuelles &amp; Angebote<\/h2>\n<p>Wir informieren Euch \u00fcber News und aktuelle Angebote von Getn\u00f6 &#8211; Lake \u00c5snen Resort.<\/p>\n\n","protected":false},"excerpt":{"rendered":"<p>Getn\u00f6 Naturcamping *** Sie sind Camping-Liebhaber, lieben die Freiheit der Natur, aber wollen auf Komfort nicht verzichten? Dann sind Sie auf unserem 3-Sterne-Naturcampingplatz auf Getn\u00f6 G\u00e5rd genau richtig&#8230; ANFRAGE und \u00fcberdies herzlich willkommen! Direkt am gro\u00dfen See \u00c5snen gelegen, bietet der Campingplatz 150 Campern Platz. (120 Pl\u00e4tze mit Stromanschluss). Team Getn\u00f6 bietet Ihnen kompletten Service [&hellip;]<\/p>\n","protected":false},"author":2,"featured_media":0,"parent":0,"menu_order":0,"comment_status":"closed","ping_status":"closed","template":"","meta":{"_acf_changed":false,"_seopress_robots_primary_cat":"","_seopress_titles_title":"","_seopress_titles_desc":"","_seopress_robots_index":"","site-sidebar-layout":"default","site-content-layout":"","ast-site-content-layout":"default","site-content-style":"default","site-sidebar-style":"default","ast-global-header-display":"","ast-banner-title-visibility":"","ast-main-header-display":"","ast-hfb-above-header-display":"","ast-hfb-below-header-display":"","ast-hfb-mobile-header-display":"","site-post-title":"","ast-breadcrumbs-content":"","ast-featured-img":"","footer-sml-layout":"","ast-disable-related-posts":"","theme-transparent-header-meta":"","adv-header-id-meta":"","stick-header-meta":"","header-above-stick-meta":"","header-main-stick-meta":"","header-below-stick-meta":"","astra-migrate-meta-layouts":"default","ast-page-background-enabled":"default","ast-page-background-meta":{"desktop":{"background-color":"var(--ast-global-color-4)","background-image":"","background-repeat":"repeat","background-position":"center center","background-size":"auto","background-attachment":"scroll","background-type":"","background-media":"","overlay-type":"","overlay-color":"","overlay-opacity":"","overlay-gradient":""},"tablet":{"background-color":"","background-image":"","background-repeat":"repeat","background-position":"center center","background-size":"auto","background-attachment":"scroll","background-type":"","background-media":"","overlay-type":"","overlay-color":"","overlay-opacity":"","overlay-gradient":""},"mobile":{"background-color":"","background-image":"","background-repeat":"repeat","background-position":"center center","background-size":"auto","background-attachment":"scroll","background-type":"","background-media":"","overlay-type":"","overlay-color":"","overlay-opacity":"","overlay-gradient":""}},"ast-content-background-meta":{"desktop":{"background-color":"var(--ast-global-color-5)","background-image":"","background-repeat":"repeat","background-position":"center center","background-size":"auto","background-attachment":"scroll","background-type":"","background-media":"","overlay-type":"","overlay-color":"","overlay-opacity":"","overlay-gradient":""},"tablet":{"background-color":"var(--ast-global-color-5)","background-image":"","background-repeat":"repeat","background-position":"center center","background-size":"auto","background-attachment":"scroll","background-type":"","background-media":"","overlay-type":"","overlay-color":"","overlay-opacity":"","overlay-gradient":""},"mobile":{"background-color":"var(--ast-global-color-5)","background-image":"","background-repeat":"repeat","background-position":"center center","background-size":"auto","background-attachment":"scroll","background-type":"","background-media":"","overlay-type":"","overlay-color":"","overlay-opacity":"","overlay-gradient":""}},"footnotes":""},"class_list":["post-245","page","type-page","status-publish","hentry"],"acf":[],"_links":{"self":[{"href":"https:\/\/www.getnogard.se\/de\/wp-json\/wp\/v2\/pages\/245","targetHints":{"allow":["GET"]}}],"collection":[{"href":"https:\/\/www.getnogard.se\/de\/wp-json\/wp\/v2\/pages"}],"about":[{"href":"https:\/\/www.getnogard.se\/de\/wp-json\/wp\/v2\/types\/page"}],"author":[{"embeddable":true,"href":"https:\/\/www.getnogard.se\/de\/wp-json\/wp\/v2\/users\/2"}],"replies":[{"embeddable":true,"href":"https:\/\/www.getnogard.se\/de\/wp-json\/wp\/v2\/comments?post=245"}],"version-history":[{"count":5,"href":"https:\/\/www.getnogard.se\/de\/wp-json\/wp\/v2\/pages\/245\/revisions"}],"predecessor-version":[{"id":6043,"href":"https:\/\/www.getnogard.se\/de\/wp-json\/wp\/v2\/pages\/245\/revisions\/6043"}],"wp:attachment":[{"href":"https:\/\/www.getnogard.se\/de\/wp-json\/wp\/v2\/media?parent=245"}],"curies":[{"name":"wp","href":"https:\/\/api.w.org\/{rel}","templated":true}]}}