{"id":2514,"date":"2020-06-24T10:57:00","date_gmt":"2020-06-24T08:57:00","guid":{"rendered":"https:\/\/www.getnogard.se\/?page_id=2514"},"modified":"2023-05-21T15:13:38","modified_gmt":"2023-05-21T13:13:38","slug":"weitere-guides","status":"publish","type":"page","link":"https:\/\/www.getnogard.se\/de\/guided-tours\/weitere-guides\/","title":{"rendered":"Weitere Guides"},"content":{"rendered":"\n\n\t\t\t\t<img loading=\"lazy\" decoding=\"async\" src=\"https:\/\/www.getnogard.se\/wp-content\/uploads\/header_1100x550_05.jpg\" alt=\"header_1100x550_05\" itemprop=\"image\" height=\"550\" width=\"1100\" title=\"header_1100x550_05\" onerror=\"this.style.display='none'\"  \/>\n<h1>\n\t\tWeitere Guides\n\t<\/h1>\n\t<p>Wir sind ein Team von professionellen Guides f\u00fcr Aktivit\u00e4ten rund um den Lake \u00c5snen.<\/p>\n\t<h3>professionelle Guides<\/h3>\t\t\n\t<h3>der Natur verpflichtet<\/h3>\t\t\n\t<h3>kleine &#038; exklusive Gruppen<\/h3>\t\t\n<h2>\n\t\tVibeke Hylt\u00e9n-Cavallius\n\t<\/h2>\n\t\t\t\t<img loading=\"lazy\" decoding=\"async\" src=\"https:\/\/www.getnogard.se\/wp-content\/uploads\/ggab_asnen-guides_h-c_vibeke_490x300.jpg\" alt=\"ggab_asnen-guides_h-c_vibeke_490x300\" itemprop=\"image\" height=\"300\" width=\"490\" title=\"ggab_asnen-guides_h-c_vibeke_490x300\" onerror=\"this.style.display='none'\"  \/>\n\t<p><strong>Guide:<\/strong> Ber\u00e4ttarvandringar p\u00e5 Getn\u00f6 och i Nationalparken \u00c5snen. <\/p>\n<p><strong>Sprachen:<\/strong> Schwedisch und Englisch<\/p>\n<p>Jag anordnar ber\u00e4ttarvandringar f\u00f6r grupper av olika \u00e5ldrar. Det som \u00e4r fantastiskt med b\u00e5de Getn\u00f6 och Trollberget \u00e4r att det \u00e4r l\u00e4ttillg\u00e4ngligt att ta sig fram med barnvagnar, rullatorer och rullstolar. Alla kan vara med och njuta av naturen, vandra efter f\u00f6rm\u00e5ga och lyssna till ber\u00e4ttelser fr\u00e5n folks\u00e4gnernas v\u00e4rld. <\/p>\n<p>Det finns n\u00e4mligen otaliga folksagor och s\u00e4gner som handlar om vad man kan tr\u00e4ffa p\u00e5 ute i naturen och som s\u00e4tter ig\u00e5ng fantasin. F\u00f6r en s\u00e5 d\u00e4r 150 \u00e5r sedan sa folk att man kunde m\u00f6ta j\u00e4ttar och troll bland klippor och berg.  Det f\u00f6rf\u00f6riska skogsr\u00e5et med sin ih\u00e5liga rygg inne i skogen. N\u00e4cken med f\u00f6rm\u00e5gan att f\u00f6rvandla sig till b\u00e5de b\u00e4ckah\u00e4st och sj\u00f6r\u00e5 vid vattnet f\u00f6r att locka ner dig i djupet. D\u00e4r fanns ocks\u00e5 gloson, som \u00e4r kusin med vildsvinen, lindormen, som kan f\u00f6rvandla sig till ett hjul och varulven, som egentligen \u00e4r en man som drabbats av en f\u00f6rbannelse.  Bland m\u00e5nga mystiska folktrov\u00e4sen \u00e4r dessa bara ett urval. Man trodde ocks\u00e5 att tr\u00e4den och \u00f6rterna samt djuren och f\u00e5glarna hade magiska trolldomskrafter. <\/p>\n<p>Denna typ av ber\u00e4ttelser har alltid roat och fascinerat mig. F\u00f6r 10 \u00e5r sedan gick jag en universitetskurs i muntligt ber\u00e4ttande i teori och praktik. F\u00f6r ett \u00e5r sedan blev jag nationalparksambassad\u00f6r f\u00f6r \u00c5snens Nationalpark genom L\u00e4nsstyrelsen i Kronoberg.<\/p>\n<p>V\u00e4lkommen till en annorlunda vandring ute i naturen p\u00e5 Getn\u00f6 och p\u00e5 Trollberget.<\/p>\n\t\t\t\t<img loading=\"lazy\" decoding=\"async\" src=\"https:\/\/www.getnogard.se\/wp-content\/uploads\/logga_certifierad_naturguide_med.png\" alt=\"logga_certifierad_naturguide_med\" itemprop=\"image\" height=\"120\" width=\"490\" title=\"logga_certifierad_naturguide_med\" onerror=\"this.style.display='none'\"  \/>\n\t\t<h3>Haben wir Ihr Interesse geweckt?<\/h3>\n\t\t<p>Schreiben Sie uns und wir melden uns so schnell wie m\u00f6glich.<\/p>\n\t\t\t<a href=\"https:\/\/www.getnogard.se\/de\/kontakt\/\" target=\"_self\" role=\"button\" rel=\"noopener\">\n\t\t\t\t\t\t\tKontakt &#038; Buchung\n\t\t\t\t\t<\/a>\n\t<h2>Aktuelles &amp; Angebote<\/h2>\n<p>Wir informieren Euch \u00fcber News und aktuelle Angebote von Getn\u00f6 &#8211; Lake \u00c5snen Resort.<\/p>\n\n","protected":false},"excerpt":{"rendered":"<p>Weitere Guides Wir sind ein Team von professionellen Guides f\u00fcr Aktivit\u00e4ten rund um den Lake \u00c5snen. professionelle Guides der Natur verpflichtet kleine &#038; exklusive Gruppen Vibeke Hylt\u00e9n-Cavallius Guide: Ber\u00e4ttarvandringar p\u00e5 Getn\u00f6 och i Nationalparken \u00c5snen. Sprachen: Schwedisch und Englisch Jag anordnar ber\u00e4ttarvandringar f\u00f6r grupper av olika \u00e5ldrar. Det som \u00e4r fantastiskt med b\u00e5de Getn\u00f6 och [&hellip;]<\/p>\n","protected":false},"author":2,"featured_media":0,"parent":1493,"menu_order":0,"comment_status":"closed","ping_status":"closed","template":"","meta":{"_acf_changed":false,"_seopress_robots_primary_cat":"","_seopress_titles_title":"","_seopress_titles_desc":"","_seopress_robots_index":"","site-sidebar-layout":"default","site-content-layout":"","ast-site-content-layout":"default","site-content-style":"default","site-sidebar-style":"default","ast-global-header-display":"","ast-banner-title-visibility":"","ast-main-header-display":"","ast-hfb-above-header-display":"","ast-hfb-below-header-display":"","ast-hfb-mobile-header-display":"","site-post-title":"","ast-breadcrumbs-content":"","ast-featured-img":"","footer-sml-layout":"","ast-disable-related-posts":"","theme-transparent-header-meta":"default","adv-header-id-meta":"","stick-header-meta":"","header-above-stick-meta":"","header-main-stick-meta":"","header-below-stick-meta":"","astra-migrate-meta-layouts":"default","ast-page-background-enabled":"default","ast-page-background-meta":{"desktop":{"background-color":"var(--ast-global-color-4)","background-image":"","background-repeat":"repeat","background-position":"center center","background-size":"auto","background-attachment":"scroll","background-type":"","background-media":"","overlay-type":"","overlay-color":"","overlay-opacity":"","overlay-gradient":""},"tablet":{"background-color":"","background-image":"","background-repeat":"repeat","background-position":"center center","background-size":"auto","background-attachment":"scroll","background-type":"","background-media":"","overlay-type":"","overlay-color":"","overlay-opacity":"","overlay-gradient":""},"mobile":{"background-color":"","background-image":"","background-repeat":"repeat","background-position":"center center","background-size":"auto","background-attachment":"scroll","background-type":"","background-media":"","overlay-type":"","overlay-color":"","overlay-opacity":"","overlay-gradient":""}},"ast-content-background-meta":{"desktop":{"background-color":"var(--ast-global-color-5)","background-image":"","background-repeat":"repeat","background-position":"center center","background-size":"auto","background-attachment":"scroll","background-type":"","background-media":"","overlay-type":"","overlay-color":"","overlay-opacity":"","overlay-gradient":""},"tablet":{"background-color":"var(--ast-global-color-5)","background-image":"","background-repeat":"repeat","background-position":"center center","background-size":"auto","background-attachment":"scroll","background-type":"","background-media":"","overlay-type":"","overlay-color":"","overlay-opacity":"","overlay-gradient":""},"mobile":{"background-color":"var(--ast-global-color-5)","background-image":"","background-repeat":"repeat","background-position":"center center","background-size":"auto","background-attachment":"scroll","background-type":"","background-media":"","overlay-type":"","overlay-color":"","overlay-opacity":"","overlay-gradient":""}},"footnotes":""},"class_list":["post-2514","page","type-page","status-publish","hentry"],"acf":[],"_links":{"self":[{"href":"https:\/\/www.getnogard.se\/de\/wp-json\/wp\/v2\/pages\/2514","targetHints":{"allow":["GET"]}}],"collection":[{"href":"https:\/\/www.getnogard.se\/de\/wp-json\/wp\/v2\/pages"}],"about":[{"href":"https:\/\/www.getnogard.se\/de\/wp-json\/wp\/v2\/types\/page"}],"author":[{"embeddable":true,"href":"https:\/\/www.getnogard.se\/de\/wp-json\/wp\/v2\/users\/2"}],"replies":[{"embeddable":true,"href":"https:\/\/www.getnogard.se\/de\/wp-json\/wp\/v2\/comments?post=2514"}],"version-history":[{"count":5,"href":"https:\/\/www.getnogard.se\/de\/wp-json\/wp\/v2\/pages\/2514\/revisions"}],"predecessor-version":[{"id":4641,"href":"https:\/\/www.getnogard.se\/de\/wp-json\/wp\/v2\/pages\/2514\/revisions\/4641"}],"up":[{"embeddable":true,"href":"https:\/\/www.getnogard.se\/de\/wp-json\/wp\/v2\/pages\/1493"}],"wp:attachment":[{"href":"https:\/\/www.getnogard.se\/de\/wp-json\/wp\/v2\/media?parent=2514"}],"curies":[{"name":"wp","href":"https:\/\/api.w.org\/{rel}","templated":true}]}}