{"id":3283,"date":"2020-07-05T18:04:12","date_gmt":"2020-07-05T16:04:12","guid":{"rendered":"https:\/\/www.getnogard.se\/?page_id=3283"},"modified":"2026-02-14T16:46:01","modified_gmt":"2026-02-14T15:46:01","slug":"canoe-camp","status":"publish","type":"page","link":"https:\/\/www.getnogard.se\/de\/aktivitaeten\/canoe-camp\/","title":{"rendered":"Canoe &#038; Camp"},"content":{"rendered":"\n<figure itemscope itemtype=\"https:\/\/schema.org\/ImageObject\">\n\t\t\t\t<img decoding=\"async\" src=\"https:\/\/www.getnogard.se\/wp-content\/uploads\/ggab_header_1100x500_02.jpg\" alt=\"ggab_header_1100x500_02\" height=\"500\" width=\"1100\" title=\"ggab_header_1100x500_02\" onerror=\"this.style.display='none'\" loading=\"lazy\" \/>\n\t<\/figure>\n<h1>\n\t\t\tCanoe &#038; Camp\t<\/h1>\n\t<p>Der V\u00e4rensleden ist ein 110-120 km langer Kanuweg, der sich von Asa bis Fridafors durch verschiedene Seen erstreckt. Entlang des Weges gibt es spezielle Zeltpl\u00e4tze f\u00fcr Kanufahrer sowie regul\u00e4re Campingm\u00f6glichkeiten.<\/p>\n<h3>Canoe &amp; Camp Pakete:<\/h3>\n<p>Im Getn\u00f6-Lake \u00c5snen Resort bieten wir verschiedene Pakete f\u00fcr Canoe &amp; Camp an, die 2 Gutscheine\/Kanu-Campingchecks f\u00fcr die \u00dcbernachtung auf den verschiedenen Campingpl\u00e4tzen enthalten. Es ist m\u00f6glich, die Reise an verschiedenen Stellen im n\u00f6rdlichen Teil zu beginnen und dann in Richtung S\u00fcden nach Getn\u00f6 zu paddeln. Wir haben eine Kooperation mit einem lokalen Taxiunternehmen, das Sie zu Ihrem gew\u00fcnschten Ausgangspunkt bringen kann. Eine Paddeltour im \u00c5snen-See, mit Start und Ziel in Getn\u00f6, ist etwas, das wir unseren G\u00e4sten sehr empfehlen.<\/p>\n<p>Wegen der invasiven Pflanze, der &#8222;Fransenseerose&#8220; (auch Seekanne genannt), die in sp\u00e4teren Jahren in den s\u00fcdlichen Teilen des Kanuweges aufgetaucht ist, vermieten wir unsere Kanus nur im \u00c5snen-See. Um die Ausbreitung dieser Pflanze zu verhindern, ist es nicht erlaubt, weiter s\u00fcdlich als Hackekvarn und \u00c5lshult zu paddeln. Die Bezirksverwaltung hat weitere Informationen.<\/p>\n\t<h2>Erleben Sie eine Canoe &amp; Camp auf dem See \u00c5snen<\/h2>\n<p>Wenn man lautlos in einem Kanu gleitet, kann man der Natur n\u00e4her kommen, die Ruhe sp\u00fcren und die Wild- und Vogelwelt um sich herum bewundern. Paddeln Sie durch den \u00c5snen-Nationalpark und entdecken Sie die Big Five von \u00c5snen: Fischadler, Adler, Schwarzkehltaucher, Kranich und den K\u00f6nig des Waldes, den Elch. Nach einem Tagesausflug k\u00f6nnen Sie Ihr Lager an einem der speziellen Campingpl\u00e4tze aufschlagen. Genie\u00dfen Sie das Lagerfeuer bei Sonnenuntergang und grillen Sie vielleicht den frisch gefangenen Barsch? Wir garantieren Ihnen ein unvergessliches Erlebnis in der Natur &#8211; aber zu den Bedingungen der Natur!<\/p>\n<p>Wichtige Informationen, die Sie vor einer Paddeltour wissen sollten:<\/p>\n<h3>Regeln f\u00fcr den See \u00c5snen<\/h3>\n<p>Zwischen dem 1. April und dem 30. September gibt es ein totales FEUERVERBOT um das Gebiet \u00c5snen! Es ist verboten, im Umkreis von 100 Metern um die K\u00fcste von \u00c5snen ein Feuer zu entz\u00fcnden. Sie d\u00fcrfen tragbare Kocher verwenden und d\u00fcrfen NUR an den genehmigten Lagerfeuerstellen, die sich auf den verschiedenen Campingpl\u00e4tzen befinden, Feuer machen.<\/p>\n<p>Es ist verboten, innerhalb des \u00c5snen-Nationalparks und auch innerhalb der verschiedenen Naturschutzgebiete zu zelten. Sie k\u00f6nnen in Utsikten \u00fcbernachten, das n\u00f6rdlich von Trollberget liegt. Es ist nicht erlaubt, Pflanzen, Moos und B\u00e4ume mit \u00c4xten oder Messern zu besch\u00e4digen, zu nehmen oder zu t\u00f6ten. Sie d\u00fcrfen Beeren und alle essbaren Pilze sammeln, mit Ausnahme der Pilze auf Bjurk\u00e4rr. Hausboote und Jetskis sind auf dem See \u00c5snen nicht erlaubt, und der Einsatz von Drohnen ist im Nationalpark verboten. Alle Hunde m\u00fcssen stets an der Leine gef\u00fchrt werden!<\/p>\n<p>Vom 1. Februar bis zum 15. August ist es verboten, die Vogelschutzgebiete zu betreten. Schauen Sie bitte \u00fcber die offizielle Karte des \u00c5snen-Sees, um die genannten Gebiete zu sehen. Folgen Sie der Karte genau, wenn Sie paddeln, um zu verhindern, dass Sie die Schutzgebiete betreten. Es gibt farblich markierte Bojen, die diese Gebiete markieren.<\/p>\n<p>Sie m\u00fcssen auch einen Angelschein kaufen, um im \u00c5snen-See angeln zu k\u00f6nnen, obwohl Sie mit diesem Angelschein keinen Zugang zu den verbotenen Gebieten haben. Es ist auch wichtig, sich \u00fcber die Wetterbedingungen zu informieren, da sich das Wetter um den See herum schnell \u00e4ndern kann. Gehen Sie bei Gewitter nicht auf den See hinaus, sondern suchen Sie Schutz an Land.<\/p>\n<h3>Kanu-Campingpl\u00e4tze:<\/h3>\n<p>Mehrere Landbesitzer haben verschiedene Kanu-Campingpl\u00e4tze eingerichtet (auf der Karte mit Schutzsymbolen gekennzeichnet). Sie bieten einen einfachen Service mit Unterstand, genehmigten Lagerfeuer- und Grillpl\u00e4tzen, M\u00fclltonnen, Trockentoiletten und Brennholz. Es ist m\u00f6glich, hier f\u00fcr SEK 80:- pro Person und SEK 40:- pro Kind unter 12 Jahren zu \u00fcbernachten. Die Kosten k\u00f6nnen mit Bargeld oder mit Gutscheinen\/Canoecampingschecks bezahlt werden, die zusammen mit den Canoe &amp; Camp-Paketen verkauft werden.<\/p>\n<p>Um unsere empfindliche Natur zu erhalten, betr\u00e4gt die maximale Gruppengr\u00f6\u00dfe rund um den \u00c5snen-See 6 Kanus\/12 Personen pro Gruppe. Helfen Sie uns, unsere sch\u00f6ne Natur zu erhalten, damit sie auch von zuk\u00fcnftigen Generationen genossen werden kann.<\/p>\n<p>Nehmen Sie Ihren M\u00fcll mit nach Hause oder lassen Sie ihn in den M\u00fclltonnen auf den Campingpl\u00e4tzen liegen.<\/p>\n<p>Halten Sie \u00c5snen sauber! Wir w\u00fcnschen eine fantastische Paddeltour und ein unvergessliches Naturerlebnis &#8211; zu den Bedingungen der Natur!<\/p>\n<p><strong>Im Getn\u00f6 &#8211; Lake \u00c5snen Resort bieten wir verschiedene Canoe &amp; Camp-Pakete an, alles von zwei Tagen bis zu 1 Woche.<\/strong><\/p>\n<p>Erleben Sie eine Canoe &amp; Camp auf dem See \u00c5snen! Beginnen Sie Ihr Abenteuer im Getn\u00f6 &#8211; Lake \u00c5snen Resort, das in einer eigenen Sch\u00e4renlandschaft s\u00fcdlich des \u00c5snen-Nationalparks liegt. Wenn Sie lautlos in einem Kanu dahingleiten, k\u00f6nnen Sie der Natur n\u00e4her kommen, die Ruhe sp\u00fcren und die Wild- und Vogelwelt um Sie herum bewundern. Paddeln Sie durch den \u00c5snen-Nationalpark und entdecken Sie die Big Five von \u00c5snen: Fischadler, Adler, Seetaucher, Kranich und den K\u00f6nig des Waldes, den Elch. Nach einem Tagesausflug k\u00f6nnen Sie Ihr Lager an einem der speziellen Campingpl\u00e4tze aufschlagen. Genie\u00dfen Sie das Lagerfeuer bei Sonnenuntergang und grillen Sie vielleicht den frisch gefangenen Barsch? Wir garantieren Ihnen ein unvergessliches Erlebnis in der Natur &#8211; aber zu den Bedingungen der Natur!<\/p>\n\t<h3>3 Tage Canoe &amp; Camp-Paket (2-6 Personen)<\/h3>\n3 Tage KanuTour auf dem See \u00c5snen. (auf eigene Faust). Freitag bis Sonntag.<br \/>\n<strong>Inklusive:<\/strong> 1-3 Kanus mit voller Ausr\u00fcstung f\u00fcr 2-6 Personen, Schwimmwesten, Paddel , Schaufel, M\u00fclls\u00e4cke, Karten und Regeln f\u00fcr den \u00c5snen-See und den Nationalpark.\n<p><strong>Unterkunft:<\/strong> 2 \u00dcbernachtungen auf den Campingpl\u00e4tzen rund um den See \u00c5snen. (2 Gutscheine, die auf den jeweiligen Campingpl\u00e4tzen rund um den See \u00c5snen ausgegeben werden).<\/p>\n<p><strong>Zeit:<\/strong> Mai &#8211; September<\/p>\n<p>Sie k\u00f6nnen auch extra N\u00e4chte auf Getn\u00f6 Camping dazu buchen.<\/p>\n<h4>Zus\u00e4tzliche Ausr\u00fcstung zu mieten:<\/h4>\nPacksack: SEK150:-\/St\u00fcck<br \/>\nPacktonne: SEK200:-\/St\u00fcck<br \/>\nKleine Abdeckung: SEK150:-\/St\u00fcck<br \/>\nTragbarer Herd\/Trianga Sturmk\u00fcche) \u00a0SEK280:-\/St\u00fcck<br \/>\nKanu-Wagen: SEK600:-\/St\u00fcck<br \/>\nAngelausr\u00fcstung: SEK650:-\/Person<br \/>\nAngelschein\/1 Woche: SEK500:-\/Person\n\t\t<h3>Downloads &#038; Information<\/h3>\t\n\t<p>\u279d <a href=\"https:\/\/www.getnogard.se\/wp-content\/uploads\/bokningsvillkor_korttid_DE.pdf\" target=\"_blank\" rel=\"noopener\">Download Buchungsbedingungen<\/a> | <a href=\"https:\/\/www.getnogard.se\/wp-content\/uploads\/getno_broschyr_DE.pdf\" target=\"_blank\" rel=\"noopener\">Download Brosch\u00fcre<\/a><\/p>\n\t\t<h3>Unsere \u00d6ffnungszeiten<\/h3><p><strong>Ferienh\u00e4user: <\/strong>ganzj\u00e4hrig ge\u00f6ffnet<\/p>\n<em>F\u00fcr Service bitte folgende Nummer anrufen: 0477-24011<br \/>\nOder senden eine E-Mail an: info@getnogard.se<\/em>\n<p><strong>Camping-Saison 2026: <\/strong>1. Mai &#8211; 4. Oktober<\/p>\n<em>Der Campingplatz ist derzeit geschlossen. Wir \u00f6ffnen die Saison am 1. Mai 2026 und freuen uns darauf, Sie dann willkommen zu hei\u00dfen!<\/em>\n\t<h2>Aktuelles &amp; Angebote<\/h2>\n<p>Wir informieren Euch \u00fcber News und aktuelle Angebote von Getn\u00f6 &#8211; Lake \u00c5snen Resort.<\/p>\n\n","protected":false},"excerpt":{"rendered":"<p>Canoe &#038; Camp Der V\u00e4rensleden ist ein 110-120 km langer Kanuweg, der sich von Asa bis Fridafors durch verschiedene Seen erstreckt. Entlang des Weges gibt es spezielle Zeltpl\u00e4tze f\u00fcr Kanufahrer sowie regul\u00e4re Campingm\u00f6glichkeiten. Canoe &amp; Camp Pakete: Im Getn\u00f6-Lake \u00c5snen Resort bieten wir verschiedene Pakete f\u00fcr Canoe &amp; Camp an, die 2 Gutscheine\/Kanu-Campingchecks f\u00fcr die [&hellip;]<\/p>\n","protected":false},"author":2,"featured_media":0,"parent":275,"menu_order":0,"comment_status":"closed","ping_status":"closed","template":"","meta":{"_acf_changed":false,"_seopress_robots_primary_cat":"","_seopress_titles_title":"","_seopress_titles_desc":"","_seopress_robots_index":"","site-sidebar-layout":"default","site-content-layout":"","ast-site-content-layout":"default","site-content-style":"default","site-sidebar-style":"default","ast-global-header-display":"","ast-banner-title-visibility":"","ast-main-header-display":"","ast-hfb-above-header-display":"","ast-hfb-below-header-display":"","ast-hfb-mobile-header-display":"","site-post-title":"","ast-breadcrumbs-content":"","ast-featured-img":"","footer-sml-layout":"","ast-disable-related-posts":"","theme-transparent-header-meta":"default","adv-header-id-meta":"","stick-header-meta":"","header-above-stick-meta":"","header-main-stick-meta":"","header-below-stick-meta":"","astra-migrate-meta-layouts":"default","ast-page-background-enabled":"default","ast-page-background-meta":{"desktop":{"background-color":"var(--ast-global-color-4)","background-image":"","background-repeat":"repeat","background-position":"center center","background-size":"auto","background-attachment":"scroll","background-type":"","background-media":"","overlay-type":"","overlay-color":"","overlay-opacity":"","overlay-gradient":""},"tablet":{"background-color":"","background-image":"","background-repeat":"repeat","background-position":"center center","background-size":"auto","background-attachment":"scroll","background-type":"","background-media":"","overlay-type":"","overlay-color":"","overlay-opacity":"","overlay-gradient":""},"mobile":{"background-color":"","background-image":"","background-repeat":"repeat","background-position":"center center","background-size":"auto","background-attachment":"scroll","background-type":"","background-media":"","overlay-type":"","overlay-color":"","overlay-opacity":"","overlay-gradient":""}},"ast-content-background-meta":{"desktop":{"background-color":"var(--ast-global-color-5)","background-image":"","background-repeat":"repeat","background-position":"center center","background-size":"auto","background-attachment":"scroll","background-type":"","background-media":"","overlay-type":"","overlay-color":"","overlay-opacity":"","overlay-gradient":""},"tablet":{"background-color":"var(--ast-global-color-5)","background-image":"","background-repeat":"repeat","background-position":"center center","background-size":"auto","background-attachment":"scroll","background-type":"","background-media":"","overlay-type":"","overlay-color":"","overlay-opacity":"","overlay-gradient":""},"mobile":{"background-color":"var(--ast-global-color-5)","background-image":"","background-repeat":"repeat","background-position":"center center","background-size":"auto","background-attachment":"scroll","background-type":"","background-media":"","overlay-type":"","overlay-color":"","overlay-opacity":"","overlay-gradient":""}},"footnotes":""},"class_list":["post-3283","page","type-page","status-publish","hentry"],"acf":[],"_links":{"self":[{"href":"https:\/\/www.getnogard.se\/de\/wp-json\/wp\/v2\/pages\/3283","targetHints":{"allow":["GET"]}}],"collection":[{"href":"https:\/\/www.getnogard.se\/de\/wp-json\/wp\/v2\/pages"}],"about":[{"href":"https:\/\/www.getnogard.se\/de\/wp-json\/wp\/v2\/types\/page"}],"author":[{"embeddable":true,"href":"https:\/\/www.getnogard.se\/de\/wp-json\/wp\/v2\/users\/2"}],"replies":[{"embeddable":true,"href":"https:\/\/www.getnogard.se\/de\/wp-json\/wp\/v2\/comments?post=3283"}],"version-history":[{"count":5,"href":"https:\/\/www.getnogard.se\/de\/wp-json\/wp\/v2\/pages\/3283\/revisions"}],"predecessor-version":[{"id":7369,"href":"https:\/\/www.getnogard.se\/de\/wp-json\/wp\/v2\/pages\/3283\/revisions\/7369"}],"up":[{"embeddable":true,"href":"https:\/\/www.getnogard.se\/de\/wp-json\/wp\/v2\/pages\/275"}],"wp:attachment":[{"href":"https:\/\/www.getnogard.se\/de\/wp-json\/wp\/v2\/media?parent=3283"}],"curies":[{"name":"wp","href":"https:\/\/api.w.org\/{rel}","templated":true}]}}