{"id":3625,"date":"2021-03-24T10:59:22","date_gmt":"2021-03-24T09:59:22","guid":{"rendered":"https:\/\/www.getnogard.se\/?page_id=3625"},"modified":"2025-12-04T12:01:15","modified_gmt":"2025-12-04T11:01:15","slug":"oeffnungszeiten","status":"publish","type":"page","link":"https:\/\/www.getnogard.se\/de\/oeffnungszeiten\/","title":{"rendered":"\u00d6ffnungszeiten"},"content":{"rendered":"\n\n\t\t\t\t<img decoding=\"async\" src=\"https:\/\/www.getnogard.se\/wp-content\/uploads\/ggab_header_1100x400_02.jpg\" alt=\"ggab_header_1100x400_02\" itemprop=\"image\" height=\"400\" width=\"1100\" title=\"ggab_header_1100x400_02\" onerror=\"this.style.display='none'\" loading=\"lazy\" \/>\n<h1>\n\t\t\t\u00d6ffnungszeiten\t<\/h1>\n\t<p>(med reservation f\u00fcr Ver\u00e4nderungen)<\/p>\n\t<h3 data-start=\"73\" data-end=\"112\">2026<\/h3>\n<p><em>Ferienh\u00e4user<\/em>: ganzj\u00e4hrig ge\u00f6ffnet<\/p>\n<p><em>Camping<\/em>: ge\u00f6ffnet vom 1. Mai bis 4. Oktober<\/p>\n<p><em>Konferenzen und Gruppen<\/em>: ganzj\u00e4hrig nach Buchung<\/p>\n<p><em>Wildrestaurant<\/em>: ganzj\u00e4hrig f\u00fcr Gruppen nach Buchung<\/p>\n\n<h3>Camping-Saison 2026<\/h3>\n1. Mai &#8211; 14. Juni<br data-start=\"333\" data-end=\"336\" \/>Rezeption &amp; Landcaf\u00e9: 9:00 &#8211; 12:00 \/ 16:00 &#8211; 19:00\n15. Juni &#8211; 23. August<br data-start=\"415\" data-end=\"418\" \/>Rezeption &amp; Landcaf\u00e9: 9:00 &#8211; 12:30 \/ 14:00 &#8211; 19:00\n24. August &#8211; 4. Oktober<br data-start=\"499\" data-end=\"502\" \/>Rezeption &amp; Landcaf\u00e9: 9:00 &#8211; 12:00 \/ 16:00 &#8211; 19:00\n<h3 data-start=\"561\" data-end=\"588\"><\/h3>\n<h3 data-start=\"561\" data-end=\"588\">Monatliche Highlights<\/h3>\n<h5 data-start=\"590\" data-end=\"642\">Juni<\/h5>\nMidsommer-Tradition am 19. und 20. Juni\n<h5>Juli<\/h5>\nBistro Mat: Montag bis Freitag 14:00 &#8211; 18:00<br data-start=\"699\" data-end=\"702\" \/>Landcaf\u00e9: t\u00e4glich 9:00 &#8211; 12:30 \/ 14:00 &#8211; 19:00<br data-start=\"748\" data-end=\"751\" \/>PUB mit Live-Musik: jeden Mittwoch 21:00 &#8211; 24:00<br data-start=\"799\" data-end=\"802\" \/>Sommeraktivit\u00e4ten: Informationen finden Sie auf der Infotafel und an der Rezeption\n<h5 data-start=\"888\" data-end=\"917\">August<\/h5>\nFlusskrebsfest\n<h5 data-start=\"919\" data-end=\"990\">September<\/h5>\nAngelwettbewerb \u201e\u00c5snen-Grand Slam 2026&#8243;: Termin folgt\n<h5 data-start=\"992\" data-end=\"1047\">Dezember<\/h5>\nWeihnachtsbuffet mit Theaterauff\u00fchrung\n\t<h2>Aktuelles &amp; Angebote<\/h2>\n<p>Wir informieren Euch \u00fcber News und aktuelle Angebote von Getn\u00f6 &#8211; Lake \u00c5snen Resort.<\/p>\n\n","protected":false},"excerpt":{"rendered":"<p>\u00d6ffnungszeiten (med reservation f\u00fcr Ver\u00e4nderungen) 2026 Ferienh\u00e4user: ganzj\u00e4hrig ge\u00f6ffnet Camping: ge\u00f6ffnet vom 1. Mai bis 4. Oktober Konferenzen und Gruppen: ganzj\u00e4hrig nach Buchung Wildrestaurant: ganzj\u00e4hrig f\u00fcr Gruppen nach Buchung Camping-Saison 2026 1. Mai &#8211; 14. JuniRezeption &amp; Landcaf\u00e9: 9:00 &#8211; 12:00 \/ 16:00 &#8211; 19:00 15. Juni &#8211; 23. AugustRezeption &amp; Landcaf\u00e9: 9:00 &#8211; 12:30 [&hellip;]<\/p>\n","protected":false},"author":2,"featured_media":0,"parent":0,"menu_order":0,"comment_status":"closed","ping_status":"closed","template":"","meta":{"_acf_changed":false,"_seopress_robots_primary_cat":"","_seopress_titles_title":"","_seopress_titles_desc":"","_seopress_robots_index":"","site-sidebar-layout":"default","site-content-layout":"","ast-site-content-layout":"default","site-content-style":"default","site-sidebar-style":"default","ast-global-header-display":"","ast-banner-title-visibility":"","ast-main-header-display":"","ast-hfb-above-header-display":"","ast-hfb-below-header-display":"","ast-hfb-mobile-header-display":"","site-post-title":"","ast-breadcrumbs-content":"","ast-featured-img":"","footer-sml-layout":"","ast-disable-related-posts":"","theme-transparent-header-meta":"","adv-header-id-meta":"","stick-header-meta":"","header-above-stick-meta":"","header-main-stick-meta":"","header-below-stick-meta":"","astra-migrate-meta-layouts":"default","ast-page-background-enabled":"default","ast-page-background-meta":{"desktop":{"background-color":"var(--ast-global-color-4)","background-image":"","background-repeat":"repeat","background-position":"center center","background-size":"auto","background-attachment":"scroll","background-type":"","background-media":"","overlay-type":"","overlay-color":"","overlay-opacity":"","overlay-gradient":""},"tablet":{"background-color":"","background-image":"","background-repeat":"repeat","background-position":"center center","background-size":"auto","background-attachment":"scroll","background-type":"","background-media":"","overlay-type":"","overlay-color":"","overlay-opacity":"","overlay-gradient":""},"mobile":{"background-color":"","background-image":"","background-repeat":"repeat","background-position":"center center","background-size":"auto","background-attachment":"scroll","background-type":"","background-media":"","overlay-type":"","overlay-color":"","overlay-opacity":"","overlay-gradient":""}},"ast-content-background-meta":{"desktop":{"background-color":"var(--ast-global-color-5)","background-image":"","background-repeat":"repeat","background-position":"center center","background-size":"auto","background-attachment":"scroll","background-type":"","background-media":"","overlay-type":"","overlay-color":"","overlay-opacity":"","overlay-gradient":""},"tablet":{"background-color":"var(--ast-global-color-5)","background-image":"","background-repeat":"repeat","background-position":"center center","background-size":"auto","background-attachment":"scroll","background-type":"","background-media":"","overlay-type":"","overlay-color":"","overlay-opacity":"","overlay-gradient":""},"mobile":{"background-color":"var(--ast-global-color-5)","background-image":"","background-repeat":"repeat","background-position":"center center","background-size":"auto","background-attachment":"scroll","background-type":"","background-media":"","overlay-type":"","overlay-color":"","overlay-opacity":"","overlay-gradient":""}},"footnotes":""},"class_list":["post-3625","page","type-page","status-publish","hentry"],"acf":[],"_links":{"self":[{"href":"https:\/\/www.getnogard.se\/de\/wp-json\/wp\/v2\/pages\/3625","targetHints":{"allow":["GET"]}}],"collection":[{"href":"https:\/\/www.getnogard.se\/de\/wp-json\/wp\/v2\/pages"}],"about":[{"href":"https:\/\/www.getnogard.se\/de\/wp-json\/wp\/v2\/types\/page"}],"author":[{"embeddable":true,"href":"https:\/\/www.getnogard.se\/de\/wp-json\/wp\/v2\/users\/2"}],"replies":[{"embeddable":true,"href":"https:\/\/www.getnogard.se\/de\/wp-json\/wp\/v2\/comments?post=3625"}],"version-history":[{"count":5,"href":"https:\/\/www.getnogard.se\/de\/wp-json\/wp\/v2\/pages\/3625\/revisions"}],"predecessor-version":[{"id":6031,"href":"https:\/\/www.getnogard.se\/de\/wp-json\/wp\/v2\/pages\/3625\/revisions\/6031"}],"wp:attachment":[{"href":"https:\/\/www.getnogard.se\/de\/wp-json\/wp\/v2\/media?parent=3625"}],"curies":[{"name":"wp","href":"https:\/\/api.w.org\/{rel}","templated":true}]}}