{"id":387,"date":"2017-03-05T12:13:29","date_gmt":"2017-03-05T11:13:29","guid":{"rendered":"http:\/\/www.getnogard.de\/?page_id=387\/"},"modified":"2017-05-21T10:59:30","modified_gmt":"2017-05-21T08:59:30","slug":"haren","status":"publish","type":"page","link":"https:\/\/www.getnogard.se\/de\/haeuser\/haren\/","title":{"rendered":"Haren"},"content":{"rendered":"<p>\t\t\t\t<img loading=\"lazy\" decoding=\"async\" src=\"https:\/\/www.getnogard.se\/wp-content\/uploads\/getno_stugor_haren_header.jpg\" alt=\"getno_stugor_haren_header\" itemprop=\"image\" height=\"400\" width=\"1100\"  \/><\/p>\n<h1>\n\t\tFerienhaus Haren<br \/>\n\t<\/h1>\n<p style=\"text-align: center;\">Haus Haren ist ein modernes und komfortabel eingerichtetes Ferienhaus auf Getn\u00f6. Das Freizeithaus auf einer offenen, sch\u00f6nen Waldlichtung, die von Blumenwiesen umgeben ist. Es hat eine sehr natursch\u00f6ne Lage, umgegeben vom Buchenwald. In cirka 300 m Entfernung befindet sich der Zugang zu den Boots- und Badebr\u00fccken.<\/p>\n<p style=\"text-align: center;\">Haren ist 46 m\u00b2 gro\u00df und besteht aus 2 Schlafzimmern, einem Gemeinschaftsraum mit Schlafsofa, Radio und TV, einem gefliesten Bad mit WC und Dusche und einer K\u00fcche. Diese ist mit Elektroherd, Ofen, K\u00fchl- und Tiefk\u00fchlschrank, Sp\u00fclmaschine, Mikrowelle und Radio ausgestattet. Weiterhin geh\u00f6rt eine Terrasse (12 m\u00b2) mit Gartenm\u00f6beln, Grill- und Lagerfeuerplatz zu dem Ferienhaus. Rauchen und Haustiere sind nicht erlaubt.<\/p>\n<p>\t\t\t\t<a href=\"https:\/\/www.getnogard.se\/wp-content\/uploads\/getno_stugor_haren_03.jpg\" target=\"_self\" itemprop=\"url\"><br \/>\n\t\t\t\t<img loading=\"lazy\" decoding=\"async\" src=\"https:\/\/www.getnogard.se\/wp-content\/uploads\/getno_stugor_haren_03.jpg\" alt=\"getno_stugor_haren_03\" itemprop=\"image\" height=\"374\" width=\"600\"  \/><br \/>\n\t\t\t\t<\/a><br \/>\n\t\t\t\t<a href=\"https:\/\/www.getnogard.se\/wp-content\/uploads\/getno_stugor_haren_02.jpg\" target=\"_self\" itemprop=\"url\"><br \/>\n\t\t\t\t<img loading=\"lazy\" decoding=\"async\" src=\"https:\/\/www.getnogard.se\/wp-content\/uploads\/getno_stugor_haren_02.jpg\" alt=\"getno_stugor_haren_02\" itemprop=\"image\" height=\"374\" width=\"600\"  \/><br \/>\n\t\t\t\t<\/a><br \/>\n\t\t\t\t<a href=\"https:\/\/www.getnogard.se\/wp-content\/uploads\/getno_stugor_haren_01.jpg\" target=\"_self\" itemprop=\"url\"><br \/>\n\t\t\t\t<img loading=\"lazy\" decoding=\"async\" src=\"https:\/\/www.getnogard.se\/wp-content\/uploads\/getno_stugor_haren_01.jpg\" alt=\"getno_stugor_haren_01\" itemprop=\"image\" height=\"374\" width=\"600\"  \/><br \/>\n\t\t\t\t<\/a><br \/>\n\t\t\t\t<a href=\"https:\/\/www.getnogard.se\/wp-content\/uploads\/getno_stugor_haren_05.jpg\" target=\"_self\" itemprop=\"url\"><br \/>\n\t\t\t\t<img loading=\"lazy\" decoding=\"async\" src=\"https:\/\/www.getnogard.se\/wp-content\/uploads\/getno_stugor_haren_05.jpg\" alt=\"getno_stugor_haren_05\" itemprop=\"image\" height=\"374\" width=\"600\"  \/><br \/>\n\t\t\t\t<\/a><br \/>\n\t\t\t\t<a href=\"https:\/\/www.getnogard.se\/wp-content\/uploads\/getno_stugor_haren_04.jpg\" target=\"_self\" itemprop=\"url\"><br \/>\n\t\t\t\t<img loading=\"lazy\" decoding=\"async\" src=\"https:\/\/www.getnogard.se\/wp-content\/uploads\/getno_stugor_haren_04.jpg\" alt=\"getno_stugor_haren_04\" itemprop=\"image\" height=\"374\" width=\"600\"  \/><br \/>\n\t\t\t\t<\/a><br \/>\n\t\t\t\t<a href=\"https:\/\/www.getnogard.se\/wp-content\/uploads\/getno_stugor_haren_06.jpg\" target=\"_self\" itemprop=\"url\"><br \/>\n\t\t\t\t<img loading=\"lazy\" decoding=\"async\" src=\"https:\/\/www.getnogard.se\/wp-content\/uploads\/getno_stugor_haren_06.jpg\" alt=\"getno_stugor_haren_06\" itemprop=\"image\" height=\"374\" width=\"600\"  \/><br \/>\n\t\t\t\t<\/a><\/p>\n<h3>\n\tFakten<\/h3>\n<ul>\n<li>Personen: 4+2<\/li>\n<li>Gr\u00f6\u00dfe: 46 m\u00b2<\/li>\n<li>Bemerkungen: natursch\u00f6ne Lage, Sp\u00fclmaschine<\/li>\n<li>Dieses Haus ist winterfest: Ja<\/li>\n<li>Hunde sind in diesem Haus nicht erlaubt.<\/li>\n<li>In allen H\u00e4usern darf nicht geraucht werden.<\/li>\n<\/ul>\n<h3>\n\tSie m\u00f6chten dieses Haus buchen?<\/h3>\n<p><strong>Ihr Ansprechpartner:<\/strong><br \/>\n Ingrid E-M Olsson<\/p>\n<p><strong>Telefon:<\/strong><br \/>\n +46 477 &#8211; 240 21<\/p>\n<p>\t\t\t<a href=\"https:\/\/www.getnogard.se\/kontakt\/\" target=\"_self\" role=\"button\"><br \/>\n\t\t\t\t\t\tE-Mail schreiben<br \/>\n\t\t\t\t\t<\/a><\/p>\n<h2 style=\"text-align: center;\">Aktuelles &amp; Angebote<\/h2>\n<p style=\"text-align: center;\">Wir informieren Euch \u00fcber News und aktuelle Angebote von Getn\u00f6 &#8211; Lake \u00c5snen Resort.<\/p>\n","protected":false},"excerpt":{"rendered":"<p>Ferienhaus Haren Haus Haren ist ein modernes und komfortabel eingerichtetes Ferienhaus auf Getn\u00f6. Das Freizeithaus auf einer offenen, sch\u00f6nen Waldlichtung, die von Blumenwiesen umgeben ist. Es hat eine sehr natursch\u00f6ne Lage, umgegeben vom Buchenwald. In cirka 300 m Entfernung befindet sich der Zugang zu den Boots- und Badebr\u00fccken. Haren ist 46 m\u00b2 gro\u00df und besteht [&hellip;]<\/p>\n","protected":false},"author":2,"featured_media":0,"parent":219,"menu_order":0,"comment_status":"closed","ping_status":"closed","template":"","meta":{"_acf_changed":false,"_seopress_robots_primary_cat":"","_seopress_titles_title":"","_seopress_titles_desc":"","_seopress_robots_index":"","site-sidebar-layout":"default","site-content-layout":"","ast-site-content-layout":"default","site-content-style":"default","site-sidebar-style":"default","ast-global-header-display":"","ast-banner-title-visibility":"","ast-main-header-display":"","ast-hfb-above-header-display":"","ast-hfb-below-header-display":"","ast-hfb-mobile-header-display":"","site-post-title":"","ast-breadcrumbs-content":"","ast-featured-img":"","footer-sml-layout":"","ast-disable-related-posts":"","theme-transparent-header-meta":"","adv-header-id-meta":"","stick-header-meta":"","header-above-stick-meta":"","header-main-stick-meta":"","header-below-stick-meta":"","astra-migrate-meta-layouts":"default","ast-page-background-enabled":"default","ast-page-background-meta":{"desktop":{"background-color":"var(--ast-global-color-4)","background-image":"","background-repeat":"repeat","background-position":"center center","background-size":"auto","background-attachment":"scroll","background-type":"","background-media":"","overlay-type":"","overlay-color":"","overlay-opacity":"","overlay-gradient":""},"tablet":{"background-color":"","background-image":"","background-repeat":"repeat","background-position":"center center","background-size":"auto","background-attachment":"scroll","background-type":"","background-media":"","overlay-type":"","overlay-color":"","overlay-opacity":"","overlay-gradient":""},"mobile":{"background-color":"","background-image":"","background-repeat":"repeat","background-position":"center center","background-size":"auto","background-attachment":"scroll","background-type":"","background-media":"","overlay-type":"","overlay-color":"","overlay-opacity":"","overlay-gradient":""}},"ast-content-background-meta":{"desktop":{"background-color":"var(--ast-global-color-5)","background-image":"","background-repeat":"repeat","background-position":"center center","background-size":"auto","background-attachment":"scroll","background-type":"","background-media":"","overlay-type":"","overlay-color":"","overlay-opacity":"","overlay-gradient":""},"tablet":{"background-color":"var(--ast-global-color-5)","background-image":"","background-repeat":"repeat","background-position":"center center","background-size":"auto","background-attachment":"scroll","background-type":"","background-media":"","overlay-type":"","overlay-color":"","overlay-opacity":"","overlay-gradient":""},"mobile":{"background-color":"var(--ast-global-color-5)","background-image":"","background-repeat":"repeat","background-position":"center center","background-size":"auto","background-attachment":"scroll","background-type":"","background-media":"","overlay-type":"","overlay-color":"","overlay-opacity":"","overlay-gradient":""}},"footnotes":""},"class_list":["post-387","page","type-page","status-publish","hentry"],"acf":[],"_links":{"self":[{"href":"https:\/\/www.getnogard.se\/de\/wp-json\/wp\/v2\/pages\/387","targetHints":{"allow":["GET"]}}],"collection":[{"href":"https:\/\/www.getnogard.se\/de\/wp-json\/wp\/v2\/pages"}],"about":[{"href":"https:\/\/www.getnogard.se\/de\/wp-json\/wp\/v2\/types\/page"}],"author":[{"embeddable":true,"href":"https:\/\/www.getnogard.se\/de\/wp-json\/wp\/v2\/users\/2"}],"replies":[{"embeddable":true,"href":"https:\/\/www.getnogard.se\/de\/wp-json\/wp\/v2\/comments?post=387"}],"version-history":[{"count":5,"href":"https:\/\/www.getnogard.se\/de\/wp-json\/wp\/v2\/pages\/387\/revisions"}],"predecessor-version":[{"id":856,"href":"https:\/\/www.getnogard.se\/de\/wp-json\/wp\/v2\/pages\/387\/revisions\/856"}],"up":[{"embeddable":true,"href":"https:\/\/www.getnogard.se\/de\/wp-json\/wp\/v2\/pages\/219"}],"wp:attachment":[{"href":"https:\/\/www.getnogard.se\/de\/wp-json\/wp\/v2\/media?parent=387"}],"curies":[{"name":"wp","href":"https:\/\/api.w.org\/{rel}","templated":true}]}}