{"id":419,"date":"2017-03-05T16:26:39","date_gmt":"2017-03-05T15:26:39","guid":{"rendered":"http:\/\/www.getnogard.de\/?page_id=419\/"},"modified":"2023-01-11T13:13:57","modified_gmt":"2023-01-11T12:13:57","slug":"raeven","status":"publish","type":"page","link":"https:\/\/www.getnogard.se\/de\/haeuser\/raeven\/","title":{"rendered":"R\u00e4ven"},"content":{"rendered":"\n\n\t\t\t\t<img loading=\"lazy\" decoding=\"async\" src=\"https:\/\/www.getnogard.se\/wp-content\/uploads\/getno_stugor_raven_header_02.jpg\" alt=\"getno_stugor_raven_header_02\" itemprop=\"image\" height=\"400\" width=\"1100\" title=\"getno_stugor_raven_header_02\" onerror=\"this.style.display='none'\"  \/>\n<h1>\n\t\tFerienhaus R\u00e4ven\n\t<\/h1>\n\t<p>Haus R\u00e4ven ist ein modernes und komfortabel eingerichtetes Ferienhaus auf Getn\u00f6. Das Freizeithaus auf einer offenen, sch\u00f6nen Waldlichtung, die von Blumenwiesen umgeben ist. Es hat eine sehr natursch\u00f6ne Lage, umgegeben vom Buchenwald.<\/p>\n<p>R\u00e4ven ist 46 m\u00b2 gro\u00df und besteht aus 2 Schlafzimmern, einem Gemeinschaftsraum mit Schlafsofa, Radio und TV, einem gefliesten Bad mit WC und Dusche und einer K\u00fcche. Diese ist mit Elektroherd, Ofen, K\u00fchl- und Tiefk\u00fchlschrank, Sp\u00fclmaschine, Mikrowelle und Radio ausgestattet. Weiterhin geh\u00f6rt eine Terrasse (12 m\u00b2) mit Gartenm\u00f6beln, Grill- und Lagerfeuerplatz zu dem Ferienhaus. In cirka 300 m Entfernung befindet sich der Zugang zu den Boots- und Badebr\u00fccken.<\/p>\n\t\t\t\t<a href=\"https:\/\/www.getnogard.se\/wp-content\/uploads\/getno_stugor_raeven_03.jpg\" target=\"_self\" itemprop=\"url\" rel=\"noopener\">\n\t\t\t\t<img loading=\"lazy\" decoding=\"async\" src=\"https:\/\/www.getnogard.se\/wp-content\/uploads\/getno_stugor_raeven_03.jpg\" alt=\"getno_stugor_raeven_03\" itemprop=\"image\" height=\"374\" width=\"600\" title=\"getno_stugor_raeven_03\" onerror=\"this.style.display='none'\"  \/>\n\t\t\t\t<\/a>\n\t\t\t\t<a href=\"https:\/\/www.getnogard.se\/wp-content\/uploads\/getno_stugor_raeven_01.jpg\" target=\"_self\" itemprop=\"url\" rel=\"noopener\">\n\t\t\t\t<img loading=\"lazy\" decoding=\"async\" src=\"https:\/\/www.getnogard.se\/wp-content\/uploads\/getno_stugor_raeven_01.jpg\" alt=\"getno_stugor_raeven_01\" itemprop=\"image\" height=\"374\" width=\"600\" title=\"getno_stugor_raeven_01\" onerror=\"this.style.display='none'\"  \/>\n\t\t\t\t<\/a>\n\t\t\t\t<a href=\"https:\/\/www.getnogard.se\/wp-content\/uploads\/getno_stugor_raeven_04.jpg\" target=\"_self\" itemprop=\"url\" rel=\"noopener\">\n\t\t\t\t<img loading=\"lazy\" decoding=\"async\" src=\"https:\/\/www.getnogard.se\/wp-content\/uploads\/getno_stugor_raeven_04.jpg\" alt=\"getno_stugor_raeven_04\" itemprop=\"image\" height=\"374\" width=\"600\" title=\"getno_stugor_raeven_04\" onerror=\"this.style.display='none'\"  \/>\n\t\t\t\t<\/a>\n\t\t\t\t<a href=\"https:\/\/www.getnogard.se\/wp-content\/uploads\/getno_stugor_raeven_06.jpg\" target=\"_self\" itemprop=\"url\" rel=\"noopener\">\n\t\t\t\t<img loading=\"lazy\" decoding=\"async\" src=\"https:\/\/www.getnogard.se\/wp-content\/uploads\/getno_stugor_raeven_06.jpg\" alt=\"getno_stugor_raeven_06\" itemprop=\"image\" height=\"374\" width=\"600\" title=\"getno_stugor_raeven_06\" onerror=\"this.style.display='none'\"  \/>\n\t\t\t\t<\/a>\n\t\t\t\t<a href=\"https:\/\/www.getnogard.se\/wp-content\/uploads\/getno_stugor_raeven_05.jpg\" target=\"_self\" itemprop=\"url\" rel=\"noopener\">\n\t\t\t\t<img loading=\"lazy\" decoding=\"async\" src=\"https:\/\/www.getnogard.se\/wp-content\/uploads\/getno_stugor_raeven_05.jpg\" alt=\"getno_stugor_raeven_05\" itemprop=\"image\" height=\"374\" width=\"600\" title=\"getno_stugor_raeven_05\" onerror=\"this.style.display='none'\"  \/>\n\t\t\t\t<\/a>\n\t\t\t\t<a href=\"https:\/\/www.getnogard.se\/wp-content\/uploads\/getno_stugor_raeven_02.jpg\" target=\"_self\" itemprop=\"url\" rel=\"noopener\">\n\t\t\t\t<img loading=\"lazy\" decoding=\"async\" src=\"https:\/\/www.getnogard.se\/wp-content\/uploads\/getno_stugor_raeven_02.jpg\" alt=\"getno_stugor_raeven_02\" itemprop=\"image\" height=\"374\" width=\"600\" title=\"getno_stugor_raeven_02\" onerror=\"this.style.display='none'\"  \/>\n\t\t\t\t<\/a>\n\t\t<h3>\t\n\tFakten<\/h3>\t\t\n\t\t\t<ul>\n<li>Personen: 4+2<\/li>\n<li>Gr\u00f6\u00dfe: 46 m\u00b2<\/li>\n<li>Bemerkungen: natursch\u00f6ne Lage, Sp\u00fclmaschine<\/li>\n<li>Dieses Haus ist winterfest: Ja<\/li>\n<li>Hunde sind in diesem Haus nicht erlaubt.<\/li>\n<li>In allen H\u00e4usern darf nicht geraucht werden.<\/li>\n<\/ul>\n\t\t<h3>\t\n\tSie m\u00f6chten dieses Haus buchen?<\/h3>\t\t\n\t\t\t<strong>Ihr Ansprechpartner:<\/strong><br \/>\n Ingrid E-M Olsson\n<strong>Telefon:<\/strong><br \/>\n +46 477 &#8211; 240 21\n\t\t\t<a href=\"https:\/\/www.getnogard.se\/de\/kontakt\/\" target=\"_self\" role=\"button\" rel=\"noopener\">\n\t\t\t\t\t\tE-Mail schreiben\n\t\t\t\t\t<\/a>\n\t<h2>Aktuelles &amp; Angebote<\/h2>\n<p>Wir informieren Euch \u00fcber News und aktuelle Angebote von Getn\u00f6 &#8211; Lake \u00c5snen Resort.<\/p>\n\n","protected":false},"excerpt":{"rendered":"<p>Ferienhaus R\u00e4ven Haus R\u00e4ven ist ein modernes und komfortabel eingerichtetes Ferienhaus auf Getn\u00f6. Das Freizeithaus auf einer offenen, sch\u00f6nen Waldlichtung, die von Blumenwiesen umgeben ist. Es hat eine sehr natursch\u00f6ne Lage, umgegeben vom Buchenwald. R\u00e4ven ist 46 m\u00b2 gro\u00df und besteht aus 2 Schlafzimmern, einem Gemeinschaftsraum mit Schlafsofa, Radio und TV, einem gefliesten Bad mit [&hellip;]<\/p>\n","protected":false},"author":2,"featured_media":0,"parent":219,"menu_order":0,"comment_status":"closed","ping_status":"closed","template":"","meta":{"_acf_changed":false,"_seopress_robots_primary_cat":"","_seopress_titles_title":"","_seopress_titles_desc":"","_seopress_robots_index":"","site-sidebar-layout":"default","site-content-layout":"","ast-site-content-layout":"default","site-content-style":"default","site-sidebar-style":"default","ast-global-header-display":"","ast-banner-title-visibility":"","ast-main-header-display":"","ast-hfb-above-header-display":"","ast-hfb-below-header-display":"","ast-hfb-mobile-header-display":"","site-post-title":"","ast-breadcrumbs-content":"","ast-featured-img":"","footer-sml-layout":"","ast-disable-related-posts":"","theme-transparent-header-meta":"","adv-header-id-meta":"","stick-header-meta":"","header-above-stick-meta":"","header-main-stick-meta":"","header-below-stick-meta":"","astra-migrate-meta-layouts":"default","ast-page-background-enabled":"default","ast-page-background-meta":{"desktop":{"background-color":"var(--ast-global-color-4)","background-image":"","background-repeat":"repeat","background-position":"center center","background-size":"auto","background-attachment":"scroll","background-type":"","background-media":"","overlay-type":"","overlay-color":"","overlay-opacity":"","overlay-gradient":""},"tablet":{"background-color":"","background-image":"","background-repeat":"repeat","background-position":"center center","background-size":"auto","background-attachment":"scroll","background-type":"","background-media":"","overlay-type":"","overlay-color":"","overlay-opacity":"","overlay-gradient":""},"mobile":{"background-color":"","background-image":"","background-repeat":"repeat","background-position":"center center","background-size":"auto","background-attachment":"scroll","background-type":"","background-media":"","overlay-type":"","overlay-color":"","overlay-opacity":"","overlay-gradient":""}},"ast-content-background-meta":{"desktop":{"background-color":"var(--ast-global-color-5)","background-image":"","background-repeat":"repeat","background-position":"center center","background-size":"auto","background-attachment":"scroll","background-type":"","background-media":"","overlay-type":"","overlay-color":"","overlay-opacity":"","overlay-gradient":""},"tablet":{"background-color":"var(--ast-global-color-5)","background-image":"","background-repeat":"repeat","background-position":"center center","background-size":"auto","background-attachment":"scroll","background-type":"","background-media":"","overlay-type":"","overlay-color":"","overlay-opacity":"","overlay-gradient":""},"mobile":{"background-color":"var(--ast-global-color-5)","background-image":"","background-repeat":"repeat","background-position":"center center","background-size":"auto","background-attachment":"scroll","background-type":"","background-media":"","overlay-type":"","overlay-color":"","overlay-opacity":"","overlay-gradient":""}},"footnotes":""},"class_list":["post-419","page","type-page","status-publish","hentry"],"acf":[],"_links":{"self":[{"href":"https:\/\/www.getnogard.se\/de\/wp-json\/wp\/v2\/pages\/419","targetHints":{"allow":["GET"]}}],"collection":[{"href":"https:\/\/www.getnogard.se\/de\/wp-json\/wp\/v2\/pages"}],"about":[{"href":"https:\/\/www.getnogard.se\/de\/wp-json\/wp\/v2\/types\/page"}],"author":[{"embeddable":true,"href":"https:\/\/www.getnogard.se\/de\/wp-json\/wp\/v2\/users\/2"}],"replies":[{"embeddable":true,"href":"https:\/\/www.getnogard.se\/de\/wp-json\/wp\/v2\/comments?post=419"}],"version-history":[{"count":5,"href":"https:\/\/www.getnogard.se\/de\/wp-json\/wp\/v2\/pages\/419\/revisions"}],"predecessor-version":[{"id":4281,"href":"https:\/\/www.getnogard.se\/de\/wp-json\/wp\/v2\/pages\/419\/revisions\/4281"}],"up":[{"embeddable":true,"href":"https:\/\/www.getnogard.se\/de\/wp-json\/wp\/v2\/pages\/219"}],"wp:attachment":[{"href":"https:\/\/www.getnogard.se\/de\/wp-json\/wp\/v2\/media?parent=419"}],"curies":[{"name":"wp","href":"https:\/\/api.w.org\/{rel}","templated":true}]}}