{"id":432,"date":"2017-03-05T16:45:58","date_gmt":"2017-03-05T15:45:58","guid":{"rendered":"http:\/\/www.getnogard.de\/?page_id=432\/"},"modified":"2023-01-12T13:35:36","modified_gmt":"2023-01-12T12:35:36","slug":"kronhjorten","status":"publish","type":"page","link":"https:\/\/www.getnogard.se\/de\/haeuser\/kronhjorten\/","title":{"rendered":"Kronhjorten"},"content":{"rendered":"\n\n\t\t\t\t<img loading=\"lazy\" decoding=\"async\" src=\"https:\/\/www.getnogard.se\/wp-content\/uploads\/getno_stugor_kronhjorten_header03.jpg\" alt=\"getno_stugor_kronhjorten_header03\" itemprop=\"image\" height=\"400\" width=\"1100\" title=\"getno_stugor_kronhjorten_header03\" onerror=\"this.style.display='none'\"  \/>\n<h1>\n\t\tFerienhaus Kronhjorten\n\t<\/h1>\n\t<p>Haus Kronhjorten ist ein 2017 neu gebautes und komfortables Ferienhaus auf Getn\u00f6. Es ist natursch\u00f6n belegen in ein offenen und sch\u00f6nen Waldlichtung mit Blumenwiesen rund herum.<\/p>\n<p>Kronhjorten ist 49 m\u00b2 gross und besteht aus 2 Schlafzimmern, einem Gemeinschaftsraum mit K\u00fcchenteil , 2 Schlafsofas, WiFi und TV. 1 Bad mit WC und Dusche. Das Haus ist behindertengerecht eingerichtet und hat eine Rampe. Die K\u00fcche hat Elektroherd, Ofen, K\u00fchl- und Tiefk\u00fchlschrank, Sp\u00fclmaschine, Mikrowelle und Radio. Weiterhin geh\u00f6rt eine Terrasse(12 m\u00b2) mit Gartenm\u00f6beln, Grill- und Lagerfeuerplatz zu dem Ferienhaus. In nur 300 m Entfernung befindet sich Zugang zu den Boots- und Badebr\u00fccken am G\u00e4stehafen. Haustiere sind nicht erlaubt und das Haus ist rauchfrei.<\/p>\n\t\t\t\t<a href=\"https:\/\/www.getnogard.se\/wp-content\/uploads\/getno_stugor_kronhjorten_11.jpg\" target=\"_self\" itemprop=\"url\" rel=\"noopener\">\n\t\t\t\t<img loading=\"lazy\" decoding=\"async\" src=\"https:\/\/www.getnogard.se\/wp-content\/uploads\/getno_stugor_kronhjorten_11.jpg\" alt=\"getno_stugor_kronhjorten_11\" itemprop=\"image\" height=\"374\" width=\"600\" title=\"getno_stugor_kronhjorten_11\" onerror=\"this.style.display='none'\"  \/>\n\t\t\t\t<\/a>\n\t\t\t\t<a href=\"https:\/\/www.getnogard.se\/wp-content\/uploads\/getno_stugor_kronhjorten_02.jpg\" target=\"_self\" itemprop=\"url\" rel=\"noopener\">\n\t\t\t\t<img loading=\"lazy\" decoding=\"async\" src=\"https:\/\/www.getnogard.se\/wp-content\/uploads\/getno_stugor_kronhjorten_02.jpg\" alt=\"getno_stugor_kronhjorten_02\" itemprop=\"image\" height=\"374\" width=\"600\" title=\"getno_stugor_kronhjorten_02\" onerror=\"this.style.display='none'\"  \/>\n\t\t\t\t<\/a>\n\t\t\t\t<a href=\"https:\/\/www.getnogard.se\/wp-content\/uploads\/getno_stugor_kronhjorten_03.jpg\" target=\"_self\" itemprop=\"url\" rel=\"noopener\">\n\t\t\t\t<img loading=\"lazy\" decoding=\"async\" src=\"https:\/\/www.getnogard.se\/wp-content\/uploads\/getno_stugor_kronhjorten_03.jpg\" alt=\"getno_stugor_kronhjorten_03\" itemprop=\"image\" height=\"374\" width=\"600\" title=\"getno_stugor_kronhjorten_03\" onerror=\"this.style.display='none'\"  \/>\n\t\t\t\t<\/a>\n\t\t\t\t<a href=\"https:\/\/www.getnogard.se\/wp-content\/uploads\/getno_stugor_kronhjorten_04.jpg\" target=\"_self\" itemprop=\"url\" rel=\"noopener\">\n\t\t\t\t<img loading=\"lazy\" decoding=\"async\" src=\"https:\/\/www.getnogard.se\/wp-content\/uploads\/getno_stugor_kronhjorten_04.jpg\" alt=\"getno_stugor_kronhjorten_04\" itemprop=\"image\" height=\"374\" width=\"600\" title=\"getno_stugor_kronhjorten_04\" onerror=\"this.style.display='none'\"  \/>\n\t\t\t\t<\/a>\n\t\t\t\t<a href=\"https:\/\/www.getnogard.se\/wp-content\/uploads\/getno_stugor_kronhjorten_14.jpg\" target=\"_self\" itemprop=\"url\" rel=\"noopener\">\n\t\t\t\t<img loading=\"lazy\" decoding=\"async\" src=\"https:\/\/www.getnogard.se\/wp-content\/uploads\/getno_stugor_kronhjorten_14.jpg\" alt=\"getno_stugor_kronhjorten_14\" itemprop=\"image\" height=\"374\" width=\"600\" title=\"getno_stugor_kronhjorten_14\" onerror=\"this.style.display='none'\"  \/>\n\t\t\t\t<\/a>\n\t\t\t\t<a href=\"https:\/\/www.getnogard.se\/wp-content\/uploads\/getno_stugor_kronhjorten_10.jpg\" target=\"_self\" itemprop=\"url\" rel=\"noopener\">\n\t\t\t\t<img loading=\"lazy\" decoding=\"async\" src=\"https:\/\/www.getnogard.se\/wp-content\/uploads\/getno_stugor_kronhjorten_10.jpg\" alt=\"getno_stugor_kronhjorten_10\" itemprop=\"image\" height=\"374\" width=\"600\" title=\"getno_stugor_kronhjorten_10\" onerror=\"this.style.display='none'\"  \/>\n\t\t\t\t<\/a>\n\t\t\t\t<a href=\"https:\/\/www.getnogard.se\/wp-content\/uploads\/getno_stugor_kronhjorten_13.jpg\" target=\"_self\" itemprop=\"url\" rel=\"noopener\">\n\t\t\t\t<img loading=\"lazy\" decoding=\"async\" src=\"https:\/\/www.getnogard.se\/wp-content\/uploads\/getno_stugor_kronhjorten_13.jpg\" alt=\"getno_stugor_kronhjorten_13\" itemprop=\"image\" height=\"374\" width=\"600\" title=\"getno_stugor_kronhjorten_13\" onerror=\"this.style.display='none'\"  \/>\n\t\t\t\t<\/a>\n\t\t\t\t<a href=\"https:\/\/www.getnogard.se\/wp-content\/uploads\/getno_stugor_kronhjorten_06.jpg\" target=\"_self\" itemprop=\"url\" rel=\"noopener\">\n\t\t\t\t<img loading=\"lazy\" decoding=\"async\" src=\"https:\/\/www.getnogard.se\/wp-content\/uploads\/getno_stugor_kronhjorten_06.jpg\" alt=\"getno_stugor_kronhjorten_06\" itemprop=\"image\" height=\"374\" width=\"600\" title=\"getno_stugor_kronhjorten_06\" onerror=\"this.style.display='none'\"  \/>\n\t\t\t\t<\/a>\n\t\t\t\t<a href=\"https:\/\/www.getnogard.se\/wp-content\/uploads\/getno_stugor_kronhjorten_12.jpg\" target=\"_self\" itemprop=\"url\" rel=\"noopener\">\n\t\t\t\t<img loading=\"lazy\" decoding=\"async\" src=\"https:\/\/www.getnogard.se\/wp-content\/uploads\/getno_stugor_kronhjorten_12.jpg\" alt=\"getno_stugor_kronhjorten_12\" itemprop=\"image\" height=\"374\" width=\"600\" title=\"getno_stugor_kronhjorten_12\" onerror=\"this.style.display='none'\"  \/>\n\t\t\t\t<\/a>\n\t\t<h3>\t\n\tFakten<\/h3>\t\t\n\t\t\t<ul>\n<li><strong>NEU<\/strong> gebaut in 2017<\/li>\n<li>Personen: 4+2<\/li>\n<li>Gr\u00f6\u00dfe: 49 m\u00b2<\/li>\n<li>Bemerkungen: natursch\u00f6ne Lage, Sp\u00fclmaschine<\/li>\n<li>Dieses Haus ist winterfest: Ja<\/li>\n<li>Hunde sind in diesem Haus nicht erlaubt.<\/li>\n<li>In allen H\u00e4usern darf nicht geraucht werden.<\/li>\n<\/ul>\n\t\t<h3>\t\n\tSie m\u00f6chten dieses Haus buchen?<\/h3>\t\t\n\t\t\t<strong>Ihr Ansprechpartner:<\/strong><br \/>\n Ingrid E-M Olsson\n<strong>Telefon:<\/strong><br \/>\n +46 477 &#8211; 240 21\n\t\t\t<a href=\"https:\/\/www.getnogard.se\/de\/kontakt\/\" target=\"_self\" role=\"button\" rel=\"noopener\">\n\t\t\t\t\t\tE-Mail schreiben\n\t\t\t\t\t<\/a>\n\t<h2>Aktuelles &amp; Angebote<\/h2>\n<p>Wir informieren Euch \u00fcber News und aktuelle Angebote von Getn\u00f6 &#8211; Lake \u00c5snen Resort.<\/p>\n\n","protected":false},"excerpt":{"rendered":"<p>Ferienhaus Kronhjorten Haus Kronhjorten ist ein 2017 neu gebautes und komfortables Ferienhaus auf Getn\u00f6. Es ist natursch\u00f6n belegen in ein offenen und sch\u00f6nen Waldlichtung mit Blumenwiesen rund herum. Kronhjorten ist 49 m\u00b2 gross und besteht aus 2 Schlafzimmern, einem Gemeinschaftsraum mit K\u00fcchenteil , 2 Schlafsofas, WiFi und TV. 1 Bad mit WC und Dusche. Das [&hellip;]<\/p>\n","protected":false},"author":2,"featured_media":0,"parent":219,"menu_order":0,"comment_status":"closed","ping_status":"closed","template":"","meta":{"_acf_changed":false,"_seopress_robots_primary_cat":"","_seopress_titles_title":"","_seopress_titles_desc":"","_seopress_robots_index":"","site-sidebar-layout":"default","site-content-layout":"","ast-site-content-layout":"default","site-content-style":"default","site-sidebar-style":"default","ast-global-header-display":"","ast-banner-title-visibility":"","ast-main-header-display":"","ast-hfb-above-header-display":"","ast-hfb-below-header-display":"","ast-hfb-mobile-header-display":"","site-post-title":"","ast-breadcrumbs-content":"","ast-featured-img":"","footer-sml-layout":"","ast-disable-related-posts":"","theme-transparent-header-meta":"","adv-header-id-meta":"","stick-header-meta":"","header-above-stick-meta":"","header-main-stick-meta":"","header-below-stick-meta":"","astra-migrate-meta-layouts":"default","ast-page-background-enabled":"default","ast-page-background-meta":{"desktop":{"background-color":"var(--ast-global-color-4)","background-image":"","background-repeat":"repeat","background-position":"center center","background-size":"auto","background-attachment":"scroll","background-type":"","background-media":"","overlay-type":"","overlay-color":"","overlay-opacity":"","overlay-gradient":""},"tablet":{"background-color":"","background-image":"","background-repeat":"repeat","background-position":"center center","background-size":"auto","background-attachment":"scroll","background-type":"","background-media":"","overlay-type":"","overlay-color":"","overlay-opacity":"","overlay-gradient":""},"mobile":{"background-color":"","background-image":"","background-repeat":"repeat","background-position":"center center","background-size":"auto","background-attachment":"scroll","background-type":"","background-media":"","overlay-type":"","overlay-color":"","overlay-opacity":"","overlay-gradient":""}},"ast-content-background-meta":{"desktop":{"background-color":"var(--ast-global-color-5)","background-image":"","background-repeat":"repeat","background-position":"center center","background-size":"auto","background-attachment":"scroll","background-type":"","background-media":"","overlay-type":"","overlay-color":"","overlay-opacity":"","overlay-gradient":""},"tablet":{"background-color":"var(--ast-global-color-5)","background-image":"","background-repeat":"repeat","background-position":"center center","background-size":"auto","background-attachment":"scroll","background-type":"","background-media":"","overlay-type":"","overlay-color":"","overlay-opacity":"","overlay-gradient":""},"mobile":{"background-color":"var(--ast-global-color-5)","background-image":"","background-repeat":"repeat","background-position":"center center","background-size":"auto","background-attachment":"scroll","background-type":"","background-media":"","overlay-type":"","overlay-color":"","overlay-opacity":"","overlay-gradient":""}},"footnotes":""},"class_list":["post-432","page","type-page","status-publish","hentry"],"acf":[],"_links":{"self":[{"href":"https:\/\/www.getnogard.se\/de\/wp-json\/wp\/v2\/pages\/432","targetHints":{"allow":["GET"]}}],"collection":[{"href":"https:\/\/www.getnogard.se\/de\/wp-json\/wp\/v2\/pages"}],"about":[{"href":"https:\/\/www.getnogard.se\/de\/wp-json\/wp\/v2\/types\/page"}],"author":[{"embeddable":true,"href":"https:\/\/www.getnogard.se\/de\/wp-json\/wp\/v2\/users\/2"}],"replies":[{"embeddable":true,"href":"https:\/\/www.getnogard.se\/de\/wp-json\/wp\/v2\/comments?post=432"}],"version-history":[{"count":5,"href":"https:\/\/www.getnogard.se\/de\/wp-json\/wp\/v2\/pages\/432\/revisions"}],"predecessor-version":[{"id":4424,"href":"https:\/\/www.getnogard.se\/de\/wp-json\/wp\/v2\/pages\/432\/revisions\/4424"}],"up":[{"embeddable":true,"href":"https:\/\/www.getnogard.se\/de\/wp-json\/wp\/v2\/pages\/219"}],"wp:attachment":[{"href":"https:\/\/www.getnogard.se\/de\/wp-json\/wp\/v2\/media?parent=432"}],"curies":[{"name":"wp","href":"https:\/\/api.w.org\/{rel}","templated":true}]}}