{"id":4438,"date":"2023-01-12T14:10:02","date_gmt":"2023-01-12T13:10:02","guid":{"rendered":"https:\/\/www.getnogard.se\/?page_id=4438"},"modified":"2023-01-12T14:17:27","modified_gmt":"2023-01-12T13:17:27","slug":"farmorstugan","status":"publish","type":"page","link":"https:\/\/www.getnogard.se\/de\/haeuser\/farmorstugan\/","title":{"rendered":"Farmorstugan"},"content":{"rendered":"\n\n\t\t\t\t<img loading=\"lazy\" decoding=\"async\" src=\"https:\/\/www.getnogard.se\/wp-content\/uploads\/getno_stugor_farmorstugan_header_01.jpg\" alt=\"getno_stugor_farmorstugan_header_01\" itemprop=\"image\" height=\"400\" width=\"1100\" title=\"getno_stugor_farmorstugan_header_01\" onerror=\"this.style.display='none'\"  \/>\n<h1>\n\t\tFerienhaus Farmorstugan\n\t<\/h1>\n\t<p>Farmorstugan ist ein 140 m\u00b2 gro\u00dfes zweigeschossiges Haus. Es befindet sich in einer sehr ruhigen Gegend auf der Halbinsel Vrigstad. Das Haus ist ein typisches Sm\u00e5l\u00e4ndisches rotes Haus mit weissen Ecken.<\/p>\n<p>Es besteht aus 5 Zimmern mit 7 Betten, einem Flur, einer K\u00fcche, einem neurenovierten Bad mit WC und Dusche, Elektroherd, ein K\u00fchlschrank, ein Gefrierschrank, Elektroheizung, sowie warmem und kaltem Wasser geh\u00f6ren zu der Ausstattung des Hauses. Au\u00dfenterrasse (10 m\u00b2) mit Grill- und Lagerfeuerplatz. Weiterhin sind eigene Boots- und Badebr\u00fccken vorhanden. Es gibt Boote, Kanus und Kajaks zur Anmietung auf Getn\u00f6.<\/p>\n\t\t\t\t<a href=\"https:\/\/www.getnogard.se\/wp-content\/uploads\/getno_stugor_farmorstugan_01.jpg\" target=\"_self\" itemprop=\"url\" rel=\"noopener\">\n\t\t\t\t<img loading=\"lazy\" decoding=\"async\" src=\"https:\/\/www.getnogard.se\/wp-content\/uploads\/getno_stugor_farmorstugan_01.jpg\" alt=\"getno_stugor_farmorstugan_01\" itemprop=\"image\" height=\"374\" width=\"600\" title=\"getno_stugor_farmorstugan_01\" onerror=\"this.style.display='none'\"  \/>\n\t\t\t\t<\/a>\n\t\t\t\t<a href=\"https:\/\/www.getnogard.se\/wp-content\/uploads\/getno_stugor_farmorstugan_04.jpg\" target=\"_self\" itemprop=\"url\" rel=\"noopener\">\n\t\t\t\t<img loading=\"lazy\" decoding=\"async\" src=\"https:\/\/www.getnogard.se\/wp-content\/uploads\/getno_stugor_farmorstugan_04.jpg\" alt=\"getno_stugor_farmorstugan_04\" itemprop=\"image\" height=\"374\" width=\"600\" title=\"getno_stugor_farmorstugan_04\" onerror=\"this.style.display='none'\"  \/>\n\t\t\t\t<\/a>\n\t\t\t\t<a href=\"https:\/\/www.getnogard.se\/wp-content\/uploads\/getno_stugor_farmorstugan_06.jpg\" target=\"_self\" itemprop=\"url\" rel=\"noopener\">\n\t\t\t\t<img loading=\"lazy\" decoding=\"async\" src=\"https:\/\/www.getnogard.se\/wp-content\/uploads\/getno_stugor_farmorstugan_06.jpg\" alt=\"getno_stugor_farmorstugan_06\" itemprop=\"image\" height=\"374\" width=\"600\" title=\"getno_stugor_farmorstugan_06\" onerror=\"this.style.display='none'\"  \/>\n\t\t\t\t<\/a>\n\t\t\t\t<a href=\"https:\/\/www.getnogard.se\/wp-content\/uploads\/getno_stugor_farmorstugan_03.jpg\" target=\"_self\" itemprop=\"url\" rel=\"noopener\">\n\t\t\t\t<img loading=\"lazy\" decoding=\"async\" src=\"https:\/\/www.getnogard.se\/wp-content\/uploads\/getno_stugor_farmorstugan_03.jpg\" alt=\"getno_stugor_farmorstugan_03\" itemprop=\"image\" height=\"374\" width=\"600\" title=\"getno_stugor_farmorstugan_03\" onerror=\"this.style.display='none'\"  \/>\n\t\t\t\t<\/a>\n\t\t\t\t<a href=\"https:\/\/www.getnogard.se\/wp-content\/uploads\/getno_stugor_farmorstugan_05.jpg\" target=\"_self\" itemprop=\"url\" rel=\"noopener\">\n\t\t\t\t<img loading=\"lazy\" decoding=\"async\" src=\"https:\/\/www.getnogard.se\/wp-content\/uploads\/getno_stugor_farmorstugan_05.jpg\" alt=\"getno_stugor_farmorstugan_05\" itemprop=\"image\" height=\"374\" width=\"600\" title=\"getno_stugor_farmorstugan_05\" onerror=\"this.style.display='none'\"  \/>\n\t\t\t\t<\/a>\n\t\t\t\t<a href=\"https:\/\/www.getnogard.se\/wp-content\/uploads\/getno_stugor_farmorstugan_07.jpg\" target=\"_self\" itemprop=\"url\" rel=\"noopener\">\n\t\t\t\t<img loading=\"lazy\" decoding=\"async\" src=\"https:\/\/www.getnogard.se\/wp-content\/uploads\/getno_stugor_farmorstugan_07.jpg\" alt=\"getno_stugor_farmorstugan_07\" itemprop=\"image\" height=\"374\" width=\"600\" title=\"getno_stugor_farmorstugan_07\" onerror=\"this.style.display='none'\"  \/>\n\t\t\t\t<\/a>\n\t\t<h3>\t\n\tFakten<\/h3>\t\t\n\t\t\t<ul>\n<li>Personen: 7<\/li>\n<li>Gr\u00f6\u00dfe: 140 m\u00b2<\/li>\n<li>Bemerkungen: natursch\u00f6ne Lage, Sp\u00fclmaschine<\/li>\n<li>Dieses Haus ist winterfest: Ja<\/li>\n<li>Hunde sind in diesem Haus nicht erlaubt.<\/li>\n<li>In allen H\u00e4usern darf nicht geraucht werden.<\/li>\n<\/ul>\n\t\t<h3>\t\n\tSie m\u00f6chten dieses Haus buchen?<\/h3>\t\t\n\t\t\t<strong>Ihr Ansprechpartner:<\/strong><br \/>\n Ingrid E-M Olsson\n<strong>Telefon:<\/strong><br \/>\n +46 477 &#8211; 240 21\n\t\t\t<a href=\"https:\/\/www.getnogard.se\/de\/kontakt\/\" target=\"_self\" role=\"button\" rel=\"noopener\">\n\t\t\t\t\t\tE-Mail schreiben\n\t\t\t\t\t<\/a>\n\t<h2>Aktuelles &amp; Angebote<\/h2>\n<p>Wir informieren Euch \u00fcber News und aktuelle Angebote von Getn\u00f6 &#8211; Lake \u00c5snen Resort.<\/p>\n\n","protected":false},"excerpt":{"rendered":"<p>Ferienhaus Farmorstugan Farmorstugan ist ein 140 m\u00b2 gro\u00dfes zweigeschossiges Haus. Es befindet sich in einer sehr ruhigen Gegend auf der Halbinsel Vrigstad. Das Haus ist ein typisches Sm\u00e5l\u00e4ndisches rotes Haus mit weissen Ecken. Es besteht aus 5 Zimmern mit 7 Betten, einem Flur, einer K\u00fcche, einem neurenovierten Bad mit WC und Dusche, Elektroherd, ein K\u00fchlschrank, [&hellip;]<\/p>\n","protected":false},"author":2,"featured_media":0,"parent":219,"menu_order":0,"comment_status":"closed","ping_status":"closed","template":"","meta":{"_acf_changed":false,"_seopress_robots_primary_cat":"","_seopress_titles_title":"","_seopress_titles_desc":"","_seopress_robots_index":"","site-sidebar-layout":"default","site-content-layout":"","ast-site-content-layout":"default","site-content-style":"default","site-sidebar-style":"default","ast-global-header-display":"","ast-banner-title-visibility":"","ast-main-header-display":"","ast-hfb-above-header-display":"","ast-hfb-below-header-display":"","ast-hfb-mobile-header-display":"","site-post-title":"","ast-breadcrumbs-content":"","ast-featured-img":"","footer-sml-layout":"","ast-disable-related-posts":"","theme-transparent-header-meta":"","adv-header-id-meta":"","stick-header-meta":"","header-above-stick-meta":"","header-main-stick-meta":"","header-below-stick-meta":"","astra-migrate-meta-layouts":"default","ast-page-background-enabled":"default","ast-page-background-meta":{"desktop":{"background-color":"var(--ast-global-color-4)","background-image":"","background-repeat":"repeat","background-position":"center center","background-size":"auto","background-attachment":"scroll","background-type":"","background-media":"","overlay-type":"","overlay-color":"","overlay-opacity":"","overlay-gradient":""},"tablet":{"background-color":"","background-image":"","background-repeat":"repeat","background-position":"center center","background-size":"auto","background-attachment":"scroll","background-type":"","background-media":"","overlay-type":"","overlay-color":"","overlay-opacity":"","overlay-gradient":""},"mobile":{"background-color":"","background-image":"","background-repeat":"repeat","background-position":"center center","background-size":"auto","background-attachment":"scroll","background-type":"","background-media":"","overlay-type":"","overlay-color":"","overlay-opacity":"","overlay-gradient":""}},"ast-content-background-meta":{"desktop":{"background-color":"var(--ast-global-color-5)","background-image":"","background-repeat":"repeat","background-position":"center center","background-size":"auto","background-attachment":"scroll","background-type":"","background-media":"","overlay-type":"","overlay-color":"","overlay-opacity":"","overlay-gradient":""},"tablet":{"background-color":"var(--ast-global-color-5)","background-image":"","background-repeat":"repeat","background-position":"center center","background-size":"auto","background-attachment":"scroll","background-type":"","background-media":"","overlay-type":"","overlay-color":"","overlay-opacity":"","overlay-gradient":""},"mobile":{"background-color":"var(--ast-global-color-5)","background-image":"","background-repeat":"repeat","background-position":"center center","background-size":"auto","background-attachment":"scroll","background-type":"","background-media":"","overlay-type":"","overlay-color":"","overlay-opacity":"","overlay-gradient":""}},"footnotes":""},"class_list":["post-4438","page","type-page","status-publish","hentry"],"acf":[],"_links":{"self":[{"href":"https:\/\/www.getnogard.se\/de\/wp-json\/wp\/v2\/pages\/4438","targetHints":{"allow":["GET"]}}],"collection":[{"href":"https:\/\/www.getnogard.se\/de\/wp-json\/wp\/v2\/pages"}],"about":[{"href":"https:\/\/www.getnogard.se\/de\/wp-json\/wp\/v2\/types\/page"}],"author":[{"embeddable":true,"href":"https:\/\/www.getnogard.se\/de\/wp-json\/wp\/v2\/users\/2"}],"replies":[{"embeddable":true,"href":"https:\/\/www.getnogard.se\/de\/wp-json\/wp\/v2\/comments?post=4438"}],"version-history":[{"count":2,"href":"https:\/\/www.getnogard.se\/de\/wp-json\/wp\/v2\/pages\/4438\/revisions"}],"predecessor-version":[{"id":4440,"href":"https:\/\/www.getnogard.se\/de\/wp-json\/wp\/v2\/pages\/4438\/revisions\/4440"}],"up":[{"embeddable":true,"href":"https:\/\/www.getnogard.se\/de\/wp-json\/wp\/v2\/pages\/219"}],"wp:attachment":[{"href":"https:\/\/www.getnogard.se\/de\/wp-json\/wp\/v2\/media?parent=4438"}],"curies":[{"name":"wp","href":"https:\/\/api.w.org\/{rel}","templated":true}]}}