{"id":4484,"date":"2023-03-14T13:56:54","date_gmt":"2023-03-14T12:56:54","guid":{"rendered":"https:\/\/www.getnogard.se\/?page_id=4484"},"modified":"2023-03-14T14:17:08","modified_gmt":"2023-03-14T13:17:08","slug":"asnens-nationalpark","status":"publish","type":"page","link":"https:\/\/www.getnogard.se\/de\/asnens-nationalpark\/","title":{"rendered":"\u00c5snens Nationalpark"},"content":{"rendered":"\n<h1>\n\t\t\u00c5SNENS NATIONALPARK\n\t<\/h1>\n\t<p>Der neue \u00c5snen-Nationalpark wurde am 25. Mai 2018 von der schwedischen Kronprinzessin Viktoria eingeweiht. Er\u00a0 der 30. Nationalpark Schwedens. Der Nationalpark umfasst haupts\u00e4chlich Teile der Naturschutzgebiete Bjurk\u00e4rr, Toft\u00e5sa-Moor und die Sch\u00e4ren von V\u00e4stra \u00c5snen sowie den legend\u00e4ren Ort Trollberget. Das Gebiet liegt in den Gemeinden Alvesta und Tingsryd und an der Grenze zur Gemeinde V\u00e4xj\u00f6.<\/p>\n<p>Der Haupteingang befindet sich in Sunnabron, w\u00e4hrend es in Trollberget auch einen kleineren Eingang gibt. Die Laubw\u00e4lder in diesem Gebiet sind ungew\u00f6hnlich artenreich, prim\u00e4r in Bezug auf Flechten, Pilze und lebende Insekten. Mit mehr als hundert Inseln, W\u00e4ldern, Feuchtgebieten und der Wasserwelt verf\u00fcgt das gesamte \u00c5snen-Gebiet \u00fcber eine reiche Vogelwelt, darunter Fischadler, Seeadler, Eistaucher und Lerchen. Das Gebiet repr\u00e4sentiert die s\u00fcdschwedische Flachlandlandschaft. Ein Besuch in diesem Gebiet bietet dem Besucher ein Gef\u00fchl von Wildnis, alte Buchenw\u00e4lder, viele Inseln und Inselchen und eine reiche Flora und Fauna. Der Nationalpark hat eine Fl\u00e4che von 19 km\u00b2, umfasst etwa 200 Inseln und besteht zu 75 % aus Wasser. Ein einzigartiges Seenarchipel. Vom Getn\u00f6-Lake \u00c5snen Resort aus k\u00f6nnen Sie das Nationalparkgebiet leicht erreichen.<\/p>\n<p>Die Inselwelt und die Laubw\u00e4lder bieten viele Erlebnisse. Eine reiche biologische Vielfalt mit jahreszeitlichen Variationen und die M\u00f6glichkeit, im Wald zu wandern, Rad zu fahren oder auf dem See zu fahren. Wir von Getn\u00f6 k\u00f6nnen Ihnen bei der Planung Ihres Besuchs im \u00c5snen-Nationalpark helfen. Der Nationalpark ist mit dem Kanu\/Kajak, dem Fahrrad oder zu Fu\u00df leicht zu erreichen. Der Kanuweg V\u00e4rendsleden f\u00fchrt durch den Nationalpark und der Radweg Banvallsleden f\u00fchrt direkt am Trollberget, dem westlichen Eingang, vorbei. Sie k\u00f6nnen auch von Getn\u00f6 aus hinunter zum Toft\u00e5sa Myr wandern, dem s\u00fcdlichsten Teil des Nationalparks.<\/p>\n<p>Der Eingang in Sunnabron (Haupteingang): Hier finden Sie alle Informationen und sch\u00f6ne Wanderwege von 2 km bis 8 km. Es gibt Grillpl\u00e4tze und sch\u00f6ne Aussichtspunkte sowie Anlegestellen.<\/p>\n<p>Der kleinere Eingang in Trollberget (Westeingang) liegt auf der Westseite des \u00c5snen. Hier k\u00f6nnen Sie kurze Rundwanderungen zwischen 1 km und 2,5 km unternehmen. Sie k\u00f6nnen auch auf den Ramnaberg, den h\u00f6chsten Aussichtspunkt des \u00c5snen, gehen.<\/p>\n<p>Dort gibt es auch einen sch\u00f6nen \u00dcbernachtungsplatz namens Utsikten. Dort gibt es wunderbare Grillpl\u00e4tze, Anlegestellen und Informationen \u00fcber die verschiedenen Umgebungen Schwedens. Es ist spannend, den kleinen Berg zu sehen und \u00fcber Legenden und Geschichten aus der Vergangenheit zu lesen. Es gibt auch mehrere andere Kanu-Campingpl\u00e4tze im See \u00c5snen. Alle Materialien in den Geb\u00e4uden des Nationalparks werden aus Eichenholz aus den sch\u00f6nen Eichenw\u00e4ldern hergestellt.<\/p>\n<p>Alles ist nach den Bedingungen der Natur gebaut. Der \u00c5snen-Nationalpark dient dazu, die nat\u00fcrlichen und kulturellen Werte des \u00c5snen-Sees zu erhalten. Dies geschieht zum Wohle der Natur und der zuk\u00fcnftigen Generationen. Wir von Getn\u00f6 sind bestrebt, die Natur zu sch\u00fctzen und hochwertige Naturerlebnisse zu bieten. Gleichzeitig m\u00f6chten wir Wissen \u00fcber unsere sch\u00f6ne und einzigartige Natur im \u00c5snengebiet vermitteln. Sehen Sie unsere gef\u00fchrten Pakete auf \u00c5snenGuiderna.se Willkommen im Naturparadies<\/p>\n<p><\/p>\n<p><\/p>\n\t<strong>Der See \u00c5snen und die &#8222;Ruhmeshalle der Natur&#8220;: \u00c5snen-Nationalpark. &#8211; Die Natur ist wie ein Pflaster f\u00fcr die Seele!<br \/>\n<\/strong>\nIngrid E-M Olsson<br \/>\nNationalpark-Botschafterin<br \/>\nGetn\u00f6 Lake \u00c5snen Resort\n<p><\/p>\n\t\t\t\t<img decoding=\"async\" src=\"https:\/\/www.getnogard.se\/wp-content\/uploads\/\/Asnens_samarb_RGB-178x300.jpg\" alt=\"Asnens_samarb_RGB\" itemprop=\"image\" title=\"Asnens_samarb_RGB\" onerror=\"this.style.display='none'\"  \/>\n\t\t<h3>Mehr Informationen:<\/h3>\t\t\n\t\t\t<p><a href=\"https:\/\/www.sverigesnationalparker.se\/park\/asnens-nationalpark\/besoksinformation\/ladda-ned-material\/\" target=\"_blank\" rel=\"noopener\">https:\/\/www.sverigesnationalparker.se\/park\/asnens-nationalpark\/besoksinformation\/ladda-ned-material\/<\/a><\/p>\n<p><\/p>\n<h2>\n\t\tMed omtanke f\u00f6r naturen\n\t<\/h2>\n\t<h3>Regional &#038; h\u00e5llbar<\/h3>\t\t\n\t\t\t<p>med en l\u00e5ng tradition sedan 1967 i \u00c5snen omr\u00e5det<\/p>\n\t<h3>Egen Solenergi<\/h3>\t\t\n\t\t\t<p>med v\u00e5r nya solcellsanl\u00e4gging producerar vi \u00e4ven egen str\u00f6m<\/p>\n\t<h3>Naturv\u00e5rdsomr\u00e5de<\/h3>\t\t\n\t\t\t<p>ett\u00a015 km\u00b2 stort privat naturv\u00e5rdsomr\u00e5de direkt vid\u00a0nationalparken<\/p>\n\t\t<h3>Haben wir Ihr Interesse geweckt?<\/h3>\n\t\t<p>Schreiben Sie uns und wir melden uns so schnell wie m\u00f6glich.<\/p>\n\t\t\t<a href=\"https:\/\/www.getnogard.se\/de\/kontakt\/\" target=\"_self\" role=\"button\" rel=\"noopener\">\n\t\t\t\t\t\t\tKontakt &#038; Buchung\n\t\t\t\t\t<\/a>\n\t<h2>Aktuelles &amp; Angebote<\/h2>\n<p>Wir informieren Euch \u00fcber News und aktuelle Angebote von Getn\u00f6 &#8211; Lake \u00c5snen Resort.<\/p>\n\n","protected":false},"excerpt":{"rendered":"<p>\u00c5SNENS NATIONALPARK Der neue \u00c5snen-Nationalpark wurde am 25. Mai 2018 von der schwedischen Kronprinzessin Viktoria eingeweiht. Er\u00a0 der 30. Nationalpark Schwedens. Der Nationalpark umfasst haupts\u00e4chlich Teile der Naturschutzgebiete Bjurk\u00e4rr, Toft\u00e5sa-Moor und die Sch\u00e4ren von V\u00e4stra \u00c5snen sowie den legend\u00e4ren Ort Trollberget. Das Gebiet liegt in den Gemeinden Alvesta und Tingsryd und an der Grenze zur [&hellip;]<\/p>\n","protected":false},"author":2,"featured_media":0,"parent":0,"menu_order":0,"comment_status":"closed","ping_status":"closed","template":"","meta":{"_acf_changed":false,"_seopress_robots_primary_cat":"","_seopress_titles_title":"","_seopress_titles_desc":"","_seopress_robots_index":"","site-sidebar-layout":"default","site-content-layout":"","ast-site-content-layout":"default","site-content-style":"default","site-sidebar-style":"default","ast-global-header-display":"","ast-banner-title-visibility":"","ast-main-header-display":"","ast-hfb-above-header-display":"","ast-hfb-below-header-display":"","ast-hfb-mobile-header-display":"","site-post-title":"","ast-breadcrumbs-content":"","ast-featured-img":"","footer-sml-layout":"","ast-disable-related-posts":"","theme-transparent-header-meta":"","adv-header-id-meta":"","stick-header-meta":"","header-above-stick-meta":"","header-main-stick-meta":"","header-below-stick-meta":"","astra-migrate-meta-layouts":"default","ast-page-background-enabled":"default","ast-page-background-meta":{"desktop":{"background-color":"var(--ast-global-color-4)","background-image":"","background-repeat":"repeat","background-position":"center center","background-size":"auto","background-attachment":"scroll","background-type":"","background-media":"","overlay-type":"","overlay-color":"","overlay-opacity":"","overlay-gradient":""},"tablet":{"background-color":"","background-image":"","background-repeat":"repeat","background-position":"center center","background-size":"auto","background-attachment":"scroll","background-type":"","background-media":"","overlay-type":"","overlay-color":"","overlay-opacity":"","overlay-gradient":""},"mobile":{"background-color":"","background-image":"","background-repeat":"repeat","background-position":"center center","background-size":"auto","background-attachment":"scroll","background-type":"","background-media":"","overlay-type":"","overlay-color":"","overlay-opacity":"","overlay-gradient":""}},"ast-content-background-meta":{"desktop":{"background-color":"var(--ast-global-color-5)","background-image":"","background-repeat":"repeat","background-position":"center center","background-size":"auto","background-attachment":"scroll","background-type":"","background-media":"","overlay-type":"","overlay-color":"","overlay-opacity":"","overlay-gradient":""},"tablet":{"background-color":"var(--ast-global-color-5)","background-image":"","background-repeat":"repeat","background-position":"center center","background-size":"auto","background-attachment":"scroll","background-type":"","background-media":"","overlay-type":"","overlay-color":"","overlay-opacity":"","overlay-gradient":""},"mobile":{"background-color":"var(--ast-global-color-5)","background-image":"","background-repeat":"repeat","background-position":"center center","background-size":"auto","background-attachment":"scroll","background-type":"","background-media":"","overlay-type":"","overlay-color":"","overlay-opacity":"","overlay-gradient":""}},"footnotes":""},"class_list":["post-4484","page","type-page","status-publish","hentry"],"acf":[],"_links":{"self":[{"href":"https:\/\/www.getnogard.se\/de\/wp-json\/wp\/v2\/pages\/4484","targetHints":{"allow":["GET"]}}],"collection":[{"href":"https:\/\/www.getnogard.se\/de\/wp-json\/wp\/v2\/pages"}],"about":[{"href":"https:\/\/www.getnogard.se\/de\/wp-json\/wp\/v2\/types\/page"}],"author":[{"embeddable":true,"href":"https:\/\/www.getnogard.se\/de\/wp-json\/wp\/v2\/users\/2"}],"replies":[{"embeddable":true,"href":"https:\/\/www.getnogard.se\/de\/wp-json\/wp\/v2\/comments?post=4484"}],"version-history":[{"count":5,"href":"https:\/\/www.getnogard.se\/de\/wp-json\/wp\/v2\/pages\/4484\/revisions"}],"predecessor-version":[{"id":4497,"href":"https:\/\/www.getnogard.se\/de\/wp-json\/wp\/v2\/pages\/4484\/revisions\/4497"}],"wp:attachment":[{"href":"https:\/\/www.getnogard.se\/de\/wp-json\/wp\/v2\/media?parent=4484"}],"curies":[{"name":"wp","href":"https:\/\/api.w.org\/{rel}","templated":true}]}}