{"id":452,"date":"2017-03-05T17:46:09","date_gmt":"2017-03-05T16:46:09","guid":{"rendered":"http:\/\/www.getnogard.de\/?page_id=452\/"},"modified":"2025-03-11T11:36:30","modified_gmt":"2025-03-11T10:36:30","slug":"aelgen","status":"publish","type":"page","link":"https:\/\/www.getnogard.se\/de\/haeuser\/aelgen\/","title":{"rendered":"\u00c4lgen"},"content":{"rendered":"\n\n\t\t\t\t<img loading=\"lazy\" decoding=\"async\" src=\"https:\/\/www.getnogard.se\/wp-content\/uploads\/getno_stugor_aelgen_header.jpg\" alt=\"getno_stugor_aelgen_header\" itemprop=\"image\" height=\"400\" width=\"1100\" title=\"getno_stugor_aelgen_header\" onerror=\"this.style.display='none'\"  \/>\n<h1>\n\t\tFerienhaus \u00c4lgen\n\t<\/h1>\n\t<p>\u00c4lgen ist ein sm\u00e5l\u00e4ndisches und komfortabel eingerichtetes Ferienhaus auf Getn\u00f6 G\u00e5rd. Das Freizeithaus auf einer offenen, sch\u00f6nen Waldlichtung, die von Blumenwiesen umgeben ist. Man hat von hier einen Blick auf den See. Das Nachbarhaus R\u00e5djuret ist cirka 90 m vom Haus entfernt. In cirka 300 m Entfernung befindet sich der Zugang zu den Boots- und Badebr\u00fccken.<\/p>\n<p>\u00c4lgen ist 40 m\u00b2 gro\u00df und besteht aus 2 Schlafzimmern, einem Gemeinschaftsraum mit Schlafsofa, Tv und Radio, einem gefliesten Bad mit WC und Dusche und einer K\u00fcche. Diese ist mit Elektroherd, Ofen, K\u00fchl- und Tiefk\u00fchlschrank, Sp\u00fclmaschine, Mikrowelle und Radio ausgestattet. Weiterhin geh\u00f6rt eine Terrasse (12 m\u00b2) mit Gartenm\u00f6beln, Grill- und Lagerfeuerplatz zu dem Ferienhaus. Rauchen ist nicht gestattet.<\/p>\n\t\t\t\t<a href=\"https:\/\/www.getnogard.se\/wp-content\/uploads\/getno_stugor_aelgen_01.jpg\" target=\"_self\" itemprop=\"url\" rel=\"noopener\">\n\t\t\t\t<img loading=\"lazy\" decoding=\"async\" src=\"https:\/\/www.getnogard.se\/wp-content\/uploads\/getno_stugor_aelgen_01.jpg\" alt=\"getno_stugor_aelgen_01\" itemprop=\"image\" height=\"374\" width=\"600\" title=\"getno_stugor_aelgen_01\" onerror=\"this.style.display='none'\"  \/>\n\t\t\t\t<\/a>\n\t\t\t\t<a href=\"https:\/\/www.getnogard.se\/wp-content\/uploads\/getno_stugor_aelgen_02.jpg\" target=\"_self\" itemprop=\"url\" rel=\"noopener\">\n\t\t\t\t<img loading=\"lazy\" decoding=\"async\" src=\"https:\/\/www.getnogard.se\/wp-content\/uploads\/getno_stugor_aelgen_02.jpg\" alt=\"getno_stugor_aelgen_02\" itemprop=\"image\" height=\"374\" width=\"600\" title=\"getno_stugor_aelgen_02\" onerror=\"this.style.display='none'\"  \/>\n\t\t\t\t<\/a>\n\t\t\t\t<a href=\"https:\/\/www.getnogard.se\/wp-content\/uploads\/getno_stugor_aelgen_06.jpg\" target=\"_self\" itemprop=\"url\" rel=\"noopener\">\n\t\t\t\t<img loading=\"lazy\" decoding=\"async\" src=\"https:\/\/www.getnogard.se\/wp-content\/uploads\/getno_stugor_aelgen_06.jpg\" alt=\"getno_stugor_aelgen_06\" itemprop=\"image\" height=\"374\" width=\"600\" title=\"getno_stugor_aelgen_06\" onerror=\"this.style.display='none'\"  \/>\n\t\t\t\t<\/a>\n\t\t\t\t<a href=\"https:\/\/www.getnogard.se\/wp-content\/uploads\/getno_stugor_aelgen_05.jpg\" target=\"_self\" itemprop=\"url\" rel=\"noopener\">\n\t\t\t\t<img loading=\"lazy\" decoding=\"async\" src=\"https:\/\/www.getnogard.se\/wp-content\/uploads\/getno_stugor_aelgen_05.jpg\" alt=\"getno_stugor_aelgen_05\" itemprop=\"image\" height=\"374\" width=\"600\" title=\"getno_stugor_aelgen_05\" onerror=\"this.style.display='none'\"  \/>\n\t\t\t\t<\/a>\n\t\t\t\t<a href=\"https:\/\/www.getnogard.se\/wp-content\/uploads\/getno_stugor_aelgen_04.jpg\" target=\"_self\" itemprop=\"url\" rel=\"noopener\">\n\t\t\t\t<img loading=\"lazy\" decoding=\"async\" src=\"https:\/\/www.getnogard.se\/wp-content\/uploads\/getno_stugor_aelgen_04.jpg\" alt=\"getno_stugor_aelgen_04\" itemprop=\"image\" height=\"374\" width=\"600\" title=\"getno_stugor_aelgen_04\" onerror=\"this.style.display='none'\"  \/>\n\t\t\t\t<\/a>\n\t\t\t\t<a href=\"https:\/\/www.getnogard.se\/wp-content\/uploads\/getno_stugor_aelgen_03.jpg\" target=\"_self\" itemprop=\"url\" rel=\"noopener\">\n\t\t\t\t<img loading=\"lazy\" decoding=\"async\" src=\"https:\/\/www.getnogard.se\/wp-content\/uploads\/getno_stugor_aelgen_03.jpg\" alt=\"getno_stugor_aelgen_03\" itemprop=\"image\" height=\"374\" width=\"600\" title=\"getno_stugor_aelgen_03\" onerror=\"this.style.display='none'\"  \/>\n\t\t\t\t<\/a>\n\t\t<h3>\t\n\tFakten<\/h3><ul>\n<li>Personen: 4<\/li>\n<li>Gr\u00f6\u00dfe: 40 m\u00b2<\/li>\n<li>Bemerkungen: natursch\u00f6ne Lage, Sp\u00fclmaschine<\/li>\n<li>Dieses Haus ist winterfest: Ja<\/li>\n<li>Hunde sind in diesem Haus nach Absprache erlaubt.<\/li>\n<li>In allen H\u00e4usern darf nicht geraucht werden.<\/li>\n<\/ul>\n\t\t<h3>\t\n\tSie m\u00f6chten dieses Haus buchen?<\/h3><strong>Ihr Ansprechpartner:<\/strong><br \/>\n Ingrid E-M Olsson\n<strong>Telefon:<\/strong><br \/>\n +46 477 &#8211; 240 21\n\t\t\t<a href=\"https:\/\/www.getnogard.se\/de\/kontakt\/\" target=\"_self\" rel=\"noopener\">\n\t\t\t\t\t\tE-Mail schreiben\n\t\t\t\t\t<\/a>\n\t<h2>Aktuelles &amp; Angebote<\/h2>\n<p>Wir informieren Euch \u00fcber News und aktuelle Angebote von Getn\u00f6 &#8211; Lake \u00c5snen Resort.<\/p>\n\n","protected":false},"excerpt":{"rendered":"<p>Ferienhaus \u00c4lgen \u00c4lgen ist ein sm\u00e5l\u00e4ndisches und komfortabel eingerichtetes Ferienhaus auf Getn\u00f6 G\u00e5rd. Das Freizeithaus auf einer offenen, sch\u00f6nen Waldlichtung, die von Blumenwiesen umgeben ist. Man hat von hier einen Blick auf den See. Das Nachbarhaus R\u00e5djuret ist cirka 90 m vom Haus entfernt. In cirka 300 m Entfernung befindet sich der Zugang zu den [&hellip;]<\/p>\n","protected":false},"author":2,"featured_media":0,"parent":219,"menu_order":0,"comment_status":"closed","ping_status":"closed","template":"","meta":{"_acf_changed":false,"_seopress_robots_primary_cat":"","_seopress_titles_title":"","_seopress_titles_desc":"","_seopress_robots_index":"","site-sidebar-layout":"default","site-content-layout":"","ast-site-content-layout":"default","site-content-style":"default","site-sidebar-style":"default","ast-global-header-display":"","ast-banner-title-visibility":"","ast-main-header-display":"","ast-hfb-above-header-display":"","ast-hfb-below-header-display":"","ast-hfb-mobile-header-display":"","site-post-title":"","ast-breadcrumbs-content":"","ast-featured-img":"","footer-sml-layout":"","ast-disable-related-posts":"","theme-transparent-header-meta":"","adv-header-id-meta":"","stick-header-meta":"","header-above-stick-meta":"","header-main-stick-meta":"","header-below-stick-meta":"","astra-migrate-meta-layouts":"default","ast-page-background-enabled":"default","ast-page-background-meta":{"desktop":{"background-color":"var(--ast-global-color-4)","background-image":"","background-repeat":"repeat","background-position":"center center","background-size":"auto","background-attachment":"scroll","background-type":"","background-media":"","overlay-type":"","overlay-color":"","overlay-opacity":"","overlay-gradient":""},"tablet":{"background-color":"","background-image":"","background-repeat":"repeat","background-position":"center center","background-size":"auto","background-attachment":"scroll","background-type":"","background-media":"","overlay-type":"","overlay-color":"","overlay-opacity":"","overlay-gradient":""},"mobile":{"background-color":"","background-image":"","background-repeat":"repeat","background-position":"center center","background-size":"auto","background-attachment":"scroll","background-type":"","background-media":"","overlay-type":"","overlay-color":"","overlay-opacity":"","overlay-gradient":""}},"ast-content-background-meta":{"desktop":{"background-color":"var(--ast-global-color-5)","background-image":"","background-repeat":"repeat","background-position":"center center","background-size":"auto","background-attachment":"scroll","background-type":"","background-media":"","overlay-type":"","overlay-color":"","overlay-opacity":"","overlay-gradient":""},"tablet":{"background-color":"var(--ast-global-color-5)","background-image":"","background-repeat":"repeat","background-position":"center center","background-size":"auto","background-attachment":"scroll","background-type":"","background-media":"","overlay-type":"","overlay-color":"","overlay-opacity":"","overlay-gradient":""},"mobile":{"background-color":"var(--ast-global-color-5)","background-image":"","background-repeat":"repeat","background-position":"center center","background-size":"auto","background-attachment":"scroll","background-type":"","background-media":"","overlay-type":"","overlay-color":"","overlay-opacity":"","overlay-gradient":""}},"footnotes":""},"class_list":["post-452","page","type-page","status-publish","hentry"],"acf":[],"_links":{"self":[{"href":"https:\/\/www.getnogard.se\/de\/wp-json\/wp\/v2\/pages\/452","targetHints":{"allow":["GET"]}}],"collection":[{"href":"https:\/\/www.getnogard.se\/de\/wp-json\/wp\/v2\/pages"}],"about":[{"href":"https:\/\/www.getnogard.se\/de\/wp-json\/wp\/v2\/types\/page"}],"author":[{"embeddable":true,"href":"https:\/\/www.getnogard.se\/de\/wp-json\/wp\/v2\/users\/2"}],"replies":[{"embeddable":true,"href":"https:\/\/www.getnogard.se\/de\/wp-json\/wp\/v2\/comments?post=452"}],"version-history":[{"count":5,"href":"https:\/\/www.getnogard.se\/de\/wp-json\/wp\/v2\/pages\/452\/revisions"}],"predecessor-version":[{"id":5207,"href":"https:\/\/www.getnogard.se\/de\/wp-json\/wp\/v2\/pages\/452\/revisions\/5207"}],"up":[{"embeddable":true,"href":"https:\/\/www.getnogard.se\/de\/wp-json\/wp\/v2\/pages\/219"}],"wp:attachment":[{"href":"https:\/\/www.getnogard.se\/de\/wp-json\/wp\/v2\/media?parent=452"}],"curies":[{"name":"wp","href":"https:\/\/api.w.org\/{rel}","templated":true}]}}