{"id":467,"date":"2017-03-05T18:05:14","date_gmt":"2017-03-05T17:05:14","guid":{"rendered":"http:\/\/www.getnogard.de\/?page_id=467\/"},"modified":"2025-03-28T12:50:20","modified_gmt":"2025-03-28T11:50:20","slug":"raettarebostaden","status":"publish","type":"page","link":"https:\/\/www.getnogard.se\/de\/haeuser\/raettarebostaden\/","title":{"rendered":"R\u00e4ttarebostaden"},"content":{"rendered":"\n\n\t\t\t\t<img loading=\"lazy\" decoding=\"async\" src=\"https:\/\/www.getnogard.se\/wp-content\/uploads\/getno_stugor_raettarebostaden_header02.jpg\" alt=\"getno_stugor_raettarebostaden_header02\" itemprop=\"image\" height=\"400\" width=\"1100\" title=\"getno_stugor_raettarebostaden_header02\" onerror=\"this.style.display='none'\"  \/>\n<h1>\n\t\tFerienhaus R\u00e4ttarebostaden\n\t<\/h1>\n\t<p>R\u00e4ttarebostaden ist ein h\u00fcbsches und ger\u00e4umiges Freizeithaus, das Platz f\u00fcr bis zu 12 Personen bietet. Das zweigeschossige 170 m\u00b2 gro\u00dfe Haus hat sogar einen ausgebauten Keller. Das Ferienhaus befindet sich auf dem Hof in der N\u00e4he der Rezeption, des Kiosk und des Caf\u00e9s. Badestrand und Kleinboothafen sind nur ca 180 m vom Haus entfernt.<\/p>\n<p>R\u00e4ttarebostaden hat 7 Zimmer mit 12 Betten, 2 Flure, einen Gemeinschaftsraum mit Kaminofen, WiFi und TV, einen Speiseraum, 3 Badezimmer (mit Dusche), 1 extra WC und eine K\u00fcche. Diese ist mit Elektroherd, K\u00fchl- und Tiefk\u00fchlschrank, Sp\u00fchlmaschine, Mikrowelle und Speisekammer ausgestattet. Im Keller befinden sich eine Waschmaschine, ein Trockner, eine Sauna. Zum Ferienhaus geh\u00f6rt weiterhin eine \u00fcberdachte Veranda mit Gartenm\u00f6beln.<\/p>\n\t\t\t\t<a href=\"https:\/\/www.getnogard.se\/wp-content\/uploads\/getno_stugor_raettarebostaden_01.jpg\" target=\"_self\" itemprop=\"url\" rel=\"noopener\">\n\t\t\t\t<img loading=\"lazy\" decoding=\"async\" src=\"https:\/\/www.getnogard.se\/wp-content\/uploads\/getno_stugor_raettarebostaden_01.jpg\" alt=\"getno_stugor_raettarebostaden_01\" itemprop=\"image\" height=\"374\" width=\"600\" title=\"getno_stugor_raettarebostaden_01\" onerror=\"this.style.display='none'\"  \/>\n\t\t\t\t<\/a>\n\t\t\t\t<a href=\"https:\/\/www.getnogard.se\/wp-content\/uploads\/getno_stugor_raettarebostaden_10.jpg\" target=\"_self\" itemprop=\"url\" rel=\"noopener\">\n\t\t\t\t<img loading=\"lazy\" decoding=\"async\" src=\"https:\/\/www.getnogard.se\/wp-content\/uploads\/getno_stugor_raettarebostaden_10.jpg\" alt=\"getno_stugor_raettarebostaden_10\" itemprop=\"image\" height=\"374\" width=\"600\" title=\"getno_stugor_raettarebostaden_10\" onerror=\"this.style.display='none'\"  \/>\n\t\t\t\t<\/a>\n\t\t\t\t<a href=\"https:\/\/www.getnogard.se\/wp-content\/uploads\/getno_stugor_raettarebostaden_11.jpg\" target=\"_self\" itemprop=\"url\" rel=\"noopener\">\n\t\t\t\t<img loading=\"lazy\" decoding=\"async\" src=\"https:\/\/www.getnogard.se\/wp-content\/uploads\/getno_stugor_raettarebostaden_11.jpg\" alt=\"getno_stugor_raettarebostaden_11\" itemprop=\"image\" height=\"374\" width=\"600\" title=\"getno_stugor_raettarebostaden_11\" onerror=\"this.style.display='none'\"  \/>\n\t\t\t\t<\/a>\n\t\t\t\t<a href=\"https:\/\/www.getnogard.se\/wp-content\/uploads\/getno_stugor_raettarebostaden_15.jpg\" target=\"_self\" itemprop=\"url\" rel=\"noopener\">\n\t\t\t\t<img loading=\"lazy\" decoding=\"async\" src=\"https:\/\/www.getnogard.se\/wp-content\/uploads\/getno_stugor_raettarebostaden_15.jpg\" alt=\"getno_stugor_raettarebostaden_15\" itemprop=\"image\" height=\"374\" width=\"600\" title=\"getno_stugor_raettarebostaden_15\" onerror=\"this.style.display='none'\"  \/>\n\t\t\t\t<\/a>\n\t\t\t\t<a href=\"https:\/\/www.getnogard.se\/wp-content\/uploads\/getno_stugor_raettarebostaden_19.jpg\" target=\"_self\" itemprop=\"url\" rel=\"noopener\">\n\t\t\t\t<img loading=\"lazy\" decoding=\"async\" src=\"https:\/\/www.getnogard.se\/wp-content\/uploads\/getno_stugor_raettarebostaden_19.jpg\" alt=\"getno_stugor_raettarebostaden_19\" itemprop=\"image\" height=\"374\" width=\"600\" title=\"getno_stugor_raettarebostaden_19\" onerror=\"this.style.display='none'\"  \/>\n\t\t\t\t<\/a>\n\t\t\t\t<a href=\"https:\/\/www.getnogard.se\/wp-content\/uploads\/getno_stugor_raettarebostaden_17.jpg\" target=\"_self\" itemprop=\"url\" rel=\"noopener\">\n\t\t\t\t<img loading=\"lazy\" decoding=\"async\" src=\"https:\/\/www.getnogard.se\/wp-content\/uploads\/getno_stugor_raettarebostaden_17.jpg\" alt=\"getno_stugor_raettarebostaden_17\" itemprop=\"image\" height=\"374\" width=\"600\" title=\"getno_stugor_raettarebostaden_17\" onerror=\"this.style.display='none'\"  \/>\n\t\t\t\t<\/a>\n\t\t\t\t<a href=\"https:\/\/www.getnogard.se\/wp-content\/uploads\/getno_stugor_raettarebostaden_12.jpg\" target=\"_self\" itemprop=\"url\" rel=\"noopener\">\n\t\t\t\t<img loading=\"lazy\" decoding=\"async\" src=\"https:\/\/www.getnogard.se\/wp-content\/uploads\/getno_stugor_raettarebostaden_12.jpg\" alt=\"getno_stugor_raettarebostaden_12\" itemprop=\"image\" height=\"374\" width=\"600\" title=\"getno_stugor_raettarebostaden_12\" onerror=\"this.style.display='none'\"  \/>\n\t\t\t\t<\/a>\n\t\t\t\t<a href=\"https:\/\/www.getnogard.se\/wp-content\/uploads\/getno_stugor_raettarebostaden_16.jpg\" target=\"_self\" itemprop=\"url\" rel=\"noopener\">\n\t\t\t\t<img loading=\"lazy\" decoding=\"async\" src=\"https:\/\/www.getnogard.se\/wp-content\/uploads\/getno_stugor_raettarebostaden_16.jpg\" alt=\"getno_stugor_raettarebostaden_16\" itemprop=\"image\" height=\"374\" width=\"600\" title=\"getno_stugor_raettarebostaden_16\" onerror=\"this.style.display='none'\"  \/>\n\t\t\t\t<\/a>\n\t\t\t\t<a href=\"https:\/\/www.getnogard.se\/wp-content\/uploads\/getno_stugor_raettarebostaden_13.jpg\" target=\"_self\" itemprop=\"url\" rel=\"noopener\">\n\t\t\t\t<img loading=\"lazy\" decoding=\"async\" src=\"https:\/\/www.getnogard.se\/wp-content\/uploads\/getno_stugor_raettarebostaden_13.jpg\" alt=\"getno_stugor_raettarebostaden_13\" itemprop=\"image\" height=\"374\" width=\"600\" title=\"getno_stugor_raettarebostaden_13\" onerror=\"this.style.display='none'\"  \/>\n\t\t\t\t<\/a>\n\t\t<h3>\t\n\tFakten<\/h3><ul>\n<li>Personen: 12<\/li>\n<li>Gr\u00f6\u00dfe: 170\u00a0m\u00b2<\/li>\n<li>Bemerkungen:\u00a0mit Sauna<\/li>\n<li>Dieses Haus ist winterfest: Ja<\/li>\n<li>Hunde sind in diesem Haus nicht erlaubt.<\/li>\n<li>In allen H\u00e4usern darf nicht geraucht werden.<\/li>\n<\/ul>\n\t\t<h3>\t\n\tSie m\u00f6chten dieses Haus buchen?<\/h3><strong>Ihr Ansprechpartner:<\/strong><br \/>\n Ingrid E-M Olsson\n<strong>Telefon:<\/strong><br \/>\n +46 477 &#8211; 240 21\n\t\t\t<a href=\"https:\/\/www.getnogard.se\/de\/kontakt\/\" target=\"_self\" rel=\"noopener\">\n\t\t\t\t\t\tE-Mail schreiben\n\t\t\t\t\t<\/a>\n\t<h2>Aktuelles &amp; Angebote<\/h2>\n<p>Wir informieren Euch \u00fcber News und aktuelle Angebote von Getn\u00f6 &#8211; Lake \u00c5snen Resort.<\/p>\n\n","protected":false},"excerpt":{"rendered":"<p>Ferienhaus R\u00e4ttarebostaden R\u00e4ttarebostaden ist ein h\u00fcbsches und ger\u00e4umiges Freizeithaus, das Platz f\u00fcr bis zu 12 Personen bietet. Das zweigeschossige 170 m\u00b2 gro\u00dfe Haus hat sogar einen ausgebauten Keller. Das Ferienhaus befindet sich auf dem Hof in der N\u00e4he der Rezeption, des Kiosk und des Caf\u00e9s. Badestrand und Kleinboothafen sind nur ca 180 m vom Haus [&hellip;]<\/p>\n","protected":false},"author":2,"featured_media":0,"parent":219,"menu_order":0,"comment_status":"closed","ping_status":"closed","template":"","meta":{"_acf_changed":false,"_seopress_robots_primary_cat":"","_seopress_titles_title":"","_seopress_titles_desc":"","_seopress_robots_index":"","site-sidebar-layout":"default","site-content-layout":"","ast-site-content-layout":"default","site-content-style":"default","site-sidebar-style":"default","ast-global-header-display":"","ast-banner-title-visibility":"","ast-main-header-display":"","ast-hfb-above-header-display":"","ast-hfb-below-header-display":"","ast-hfb-mobile-header-display":"","site-post-title":"","ast-breadcrumbs-content":"","ast-featured-img":"","footer-sml-layout":"","ast-disable-related-posts":"","theme-transparent-header-meta":"","adv-header-id-meta":"","stick-header-meta":"","header-above-stick-meta":"","header-main-stick-meta":"","header-below-stick-meta":"","astra-migrate-meta-layouts":"default","ast-page-background-enabled":"default","ast-page-background-meta":{"desktop":{"background-color":"var(--ast-global-color-4)","background-image":"","background-repeat":"repeat","background-position":"center center","background-size":"auto","background-attachment":"scroll","background-type":"","background-media":"","overlay-type":"","overlay-color":"","overlay-opacity":"","overlay-gradient":""},"tablet":{"background-color":"","background-image":"","background-repeat":"repeat","background-position":"center center","background-size":"auto","background-attachment":"scroll","background-type":"","background-media":"","overlay-type":"","overlay-color":"","overlay-opacity":"","overlay-gradient":""},"mobile":{"background-color":"","background-image":"","background-repeat":"repeat","background-position":"center center","background-size":"auto","background-attachment":"scroll","background-type":"","background-media":"","overlay-type":"","overlay-color":"","overlay-opacity":"","overlay-gradient":""}},"ast-content-background-meta":{"desktop":{"background-color":"var(--ast-global-color-5)","background-image":"","background-repeat":"repeat","background-position":"center center","background-size":"auto","background-attachment":"scroll","background-type":"","background-media":"","overlay-type":"","overlay-color":"","overlay-opacity":"","overlay-gradient":""},"tablet":{"background-color":"var(--ast-global-color-5)","background-image":"","background-repeat":"repeat","background-position":"center center","background-size":"auto","background-attachment":"scroll","background-type":"","background-media":"","overlay-type":"","overlay-color":"","overlay-opacity":"","overlay-gradient":""},"mobile":{"background-color":"var(--ast-global-color-5)","background-image":"","background-repeat":"repeat","background-position":"center center","background-size":"auto","background-attachment":"scroll","background-type":"","background-media":"","overlay-type":"","overlay-color":"","overlay-opacity":"","overlay-gradient":""}},"footnotes":""},"class_list":["post-467","page","type-page","status-publish","hentry"],"acf":[],"_links":{"self":[{"href":"https:\/\/www.getnogard.se\/de\/wp-json\/wp\/v2\/pages\/467","targetHints":{"allow":["GET"]}}],"collection":[{"href":"https:\/\/www.getnogard.se\/de\/wp-json\/wp\/v2\/pages"}],"about":[{"href":"https:\/\/www.getnogard.se\/de\/wp-json\/wp\/v2\/types\/page"}],"author":[{"embeddable":true,"href":"https:\/\/www.getnogard.se\/de\/wp-json\/wp\/v2\/users\/2"}],"replies":[{"embeddable":true,"href":"https:\/\/www.getnogard.se\/de\/wp-json\/wp\/v2\/comments?post=467"}],"version-history":[{"count":5,"href":"https:\/\/www.getnogard.se\/de\/wp-json\/wp\/v2\/pages\/467\/revisions"}],"predecessor-version":[{"id":5307,"href":"https:\/\/www.getnogard.se\/de\/wp-json\/wp\/v2\/pages\/467\/revisions\/5307"}],"up":[{"embeddable":true,"href":"https:\/\/www.getnogard.se\/de\/wp-json\/wp\/v2\/pages\/219"}],"wp:attachment":[{"href":"https:\/\/www.getnogard.se\/de\/wp-json\/wp\/v2\/media?parent=467"}],"curies":[{"name":"wp","href":"https:\/\/api.w.org\/{rel}","templated":true}]}}