{"id":480,"date":"2017-03-05T18:42:04","date_gmt":"2017-03-05T17:42:04","guid":{"rendered":"http:\/\/www.getnogard.de\/?page_id=480\/"},"modified":"2021-02-10T12:10:41","modified_gmt":"2021-02-10T11:10:41","slug":"abborrestugan","status":"publish","type":"page","link":"https:\/\/www.getnogard.se\/de\/haeuser\/abborrestugan\/","title":{"rendered":"Abborrestugan"},"content":{"rendered":"\n\n\t\t\t\t<img loading=\"lazy\" decoding=\"async\" src=\"https:\/\/www.getnogard.se\/wp-content\/uploads\/getno_stugor_abborrestugan_header.jpg\" alt=\"getno_stugor_abborrestugan_header\" itemprop=\"image\" height=\"400\" width=\"1100\" title=\"getno_stugor_abborrestugan_header\" onerror=\"this.style.display='none'\"  \/>\n<h1>\n\t\tFerienhaus Abborrestugan\n\t<\/h1>\n\t<p>Abborrestugan ist ein gem\u00fctlicher kleiner Ferienhaus in \u00e4hnlicher Lage wie F\u00e5gelstugan und G\u00e4ddstugan. Die Entfernung zum Strand ist 300 m und zum nahegelegenen Gutshof betr\u00e4gt 150 m.<\/p>\n<p>Das Ferienhaus besteht aus zwei kleinen Zimmern mit zwei Betten (18 m\u00b2), ein Schlafzimmer mit Doppelbett und ein Holzherd, eine K\u00fcche mit einem Bettsofa, und WC mit Dusche. Die K\u00fcche hat ein Herd, ein K\u00fchlschrank, sowie ein Sp\u00fclbecken. Es gibt auch eine kleine Tiefkuhltruhe. Zu Abborrestugan geh\u00f6ren weiterhin eine \u00fcberdachte Terrasse (20 m\u00b2) mit Grill und Feuerstelle. Im Haus ist ebenfalls warmes und kaltes Wasser vorhanden.<\/p>\n\t\t\t\t<a href=\"https:\/\/www.getnogard.se\/wp-content\/uploads\/getno_stugor_abborrestugan_01.jpg\" target=\"_self\" itemprop=\"url\" rel=\"noopener noreferrer\">\n\t\t\t\t<img loading=\"lazy\" decoding=\"async\" src=\"https:\/\/www.getnogard.se\/wp-content\/uploads\/getno_stugor_abborrestugan_01.jpg\" alt=\"getno_stugor_abborrestugan_01\" itemprop=\"image\" height=\"374\" width=\"600\" title=\"getno_stugor_abborrestugan_01\" onerror=\"this.style.display='none'\"  \/>\n\t\t\t\t<\/a>\n\t\t\t\t<a href=\"https:\/\/www.getnogard.se\/wp-content\/uploads\/getno_stugor_abborrestugan_02.jpg\" target=\"_self\" itemprop=\"url\" rel=\"noopener noreferrer\">\n\t\t\t\t<img loading=\"lazy\" decoding=\"async\" src=\"https:\/\/www.getnogard.se\/wp-content\/uploads\/getno_stugor_abborrestugan_02.jpg\" alt=\"getno_stugor_abborrestugan_02\" itemprop=\"image\" height=\"374\" width=\"600\" title=\"getno_stugor_abborrestugan_02\" onerror=\"this.style.display='none'\"  \/>\n\t\t\t\t<\/a>\n\t\t\t\t<a href=\"https:\/\/www.getnogard.se\/wp-content\/uploads\/getno_stugor_abborrestugan_03.jpg\" target=\"_self\" itemprop=\"url\" rel=\"noopener noreferrer\">\n\t\t\t\t<img loading=\"lazy\" decoding=\"async\" src=\"https:\/\/www.getnogard.se\/wp-content\/uploads\/getno_stugor_abborrestugan_03.jpg\" alt=\"getno_stugor_abborrestugan_03\" itemprop=\"image\" height=\"374\" width=\"600\" title=\"getno_stugor_abborrestugan_03\" onerror=\"this.style.display='none'\"  \/>\n\t\t\t\t<\/a>\n\t\t\t\t<a href=\"https:\/\/www.getnogard.se\/wp-content\/uploads\/getno_stugor_abborrestugan_04.jpg\" target=\"_self\" itemprop=\"url\" rel=\"noopener noreferrer\">\n\t\t\t\t<img loading=\"lazy\" decoding=\"async\" src=\"https:\/\/www.getnogard.se\/wp-content\/uploads\/getno_stugor_abborrestugan_04.jpg\" alt=\"getno_stugor_abborrestugan_04\" itemprop=\"image\" height=\"374\" width=\"600\" title=\"getno_stugor_abborrestugan_04\" onerror=\"this.style.display='none'\"  \/>\n\t\t\t\t<\/a>\n\t\t\t\t<a href=\"https:\/\/www.getnogard.se\/wp-content\/uploads\/getno_stugor_abborrestugan_05.jpg\" target=\"_self\" itemprop=\"url\" rel=\"noopener noreferrer\">\n\t\t\t\t<img loading=\"lazy\" decoding=\"async\" src=\"https:\/\/www.getnogard.se\/wp-content\/uploads\/getno_stugor_abborrestugan_05.jpg\" alt=\"getno_stugor_abborrestugan_05\" itemprop=\"image\" height=\"374\" width=\"600\" title=\"getno_stugor_abborrestugan_05\" onerror=\"this.style.display='none'\"  \/>\n\t\t\t\t<\/a>\n\t\t\t\t<a href=\"https:\/\/www.getnogard.se\/wp-content\/uploads\/getno_stugor_abborrestugan_06.jpg\" target=\"_self\" itemprop=\"url\" rel=\"noopener noreferrer\">\n\t\t\t\t<img loading=\"lazy\" decoding=\"async\" src=\"https:\/\/www.getnogard.se\/wp-content\/uploads\/getno_stugor_abborrestugan_06.jpg\" alt=\"getno_stugor_abborrestugan_06\" itemprop=\"image\" height=\"374\" width=\"600\" title=\"getno_stugor_abborrestugan_06\" onerror=\"this.style.display='none'\"  \/>\n\t\t\t\t<\/a>\n\t\t<h3>\t\n\tFakten<\/h3>\t\t\n\t\t\t<ul>\n<li>Personen: 2<\/li>\n<li>Gr\u00f6\u00dfe: 25\u00a0m\u00b2<\/li>\n<li>Bemerkungen:\u00a0kleiner Holzkamin<\/li>\n<li>Dieses Haus ist winterfest: Ja<\/li>\n<li>Hunde sind in diesem Haus nach Absprache erlaubt.<\/li>\n<li>In allen H\u00e4usern darf nicht geraucht werden.<\/li>\n<\/ul>\n\t\t<h3>\t\n\tSie m\u00f6chten dieses Haus buchen?<\/h3>\t\t\n\t\t\t<strong>Ihr Ansprechpartner:<\/strong><br \/>\n Ingrid E-M Olsson\n<strong>Telefon:<\/strong><br \/>\n +46 477 &#8211; 240 21\n\t\t\t<a href=\"#\" target=\"_self\" role=\"button\" rel=\"noopener noreferrer\">\n\t\t\t\t\t\tE-Mail schreiben\n\t\t\t\t\t<\/a>\n\t<h2>Aktuelles &amp; Angebote<\/h2>\n<p>Wir informieren Euch \u00fcber News und aktuelle Angebote von Getn\u00f6 &#8211; Lake \u00c5snen Resort.<\/p>\n\n","protected":false},"excerpt":{"rendered":"<p>Ferienhaus Abborrestugan Abborrestugan ist ein gem\u00fctlicher kleiner Ferienhaus in \u00e4hnlicher Lage wie F\u00e5gelstugan und G\u00e4ddstugan. Die Entfernung zum Strand ist 300 m und zum nahegelegenen Gutshof betr\u00e4gt 150 m. Das Ferienhaus besteht aus zwei kleinen Zimmern mit zwei Betten (18 m\u00b2), ein Schlafzimmer mit Doppelbett und ein Holzherd, eine K\u00fcche mit einem Bettsofa, und WC [&hellip;]<\/p>\n","protected":false},"author":2,"featured_media":0,"parent":219,"menu_order":0,"comment_status":"closed","ping_status":"closed","template":"","meta":{"_acf_changed":false,"_seopress_robots_primary_cat":"","_seopress_titles_title":"","_seopress_titles_desc":"","_seopress_robots_index":"","site-sidebar-layout":"default","site-content-layout":"","ast-site-content-layout":"default","site-content-style":"default","site-sidebar-style":"default","ast-global-header-display":"","ast-banner-title-visibility":"","ast-main-header-display":"","ast-hfb-above-header-display":"","ast-hfb-below-header-display":"","ast-hfb-mobile-header-display":"","site-post-title":"","ast-breadcrumbs-content":"","ast-featured-img":"","footer-sml-layout":"","ast-disable-related-posts":"","theme-transparent-header-meta":"","adv-header-id-meta":"","stick-header-meta":"","header-above-stick-meta":"","header-main-stick-meta":"","header-below-stick-meta":"","astra-migrate-meta-layouts":"default","ast-page-background-enabled":"default","ast-page-background-meta":{"desktop":{"background-color":"var(--ast-global-color-4)","background-image":"","background-repeat":"repeat","background-position":"center center","background-size":"auto","background-attachment":"scroll","background-type":"","background-media":"","overlay-type":"","overlay-color":"","overlay-opacity":"","overlay-gradient":""},"tablet":{"background-color":"","background-image":"","background-repeat":"repeat","background-position":"center center","background-size":"auto","background-attachment":"scroll","background-type":"","background-media":"","overlay-type":"","overlay-color":"","overlay-opacity":"","overlay-gradient":""},"mobile":{"background-color":"","background-image":"","background-repeat":"repeat","background-position":"center center","background-size":"auto","background-attachment":"scroll","background-type":"","background-media":"","overlay-type":"","overlay-color":"","overlay-opacity":"","overlay-gradient":""}},"ast-content-background-meta":{"desktop":{"background-color":"var(--ast-global-color-5)","background-image":"","background-repeat":"repeat","background-position":"center center","background-size":"auto","background-attachment":"scroll","background-type":"","background-media":"","overlay-type":"","overlay-color":"","overlay-opacity":"","overlay-gradient":""},"tablet":{"background-color":"var(--ast-global-color-5)","background-image":"","background-repeat":"repeat","background-position":"center center","background-size":"auto","background-attachment":"scroll","background-type":"","background-media":"","overlay-type":"","overlay-color":"","overlay-opacity":"","overlay-gradient":""},"mobile":{"background-color":"var(--ast-global-color-5)","background-image":"","background-repeat":"repeat","background-position":"center center","background-size":"auto","background-attachment":"scroll","background-type":"","background-media":"","overlay-type":"","overlay-color":"","overlay-opacity":"","overlay-gradient":""}},"footnotes":""},"class_list":["post-480","page","type-page","status-publish","hentry"],"acf":[],"_links":{"self":[{"href":"https:\/\/www.getnogard.se\/de\/wp-json\/wp\/v2\/pages\/480","targetHints":{"allow":["GET"]}}],"collection":[{"href":"https:\/\/www.getnogard.se\/de\/wp-json\/wp\/v2\/pages"}],"about":[{"href":"https:\/\/www.getnogard.se\/de\/wp-json\/wp\/v2\/types\/page"}],"author":[{"embeddable":true,"href":"https:\/\/www.getnogard.se\/de\/wp-json\/wp\/v2\/users\/2"}],"replies":[{"embeddable":true,"href":"https:\/\/www.getnogard.se\/de\/wp-json\/wp\/v2\/comments?post=480"}],"version-history":[{"count":5,"href":"https:\/\/www.getnogard.se\/de\/wp-json\/wp\/v2\/pages\/480\/revisions"}],"predecessor-version":[{"id":3551,"href":"https:\/\/www.getnogard.se\/de\/wp-json\/wp\/v2\/pages\/480\/revisions\/3551"}],"up":[{"embeddable":true,"href":"https:\/\/www.getnogard.se\/de\/wp-json\/wp\/v2\/pages\/219"}],"wp:attachment":[{"href":"https:\/\/www.getnogard.se\/de\/wp-json\/wp\/v2\/media?parent=480"}],"curies":[{"name":"wp","href":"https:\/\/api.w.org\/{rel}","templated":true}]}}