{"id":4853,"date":"2023-11-26T15:37:16","date_gmt":"2023-11-26T14:37:16","guid":{"rendered":"https:\/\/www.getnogard.se\/?page_id=4853"},"modified":"2026-02-27T11:12:30","modified_gmt":"2026-02-27T10:12:30","slug":"hall-of-fame","status":"publish","type":"page","link":"https:\/\/www.getnogard.se\/de\/hall-of-fame\/","title":{"rendered":"Hall of Fame"},"content":{"rendered":"\n<figure itemscope itemtype=\"https:\/\/schema.org\/ImageObject\">\n\t\t\t\t<img decoding=\"async\" src=\"https:\/\/www.getnogard.se\/wp-content\/uploads\/Headers-Getnoe.jpg\" alt=\"Headers Getn\u00f6\" height=\"550\" width=\"1100\" title=\"Headers Getn\u00f6\" onerror=\"this.style.display='none'\" loading=\"lazy\" \/>\n\t<\/figure>\n<h1>\n\t\t\tHall of Fame \/ Stammg\u00e4ste Apfelbaum\t<\/h1>\n\t<p>Die Familie Olsson ist seit 50 Jahren (1967-2017) Eigent\u00fcmerin von Getn\u00f6 G\u00e5rd. Die Insel Getn\u00f6 liegt inmitten des Sees \u00c5snen, umgeben von Natur- und Vogelschutzgebieten und einem kommenden Nationalpark im Jahr 2018. Seit den 70er Jahren kommen viele G\u00e4ste, um hier Urlaub zu machen und sich in der sch\u00f6nen Natur zu erholen, Ferienh\u00e4user zu mieten und zu angeln.<\/p>\n<p>Im Jahr 1986 er\u00f6ffnete Lennart Olsson den Naturcampingplatz. Der landschaftlich reizvolle Ort wurde schnell bei deutschen Touristen beliebt. Viele kommen jedes Jahr wieder, und einige Familien sind schon seit drei bis vier Generationen hier. Um dies zu feiern, l\u00e4dt Lennarts Tochter, Ingrid E-M Olsson, die jetzt Gesch\u00e4ftsf\u00fchrerin und Eigent\u00fcmerin des Getn\u00f6 G\u00e5rd Lake \u00c5snen Resort ist, die langj\u00e4hrigen G\u00e4ste ein, jeweils einen Apfelbaum auf der Insel zu pflanzen.<\/p>\n<p>Die B\u00e4ume werden einen Obstgarten bilden, wobei jeder Baum von jeder Familie ausgew\u00e4hlt und mit einer Plakette mit ihrem Namen versehen wird.<\/p>\n<p>&#8222;Diese Menschen sind nicht mehr nur unsere G\u00e4ste, sie sind meine Freunde geworden. Ich bin mit ihnen aufgewachsen&#8220;, sagt Ingrid.<\/p>\n<p>Jedes Jahr k\u00f6nnen die Baumbesitzer ihren Baum besuchen und ihre Fr\u00fcchte ernten. Wenn sie es nicht schaffen, werden Ingrid und ihre Mitarbeiter die Apfelb\u00e4ume f\u00fcr sie pflegen.<\/p>\n<p>&#8222;F\u00fcr mich ist die Natur ein Pflaster f\u00fcr unsere Seele, etwas, das immer da sein wird, wenn wir es brauchen. Die M\u00f6glichkeit, kleine Teile meines Landes mit meinen Freunden zu teilen, ist eine M\u00f6glichkeit, unsere Freundschaft durch die Natur f\u00fcr immer zu besiegeln&#8220;, sagt Ingrid E-M Olsson.<\/p>\n<p>Mein Sohn Christoffer Olsson wird Getn\u00f6 hoffentlich nach meiner Generation \u00fcbernehmen und dieses Naturparadies f\u00fcr die Zukunft fortf\u00fchren.<\/p>\n<figure itemscope itemtype=\"https:\/\/schema.org\/ImageObject\">\n\t\t\t\t<img decoding=\"async\" src=\"https:\/\/www.getnogard.se\/wp-content\/uploads\/stammguests_dziedzic.jpg\" alt=\"stammguests_dziedzic\" height=\"918\" width=\"1200\" title=\"stammguests_dziedzic\" onerror=\"this.style.display='none'\" loading=\"lazy\" \/>\n\t<\/figure>\n\t<h2>Aktuelles &amp; Angebote<\/h2>\n<p>Wir informieren Euch \u00fcber News und aktuelle Angebote von Getn\u00f6 &#8211; Lake \u00c5snen Resort.<\/p>\n\n","protected":false},"excerpt":{"rendered":"<p>Hall of Fame \/ Stammg\u00e4ste Apfelbaum Die Familie Olsson ist seit 50 Jahren (1967-2017) Eigent\u00fcmerin von Getn\u00f6 G\u00e5rd. Die Insel Getn\u00f6 liegt inmitten des Sees \u00c5snen, umgeben von Natur- und Vogelschutzgebieten und einem kommenden Nationalpark im Jahr 2018. Seit den 70er Jahren kommen viele G\u00e4ste, um hier Urlaub zu machen und sich in der sch\u00f6nen [&hellip;]<\/p>\n","protected":false},"author":2,"featured_media":0,"parent":0,"menu_order":0,"comment_status":"closed","ping_status":"closed","template":"","meta":{"_acf_changed":false,"_seopress_robots_primary_cat":"","_seopress_titles_title":"","_seopress_titles_desc":"","_seopress_robots_index":"","site-sidebar-layout":"default","site-content-layout":"","ast-site-content-layout":"default","site-content-style":"default","site-sidebar-style":"default","ast-global-header-display":"","ast-banner-title-visibility":"","ast-main-header-display":"","ast-hfb-above-header-display":"","ast-hfb-below-header-display":"","ast-hfb-mobile-header-display":"","site-post-title":"","ast-breadcrumbs-content":"","ast-featured-img":"","footer-sml-layout":"","ast-disable-related-posts":"","theme-transparent-header-meta":"default","adv-header-id-meta":"","stick-header-meta":"","header-above-stick-meta":"","header-main-stick-meta":"","header-below-stick-meta":"","astra-migrate-meta-layouts":"set","ast-page-background-enabled":"default","ast-page-background-meta":{"desktop":{"background-color":"var(--ast-global-color-4)","background-image":"","background-repeat":"repeat","background-position":"center center","background-size":"auto","background-attachment":"scroll","background-type":"","background-media":"","overlay-type":"","overlay-color":"","overlay-opacity":"","overlay-gradient":""},"tablet":{"background-color":"","background-image":"","background-repeat":"repeat","background-position":"center center","background-size":"auto","background-attachment":"scroll","background-type":"","background-media":"","overlay-type":"","overlay-color":"","overlay-opacity":"","overlay-gradient":""},"mobile":{"background-color":"","background-image":"","background-repeat":"repeat","background-position":"center center","background-size":"auto","background-attachment":"scroll","background-type":"","background-media":"","overlay-type":"","overlay-color":"","overlay-opacity":"","overlay-gradient":""}},"ast-content-background-meta":{"desktop":{"background-color":"var(--ast-global-color-5)","background-image":"","background-repeat":"repeat","background-position":"center center","background-size":"auto","background-attachment":"scroll","background-type":"","background-media":"","overlay-type":"","overlay-color":"","overlay-opacity":"","overlay-gradient":""},"tablet":{"background-color":"var(--ast-global-color-5)","background-image":"","background-repeat":"repeat","background-position":"center center","background-size":"auto","background-attachment":"scroll","background-type":"","background-media":"","overlay-type":"","overlay-color":"","overlay-opacity":"","overlay-gradient":""},"mobile":{"background-color":"var(--ast-global-color-5)","background-image":"","background-repeat":"repeat","background-position":"center center","background-size":"auto","background-attachment":"scroll","background-type":"","background-media":"","overlay-type":"","overlay-color":"","overlay-opacity":"","overlay-gradient":""}},"footnotes":""},"class_list":["post-4853","page","type-page","status-publish","hentry"],"acf":[],"_links":{"self":[{"href":"https:\/\/www.getnogard.se\/de\/wp-json\/wp\/v2\/pages\/4853","targetHints":{"allow":["GET"]}}],"collection":[{"href":"https:\/\/www.getnogard.se\/de\/wp-json\/wp\/v2\/pages"}],"about":[{"href":"https:\/\/www.getnogard.se\/de\/wp-json\/wp\/v2\/types\/page"}],"author":[{"embeddable":true,"href":"https:\/\/www.getnogard.se\/de\/wp-json\/wp\/v2\/users\/2"}],"replies":[{"embeddable":true,"href":"https:\/\/www.getnogard.se\/de\/wp-json\/wp\/v2\/comments?post=4853"}],"version-history":[{"count":5,"href":"https:\/\/www.getnogard.se\/de\/wp-json\/wp\/v2\/pages\/4853\/revisions"}],"predecessor-version":[{"id":8134,"href":"https:\/\/www.getnogard.se\/de\/wp-json\/wp\/v2\/pages\/4853\/revisions\/8134"}],"wp:attachment":[{"href":"https:\/\/www.getnogard.se\/de\/wp-json\/wp\/v2\/media?parent=4853"}],"curies":[{"name":"wp","href":"https:\/\/api.w.org\/{rel}","templated":true}]}}