{"id":491,"date":"2017-03-05T19:28:47","date_gmt":"2017-03-05T18:28:47","guid":{"rendered":"http:\/\/www.getnogard.de\/?page_id=491\/"},"modified":"2026-02-05T11:01:41","modified_gmt":"2026-02-05T10:01:41","slug":"goesstugan","status":"publish","type":"page","link":"https:\/\/www.getnogard.se\/de\/haeuser\/goesstugan\/","title":{"rendered":"G\u00f6sstugan"},"content":{"rendered":"\n<figure itemscope itemtype=\"https:\/\/schema.org\/ImageObject\">\n\t\t\t\t<img decoding=\"async\" src=\"https:\/\/www.getnogard.se\/wp-content\/uploads\/Goesstugan.jpg\" alt=\"G\u00f6sstugan\" height=\"550\" width=\"1100\" title=\"G\u00f6sstugan\" onerror=\"this.style.display='none'\" loading=\"lazy\" \/>\n\t<\/figure>\n<h1>\n\t\t\tFerienhaus G\u00f6sstugan\t<\/h1>\n\t<p>Die Freizeith\u00e4user G\u00f6sstugan und <a href=\"https:\/\/www.getnogard.se\/de\/haeuser\/gaeddstugan\/\">G\u00e4ddstugan<\/a> sind f\u00fcr 1-2 Familien angedacht, die in unmittelbarer N\u00e4he zueinander wohnen m\u00f6chten. G\u00f6sstugan befindet sich inmitten der Natur am Auffahrtsweg zum Gutshof. Die Entfernung zum Strand ist 300 m und zum nahegelegenen Gutshof betr\u00e4gt 200 m.<\/p>\n<p>Das Freizeithaus besteht aus zwei kleinen Schlafzimmern mit einem Einzelbett und einem Etagenbett, sowie einer Schlafcouch im Wohnzimmer (18 m\u00b2) Weiterhin gibt es ein WC mit Dusche und einer K\u00fcche. In dieser befinden sich ein Herd, ein K\u00fchlschrank, sowie ein Sp\u00fclbecken. Zu dem Haus geh\u00f6ren weiterhin eine \u00fcberdachte Terrasse (20 m\u00b2) mit Grill und eine Sauna. Das Ferienhaus ist modern m\u00f6bliert und mit Licht, Heizung, sowie warmem und kaltem Wasser ausgestattet.<\/p>\n<figure itemscope itemtype=\"https:\/\/schema.org\/ImageObject\">\n\t\t\t\t<a href=\"https:\/\/www.getnogard.se\/wp-content\/uploads\/getno_stugor_faagelstugan_01.jpg\"  target=\"_self\" itemprop=\"url\">\n\t\t\t\t<img decoding=\"async\" src=\"https:\/\/www.getnogard.se\/wp-content\/uploads\/getno_stugor_faagelstugan_01.jpg\" alt=\"getno_stugor_faagelstugan_01\" height=\"374\" width=\"600\" title=\"getno_stugor_faagelstugan_01\" onerror=\"this.style.display='none'\" loading=\"lazy\" \/>\n\t\t\t\t<\/a>\n\t<\/figure>\n<figure itemscope itemtype=\"https:\/\/schema.org\/ImageObject\">\n\t\t\t\t<a href=\"https:\/\/www.getnogard.se\/wp-content\/uploads\/getno_stugor_faagelstugan_02.jpg\"  target=\"_self\" itemprop=\"url\">\n\t\t\t\t<img decoding=\"async\" src=\"https:\/\/www.getnogard.se\/wp-content\/uploads\/getno_stugor_faagelstugan_02.jpg\" alt=\"getno_stugor_faagelstugan_02\" height=\"374\" width=\"600\" title=\"getno_stugor_faagelstugan_02\" onerror=\"this.style.display='none'\" loading=\"lazy\" \/>\n\t\t\t\t<\/a>\n\t<\/figure>\n<figure itemscope itemtype=\"https:\/\/schema.org\/ImageObject\">\n\t\t\t\t<a href=\"https:\/\/www.getnogard.se\/wp-content\/uploads\/getno_stugor_faagelstugan_06.jpg\"  target=\"_self\" itemprop=\"url\">\n\t\t\t\t<img decoding=\"async\" src=\"https:\/\/www.getnogard.se\/wp-content\/uploads\/getno_stugor_faagelstugan_06.jpg\" alt=\"getno_stugor_faagelstugan_06\" height=\"374\" width=\"600\" title=\"getno_stugor_faagelstugan_06\" onerror=\"this.style.display='none'\" loading=\"lazy\" \/>\n\t\t\t\t<\/a>\n\t<\/figure>\n<figure itemscope itemtype=\"https:\/\/schema.org\/ImageObject\">\n\t\t\t\t<a href=\"https:\/\/www.getnogard.se\/wp-content\/uploads\/getno_stugor_faagelstugan_03.jpg\"  target=\"_self\" itemprop=\"url\">\n\t\t\t\t<img decoding=\"async\" src=\"https:\/\/www.getnogard.se\/wp-content\/uploads\/getno_stugor_faagelstugan_03.jpg\" alt=\"getno_stugor_faagelstugan_03\" height=\"374\" width=\"600\" title=\"getno_stugor_faagelstugan_03\" onerror=\"this.style.display='none'\" loading=\"lazy\" \/>\n\t\t\t\t<\/a>\n\t<\/figure>\n<figure itemscope itemtype=\"https:\/\/schema.org\/ImageObject\">\n\t\t\t\t<a href=\"https:\/\/www.getnogard.se\/wp-content\/uploads\/getno_stugor_faagelstugan_05.jpg\"  target=\"_self\" itemprop=\"url\">\n\t\t\t\t<img decoding=\"async\" src=\"https:\/\/www.getnogard.se\/wp-content\/uploads\/getno_stugor_faagelstugan_05.jpg\" alt=\"getno_stugor_faagelstugan_05\" height=\"374\" width=\"600\" title=\"getno_stugor_faagelstugan_05\" onerror=\"this.style.display='none'\" loading=\"lazy\" \/>\n\t\t\t\t<\/a>\n\t<\/figure>\n<figure itemscope itemtype=\"https:\/\/schema.org\/ImageObject\">\n\t\t\t\t<img decoding=\"async\" src=\"https:\/\/www.getnogard.se\/wp-content\/uploads\/Gosstugan-4.jpg\" alt=\"Gosstugan\" height=\"374\" width=\"600\" title=\"Gosstugan\" onerror=\"this.style.display='none'\" loading=\"lazy\" \/>\n\t<\/figure>\n\t\t<h3>\t\n\tFakten<\/h3><ul>\n<li>Personen: 3<\/li>\n<li>Gr\u00f6\u00dfe: 28\u00a0m\u00b2<\/li>\n<li>Bemerkungen:\u00a0Sauna<\/li>\n<li>Dieses Haus ist winterfest: Ja<\/li>\n<li>Hunde sind in diesem Haus nach Absprache erlaubt.<\/li>\n<li>In allen H\u00e4usern darf nicht geraucht werden.<\/li>\n<\/ul>\n\t\t<h3>\t\n\tSie m\u00f6chten dieses Haus buchen?<\/h3><strong>Ihr Ansprechpartner:<\/strong><br \/>\n Ingrid E-M Olsson\n<strong>Telefon:<\/strong><br \/>\n +46 477 &#8211; 240 21\n\t\t\t<a href=\"https:\/\/www.getnogard.se\/de\/kontakt\/\"  target=\"_self\">\n\t\t\t\t\t\tE-Mail schreiben\n\t\t\t\t\t<\/a>\n\t<h2>Aktuelles &amp; Angebote<\/h2>\n<p>Wir informieren Euch \u00fcber News und aktuelle Angebote von Getn\u00f6 &#8211; Lake \u00c5snen Resort.<\/p>\n\n","protected":false},"excerpt":{"rendered":"<p>Ferienhaus G\u00f6sstugan Die Freizeith\u00e4user G\u00f6sstugan und G\u00e4ddstugan sind f\u00fcr 1-2 Familien angedacht, die in unmittelbarer N\u00e4he zueinander wohnen m\u00f6chten. G\u00f6sstugan befindet sich inmitten der Natur am Auffahrtsweg zum Gutshof. Die Entfernung zum Strand ist 300 m und zum nahegelegenen Gutshof betr\u00e4gt 200 m. Das Freizeithaus besteht aus zwei kleinen Schlafzimmern mit einem Einzelbett und einem [&hellip;]<\/p>\n","protected":false},"author":2,"featured_media":0,"parent":219,"menu_order":0,"comment_status":"closed","ping_status":"closed","template":"","meta":{"_acf_changed":false,"_seopress_robots_primary_cat":"","_seopress_titles_title":"G\u00f6sstugan - Getn\u00f6 G\u00e5rd","_seopress_titles_desc":"","_seopress_robots_index":"","site-sidebar-layout":"default","site-content-layout":"","ast-site-content-layout":"default","site-content-style":"default","site-sidebar-style":"default","ast-global-header-display":"","ast-banner-title-visibility":"","ast-main-header-display":"","ast-hfb-above-header-display":"","ast-hfb-below-header-display":"","ast-hfb-mobile-header-display":"","site-post-title":"","ast-breadcrumbs-content":"","ast-featured-img":"","footer-sml-layout":"","ast-disable-related-posts":"","theme-transparent-header-meta":"default","adv-header-id-meta":"","stick-header-meta":"","header-above-stick-meta":"","header-main-stick-meta":"","header-below-stick-meta":"","astra-migrate-meta-layouts":"set","ast-page-background-enabled":"default","ast-page-background-meta":{"desktop":{"background-color":"var(--ast-global-color-4)","background-image":"","background-repeat":"repeat","background-position":"center center","background-size":"auto","background-attachment":"scroll","background-type":"","background-media":"","overlay-type":"","overlay-color":"","overlay-opacity":"","overlay-gradient":""},"tablet":{"background-color":"","background-image":"","background-repeat":"repeat","background-position":"center center","background-size":"auto","background-attachment":"scroll","background-type":"","background-media":"","overlay-type":"","overlay-color":"","overlay-opacity":"","overlay-gradient":""},"mobile":{"background-color":"","background-image":"","background-repeat":"repeat","background-position":"center center","background-size":"auto","background-attachment":"scroll","background-type":"","background-media":"","overlay-type":"","overlay-color":"","overlay-opacity":"","overlay-gradient":""}},"ast-content-background-meta":{"desktop":{"background-color":"var(--ast-global-color-5)","background-image":"","background-repeat":"repeat","background-position":"center center","background-size":"auto","background-attachment":"scroll","background-type":"","background-media":"","overlay-type":"","overlay-color":"","overlay-opacity":"","overlay-gradient":""},"tablet":{"background-color":"var(--ast-global-color-5)","background-image":"","background-repeat":"repeat","background-position":"center center","background-size":"auto","background-attachment":"scroll","background-type":"","background-media":"","overlay-type":"","overlay-color":"","overlay-opacity":"","overlay-gradient":""},"mobile":{"background-color":"var(--ast-global-color-5)","background-image":"","background-repeat":"repeat","background-position":"center center","background-size":"auto","background-attachment":"scroll","background-type":"","background-media":"","overlay-type":"","overlay-color":"","overlay-opacity":"","overlay-gradient":""}},"footnotes":""},"class_list":["post-491","page","type-page","status-publish","hentry"],"acf":[],"_links":{"self":[{"href":"https:\/\/www.getnogard.se\/de\/wp-json\/wp\/v2\/pages\/491","targetHints":{"allow":["GET"]}}],"collection":[{"href":"https:\/\/www.getnogard.se\/de\/wp-json\/wp\/v2\/pages"}],"about":[{"href":"https:\/\/www.getnogard.se\/de\/wp-json\/wp\/v2\/types\/page"}],"author":[{"embeddable":true,"href":"https:\/\/www.getnogard.se\/de\/wp-json\/wp\/v2\/users\/2"}],"replies":[{"embeddable":true,"href":"https:\/\/www.getnogard.se\/de\/wp-json\/wp\/v2\/comments?post=491"}],"version-history":[{"count":5,"href":"https:\/\/www.getnogard.se\/de\/wp-json\/wp\/v2\/pages\/491\/revisions"}],"predecessor-version":[{"id":6630,"href":"https:\/\/www.getnogard.se\/de\/wp-json\/wp\/v2\/pages\/491\/revisions\/6630"}],"up":[{"embeddable":true,"href":"https:\/\/www.getnogard.se\/de\/wp-json\/wp\/v2\/pages\/219"}],"wp:attachment":[{"href":"https:\/\/www.getnogard.se\/de\/wp-json\/wp\/v2\/media?parent=491"}],"curies":[{"name":"wp","href":"https:\/\/api.w.org\/{rel}","templated":true}]}}