{"id":5153,"date":"2024-11-21T12:12:05","date_gmt":"2024-11-21T11:12:05","guid":{"rendered":"https:\/\/www.getnogard.se\/miljoe-policy\/"},"modified":"2024-11-26T11:48:44","modified_gmt":"2024-11-26T10:48:44","slug":"umweltpolitik","status":"publish","type":"page","link":"https:\/\/www.getnogard.se\/de\/umweltpolitik\/","title":{"rendered":"Milj\u00f6 Policy"},"content":{"rendered":"\n<h1>\n\t\tUmweltpolitik\n\t<\/h1>\n<h3>\n\t\tGetn\u00f6 G\u00e5rd 2024\n\t<\/h3>\n\t<p>Getn\u00f6 wird sich f\u00fcr eine langfristige und nachhaltige Entwicklung der Unternehmensaktivit\u00e4ten einsetzen. Wir wollen eine sch\u00f6ne und nachhaltige Natur an die n\u00e4chste Generation \u00fcbergeben.<\/p>\n<p>Getn\u00f6&#8217;s wichtigste Ressourcen sind unsere Natur und unsere lokale Umgebung; Getn\u00f6&#8217;s privates Naturschutzgebiet, der See \u00c5snen mit dem \u00c5snen Nationalpark und das gesamte \u00c5snengebiet, das wir und unsere G\u00e4ste f\u00fcr Erholung\/Urlaub, Aktivit\u00e4ten und Veranstaltungen nutzen.<\/p>\n<p>Unser Ziel ist es, das Unternehmen langfristig zu betreiben und die Natur zu sch\u00fctzen. Wir werden uns unter Ber\u00fccksichtigung der \u00f6rtlichen Gegebenheiten umweltfreundlich und klimafreundlich entwickeln.<\/p>\n<p>Getn\u00f6 arbeitet professionell, mit kontinuierlichen Verbesserungen und Vorbeugung, so dass wir unsere Umgebung aus \u00f6kologischer Sicht nicht belasten. Getn\u00f6 h\u00e4lt sich an die geltende Umweltgesetzgebung.<\/p>\n<p>Getn\u00f6 hat klare Ziele f\u00fcr seine Umweltarbeit und verfolgt diese Ziele regelm\u00e4\u00dfig. Die Bem\u00fchungen um die Verbesserung der Umwelt und die Verringerung der Klimaauswirkungen m\u00fcssen ein selbstverst\u00e4ndlicher Teil aller Aktivit\u00e4ten und der Mitarbeiter von Getn\u00f6 sein.<\/p>\n<p>Unsere Eink\u00e4ufe m\u00fcssen so weit wie m\u00f6glich lokal in der Region \u00c5snen und mit umweltfreundlichen Waren get\u00e4tigt werden. Wir werden auch unsere G\u00e4ste ermutigen, lokal einzukaufen.<\/p>\n<p>Jedes Jahr sollen G\u00e4ste und Mitarbeiter uns ein Feedback geben k\u00f6nnen, damit wir daraus lernen und uns verbessern k\u00f6nnen.<\/p>\n<p>\u00d6kotourismus, ein sehr gutes Wort, das zusammenfasst, wie wir es machen wollen: ein lokal gepr\u00e4gter Erlebnistourismus verbunden mit gro\u00dfer Verantwortung f\u00fcr Natur, Kultur und Menschen. Ganz einfach: sch\u00f6nes und verantwortungsvolles Reisen, bei dem die Menschen aufeinander und auf die Natur R\u00fccksicht nehmen.<\/p>\n<p><strong>Unser Ziel<\/strong><\/p>\n<ul>\n<li>Wir wollen unvergessliche Naturerlebnisse zu den Bedingungen der Natur bieten.<\/li>\n<li>Das Unternehmen muss das ganze Jahr \u00fcber finanziell lebensf\u00e4hig sein.<\/li>\n<li>Das Unternehmen muss mit Respekt vor der Natur und der Umwelt gef\u00fchrt werden und lokale Unternehmen beg\u00fcnstigen.<\/li>\n<li>Das Unternehmen muss professionell und langfristig in einem famili\u00e4ren Geist gef\u00fchrt werden.<\/li>\n<\/ul>\nGetn\u00f6 G\u00e5rd<br \/>\nIngrid E-M Olsson \/ CEO\n\t\t<h3>Entdecken Sie unsere Guided Tours <\/h3>\n\t\t\t<a href=\"https:\/\/www.getnogard.se\/de\/guided-tours\/\" target=\"_self\" rel=\"noopener\">\n\t\t\t\t\t\t\tJetzt entdecken\n\t\t\t\t\t<\/a>\n<h2>\n\t\tDer Natur verpflichtet\n\t<\/h2>\n\t<h3>regional &#038; nachhaltig<\/h3><p>mit einer lange Tradition seit 1967 im Herzen Sm\u00e5lands<\/p>\n\t<h3>Eigener Strom<\/h3><p>wir produzieren eigenen Strom mit unseren Solarpanels<\/p>\n\t<h3>Naturschutzgebiet<\/h3><p>\u00fcber 15 km\u00b2 privates Naturschutzgebiet direkt am Nationalpark<\/p>\n\t\t<h3>Aktuelles\t\n\t<\/h3><strong>Tourismuspreis des Jahres 2024<\/strong>\r\n<p>Ingrid Olsson vom Getn\u00f6 Lake \u00c5snen Resort gewinnt den Tourismuspreis des Jahres im Landkreis Kronoberg Ingrid Olsson, Gesch\u00e4ftsf\u00fchrerin und Eigent\u00fcmerin des Getn\u00f6 Lake \u00c5snen Resort, hat den Tourismuspreis des Jahres im Landkreis Kronoberg gewonnen und ist damit f\u00fcr den gro\u00dfen Tourismuspreis auf nationaler Ebene nominiert. Sie hat das Resort in dem privaten Naturschutzgebiet erfolgreich zu einem Urlaubstraum f\u00fcr Touristen, haupts\u00e4chlich aus Deutschland, D\u00e4nemark und den Niederlanden, entwickelt. \u201eDie Natur ist wie ein Pflaster f\u00fcr die Seele\u201c, sagt Ingrid.\r\n<a href=\"\/\/www.mynewsdesk.com\/se\/destination-smaaland\/pressreleases\/ingrid-olsson-paa-getnoe-lake-aasnen-resort-vinner-aarets-turismpris-i-kronobergs-laen-3344232\u201c\" rel=\"\u201enoopener\u201c noopener\" target=\"\u201e_blank\u201c\">&#8594; Link Pressemitteilung<\/a>\r\n<\/p>\n\t\t<h3>Unsere \u00d6ffnungszeiten<\/h3><strong>Ferienh\u00e4user: ganzj\u00e4hrig ge\u00f6ffnet<\/strong><br \/>\r\n<em>F\u00fcr Service bitte folgende Nummer anrufen: 0477-24011 oder eine E-Mail an info@getnogard.se senden<\/em>\r\n<p>\r\nCampingplatz: ge\u00f6ffnet vom 26. April &#8211; 5. Oktober 2025<\/p>>\r\n\r\n<iframe style=\u201edisplay: none;\u201c><\/iframe>\n\t<h2>Aktuelles &amp; Angebote<\/h2>\n<p>Wir informieren Euch \u00fcber News und aktuelle Angebote von Getn\u00f6 &#8211; Lake \u00c5snen Resort.<\/p>\n\n","protected":false},"excerpt":{"rendered":"<p>Umweltpolitik Getn\u00f6 G\u00e5rd 2024 Getn\u00f6 wird sich f\u00fcr eine langfristige und nachhaltige Entwicklung der Unternehmensaktivit\u00e4ten einsetzen. Wir wollen eine sch\u00f6ne und nachhaltige Natur an die n\u00e4chste Generation \u00fcbergeben. Getn\u00f6&#8217;s wichtigste Ressourcen sind unsere Natur und unsere lokale Umgebung; Getn\u00f6&#8217;s privates Naturschutzgebiet, der See \u00c5snen mit dem \u00c5snen Nationalpark und das gesamte \u00c5snengebiet, das wir und [&hellip;]<\/p>\n","protected":false},"author":2,"featured_media":0,"parent":0,"menu_order":0,"comment_status":"closed","ping_status":"closed","template":"","meta":{"_acf_changed":false,"_seopress_robots_primary_cat":"","_seopress_titles_title":"Getn\u00f6 - Lake \u00c5snen Resort | Umweltpolitik","_seopress_titles_desc":"Getn\u00f6 setzt sich f\u00fcr eine langfristige und nachhaltige Entwicklung der Unternehmensaktivit\u00e4ten ein. Wir wollen eine sch\u00f6ne und nachhaltige Natur an die n\u00e4chste Generation weitergeben.","_seopress_robots_index":"","site-sidebar-layout":"default","site-content-layout":"","ast-site-content-layout":"default","site-content-style":"default","site-sidebar-style":"default","ast-global-header-display":"","ast-banner-title-visibility":"","ast-main-header-display":"","ast-hfb-above-header-display":"","ast-hfb-below-header-display":"","ast-hfb-mobile-header-display":"","site-post-title":"","ast-breadcrumbs-content":"","ast-featured-img":"","footer-sml-layout":"","ast-disable-related-posts":"","theme-transparent-header-meta":"default","adv-header-id-meta":"","stick-header-meta":"","header-above-stick-meta":"","header-main-stick-meta":"","header-below-stick-meta":"","astra-migrate-meta-layouts":"set","ast-page-background-enabled":"default","ast-page-background-meta":{"desktop":{"background-color":"var(--ast-global-color-4)","background-image":"","background-repeat":"repeat","background-position":"center center","background-size":"auto","background-attachment":"scroll","background-type":"","background-media":"","overlay-type":"","overlay-color":"","overlay-opacity":"","overlay-gradient":""},"tablet":{"background-color":"","background-image":"","background-repeat":"repeat","background-position":"center center","background-size":"auto","background-attachment":"scroll","background-type":"","background-media":"","overlay-type":"","overlay-color":"","overlay-opacity":"","overlay-gradient":""},"mobile":{"background-color":"","background-image":"","background-repeat":"repeat","background-position":"center center","background-size":"auto","background-attachment":"scroll","background-type":"","background-media":"","overlay-type":"","overlay-color":"","overlay-opacity":"","overlay-gradient":""}},"ast-content-background-meta":{"desktop":{"background-color":"var(--ast-global-color-5)","background-image":"","background-repeat":"repeat","background-position":"center center","background-size":"auto","background-attachment":"scroll","background-type":"","background-media":"","overlay-type":"","overlay-color":"","overlay-opacity":"","overlay-gradient":""},"tablet":{"background-color":"var(--ast-global-color-5)","background-image":"","background-repeat":"repeat","background-position":"center center","background-size":"auto","background-attachment":"scroll","background-type":"","background-media":"","overlay-type":"","overlay-color":"","overlay-opacity":"","overlay-gradient":""},"mobile":{"background-color":"var(--ast-global-color-5)","background-image":"","background-repeat":"repeat","background-position":"center center","background-size":"auto","background-attachment":"scroll","background-type":"","background-media":"","overlay-type":"","overlay-color":"","overlay-opacity":"","overlay-gradient":""}},"footnotes":""},"class_list":["post-5153","page","type-page","status-publish","hentry"],"acf":[],"_links":{"self":[{"href":"https:\/\/www.getnogard.se\/de\/wp-json\/wp\/v2\/pages\/5153","targetHints":{"allow":["GET"]}}],"collection":[{"href":"https:\/\/www.getnogard.se\/de\/wp-json\/wp\/v2\/pages"}],"about":[{"href":"https:\/\/www.getnogard.se\/de\/wp-json\/wp\/v2\/types\/page"}],"author":[{"embeddable":true,"href":"https:\/\/www.getnogard.se\/de\/wp-json\/wp\/v2\/users\/2"}],"replies":[{"embeddable":true,"href":"https:\/\/www.getnogard.se\/de\/wp-json\/wp\/v2\/comments?post=5153"}],"version-history":[{"count":5,"href":"https:\/\/www.getnogard.se\/de\/wp-json\/wp\/v2\/pages\/5153\/revisions"}],"predecessor-version":[{"id":5177,"href":"https:\/\/www.getnogard.se\/de\/wp-json\/wp\/v2\/pages\/5153\/revisions\/5177"}],"wp:attachment":[{"href":"https:\/\/www.getnogard.se\/de\/wp-json\/wp\/v2\/media?parent=5153"}],"curies":[{"name":"wp","href":"https:\/\/api.w.org\/{rel}","templated":true}]}}