{"id":518,"date":"2017-03-05T19:49:31","date_gmt":"2017-03-05T18:49:31","guid":{"rendered":"http:\/\/www.getnogard.de\/?page_id=518\/"},"modified":"2026-02-03T15:02:16","modified_gmt":"2026-02-03T14:02:16","slug":"lunnatorpet","status":"publish","type":"page","link":"https:\/\/www.getnogard.se\/de\/haeuser\/lunnatorpet\/","title":{"rendered":"Lunnatorpet"},"content":{"rendered":"\n<figure itemscope itemtype=\"https:\/\/schema.org\/ImageObject\">\n\t\t\t\t<img decoding=\"async\" src=\"https:\/\/www.getnogard.se\/wp-content\/uploads\/getno_stugor_lunnatorpet_header.jpg\" alt=\"getno_stugor_lunnatorpet_header\" height=\"400\" width=\"1100\" title=\"getno_stugor_lunnatorpet_header\" onerror=\"this.style.display='none'\" loading=\"lazy\" \/>\n\t<\/figure>\n<h1>\n\t\t\tLunnatorpet\t<\/h1>\n\t<p>Die einfacher 2-Zimmerh\u00fctte Lunnatorpet befindet sich an der \u00f6stlichen Seite Getn\u00f6s. Die H\u00fctte ist direkt an einer kleinen Wiese gelegen, von der aus man eine sch\u00f6ne Aussicht auf den See \u00c5snen in 150 m Entfernung genie\u00dfen kann.<\/p>\n<p>Das Ferienhaus besteht aus eine K\u00fcche, ein Schlafzimmer mit Holzofen sowie einen kleinen Waschraum. Bett- und K\u00fcchenausstattung f\u00fcr 4 Personen. \u00dcberdachte Au\u00dfenterrasse (16 m\u00b2), Grill- und Lagerfeuerplatz, Trockentoilette, Holzschuppen und Wasserbrunnen in 50 m Entfernung. Gasinstallation mit Herd, K\u00fchlschrank und Heizung. Solarzellen f\u00fcr die Innenbeleuchtung. Nutzung einer Gefriertruhe an der Rezeption m\u00f6glich.<\/p>\n<figure itemscope itemtype=\"https:\/\/schema.org\/ImageObject\">\n\t\t\t\t<a href=\"https:\/\/www.getnogard.se\/wp-content\/uploads\/getno_stugor_lunnatorpet_03.jpg\"  target=\"_self\" itemprop=\"url\">\n\t\t\t\t<img decoding=\"async\" src=\"https:\/\/www.getnogard.se\/wp-content\/uploads\/getno_stugor_lunnatorpet_03.jpg\" alt=\"getno_stugor_lunnatorpet_03\" height=\"374\" width=\"600\" title=\"getno_stugor_lunnatorpet_03\" onerror=\"this.style.display='none'\" loading=\"lazy\" \/>\n\t\t\t\t<\/a>\n\t<\/figure>\n<figure itemscope itemtype=\"https:\/\/schema.org\/ImageObject\">\n\t\t\t\t<a href=\"https:\/\/www.getnogard.se\/wp-content\/uploads\/getno_stugor_lunnatorpet_02.jpg\"  target=\"_self\" itemprop=\"url\">\n\t\t\t\t<img decoding=\"async\" src=\"https:\/\/www.getnogard.se\/wp-content\/uploads\/getno_stugor_lunnatorpet_02.jpg\" alt=\"getno_stugor_lunnatorpet_02\" height=\"374\" width=\"600\" title=\"getno_stugor_lunnatorpet_02\" onerror=\"this.style.display='none'\" loading=\"lazy\" \/>\n\t\t\t\t<\/a>\n\t<\/figure>\n<figure itemscope itemtype=\"https:\/\/schema.org\/ImageObject\">\n\t\t\t\t<a href=\"https:\/\/www.getnogard.se\/wp-content\/uploads\/getno_stugor_lunnatorpet_01.jpg\"  target=\"_self\" itemprop=\"url\">\n\t\t\t\t<img decoding=\"async\" src=\"https:\/\/www.getnogard.se\/wp-content\/uploads\/getno_stugor_lunnatorpet_01.jpg\" alt=\"getno_stugor_lunnatorpet_01\" height=\"374\" width=\"600\" title=\"getno_stugor_lunnatorpet_01\" onerror=\"this.style.display='none'\" loading=\"lazy\" \/>\n\t\t\t\t<\/a>\n\t<\/figure>\n<figure itemscope itemtype=\"https:\/\/schema.org\/ImageObject\">\n\t\t\t\t<a href=\"https:\/\/www.getnogard.se\/wp-content\/uploads\/getno_stugor_lunnatorpet_14.jpg\"  target=\"_self\" itemprop=\"url\">\n\t\t\t\t<img decoding=\"async\" src=\"https:\/\/www.getnogard.se\/wp-content\/uploads\/getno_stugor_lunnatorpet_14.jpg\" alt=\"getno_stugor_lunnatorpet_14\" height=\"374\" width=\"600\" title=\"getno_stugor_lunnatorpet_14\" onerror=\"this.style.display='none'\" loading=\"lazy\" \/>\n\t\t\t\t<\/a>\n\t<\/figure>\n<figure itemscope itemtype=\"https:\/\/schema.org\/ImageObject\">\n\t\t\t\t<a href=\"https:\/\/www.getnogard.se\/wp-content\/uploads\/getno_stugor_lunnatorpet_11.jpg\"  target=\"_self\" itemprop=\"url\">\n\t\t\t\t<img decoding=\"async\" src=\"https:\/\/www.getnogard.se\/wp-content\/uploads\/getno_stugor_lunnatorpet_11.jpg\" alt=\"getno_stugor_lunnatorpet_11\" height=\"374\" width=\"600\" title=\"getno_stugor_lunnatorpet_11\" onerror=\"this.style.display='none'\" loading=\"lazy\" \/>\n\t\t\t\t<\/a>\n\t<\/figure>\n<figure itemscope itemtype=\"https:\/\/schema.org\/ImageObject\">\n\t\t\t\t<a href=\"https:\/\/www.getnogard.se\/wp-content\/uploads\/getno_stugor_lunnatorpet_13.jpg\"  target=\"_self\" itemprop=\"url\">\n\t\t\t\t<img decoding=\"async\" src=\"https:\/\/www.getnogard.se\/wp-content\/uploads\/getno_stugor_lunnatorpet_13.jpg\" alt=\"getno_stugor_lunnatorpet_13\" height=\"374\" width=\"600\" title=\"getno_stugor_lunnatorpet_13\" onerror=\"this.style.display='none'\" loading=\"lazy\" \/>\n\t\t\t\t<\/a>\n\t<\/figure>\n<figure itemscope itemtype=\"https:\/\/schema.org\/ImageObject\">\n\t\t\t\t<a href=\"https:\/\/www.getnogard.se\/wp-content\/uploads\/getno_stugor_lunnatorpet_10.jpg\"  target=\"_self\" itemprop=\"url\">\n\t\t\t\t<img decoding=\"async\" src=\"https:\/\/www.getnogard.se\/wp-content\/uploads\/getno_stugor_lunnatorpet_10.jpg\" alt=\"getno_stugor_lunnatorpet_10\" height=\"374\" width=\"600\" title=\"getno_stugor_lunnatorpet_10\" onerror=\"this.style.display='none'\" loading=\"lazy\" \/>\n\t\t\t\t<\/a>\n\t<\/figure>\n<figure itemscope itemtype=\"https:\/\/schema.org\/ImageObject\">\n\t\t\t\t<a href=\"https:\/\/www.getnogard.se\/wp-content\/uploads\/getno_stugor_lunnatorpet_04.jpg\"  target=\"_self\" itemprop=\"url\">\n\t\t\t\t<img decoding=\"async\" src=\"https:\/\/www.getnogard.se\/wp-content\/uploads\/getno_stugor_lunnatorpet_04.jpg\" alt=\"getno_stugor_lunnatorpet_04\" height=\"374\" width=\"600\" title=\"getno_stugor_lunnatorpet_04\" onerror=\"this.style.display='none'\" loading=\"lazy\" \/>\n\t\t\t\t<\/a>\n\t<\/figure>\n<figure itemscope itemtype=\"https:\/\/schema.org\/ImageObject\">\n\t\t\t\t<a href=\"https:\/\/www.getnogard.se\/wp-content\/uploads\/getno_stugor_lunnatorpet_12.jpg\"  target=\"_self\" itemprop=\"url\">\n\t\t\t\t<img decoding=\"async\" src=\"https:\/\/www.getnogard.se\/wp-content\/uploads\/getno_stugor_lunnatorpet_12.jpg\" alt=\"getno_stugor_lunnatorpet_12\" height=\"374\" width=\"600\" title=\"getno_stugor_lunnatorpet_12\" onerror=\"this.style.display='none'\" loading=\"lazy\" \/>\n\t\t\t\t<\/a>\n\t<\/figure>\n\t\t<h3>\t\n\tFakten<\/h3><ul>\n<li>Personen: 3+1<\/li>\n<li>Gr\u00f6\u00dfe: 45 m\u00b2<\/li>\n<li>Bemerkungen:\u00a0Gasanschluss, Solarzellen<\/li>\n<li>Dieses Haus ist winterfest:\u00a0Nein<\/li>\n<li>Hunde sind in diesem Haus nach Absprache erlaubt.<\/li>\n<li>In allen H\u00e4usern darf nicht geraucht werden.<\/li>\n<\/ul>\n\t\t<h3>\t\n\tSie m\u00f6chten dieses Haus buchen?<\/h3><strong>Ihr Ansprechpartner:<\/strong><br \/>\n Ingrid E-M Olsson\n<strong>Telefon:<\/strong><br \/>\n +46 477 &#8211; 240 21\n\t\t\t<a href=\"https:\/\/www.getnogard.se\/de\/kontakt\/\"  target=\"_self\">\n\t\t\t\t\t\tE-Mail schreiben\n\t\t\t\t\t<\/a>\n\t<h2>Aktuelles &amp; Angebote<\/h2>\n<p>Wir informieren Euch \u00fcber News und aktuelle Angebote von Getn\u00f6 &#8211; Lake \u00c5snen Resort.<\/p>\n\n","protected":false},"excerpt":{"rendered":"<p>Lunnatorpet Die einfacher 2-Zimmerh\u00fctte Lunnatorpet befindet sich an der \u00f6stlichen Seite Getn\u00f6s. Die H\u00fctte ist direkt an einer kleinen Wiese gelegen, von der aus man eine sch\u00f6ne Aussicht auf den See \u00c5snen in 150 m Entfernung genie\u00dfen kann. Das Ferienhaus besteht aus eine K\u00fcche, ein Schlafzimmer mit Holzofen sowie einen kleinen Waschraum. Bett- und K\u00fcchenausstattung [&hellip;]<\/p>\n","protected":false},"author":2,"featured_media":0,"parent":219,"menu_order":0,"comment_status":"closed","ping_status":"closed","template":"","meta":{"_acf_changed":false,"_seopress_robots_primary_cat":"","_seopress_titles_title":"","_seopress_titles_desc":"","_seopress_robots_index":"","site-sidebar-layout":"default","site-content-layout":"","ast-site-content-layout":"default","site-content-style":"default","site-sidebar-style":"default","ast-global-header-display":"","ast-banner-title-visibility":"","ast-main-header-display":"","ast-hfb-above-header-display":"","ast-hfb-below-header-display":"","ast-hfb-mobile-header-display":"","site-post-title":"","ast-breadcrumbs-content":"","ast-featured-img":"","footer-sml-layout":"","ast-disable-related-posts":"","theme-transparent-header-meta":"","adv-header-id-meta":"","stick-header-meta":"","header-above-stick-meta":"","header-main-stick-meta":"","header-below-stick-meta":"","astra-migrate-meta-layouts":"default","ast-page-background-enabled":"default","ast-page-background-meta":{"desktop":{"background-color":"var(--ast-global-color-4)","background-image":"","background-repeat":"repeat","background-position":"center center","background-size":"auto","background-attachment":"scroll","background-type":"","background-media":"","overlay-type":"","overlay-color":"","overlay-opacity":"","overlay-gradient":""},"tablet":{"background-color":"","background-image":"","background-repeat":"repeat","background-position":"center center","background-size":"auto","background-attachment":"scroll","background-type":"","background-media":"","overlay-type":"","overlay-color":"","overlay-opacity":"","overlay-gradient":""},"mobile":{"background-color":"","background-image":"","background-repeat":"repeat","background-position":"center center","background-size":"auto","background-attachment":"scroll","background-type":"","background-media":"","overlay-type":"","overlay-color":"","overlay-opacity":"","overlay-gradient":""}},"ast-content-background-meta":{"desktop":{"background-color":"var(--ast-global-color-5)","background-image":"","background-repeat":"repeat","background-position":"center center","background-size":"auto","background-attachment":"scroll","background-type":"","background-media":"","overlay-type":"","overlay-color":"","overlay-opacity":"","overlay-gradient":""},"tablet":{"background-color":"var(--ast-global-color-5)","background-image":"","background-repeat":"repeat","background-position":"center center","background-size":"auto","background-attachment":"scroll","background-type":"","background-media":"","overlay-type":"","overlay-color":"","overlay-opacity":"","overlay-gradient":""},"mobile":{"background-color":"var(--ast-global-color-5)","background-image":"","background-repeat":"repeat","background-position":"center center","background-size":"auto","background-attachment":"scroll","background-type":"","background-media":"","overlay-type":"","overlay-color":"","overlay-opacity":"","overlay-gradient":""}},"footnotes":""},"class_list":["post-518","page","type-page","status-publish","hentry"],"acf":[],"_links":{"self":[{"href":"https:\/\/www.getnogard.se\/de\/wp-json\/wp\/v2\/pages\/518","targetHints":{"allow":["GET"]}}],"collection":[{"href":"https:\/\/www.getnogard.se\/de\/wp-json\/wp\/v2\/pages"}],"about":[{"href":"https:\/\/www.getnogard.se\/de\/wp-json\/wp\/v2\/types\/page"}],"author":[{"embeddable":true,"href":"https:\/\/www.getnogard.se\/de\/wp-json\/wp\/v2\/users\/2"}],"replies":[{"embeddable":true,"href":"https:\/\/www.getnogard.se\/de\/wp-json\/wp\/v2\/comments?post=518"}],"version-history":[{"count":5,"href":"https:\/\/www.getnogard.se\/de\/wp-json\/wp\/v2\/pages\/518\/revisions"}],"predecessor-version":[{"id":6533,"href":"https:\/\/www.getnogard.se\/de\/wp-json\/wp\/v2\/pages\/518\/revisions\/6533"}],"up":[{"embeddable":true,"href":"https:\/\/www.getnogard.se\/de\/wp-json\/wp\/v2\/pages\/219"}],"wp:attachment":[{"href":"https:\/\/www.getnogard.se\/de\/wp-json\/wp\/v2\/media?parent=518"}],"curies":[{"name":"wp","href":"https:\/\/api.w.org\/{rel}","templated":true}]}}