{"id":522,"date":"2017-03-06T12:47:38","date_gmt":"2017-03-06T11:47:38","guid":{"rendered":"http:\/\/www.getnogard.de\/?page_id=522\/"},"modified":"2026-03-24T13:25:09","modified_gmt":"2026-03-24T12:25:09","slug":"lavikatorpet","status":"publish","type":"page","link":"https:\/\/www.getnogard.se\/de\/haeuser\/lavikatorpet\/","title":{"rendered":"Lavikatorpet"},"content":{"rendered":"\n<figure itemscope itemtype=\"https:\/\/schema.org\/ImageObject\">\n\t\t\t\t<img decoding=\"async\" src=\"https:\/\/www.getnogard.se\/wp-content\/uploads\/getno_stugor_lavikatorpet_header_02.jpg\" alt=\"getno_stugor_lavikatorpet_header_02\" height=\"400\" width=\"1100\" title=\"getno_stugor_lavikatorpet_header_02\" onerror=\"this.style.display='none'\" loading=\"lazy\" \/>\n\t<\/figure>\n<h1>\n\t\t\tNeues Lavikatorpet\t<\/h1>\n\t<p>Neugebautes Sm\u00e5land-Ferienhaus (30 m\u00b2) mit Schlafboden. Das Haus hat eine einmalige Lage direkt am Seeufer auf Getn\u00f6s Ostseite. Fantastischer Seeblick mit sch\u00f6nem Sonnenaufgang.<\/p>\n<p>Das Haus hat 30 m\u00b2 mit K\u00fcche, Schlafzimmer, Wohnzimmer mit Holzofen und Schlafboden, Betten und K\u00fcchenausstattung f\u00fcr 2 + 2 Personen. Solarzelle auf dem Dach f\u00fcr Innenbeleuchtung, K\u00fchlschrank und M\u00f6glichkeit zum Aufladen von Handys. (12 V) Die K\u00fcche hat einen Gasherd mit Dunstabzug. Das Trinkwasser wird aus einem Brunnen auf dem Hof entnommen. Trockentoilette im Freien. Zugang zum Gefrierschrank an der Rezeption. Zus\u00e4tzliche Schr\u00e4nke sind im Au\u00dfenbereich vorhanden. Gro\u00dfe Holzterrasse mit Gartenm\u00f6beln und Grill. Es gibt auch einen Lagerfeuerplatz sowie einen privaten Bade- und Bootssteg (20 m).<\/p>\n<figure itemscope itemtype=\"https:\/\/schema.org\/ImageObject\">\n\t\t\t\t<a href=\"https:\/\/www.getnogard.se\/wp-content\/uploads\/getno_stugor_lavikatorpet_2025_11.jpg\"  target=\"_self\" itemprop=\"url\">\n\t\t\t\t<img decoding=\"async\" src=\"https:\/\/www.getnogard.se\/wp-content\/uploads\/getno_stugor_lavikatorpet_2025_11.jpg\" alt=\"getno_stugor_lavikatorpet_2025_11\" height=\"748\" width=\"1200\" title=\"getno_stugor_lavikatorpet_2025_11\" onerror=\"this.style.display='none'\" loading=\"lazy\" \/>\n\t\t\t\t<\/a>\n\t<\/figure>\n<figure itemscope itemtype=\"https:\/\/schema.org\/ImageObject\">\n\t\t\t\t<a href=\"https:\/\/www.getnogard.se\/wp-content\/uploads\/getno_stugor_lavikatorpet_2025_04.jpg\"  target=\"_self\" itemprop=\"url\">\n\t\t\t\t<img decoding=\"async\" src=\"https:\/\/www.getnogard.se\/wp-content\/uploads\/getno_stugor_lavikatorpet_2025_04.jpg\" alt=\"getno_stugor_lavikatorpet_2025_04\" height=\"748\" width=\"1200\" title=\"getno_stugor_lavikatorpet_2025_04\" onerror=\"this.style.display='none'\" loading=\"lazy\" \/>\n\t\t\t\t<\/a>\n\t<\/figure>\n<figure itemscope itemtype=\"https:\/\/schema.org\/ImageObject\">\n\t\t\t\t<a href=\"https:\/\/www.getnogard.se\/wp-content\/uploads\/getno_stugor_lavikatorpet_2025_01.jpg\"  target=\"_self\" itemprop=\"url\">\n\t\t\t\t<img decoding=\"async\" src=\"https:\/\/www.getnogard.se\/wp-content\/uploads\/getno_stugor_lavikatorpet_2025_01.jpg\" alt=\"getno_stugor_lavikatorpet_2025_01\" height=\"748\" width=\"1200\" title=\"getno_stugor_lavikatorpet_2025_01\" onerror=\"this.style.display='none'\" loading=\"lazy\" \/>\n\t\t\t\t<\/a>\n\t<\/figure>\n<figure itemscope itemtype=\"https:\/\/schema.org\/ImageObject\">\n\t\t\t\t<a href=\"https:\/\/www.getnogard.se\/wp-content\/uploads\/getno_stugor_lavikatorpet_2025_07.jpg\"  target=\"_self\" itemprop=\"url\">\n\t\t\t\t<img decoding=\"async\" src=\"https:\/\/www.getnogard.se\/wp-content\/uploads\/getno_stugor_lavikatorpet_2025_07.jpg\" alt=\"getno_stugor_lavikatorpet_2025_07\" height=\"748\" width=\"1200\" title=\"getno_stugor_lavikatorpet_2025_07\" onerror=\"this.style.display='none'\" loading=\"lazy\" \/>\n\t\t\t\t<\/a>\n\t<\/figure>\n<figure itemscope itemtype=\"https:\/\/schema.org\/ImageObject\">\n\t\t\t\t<img decoding=\"async\" src=\"https:\/\/www.getnogard.se\/wp-content\/uploads\/Soffa-Lavikatorpet-braskamin-1-scaled.jpg\" alt=\"Soffa Lavikatorpet - braskamin\" height=\"1920\" width=\"2560\" title=\"Soffa Lavikatorpet - braskamin\" onerror=\"this.style.display='none'\" loading=\"lazy\" \/>\n\t<\/figure>\n<figure itemscope itemtype=\"https:\/\/schema.org\/ImageObject\">\n\t\t\t\t<a href=\"https:\/\/www.getnogard.se\/wp-content\/uploads\/getno_stugor_lavikatorpet_2025_06.jpg\"  target=\"_self\" itemprop=\"url\">\n\t\t\t\t<img decoding=\"async\" src=\"https:\/\/www.getnogard.se\/wp-content\/uploads\/getno_stugor_lavikatorpet_2025_06.jpg\" alt=\"getno_stugor_lavikatorpet_2025_06\" height=\"1200\" width=\"748\" title=\"getno_stugor_lavikatorpet_2025_06\" onerror=\"this.style.display='none'\" loading=\"lazy\" \/>\n\t\t\t\t<\/a>\n\t<\/figure>\n<figure itemscope itemtype=\"https:\/\/schema.org\/ImageObject\">\n\t\t\t\t<a href=\"https:\/\/www.getnogard.se\/wp-content\/uploads\/getno_stugor_lavikatorpet_2025_08.jpg\"  target=\"_self\" itemprop=\"url\">\n\t\t\t\t<img decoding=\"async\" src=\"https:\/\/www.getnogard.se\/wp-content\/uploads\/getno_stugor_lavikatorpet_2025_08.jpg\" alt=\"getno_stugor_lavikatorpet_2025_08\" height=\"748\" width=\"1200\" title=\"getno_stugor_lavikatorpet_2025_08\" onerror=\"this.style.display='none'\" loading=\"lazy\" \/>\n\t\t\t\t<\/a>\n\t<\/figure>\n<figure itemscope itemtype=\"https:\/\/schema.org\/ImageObject\">\n\t\t\t\t<img decoding=\"async\" src=\"https:\/\/www.getnogard.se\/wp-content\/uploads\/braskamin-och-ny-soffa-Lavikatorpet-1-scaled.jpg\" alt=\"braskamin och ny soffa Lavikatorpet\" height=\"1920\" width=\"2560\" title=\"braskamin och ny soffa Lavikatorpet\" onerror=\"this.style.display='none'\" loading=\"lazy\" \/>\n\t<\/figure>\n<figure itemscope itemtype=\"https:\/\/schema.org\/ImageObject\">\n\t\t\t\t<img decoding=\"async\" src=\"https:\/\/www.getnogard.se\/wp-content\/uploads\/Lavikatorpet-drone2-2-scaled.jpg\" alt=\"Lavikatorpet drone2\" height=\"2560\" width=\"2560\" title=\"Lavikatorpet drone2\" onerror=\"this.style.display='none'\" loading=\"lazy\" \/>\n\t<\/figure>\n\t\t<h3>\t\n\tFakten<\/h3><ul>\n<li>Personen: 2+2<\/li>\n<li>Gr\u00f6\u00dfe: 30 m\u00b2<\/li>\n<li>Bemerkungen: direkt am Wasser, Solarstrom (12 V)<\/li>\n<li>Dieses Haus ist winterfest:\u00a0Nein<\/li>\n<li>Hunde sind in diesem Haus nach Absprache erlaubt.<\/li>\n<li>In allen H\u00e4usern darf nicht geraucht werden.<\/li>\n<\/ul>\n\t\t<h3>\t\n\tSie m\u00f6chten dieses Haus buchen?<\/h3><strong>Ihr Ansprechpartner:<\/strong><br \/>\n Ingrid E-M Olsson\n<strong>Telefon:<\/strong><br \/>\n +46 477 &#8211; 240 21\n\t\t\t<a href=\"https:\/\/www.getnogard.se\/de\/kontakt\/\"  target=\"_self\">\n\t\t\t\t\t\tE-Mail schreiben\n\t\t\t\t\t<\/a>\n\t<h2>Aktuelles &amp; Angebote<\/h2>\n<p>Wir informieren Euch \u00fcber News und aktuelle Angebote von Getn\u00f6 &#8211; Lake \u00c5snen Resort.<\/p>\n\n","protected":false},"excerpt":{"rendered":"<p>Neues Lavikatorpet Neugebautes Sm\u00e5land-Ferienhaus (30 m\u00b2) mit Schlafboden. Das Haus hat eine einmalige Lage direkt am Seeufer auf Getn\u00f6s Ostseite. Fantastischer Seeblick mit sch\u00f6nem Sonnenaufgang. Das Haus hat 30 m\u00b2 mit K\u00fcche, Schlafzimmer, Wohnzimmer mit Holzofen und Schlafboden, Betten und K\u00fcchenausstattung f\u00fcr 2 + 2 Personen. Solarzelle auf dem Dach f\u00fcr Innenbeleuchtung, K\u00fchlschrank und M\u00f6glichkeit [&hellip;]<\/p>\n","protected":false},"author":2,"featured_media":0,"parent":219,"menu_order":0,"comment_status":"closed","ping_status":"closed","template":"","meta":{"_acf_changed":false,"_seopress_robots_primary_cat":"","_seopress_titles_title":"","_seopress_titles_desc":"","_seopress_robots_index":"","site-sidebar-layout":"default","site-content-layout":"","ast-site-content-layout":"default","site-content-style":"default","site-sidebar-style":"default","ast-global-header-display":"","ast-banner-title-visibility":"","ast-main-header-display":"","ast-hfb-above-header-display":"","ast-hfb-below-header-display":"","ast-hfb-mobile-header-display":"","site-post-title":"","ast-breadcrumbs-content":"","ast-featured-img":"","footer-sml-layout":"","ast-disable-related-posts":"","theme-transparent-header-meta":"","adv-header-id-meta":"","stick-header-meta":"","header-above-stick-meta":"","header-main-stick-meta":"","header-below-stick-meta":"","astra-migrate-meta-layouts":"default","ast-page-background-enabled":"default","ast-page-background-meta":{"desktop":{"background-color":"var(--ast-global-color-4)","background-image":"","background-repeat":"repeat","background-position":"center center","background-size":"auto","background-attachment":"scroll","background-type":"","background-media":"","overlay-type":"","overlay-color":"","overlay-opacity":"","overlay-gradient":""},"tablet":{"background-color":"","background-image":"","background-repeat":"repeat","background-position":"center center","background-size":"auto","background-attachment":"scroll","background-type":"","background-media":"","overlay-type":"","overlay-color":"","overlay-opacity":"","overlay-gradient":""},"mobile":{"background-color":"","background-image":"","background-repeat":"repeat","background-position":"center center","background-size":"auto","background-attachment":"scroll","background-type":"","background-media":"","overlay-type":"","overlay-color":"","overlay-opacity":"","overlay-gradient":""}},"ast-content-background-meta":{"desktop":{"background-color":"var(--ast-global-color-5)","background-image":"","background-repeat":"repeat","background-position":"center center","background-size":"auto","background-attachment":"scroll","background-type":"","background-media":"","overlay-type":"","overlay-color":"","overlay-opacity":"","overlay-gradient":""},"tablet":{"background-color":"var(--ast-global-color-5)","background-image":"","background-repeat":"repeat","background-position":"center center","background-size":"auto","background-attachment":"scroll","background-type":"","background-media":"","overlay-type":"","overlay-color":"","overlay-opacity":"","overlay-gradient":""},"mobile":{"background-color":"var(--ast-global-color-5)","background-image":"","background-repeat":"repeat","background-position":"center center","background-size":"auto","background-attachment":"scroll","background-type":"","background-media":"","overlay-type":"","overlay-color":"","overlay-opacity":"","overlay-gradient":""}},"footnotes":""},"class_list":["post-522","page","type-page","status-publish","hentry"],"acf":[],"_links":{"self":[{"href":"https:\/\/www.getnogard.se\/de\/wp-json\/wp\/v2\/pages\/522","targetHints":{"allow":["GET"]}}],"collection":[{"href":"https:\/\/www.getnogard.se\/de\/wp-json\/wp\/v2\/pages"}],"about":[{"href":"https:\/\/www.getnogard.se\/de\/wp-json\/wp\/v2\/types\/page"}],"author":[{"embeddable":true,"href":"https:\/\/www.getnogard.se\/de\/wp-json\/wp\/v2\/users\/2"}],"replies":[{"embeddable":true,"href":"https:\/\/www.getnogard.se\/de\/wp-json\/wp\/v2\/comments?post=522"}],"version-history":[{"count":5,"href":"https:\/\/www.getnogard.se\/de\/wp-json\/wp\/v2\/pages\/522\/revisions"}],"predecessor-version":[{"id":8558,"href":"https:\/\/www.getnogard.se\/de\/wp-json\/wp\/v2\/pages\/522\/revisions\/8558"}],"up":[{"embeddable":true,"href":"https:\/\/www.getnogard.se\/de\/wp-json\/wp\/v2\/pages\/219"}],"wp:attachment":[{"href":"https:\/\/www.getnogard.se\/de\/wp-json\/wp\/v2\/media?parent=522"}],"curies":[{"name":"wp","href":"https:\/\/api.w.org\/{rel}","templated":true}]}}