{"id":532,"date":"2017-03-06T13:01:35","date_gmt":"2017-03-06T12:01:35","guid":{"rendered":"http:\/\/www.getnogard.de\/?page_id=532\/"},"modified":"2023-01-12T13:43:15","modified_gmt":"2023-01-12T12:43:15","slug":"vikingaborgen","status":"publish","type":"page","link":"https:\/\/www.getnogard.se\/de\/haeuser\/vikingaborgen\/","title":{"rendered":"Vikingaborgen"},"content":{"rendered":"\n\n\t\t\t\t<img loading=\"lazy\" decoding=\"async\" src=\"https:\/\/www.getnogard.se\/wp-content\/uploads\/getno_stugor_vikingaborgen_header.jpg\" alt=\"getno_stugor_vikingaborgen_header\" itemprop=\"image\" height=\"400\" width=\"1100\" title=\"getno_stugor_vikingaborgen_header\" onerror=\"this.style.display='none'\"  \/>\n<h1>\n\t\tAnglerh\u00fctte Vikingaborgen\n\t<\/h1>\n\tDie &#8222;Wikingerburg&#8220; ist eine einfacher Sportanglerh\u00fctte, die auf einem alten Steingrund errichtet wurde. Sie ist die Lieblingsh\u00fctte viele Sportangler. Die H\u00fctte befindet sich im n\u00f6rdlichen Teil Getn\u00f6s auf T\u00f6r\u00e5sviken. In unmittelbarer N\u00e4he hat man eine sch\u00f6ne Aussicht auf das westliche Ufer des \u00c5snen. Inmitten der Natur kann man hier ebenfalls besonders eindrucksvolle Sonnenunterg\u00e4nge beobachten.<br \/>\n<strong>F\u00fcr Kleinkinder ist Vikingaborgen nicht geeignet.<\/strong>\n<p>Die H\u00fctte besteht aus einem Wohnzimmer (40 m\u00b2) und einem Schlafzimmer (25 m\u00b2) mit 5 Schlafpl\u00e4tzen. Das Wohnzimmer ist einfach und robust m\u00f6bliert. Weiterhin geh\u00f6ren eine Terrasse mit Grill und Feuerstelle, ein eigener Badestrand mit Bootssteg. Trinkwasser ist zu holen unten am Hof neben der Rezeption. (2 km) Licht, Heizung, Herd und K\u00fchlschrank werden mit Gas betrieben. Drinnen befindet sich ein offener Kamin. Au\u00dferdem besitzt die H\u00fctte ein Trockenklosett und Holzschuppen.<\/p>\n\t\t\t\t<a href=\"https:\/\/www.getnogard.se\/wp-content\/uploads\/getno_stugor_vikingaborgen_01.jpg\" target=\"_self\" itemprop=\"url\" rel=\"noopener\">\n\t\t\t\t<img loading=\"lazy\" decoding=\"async\" src=\"https:\/\/www.getnogard.se\/wp-content\/uploads\/getno_stugor_vikingaborgen_01.jpg\" alt=\"getno_stugor_vikingaborgen_01\" itemprop=\"image\" height=\"374\" width=\"600\" title=\"getno_stugor_vikingaborgen_01\" onerror=\"this.style.display='none'\"  \/>\n\t\t\t\t<\/a>\n\t\t\t\t<a href=\"https:\/\/www.getnogard.se\/wp-content\/uploads\/getno_stugor_vikingaborgen_05.jpg\" target=\"_self\" itemprop=\"url\" rel=\"noopener\">\n\t\t\t\t<img loading=\"lazy\" decoding=\"async\" src=\"https:\/\/www.getnogard.se\/wp-content\/uploads\/getno_stugor_vikingaborgen_05.jpg\" alt=\"getno_stugor_vikingaborgen_05\" itemprop=\"image\" height=\"374\" width=\"600\" title=\"getno_stugor_vikingaborgen_05\" onerror=\"this.style.display='none'\"  \/>\n\t\t\t\t<\/a>\n\t\t\t\t<a href=\"https:\/\/www.getnogard.se\/wp-content\/uploads\/getno_stugor_vikingaborgen_04.jpg\" target=\"_self\" itemprop=\"url\" rel=\"noopener\">\n\t\t\t\t<img loading=\"lazy\" decoding=\"async\" src=\"https:\/\/www.getnogard.se\/wp-content\/uploads\/getno_stugor_vikingaborgen_04.jpg\" alt=\"getno_stugor_vikingaborgen_04\" itemprop=\"image\" height=\"374\" width=\"600\" title=\"getno_stugor_vikingaborgen_04\" onerror=\"this.style.display='none'\"  \/>\n\t\t\t\t<\/a>\n\t\t\t\t<a href=\"https:\/\/www.getnogard.se\/wp-content\/uploads\/getno_stugor_vikingaborgen_14.jpg\" target=\"_self\" itemprop=\"url\" rel=\"noopener\">\n\t\t\t\t<img loading=\"lazy\" decoding=\"async\" src=\"https:\/\/www.getnogard.se\/wp-content\/uploads\/getno_stugor_vikingaborgen_14.jpg\" alt=\"getno_stugor_vikingaborgen_14\" itemprop=\"image\" height=\"374\" width=\"600\" title=\"getno_stugor_vikingaborgen_14\" onerror=\"this.style.display='none'\"  \/>\n\t\t\t\t<\/a>\n\t\t\t\t<a href=\"https:\/\/www.getnogard.se\/wp-content\/uploads\/getno_stugor_vikingaborgen_10.jpg\" target=\"_self\" itemprop=\"url\" rel=\"noopener\">\n\t\t\t\t<img loading=\"lazy\" decoding=\"async\" src=\"https:\/\/www.getnogard.se\/wp-content\/uploads\/getno_stugor_vikingaborgen_10.jpg\" alt=\"getno_stugor_vikingaborgen_10\" itemprop=\"image\" height=\"374\" width=\"600\" title=\"getno_stugor_vikingaborgen_10\" onerror=\"this.style.display='none'\"  \/>\n\t\t\t\t<\/a>\n\t\t\t\t<a href=\"https:\/\/www.getnogard.se\/wp-content\/uploads\/getno_stugor_vikingaborgen_13.jpg\" target=\"_self\" itemprop=\"url\" rel=\"noopener\">\n\t\t\t\t<img loading=\"lazy\" decoding=\"async\" src=\"https:\/\/www.getnogard.se\/wp-content\/uploads\/getno_stugor_vikingaborgen_13.jpg\" alt=\"getno_stugor_vikingaborgen_13\" itemprop=\"image\" height=\"374\" width=\"600\" title=\"getno_stugor_vikingaborgen_13\" onerror=\"this.style.display='none'\"  \/>\n\t\t\t\t<\/a>\n\t\t\t\t<a href=\"https:\/\/www.getnogard.se\/wp-content\/uploads\/getno_stugor_vikingaborgen_12.jpg\" target=\"_self\" itemprop=\"url\" rel=\"noopener\">\n\t\t\t\t<img loading=\"lazy\" decoding=\"async\" src=\"https:\/\/www.getnogard.se\/wp-content\/uploads\/getno_stugor_vikingaborgen_12.jpg\" alt=\"getno_stugor_vikingaborgen_12\" itemprop=\"image\" height=\"374\" width=\"600\" title=\"getno_stugor_vikingaborgen_12\" onerror=\"this.style.display='none'\"  \/>\n\t\t\t\t<\/a>\n\t\t\t\t<a href=\"https:\/\/www.getnogard.se\/wp-content\/uploads\/getno_stugor_vikingaborgen_06.jpg\" target=\"_self\" itemprop=\"url\" rel=\"noopener\">\n\t\t\t\t<img loading=\"lazy\" decoding=\"async\" src=\"https:\/\/www.getnogard.se\/wp-content\/uploads\/getno_stugor_vikingaborgen_06.jpg\" alt=\"getno_stugor_vikingaborgen_06\" itemprop=\"image\" height=\"374\" width=\"600\" title=\"getno_stugor_vikingaborgen_06\" onerror=\"this.style.display='none'\"  \/>\n\t\t\t\t<\/a>\n\t\t\t\t<a href=\"https:\/\/www.getnogard.se\/wp-content\/uploads\/getno_stugor_vikingaborgen_11.jpg\" target=\"_self\" itemprop=\"url\" rel=\"noopener\">\n\t\t\t\t<img loading=\"lazy\" decoding=\"async\" src=\"https:\/\/www.getnogard.se\/wp-content\/uploads\/getno_stugor_vikingaborgen_11.jpg\" alt=\"getno_stugor_vikingaborgen_11\" itemprop=\"image\" height=\"374\" width=\"600\" title=\"getno_stugor_vikingaborgen_11\" onerror=\"this.style.display='none'\"  \/>\n\t\t\t\t<\/a>\n\t\t<h3>\t\n\tFakten<\/h3>\t\t\n\t\t\t<ul>\n<li>Personen:\u00a05<\/li>\n<li>Gr\u00f6\u00dfe: 60 m\u00b2<\/li>\n<li>Bemerkungen: Bootsanlegeplatz,\u00a0Gas, kein Strom<\/li>\n<li>Dieses Haus ist winterfest:\u00a0Nein<\/li>\n<li>Hunde sind in diesem Haus nach Absprache erlaubt.<\/li>\n<li>In allen H\u00e4usern darf nicht geraucht werden.<\/li>\n<\/ul>\n\t\t<h3>\t\n\tSie m\u00f6chten dieses Haus buchen?<\/h3>\t\t\n\t\t\t<strong>Ihr Ansprechpartner:<\/strong><br \/>\n Ingrid E-M Olsson\n<strong>Telefon:<\/strong><br \/>\n +46 477 &#8211; 240 21\n\t\t\t<a href=\"https:\/\/www.getnogard.se\/de\/kontakt\/\" target=\"_self\" role=\"button\" rel=\"noopener\">\n\t\t\t\t\t\tE-Mail schreiben\n\t\t\t\t\t<\/a>\n\t<h2>Aktuelles &amp; Angebote<\/h2>\n<p>Wir informieren Euch \u00fcber News und aktuelle Angebote von Getn\u00f6 &#8211; Lake \u00c5snen Resort.<\/p>\n\n","protected":false},"excerpt":{"rendered":"<p>Anglerh\u00fctte Vikingaborgen Die &#8222;Wikingerburg&#8220; ist eine einfacher Sportanglerh\u00fctte, die auf einem alten Steingrund errichtet wurde. Sie ist die Lieblingsh\u00fctte viele Sportangler. Die H\u00fctte befindet sich im n\u00f6rdlichen Teil Getn\u00f6s auf T\u00f6r\u00e5sviken. In unmittelbarer N\u00e4he hat man eine sch\u00f6ne Aussicht auf das westliche Ufer des \u00c5snen. Inmitten der Natur kann man hier ebenfalls besonders eindrucksvolle Sonnenunterg\u00e4nge [&hellip;]<\/p>\n","protected":false},"author":2,"featured_media":0,"parent":219,"menu_order":0,"comment_status":"closed","ping_status":"closed","template":"","meta":{"_acf_changed":false,"_seopress_robots_primary_cat":"","_seopress_titles_title":"","_seopress_titles_desc":"","_seopress_robots_index":"","site-sidebar-layout":"default","site-content-layout":"","ast-site-content-layout":"default","site-content-style":"default","site-sidebar-style":"default","ast-global-header-display":"","ast-banner-title-visibility":"","ast-main-header-display":"","ast-hfb-above-header-display":"","ast-hfb-below-header-display":"","ast-hfb-mobile-header-display":"","site-post-title":"","ast-breadcrumbs-content":"","ast-featured-img":"","footer-sml-layout":"","ast-disable-related-posts":"","theme-transparent-header-meta":"","adv-header-id-meta":"","stick-header-meta":"","header-above-stick-meta":"","header-main-stick-meta":"","header-below-stick-meta":"","astra-migrate-meta-layouts":"default","ast-page-background-enabled":"default","ast-page-background-meta":{"desktop":{"background-color":"var(--ast-global-color-4)","background-image":"","background-repeat":"repeat","background-position":"center center","background-size":"auto","background-attachment":"scroll","background-type":"","background-media":"","overlay-type":"","overlay-color":"","overlay-opacity":"","overlay-gradient":""},"tablet":{"background-color":"","background-image":"","background-repeat":"repeat","background-position":"center center","background-size":"auto","background-attachment":"scroll","background-type":"","background-media":"","overlay-type":"","overlay-color":"","overlay-opacity":"","overlay-gradient":""},"mobile":{"background-color":"","background-image":"","background-repeat":"repeat","background-position":"center center","background-size":"auto","background-attachment":"scroll","background-type":"","background-media":"","overlay-type":"","overlay-color":"","overlay-opacity":"","overlay-gradient":""}},"ast-content-background-meta":{"desktop":{"background-color":"var(--ast-global-color-5)","background-image":"","background-repeat":"repeat","background-position":"center center","background-size":"auto","background-attachment":"scroll","background-type":"","background-media":"","overlay-type":"","overlay-color":"","overlay-opacity":"","overlay-gradient":""},"tablet":{"background-color":"var(--ast-global-color-5)","background-image":"","background-repeat":"repeat","background-position":"center center","background-size":"auto","background-attachment":"scroll","background-type":"","background-media":"","overlay-type":"","overlay-color":"","overlay-opacity":"","overlay-gradient":""},"mobile":{"background-color":"var(--ast-global-color-5)","background-image":"","background-repeat":"repeat","background-position":"center center","background-size":"auto","background-attachment":"scroll","background-type":"","background-media":"","overlay-type":"","overlay-color":"","overlay-opacity":"","overlay-gradient":""}},"footnotes":""},"class_list":["post-532","page","type-page","status-publish","hentry"],"acf":[],"_links":{"self":[{"href":"https:\/\/www.getnogard.se\/de\/wp-json\/wp\/v2\/pages\/532","targetHints":{"allow":["GET"]}}],"collection":[{"href":"https:\/\/www.getnogard.se\/de\/wp-json\/wp\/v2\/pages"}],"about":[{"href":"https:\/\/www.getnogard.se\/de\/wp-json\/wp\/v2\/types\/page"}],"author":[{"embeddable":true,"href":"https:\/\/www.getnogard.se\/de\/wp-json\/wp\/v2\/users\/2"}],"replies":[{"embeddable":true,"href":"https:\/\/www.getnogard.se\/de\/wp-json\/wp\/v2\/comments?post=532"}],"version-history":[{"count":5,"href":"https:\/\/www.getnogard.se\/de\/wp-json\/wp\/v2\/pages\/532\/revisions"}],"predecessor-version":[{"id":4427,"href":"https:\/\/www.getnogard.se\/de\/wp-json\/wp\/v2\/pages\/532\/revisions\/4427"}],"up":[{"embeddable":true,"href":"https:\/\/www.getnogard.se\/de\/wp-json\/wp\/v2\/pages\/219"}],"wp:attachment":[{"href":"https:\/\/www.getnogard.se\/de\/wp-json\/wp\/v2\/media?parent=532"}],"curies":[{"name":"wp","href":"https:\/\/api.w.org\/{rel}","templated":true}]}}