{"id":539,"date":"2017-03-06T16:17:15","date_gmt":"2017-03-06T15:17:15","guid":{"rendered":"http:\/\/www.getnogard.de\/?page_id=539\/"},"modified":"2026-04-15T09:27:58","modified_gmt":"2026-04-15T07:27:58","slug":"karte","status":"publish","type":"page","link":"https:\/\/www.getnogard.se\/de\/naturcamping\/karte\/","title":{"rendered":"Karte"},"content":{"rendered":"\n<figure itemscope itemtype=\"https:\/\/schema.org\/ImageObject\">\n\t\t\t\t<img decoding=\"async\" src=\"https:\/\/www.getnogard.se\/wp-content\/uploads\/getno_naturcamping_header_02.jpg\" alt=\"getno_naturcamping_header_02\" height=\"400\" width=\"1100\" title=\"getno_naturcamping_header_02\" onerror=\"this.style.display='none'\" loading=\"lazy\" \/>\n\t<\/figure>\n<h1>\n\t\t\tGetn\u00f6 Naturcamping *** Karte\t<\/h1>\n<figure itemscope itemtype=\"https:\/\/schema.org\/ImageObject\">\n\t\t\t\t<img decoding=\"async\" src=\"https:\/\/www.getnogard.se\/wp-content\/uploads\/Getnoe-Karte-DE-2026-scaled.jpg\" alt=\"Getn\u00f6 Karte DE 2026\" height=\"2560\" width=\"1808\" title=\"Getn\u00f6 Karte DE 2026\" onerror=\"this.style.display='none'\" loading=\"lazy\" \/>\n\t<\/figure>\n\t\t<h3>Downloads &#038; Information<\/h3>\t\n\t<p>\u279d <a href=\"https:\/\/www.getnogard.se\/wp-content\/uploads\/bokningsvillkor_korttid_DE.pdf\" target=\"_blank\" rel=\"noopener\">Download Buchungsbedingungen<\/a> | <a href=\"https:\/\/www.getnogard.se\/wp-content\/uploads\/getno_broschyr_DE.pdf\" target=\"_blank\" rel=\"noopener\">Download Brosch\u00fcre<\/a><\/p>\n\t\t<h3>Unsere \u00d6ffnungszeiten<\/h3><p><strong>Ferienh\u00e4user: <\/strong>ganzj\u00e4hrig ge\u00f6ffnet<\/p>\n<em>F\u00fcr Service bitte folgende Nummer anrufen: 0477-24011<br \/>\nOder senden eine E-Mail an: info@getnogard.se<\/em>\n<p><strong>Camping-Saison 2026: <\/strong>1. Mai &#8211; 4. Oktober<\/p>\n<em>Der Campingplatz ist derzeit geschlossen. Wir \u00f6ffnen die Saison am 1. Mai 2026 und freuen uns darauf, Sie dann willkommen zu hei\u00dfen!<\/em>\n\t<h2>Aktuelles &amp; Angebote<\/h2>\n<p>Wir informieren Euch \u00fcber News und aktuelle Angebote von Getn\u00f6 &#8211; Lake \u00c5snen Resort.<\/p>\n\n","protected":false},"excerpt":{"rendered":"<p>Getn\u00f6 Naturcamping *** Karte Downloads &#038; Information \u279d Download Buchungsbedingungen | Download Brosch\u00fcre Unsere \u00d6ffnungszeiten Ferienh\u00e4user: ganzj\u00e4hrig ge\u00f6ffnet F\u00fcr Service bitte folgende Nummer anrufen: 0477-24011 Oder senden eine E-Mail an: info@getnogard.se Camping-Saison 2026: 1. Mai &#8211; 4. Oktober Der Campingplatz ist derzeit geschlossen. Wir \u00f6ffnen die Saison am 1. Mai 2026 und freuen uns darauf, [&hellip;]<\/p>\n","protected":false},"author":2,"featured_media":0,"parent":245,"menu_order":0,"comment_status":"closed","ping_status":"closed","template":"","meta":{"_acf_changed":false,"_seopress_robots_primary_cat":"","_seopress_titles_title":"","_seopress_titles_desc":"","_seopress_robots_index":"","site-sidebar-layout":"default","site-content-layout":"","ast-site-content-layout":"default","site-content-style":"default","site-sidebar-style":"default","ast-global-header-display":"","ast-banner-title-visibility":"","ast-main-header-display":"","ast-hfb-above-header-display":"","ast-hfb-below-header-display":"","ast-hfb-mobile-header-display":"","site-post-title":"","ast-breadcrumbs-content":"","ast-featured-img":"","footer-sml-layout":"","ast-disable-related-posts":"","theme-transparent-header-meta":"","adv-header-id-meta":"","stick-header-meta":"","header-above-stick-meta":"","header-main-stick-meta":"","header-below-stick-meta":"","astra-migrate-meta-layouts":"default","ast-page-background-enabled":"default","ast-page-background-meta":{"desktop":{"background-color":"var(--ast-global-color-4)","background-image":"","background-repeat":"repeat","background-position":"center center","background-size":"auto","background-attachment":"scroll","background-type":"","background-media":"","overlay-type":"","overlay-color":"","overlay-opacity":"","overlay-gradient":""},"tablet":{"background-color":"","background-image":"","background-repeat":"repeat","background-position":"center center","background-size":"auto","background-attachment":"scroll","background-type":"","background-media":"","overlay-type":"","overlay-color":"","overlay-opacity":"","overlay-gradient":""},"mobile":{"background-color":"","background-image":"","background-repeat":"repeat","background-position":"center center","background-size":"auto","background-attachment":"scroll","background-type":"","background-media":"","overlay-type":"","overlay-color":"","overlay-opacity":"","overlay-gradient":""}},"ast-content-background-meta":{"desktop":{"background-color":"var(--ast-global-color-5)","background-image":"","background-repeat":"repeat","background-position":"center center","background-size":"auto","background-attachment":"scroll","background-type":"","background-media":"","overlay-type":"","overlay-color":"","overlay-opacity":"","overlay-gradient":""},"tablet":{"background-color":"var(--ast-global-color-5)","background-image":"","background-repeat":"repeat","background-position":"center center","background-size":"auto","background-attachment":"scroll","background-type":"","background-media":"","overlay-type":"","overlay-color":"","overlay-opacity":"","overlay-gradient":""},"mobile":{"background-color":"var(--ast-global-color-5)","background-image":"","background-repeat":"repeat","background-position":"center center","background-size":"auto","background-attachment":"scroll","background-type":"","background-media":"","overlay-type":"","overlay-color":"","overlay-opacity":"","overlay-gradient":""}},"footnotes":""},"class_list":["post-539","page","type-page","status-publish","hentry"],"acf":[],"_links":{"self":[{"href":"https:\/\/www.getnogard.se\/de\/wp-json\/wp\/v2\/pages\/539","targetHints":{"allow":["GET"]}}],"collection":[{"href":"https:\/\/www.getnogard.se\/de\/wp-json\/wp\/v2\/pages"}],"about":[{"href":"https:\/\/www.getnogard.se\/de\/wp-json\/wp\/v2\/types\/page"}],"author":[{"embeddable":true,"href":"https:\/\/www.getnogard.se\/de\/wp-json\/wp\/v2\/users\/2"}],"replies":[{"embeddable":true,"href":"https:\/\/www.getnogard.se\/de\/wp-json\/wp\/v2\/comments?post=539"}],"version-history":[{"count":6,"href":"https:\/\/www.getnogard.se\/de\/wp-json\/wp\/v2\/pages\/539\/revisions"}],"predecessor-version":[{"id":9362,"href":"https:\/\/www.getnogard.se\/de\/wp-json\/wp\/v2\/pages\/539\/revisions\/9362"}],"up":[{"embeddable":true,"href":"https:\/\/www.getnogard.se\/de\/wp-json\/wp\/v2\/pages\/245"}],"wp:attachment":[{"href":"https:\/\/www.getnogard.se\/de\/wp-json\/wp\/v2\/media?parent=539"}],"curies":[{"name":"wp","href":"https:\/\/api.w.org\/{rel}","templated":true}]}}