{"id":5440,"date":"2025-06-28T12:17:52","date_gmt":"2025-06-28T10:17:52","guid":{"rendered":"https:\/\/www.getnogard.se\/?page_id=5440"},"modified":"2025-08-24T16:33:14","modified_gmt":"2025-08-24T14:33:14","slug":"anfrage","status":"publish","type":"page","link":"https:\/\/www.getnogard.se\/de\/anfrage\/","title":{"rendered":"Anfrage"},"content":{"rendered":"\n\n\t\t\t\t<img decoding=\"async\" src=\"https:\/\/www.getnogard.se\/wp-content\/uploads\/header_1100x400_01.jpg\" alt=\"header_1100x400_01\" itemprop=\"image\" height=\"400\" width=\"1100\" title=\"header_1100x400_01\" onerror=\"this.style.display='none'\" loading=\"lazy\" \/>\n<h1>\n\t\t\tAnfrage\t<\/h1>\n<h4>\n\t\t\tGeben Sie bei Buchungsanfragen bitte Ihre vollst\u00e4ndige Adresse mit an.\t<\/h4>\n\t<div class=\"frm_forms  with_frm_style frm_style_formidable-style\" id=\"frm_form_13_container\" >\n<form enctype=\"multipart\/form-data\" method=\"post\" class=\"frm-show-form  frm_pro_form \" id=\"form_contact222\" >\n<div class=\"frm_form_fields \">\n<fieldset>\n<legend class=\"frm_hidden\">Request DE<\/legend>\r\n\r\n<div class=\"frm_fields_container\">\n<input type=\"hidden\" name=\"frm_action\" value=\"create\" \/>\n<input type=\"hidden\" name=\"form_id\" value=\"13\" \/>\n<input type=\"hidden\" name=\"frm_hide_fields_13\" id=\"frm_hide_fields_13\" value=\"\" \/>\n<input type=\"hidden\" name=\"form_key\" value=\"contact222\" \/>\n<input type=\"hidden\" name=\"item_meta[0]\" value=\"\" \/>\n<input type=\"hidden\" id=\"frm_submit_entry_13\" name=\"frm_submit_entry_13\" value=\"7eabd8c518\" \/><input type=\"hidden\" name=\"_wp_http_referer\" value=\"\/de\/wp-json\/wp\/v2\/pages\/5440\" \/><div id=\"frm_field_127_container\" class=\"frm_form_field form-field  frm_required_field frm_top_container frm_first frm_half\">\r\n    <label for=\"field_qh4icy32\" class=\"frm_primary_label\">Vorname\r\n        <span class=\"frm_required\">*<\/span>\r\n    <\/label>\r\n    <input  type=\"text\" id=\"field_qh4icy32\" name=\"item_meta[127]\" value=\"\"  data-reqmsg=\"Dieses Feld darf nicht leer sein.\" aria-required=\"true\" data-invmsg=\"Vorname ist ung\u00fcltig\" aria-invalid=\"false\"   \/>\r\n    \r\n    \r\n<\/div>\n<div id=\"frm_field_128_container\" class=\"frm_form_field form-field  frm_required_field frm_top_container frm_half\">\r\n    <label for=\"field_ocfup132\" class=\"frm_primary_label\">Nachname\r\n        <span class=\"frm_required\">*<\/span>\r\n    <\/label>\r\n    <input  type=\"text\" id=\"field_ocfup132\" name=\"item_meta[128]\" value=\"\"  data-reqmsg=\"Dieses Feld darf nicht leer sein.\" aria-required=\"true\" data-invmsg=\"Nachname ist ung\u00fcltig\" aria-invalid=\"false\"   \/>\r\n    \r\n    \r\n<\/div>\n<div id=\"frm_field_129_container\" class=\"frm_form_field form-field  frm_required_field frm_top_container frm_full\">\r\n    <label for=\"field_29yf4d32\" class=\"frm_primary_label\">E-Mail\r\n        <span class=\"frm_required\">*<\/span>\r\n    <\/label>\r\n    <input type=\"email\" id=\"field_29yf4d32\" name=\"item_meta[129]\" value=\"\"  data-reqmsg=\"Dieses Feld darf nicht leer sein.\" aria-required=\"true\" data-invmsg=\"Please enter a valid email address\" aria-invalid=\"false\"  \/>\r\n    \r\n    \r\n<\/div>\n<div id=\"frm_field_130_container\" class=\"frm_form_field form-field  frm_top_container frm_full\">\r\n    <label for=\"field_s33h75\" class=\"frm_primary_label\">Telefon\r\n        <span class=\"frm_required\"><\/span>\r\n    <\/label>\r\n    <input  type=\"text\" id=\"field_s33h75\" name=\"item_meta[130]\" value=\"\"  data-invmsg=\"Telefon ist ung\u00fcltig\" aria-invalid=\"false\"   \/>\r\n    \r\n    \r\n<\/div>\n<div id=\"frm_field_131_container\" class=\"frm_form_field form-field  frm_required_field frm_top_container\">\r\n    <label for=\"field_v6ons5\" class=\"frm_primary_label\">Thema Ihrer Anfrage\r\n        <span class=\"frm_required\">*<\/span>\r\n    <\/label>\r\n    \t\t<select name=\"item_meta[131]\" id=\"field_v6ons5\"  data-placeholder=\"Bitte ausw\u00e4hlen...\"  placeholder=\"Bitte ausw\u00e4hlen...\" data-reqmsg=\"Dieses Feld darf nicht leer sein.\" aria-required=\"true\" data-invmsg=\"Thema Ihrer Anfrage ist ung\u00fcltig\" aria-invalid=\"false\"  >\n\t\t<option  class=\"frm-select-placeholder\" value=\"\" data-placeholder=\"true\">Bitte ausw\u00e4hlen...<\/option><option  value=\"Camping\">Camping<\/option><option  value=\"H\u00e4user\">H\u00e4user<\/option><option  value=\"Aktivit\u00e4ten\">Aktivit\u00e4ten<\/option><option  value=\"Konferenzen \/ Gruppen\">Konferenzen \/ Gruppen<\/option><option  value=\"sonstiges\">sonstiges<\/option>\t<\/select>\n\t\r\n    \r\n    \r\n<\/div>\n<div id=\"frm_field_136_container\" class=\"frm_form_field form-field  frm_required_field frm_top_container frm_full\">\r\n    <label for=\"field_szato\" class=\"frm_primary_label\">Vollst\u00e4ndige Adresse\r\n        <span class=\"frm_required\">*<\/span>\r\n    <\/label>\r\n    <textarea name=\"item_meta[136]\" id=\"field_szato\" rows=\"5\"  data-reqmsg=\"Dieses Feld darf nicht leer sein.\" aria-required=\"true\" data-invmsg=\"Vollst\u00e4ndige Adresse ist ung\u00fcltig\" aria-invalid=\"false\"  ><\/textarea>\r\n    \r\n    \r\n<\/div>\n<div id=\"frm_field_132_container\" class=\"frm_form_field form-field  frm_required_field frm_top_container frm_full\">\r\n    <label for=\"field_9jv0r132\" class=\"frm_primary_label\">Ihre Nachricht\r\n        <span class=\"frm_required\">*<\/span>\r\n    <\/label>\r\n    <textarea name=\"item_meta[132]\" id=\"field_9jv0r132\" rows=\"5\"  data-reqmsg=\"Dieses Feld darf nicht leer sein.\" aria-required=\"true\" data-invmsg=\"Ihre Nachricht ist ung\u00fcltig\" aria-invalid=\"false\"  ><\/textarea>\r\n    \r\n    \r\n<\/div>\n<div id=\"frm_field_133_container\" class=\"frm_form_field form-field  frm_none_container\">\r\n    <label for=\"g-recaptcha-response\" class=\"frm_primary_label\">Captcha\r\n        <span class=\"frm_required\"><\/span>\r\n    <\/label>\r\n    <div  id=\"field_62n6q332\" class=\"g-recaptcha\" data-sitekey=\"6LfHmSIUAAAAADmo2oo996LsjvlZYp8SFsZW1vhl\" data-size=\"normal\" data-theme=\"light\"><\/div>\r\n    \r\n    \r\n<\/div>\n\t\t<input  type=\"hidden\" name=\"item_meta[134]\" id=\"field_rvenp5\" value=\"[get_current_language]\"  data-frmval=\"[get_current_language]\"   \/>\n\t\t<div id=\"frm_field_135_container\" class=\"frm_form_field form-field \">\r\n\t<div class=\"frm_submit\">\r\n\r\n<input type=\"submit\" value=\"Anfrage absenden\"  class=\"frm_final_submit\" formnovalidate=\"formnovalidate\" \/>\r\n<img decoding=\"async\" class=\"frm_ajax_loading\" src=\"https:\/\/www.getnogard.se\/wp-content\/plugins\/formidable\/images\/ajax_loader.gif\" alt=\"Wird gesendet\"\/>\r\n\r\n<\/div>\r\n<\/div>\n\t<input type=\"hidden\" name=\"item_key\" value=\"\" \/>\n\t\t\t<div id=\"frm_field_148_container\">\n\t\t\t<label for=\"field_p68ic\" >\n\t\t\t\tFalls Du menschlich bist, lasse dieses Feld leer.\t\t\t<\/label>\n\t\t\t<input  id=\"field_p68ic\" type=\"text\" class=\"frm_form_field form-field frm_verify\" name=\"item_meta[148]\" value=\"\"  \/>\n\t\t<\/div>\n\t\t<input name=\"frm_state\" type=\"hidden\" value=\"36zOLu+HRRiK3ZFOr1WZ9eooPhXtK4Vi2iPRHDe5AnFOxXikIpkuZX+GQKEotJsd\" \/><\/div>\n<\/fieldset>\n<\/div>\n\n<\/form>\n<\/div>\n\n\t<p><strong>Getn\u00f6 G\u00e5rd AB<\/strong><\/p>\nIngrid E-M Olsson<br \/>\nManaging Director\nS-362 96 Ryd \/ Sm\u00e5land<br \/>\nSchweden\n<p>Tel: +46 477 &#8211; 240 11 \/ 21<\/p>\n\t<p><strong>Downloads<\/strong><\/p>\n<ul>\n<li><a href=\"https:\/\/www.getnogard.se\/wp-content\/uploads\/getno_broschyr_DE.pdf\" target=\"_blank\" rel=\"noopener\">Getn\u00f6 Brosch\u00fcre<\/a><\/li>\n<li><a href=\"https:\/\/www.getnogard.se\/wp-content\/uploads\/getno_camping_prislista_DE.pdf\" target=\"_blank\" rel=\"noopener\">Preisliste Camping<\/a><\/li>\n<li><a href=\"https:\/\/www.getnogard.se\/wp-content\/uploads\/getno_stugor_prislista_DE.pdf\" target=\"_blank\" rel=\"noopener\">Preisliste Ferienh\u00e4user<\/a><\/li>\n<li><a href=\"https:\/\/www.getnogard.se\/wp-content\/uploads\/getno_kanotsafari_prislista_DE.pdf\" target=\"_blank\" rel=\"noopener\">Preisliste Kanusafari<\/a><\/li>\n<li><a href=\"https:\/\/www.getnogard.se\/wp-content\/uploads\/getno_avtalsvillkor_DE.pdf\" target=\"_blank\" rel=\"noopener\">Gesch\u00e4ftsbedingungen<\/a><\/li>\n<li><a href=\"https:\/\/www.getnogard.se\/wp-content\/uploads\/map_destination_asnen.pdf\" target=\"_blank\" rel=\"noopener\">Map Destination \u00c5snen<\/a><\/li>\n<li><a href=\"https:\/\/www.getnogard.se\/wp-content\/uploads\/getno_map_rules.pdf\" target=\"_blank\" rel=\"noopener\">Karte Getn\u00f6 G\u00e5rd<\/a><\/li>\n<\/ul>\n\t\t\t\t<a href=\"https:\/\/www.getnogard.se\/stugor\/\" target=\"_self\" itemprop=\"url\" rel=\"noopener\">\n\t\t\t\t<img decoding=\"async\" src=\"https:\/\/www.getnogard.se\/wp-content\/uploads\/bb-plugin\/cache\/getno_stugor_aelgen_02-landscape-5c153e8b2c8a4fed009b0b017420fd19-.jpg\" alt=\"getno_stugor_aelgen_02\" itemprop=\"image\" height=\"374\" width=\"600\" title=\"getno_stugor_aelgen_02\" onerror=\"this.style.display='none'\" loading=\"lazy\" \/>\n\t\t\t\t<\/a>\n<h3><a href=\"https:\/\/www.getnogard.se\/stugor\/\" target=\"_self\" rel=\"noopener\">H\u00e4user<\/a><\/h3>\t\n\t\t\t\t<a href=\"https:\/\/www.getnogard.se\/aktiviteter\/\" target=\"_self\" itemprop=\"url\" rel=\"noopener\">\n\t\t\t\t<img decoding=\"async\" src=\"https:\/\/www.getnogard.se\/wp-content\/uploads\/bb-plugin\/cache\/teaser-kajak-01-landscape-281dbb851a1b3a1577736bd86f75a6c4-.jpg\" alt=\"teaser-kajak-01\" itemprop=\"image\" height=\"374\" width=\"600\" title=\"teaser-kajak-01\" onerror=\"this.style.display='none'\" loading=\"lazy\" \/>\n\t\t\t\t<\/a>\n<h3><a href=\"https:\/\/www.getnogard.se\/aktiviteter\/\" target=\"_self\" rel=\"noopener\">Aktivit\u00e4ten<\/a><\/h3>\t\n\t\t\t\t<a href=\"https:\/\/www.getnogard.se\/konferenser\/\" target=\"_self\" itemprop=\"url\" rel=\"noopener\">\n\t\t\t\t<img decoding=\"async\" src=\"https:\/\/www.getnogard.se\/wp-content\/uploads\/bb-plugin\/cache\/teaser-konferens-01-landscape-2ac6116a2b3059775360a95cfc0ebfda-.jpg\" alt=\"teaser-konferens-01\" itemprop=\"image\" height=\"374\" width=\"600\" title=\"teaser-konferens-01\" onerror=\"this.style.display='none'\" loading=\"lazy\" \/>\n\t\t\t\t<\/a>\n<h3><a href=\"https:\/\/www.getnogard.se\/konferenser\/\" target=\"_self\" rel=\"noopener\">Konferenzen<\/a><\/h3>\t\n\t<h2>Aktuelles &amp; Angebote<\/h2>\n<p>Wir informieren Euch \u00fcber News und aktuelle Angebote von Getn\u00f6 &#8211; Lake \u00c5snen Resort.<\/p>\n\n","protected":false},"excerpt":{"rendered":"<p>Anfrage Geben Sie bei Buchungsanfragen bitte Ihre vollst\u00e4ndige Adresse mit an. Getn\u00f6 G\u00e5rd AB Ingrid E-M Olsson Managing Director S-362 96 Ryd \/ Sm\u00e5land Schweden Tel: +46 477 &#8211; 240 11 \/ 21 Downloads Getn\u00f6 Brosch\u00fcre Preisliste Camping Preisliste Ferienh\u00e4user Preisliste Kanusafari Gesch\u00e4ftsbedingungen Map Destination \u00c5snen Karte Getn\u00f6 G\u00e5rd H\u00e4user Aktivit\u00e4ten Konferenzen Aktuelles &amp; Angebote [&hellip;]<\/p>\n","protected":false},"author":2,"featured_media":0,"parent":0,"menu_order":0,"comment_status":"closed","ping_status":"closed","template":"","meta":{"_acf_changed":false,"_seopress_robots_primary_cat":"","_seopress_titles_title":"","_seopress_titles_desc":"","_seopress_robots_index":"","site-sidebar-layout":"default","site-content-layout":"","ast-site-content-layout":"default","site-content-style":"default","site-sidebar-style":"default","ast-global-header-display":"","ast-banner-title-visibility":"","ast-main-header-display":"","ast-hfb-above-header-display":"","ast-hfb-below-header-display":"","ast-hfb-mobile-header-display":"","site-post-title":"","ast-breadcrumbs-content":"","ast-featured-img":"","footer-sml-layout":"","ast-disable-related-posts":"","theme-transparent-header-meta":"default","adv-header-id-meta":"","stick-header-meta":"","header-above-stick-meta":"","header-main-stick-meta":"","header-below-stick-meta":"","astra-migrate-meta-layouts":"set","ast-page-background-enabled":"default","ast-page-background-meta":{"desktop":{"background-color":"var(--ast-global-color-4)","background-image":"","background-repeat":"repeat","background-position":"center center","background-size":"auto","background-attachment":"scroll","background-type":"","background-media":"","overlay-type":"","overlay-color":"","overlay-opacity":"","overlay-gradient":""},"tablet":{"background-color":"","background-image":"","background-repeat":"repeat","background-position":"center center","background-size":"auto","background-attachment":"scroll","background-type":"","background-media":"","overlay-type":"","overlay-color":"","overlay-opacity":"","overlay-gradient":""},"mobile":{"background-color":"","background-image":"","background-repeat":"repeat","background-position":"center center","background-size":"auto","background-attachment":"scroll","background-type":"","background-media":"","overlay-type":"","overlay-color":"","overlay-opacity":"","overlay-gradient":""}},"ast-content-background-meta":{"desktop":{"background-color":"var(--ast-global-color-5)","background-image":"","background-repeat":"repeat","background-position":"center center","background-size":"auto","background-attachment":"scroll","background-type":"","background-media":"","overlay-type":"","overlay-color":"","overlay-opacity":"","overlay-gradient":""},"tablet":{"background-color":"var(--ast-global-color-5)","background-image":"","background-repeat":"repeat","background-position":"center center","background-size":"auto","background-attachment":"scroll","background-type":"","background-media":"","overlay-type":"","overlay-color":"","overlay-opacity":"","overlay-gradient":""},"mobile":{"background-color":"var(--ast-global-color-5)","background-image":"","background-repeat":"repeat","background-position":"center center","background-size":"auto","background-attachment":"scroll","background-type":"","background-media":"","overlay-type":"","overlay-color":"","overlay-opacity":"","overlay-gradient":""}},"footnotes":""},"class_list":["post-5440","page","type-page","status-publish","hentry"],"acf":[],"_links":{"self":[{"href":"https:\/\/www.getnogard.se\/de\/wp-json\/wp\/v2\/pages\/5440","targetHints":{"allow":["GET"]}}],"collection":[{"href":"https:\/\/www.getnogard.se\/de\/wp-json\/wp\/v2\/pages"}],"about":[{"href":"https:\/\/www.getnogard.se\/de\/wp-json\/wp\/v2\/types\/page"}],"author":[{"embeddable":true,"href":"https:\/\/www.getnogard.se\/de\/wp-json\/wp\/v2\/users\/2"}],"replies":[{"embeddable":true,"href":"https:\/\/www.getnogard.se\/de\/wp-json\/wp\/v2\/comments?post=5440"}],"version-history":[{"count":4,"href":"https:\/\/www.getnogard.se\/de\/wp-json\/wp\/v2\/pages\/5440\/revisions"}],"predecessor-version":[{"id":5500,"href":"https:\/\/www.getnogard.se\/de\/wp-json\/wp\/v2\/pages\/5440\/revisions\/5500"}],"wp:attachment":[{"href":"https:\/\/www.getnogard.se\/de\/wp-json\/wp\/v2\/media?parent=5440"}],"curies":[{"name":"wp","href":"https:\/\/api.w.org\/{rel}","templated":true}]}}