{"id":7129,"date":"2026-02-11T15:12:57","date_gmt":"2026-02-11T14:12:57","guid":{"rendered":"https:\/\/www.getnogard.se\/?page_id=7129"},"modified":"2026-02-11T15:37:52","modified_gmt":"2026-02-11T14:37:52","slug":"holzbeheizte-sauna","status":"publish","type":"page","link":"https:\/\/www.getnogard.se\/de\/holzbeheizte-sauna\/","title":{"rendered":"Holzbeheizte Sauna"},"content":{"rendered":"\n<figure itemscope itemtype=\"https:\/\/schema.org\/ImageObject\">\n\t\t\t\t<img decoding=\"async\" src=\"https:\/\/www.getnogard.se\/wp-content\/uploads\/Bastu-Getno.jpg\" alt=\"Untitled design - 1\" height=\"550\" width=\"1100\" title=\"Untitled design - 1\" onerror=\"this.style.display='none'\" loading=\"lazy\" \/>\n\t<\/figure>\n\t<h2>Genie\u00dfen Sie eine holzbefeuerte Sauna am \u00c5snen-See als Gast bei Getn\u00f6<\/h2>\n\tAls Gast bei Getn\u00f6 G\u00e5rd haben Sie die M\u00f6glichkeit, ein wunderbares Saunaerlebnis zu genie\u00dfen. Ob Sie sich in einer traditionellen holzbefeuerten Sauna mit kompletter Privatsph\u00e4re am See entspannen m\u00f6chten oder lieber eine mobile Sauna bevorzugen, die an Ihrer H\u00fctte, Ihrem Campingplatz oder direkt am Wasser aufgestellt werden kann, wir haben die perfekte L\u00f6sung.\nNach einem Tag voller Wanderungen im Nationalpark, Kanufahrten oder Angeln gibt es nur wenige Dinge, die das Gef\u00fchl von W\u00e4rme, Ruhe und vollst\u00e4ndiger Entspannung in einer Sauna \u00fcbertreffen. Es ist ein Moment nur f\u00fcr Sie, in dem Sie einfach sein und die Stille und Gelassenheit genie\u00dfen k\u00f6nnen.\n<h3 data-start=\"801\" data-end=\"824\">Ihr Saunaerlebnis<\/h3>\nWir sorgen daf\u00fcr, dass die Sauna bei Ihrer Ankunft wunderbar warm ist, bereit f\u00fcr Sie, um in die W\u00e4rme einzutauchen und Ihr Entspannungsritual zu beginnen. Die sanfte W\u00e4rme, kombiniert mit dem Duft von Holz und der friedlichen Umgebung am See, macht jede Minute zu etwas Magischem.\nOb Sie alleine, als Paar, mit der Familie oder mit engen Freunden kommen, unsere Sauna bietet einen Moment v\u00f6lliger Ruhe und reiner Freude, mitten in der sch\u00f6nen Natur von Sm\u00e5land. Mit der mobilen Sauna k\u00f6nnen Sie diesen Luxus au\u00dferdem direkt an Ihrer H\u00fctte oder Ihrem Campingplatz erleben und eine pers\u00f6nliche, exklusive Saunastunde ganz nach Ihren W\u00fcnschen gestalten.\n<h5 data-start=\"1485\" data-end=\"1504\">Gut zu wissen<\/h5>\n<ul>\n<li data-start=\"1485\" data-end=\"1504\">Zwei Saunen verf\u00fcgbar:<br \/>\nFeste Sauna am See &#8211; 700 SEK f\u00fcr 3 Stunden<br \/>\nMobile Sauna &#8211; 1600 SEK f\u00fcr einen Nachmittag oder Abend<\/li>\n<li data-start=\"1485\" data-end=\"1504\">Buchung: \u00fcber die Rezeption<\/li>\n<li data-start=\"1485\" data-end=\"1504\">Hochsaison-Zeitslots:<br \/>\n12:00 | 15:00 | 18:00<\/li>\n<li data-start=\"1485\" data-end=\"1504\">Personenzahl: 1 &#8211; 6<\/li>\n<li data-start=\"1485\" data-end=\"1504\">Bringen Sie bitte Ihr eigenes Handtuch mit<\/li>\n<\/ul>\n\t<h2>Kommen Sie und genie\u00dfen Sie W\u00e4rme, Natur und Ruhe,<br \/>\nIhr Moment des Wohlbefindens erwartet Sie.<\/h2>\n\t<h3>Feste Sauna mit vollst\u00e4ndiger Privatsph\u00e4re am See<\/h3>\n<figure itemscope itemtype=\"https:\/\/schema.org\/ImageObject\">\n\t\t\t\t<img decoding=\"async\" src=\"https:\/\/www.getnogard.se\/wp-content\/uploads\/Bastu6.jpg\" alt=\"Bastu6\" height=\"1200\" width=\"1600\" title=\"Bastu6\" onerror=\"this.style.display='none'\" loading=\"lazy\" \/>\n\t<\/figure>\n<figure itemscope itemtype=\"https:\/\/schema.org\/ImageObject\">\n\t\t\t\t<img decoding=\"async\" src=\"https:\/\/www.getnogard.se\/wp-content\/uploads\/Bastu-4.png\" alt=\"Bastu 4\" height=\"320\" width=\"374\" title=\"Bastu 4\" onerror=\"this.style.display='none'\" loading=\"lazy\" \/>\n\t<\/figure>\n<figure itemscope itemtype=\"https:\/\/schema.org\/ImageObject\">\n\t\t\t\t<img decoding=\"async\" src=\"https:\/\/www.getnogard.se\/wp-content\/uploads\/Vedeldad-bastu.jpg\" alt=\"Vedeldad bastu\" height=\"1024\" width=\"768\" title=\"Vedeldad bastu\" onerror=\"this.style.display='none'\" loading=\"lazy\" \/>\n\t<\/figure>\n<figure itemscope itemtype=\"https:\/\/schema.org\/ImageObject\">\n\t\t\t\t<img decoding=\"async\" src=\"https:\/\/www.getnogard.se\/wp-content\/uploads\/Getno-Insta-posts-6.jpg\" alt=\"Getn\u00f6 Insta posts-6\" height=\"1350\" width=\"1080\" title=\"Getn\u00f6 Insta posts-6\" onerror=\"this.style.display='none'\" loading=\"lazy\" \/>\n\t<\/figure>\n\t<h3>Mobile Sauna an Ihrer H\u00fctte, Ihrem Campingplatz oder am See<\/h3>\n<figure itemscope itemtype=\"https:\/\/schema.org\/ImageObject\">\n\t\t\t\t<img decoding=\"async\" src=\"https:\/\/www.getnogard.se\/wp-content\/uploads\/Bastu3.png\" alt=\"Bastu3\" height=\"270\" width=\"482\" title=\"Bastu3\" onerror=\"this.style.display='none'\" loading=\"lazy\" \/>\n\t<\/figure>\n<figure itemscope itemtype=\"https:\/\/schema.org\/ImageObject\">\n\t\t\t\t<img decoding=\"async\" src=\"https:\/\/www.getnogard.se\/wp-content\/uploads\/Bastu2-3-scaled.jpg\" alt=\"Bastu2\" height=\"1920\" width=\"2560\" title=\"Bastu2\" onerror=\"this.style.display='none'\" loading=\"lazy\" \/>\n\t<\/figure>\n<figure itemscope itemtype=\"https:\/\/schema.org\/ImageObject\">\n\t\t\t\t<img decoding=\"async\" src=\"https:\/\/www.getnogard.se\/wp-content\/uploads\/Vedeldad-bastu-pa-Campingen-nr.-116-scaled.jpg\" alt=\"Vedeldad bastu p\u00e5 Campingen nr. 116\" height=\"1920\" width=\"2560\" title=\"Vedeldad bastu p\u00e5 Campingen nr. 116\" onerror=\"this.style.display='none'\" loading=\"lazy\" \/>\n\t<\/figure>\n<figure itemscope itemtype=\"https:\/\/schema.org\/ImageObject\">\n\t\t\t\t<img decoding=\"async\" src=\"https:\/\/www.getnogard.se\/wp-content\/uploads\/Bastu1-3-scaled.jpg\" alt=\"Bastu1\" height=\"1920\" width=\"2560\" title=\"Bastu1\" onerror=\"this.style.display='none'\" loading=\"lazy\" \/>\n\t<\/figure>\n<figure itemscope itemtype=\"https:\/\/schema.org\/ImageObject\">\n\t\t\t\t<img decoding=\"async\" src=\"https:\/\/www.getnogard.se\/wp-content\/plugins\/bb-plugin\/img\/pixel.png\" alt=\"\" onerror=\"this.style.display='none'\" loading=\"lazy\" \/>\n\t<\/figure>\n\n","protected":false},"excerpt":{"rendered":"<p>Genie\u00dfen Sie eine holzbefeuerte Sauna am \u00c5snen-See als Gast bei Getn\u00f6 Als Gast bei Getn\u00f6 G\u00e5rd haben Sie die M\u00f6glichkeit, ein wunderbares Saunaerlebnis zu genie\u00dfen. Ob Sie sich in einer traditionellen holzbefeuerten Sauna mit kompletter Privatsph\u00e4re am See entspannen m\u00f6chten oder lieber eine mobile Sauna bevorzugen, die an Ihrer H\u00fctte, Ihrem Campingplatz oder direkt am [&hellip;]<\/p>\n","protected":false},"author":2,"featured_media":0,"parent":0,"menu_order":0,"comment_status":"closed","ping_status":"closed","template":"","meta":{"_acf_changed":false,"_seopress_robots_primary_cat":"","_seopress_titles_title":"","_seopress_titles_desc":"Als Gast auf Getn\u00f6 G\u00e5rd k\u00f6nnen Sie die holzbeheizte Sauna am \u00c5snen-See genie\u00dfen. Entspannung in der Natur mit einem Bad im See und wohltuender Ruhe erwartet Sie.","_seopress_robots_index":"","_seopress_analysis_target_kw":"","site-sidebar-layout":"default","site-content-layout":"","ast-site-content-layout":"default","site-content-style":"default","site-sidebar-style":"default","ast-global-header-display":"","ast-banner-title-visibility":"","ast-main-header-display":"","ast-hfb-above-header-display":"","ast-hfb-below-header-display":"","ast-hfb-mobile-header-display":"","site-post-title":"","ast-breadcrumbs-content":"","ast-featured-img":"","footer-sml-layout":"","ast-disable-related-posts":"","theme-transparent-header-meta":"default","adv-header-id-meta":"","stick-header-meta":"","header-above-stick-meta":"","header-main-stick-meta":"","header-below-stick-meta":"","astra-migrate-meta-layouts":"set","ast-page-background-enabled":"default","ast-page-background-meta":{"desktop":{"background-color":"var(--ast-global-color-4)","background-image":"","background-repeat":"repeat","background-position":"center center","background-size":"auto","background-attachment":"scroll","background-type":"","background-media":"","overlay-type":"","overlay-color":"","overlay-opacity":"","overlay-gradient":""},"tablet":{"background-color":"","background-image":"","background-repeat":"repeat","background-position":"center center","background-size":"auto","background-attachment":"scroll","background-type":"","background-media":"","overlay-type":"","overlay-color":"","overlay-opacity":"","overlay-gradient":""},"mobile":{"background-color":"","background-image":"","background-repeat":"repeat","background-position":"center center","background-size":"auto","background-attachment":"scroll","background-type":"","background-media":"","overlay-type":"","overlay-color":"","overlay-opacity":"","overlay-gradient":""}},"ast-content-background-meta":{"desktop":{"background-color":"var(--ast-global-color-5)","background-image":"","background-repeat":"repeat","background-position":"center center","background-size":"auto","background-attachment":"scroll","background-type":"","background-media":"","overlay-type":"","overlay-color":"","overlay-opacity":"","overlay-gradient":""},"tablet":{"background-color":"var(--ast-global-color-5)","background-image":"","background-repeat":"repeat","background-position":"center center","background-size":"auto","background-attachment":"scroll","background-type":"","background-media":"","overlay-type":"","overlay-color":"","overlay-opacity":"","overlay-gradient":""},"mobile":{"background-color":"var(--ast-global-color-5)","background-image":"","background-repeat":"repeat","background-position":"center center","background-size":"auto","background-attachment":"scroll","background-type":"","background-media":"","overlay-type":"","overlay-color":"","overlay-opacity":"","overlay-gradient":""}},"footnotes":""},"class_list":["post-7129","page","type-page","status-publish","hentry"],"acf":[],"_links":{"self":[{"href":"https:\/\/www.getnogard.se\/de\/wp-json\/wp\/v2\/pages\/7129","targetHints":{"allow":["GET"]}}],"collection":[{"href":"https:\/\/www.getnogard.se\/de\/wp-json\/wp\/v2\/pages"}],"about":[{"href":"https:\/\/www.getnogard.se\/de\/wp-json\/wp\/v2\/types\/page"}],"author":[{"embeddable":true,"href":"https:\/\/www.getnogard.se\/de\/wp-json\/wp\/v2\/users\/2"}],"replies":[{"embeddable":true,"href":"https:\/\/www.getnogard.se\/de\/wp-json\/wp\/v2\/comments?post=7129"}],"version-history":[{"count":5,"href":"https:\/\/www.getnogard.se\/de\/wp-json\/wp\/v2\/pages\/7129\/revisions"}],"predecessor-version":[{"id":7156,"href":"https:\/\/www.getnogard.se\/de\/wp-json\/wp\/v2\/pages\/7129\/revisions\/7156"}],"wp:attachment":[{"href":"https:\/\/www.getnogard.se\/de\/wp-json\/wp\/v2\/media?parent=7129"}],"curies":[{"name":"wp","href":"https:\/\/api.w.org\/{rel}","templated":true}]}}