{"id":717,"date":"2017-03-09T13:11:17","date_gmt":"2017-03-09T12:11:17","guid":{"rendered":"http:\/\/www.getnogard.de\/?page_id=717\/"},"modified":"2017-03-09T13:15:04","modified_gmt":"2017-03-09T12:15:04","slug":"arbeiten-auf-getnoe","status":"publish","type":"page","link":"https:\/\/www.getnogard.se\/de\/ueber-uns\/arbeiten-auf-getnoe\/","title":{"rendered":"Arbeiten auf Getn\u00f6"},"content":{"rendered":"<p>\t\t\t\t<img decoding=\"async\" src=\"https:\/\/www.getnogard.se\/wp-content\/uploads\/header_1100x400_01.jpg\" alt=\"header_1100x400_01\" itemprop=\"image\"  \/><\/p>\n<h1>\n\t\tWillst Du auf Getn\u00f6 arbeiten?<br \/>\n\t<\/h1>\n<p style=\"text-align: center;\">Du liebst die Natur, bist ein Teamplayer und arbeitest gerne mit Menschen aus verschiedenen europ\u00e4ischen L\u00e4ndern zusammen? Wir suchen Personal gerade f\u00fcr die Zeit der Hauptsaison zwischen Mai und September. Wenn Du Dich angesprochen f\u00fchlst, so sende uns Deine aussagekr\u00e4ftige Bewerbung. Wir freuen uns von Dir zu h\u00f6ren!<\/p>\n<h2 style=\"text-align: center;\">Aktuelles &amp; Angebote<\/h2>\n<p style=\"text-align: center;\">Wir informieren Euch \u00fcber News und aktuelle Angebote von Getn\u00f6 &#8211; Lake \u00c5snen Resort.<\/p>\n","protected":false},"excerpt":{"rendered":"<p>Willst Du auf Getn\u00f6 arbeiten? Du liebst die Natur, bist ein Teamplayer und arbeitest gerne mit Menschen aus verschiedenen europ\u00e4ischen L\u00e4ndern zusammen? Wir suchen Personal gerade f\u00fcr die Zeit der Hauptsaison zwischen Mai und September. Wenn Du Dich angesprochen f\u00fchlst, so sende uns Deine aussagekr\u00e4ftige Bewerbung. Wir freuen uns von Dir zu h\u00f6ren! Aktuelles &amp; [&hellip;]<\/p>\n","protected":false},"author":2,"featured_media":0,"parent":266,"menu_order":0,"comment_status":"closed","ping_status":"closed","template":"","meta":{"_acf_changed":false,"_seopress_robots_primary_cat":"","_seopress_titles_title":"","_seopress_titles_desc":"","_seopress_robots_index":"","site-sidebar-layout":"default","site-content-layout":"","ast-site-content-layout":"default","site-content-style":"default","site-sidebar-style":"default","ast-global-header-display":"","ast-banner-title-visibility":"","ast-main-header-display":"","ast-hfb-above-header-display":"","ast-hfb-below-header-display":"","ast-hfb-mobile-header-display":"","site-post-title":"","ast-breadcrumbs-content":"","ast-featured-img":"","footer-sml-layout":"","ast-disable-related-posts":"","theme-transparent-header-meta":"","adv-header-id-meta":"","stick-header-meta":"","header-above-stick-meta":"","header-main-stick-meta":"","header-below-stick-meta":"","astra-migrate-meta-layouts":"default","ast-page-background-enabled":"default","ast-page-background-meta":{"desktop":{"background-color":"var(--ast-global-color-4)","background-image":"","background-repeat":"repeat","background-position":"center center","background-size":"auto","background-attachment":"scroll","background-type":"","background-media":"","overlay-type":"","overlay-color":"","overlay-opacity":"","overlay-gradient":""},"tablet":{"background-color":"","background-image":"","background-repeat":"repeat","background-position":"center center","background-size":"auto","background-attachment":"scroll","background-type":"","background-media":"","overlay-type":"","overlay-color":"","overlay-opacity":"","overlay-gradient":""},"mobile":{"background-color":"","background-image":"","background-repeat":"repeat","background-position":"center center","background-size":"auto","background-attachment":"scroll","background-type":"","background-media":"","overlay-type":"","overlay-color":"","overlay-opacity":"","overlay-gradient":""}},"ast-content-background-meta":{"desktop":{"background-color":"var(--ast-global-color-5)","background-image":"","background-repeat":"repeat","background-position":"center center","background-size":"auto","background-attachment":"scroll","background-type":"","background-media":"","overlay-type":"","overlay-color":"","overlay-opacity":"","overlay-gradient":""},"tablet":{"background-color":"var(--ast-global-color-5)","background-image":"","background-repeat":"repeat","background-position":"center center","background-size":"auto","background-attachment":"scroll","background-type":"","background-media":"","overlay-type":"","overlay-color":"","overlay-opacity":"","overlay-gradient":""},"mobile":{"background-color":"var(--ast-global-color-5)","background-image":"","background-repeat":"repeat","background-position":"center center","background-size":"auto","background-attachment":"scroll","background-type":"","background-media":"","overlay-type":"","overlay-color":"","overlay-opacity":"","overlay-gradient":""}},"footnotes":""},"class_list":["post-717","page","type-page","status-publish","hentry"],"acf":[],"_links":{"self":[{"href":"https:\/\/www.getnogard.se\/de\/wp-json\/wp\/v2\/pages\/717","targetHints":{"allow":["GET"]}}],"collection":[{"href":"https:\/\/www.getnogard.se\/de\/wp-json\/wp\/v2\/pages"}],"about":[{"href":"https:\/\/www.getnogard.se\/de\/wp-json\/wp\/v2\/types\/page"}],"author":[{"embeddable":true,"href":"https:\/\/www.getnogard.se\/de\/wp-json\/wp\/v2\/users\/2"}],"replies":[{"embeddable":true,"href":"https:\/\/www.getnogard.se\/de\/wp-json\/wp\/v2\/comments?post=717"}],"version-history":[{"count":2,"href":"https:\/\/www.getnogard.se\/de\/wp-json\/wp\/v2\/pages\/717\/revisions"}],"predecessor-version":[{"id":719,"href":"https:\/\/www.getnogard.se\/de\/wp-json\/wp\/v2\/pages\/717\/revisions\/719"}],"up":[{"embeddable":true,"href":"https:\/\/www.getnogard.se\/de\/wp-json\/wp\/v2\/pages\/266"}],"wp:attachment":[{"href":"https:\/\/www.getnogard.se\/de\/wp-json\/wp\/v2\/media?parent=717"}],"curies":[{"name":"wp","href":"https:\/\/api.w.org\/{rel}","templated":true}]}}