{"id":819,"date":"2017-03-10T19:07:36","date_gmt":"2017-03-10T18:07:36","guid":{"rendered":"http:\/\/www.getnogard.de\/?page_id=819\/"},"modified":"2026-02-19T11:28:02","modified_gmt":"2026-02-19T10:28:02","slug":"angeln","status":"publish","type":"page","link":"https:\/\/www.getnogard.se\/de\/aktivitaeten\/angeln\/","title":{"rendered":"Angeln"},"content":{"rendered":"\n<figure itemscope itemtype=\"https:\/\/schema.org\/ImageObject\">\n\t\t\t\t<img decoding=\"async\" src=\"https:\/\/www.getnogard.se\/wp-content\/uploads\/ggab_header_1100x400_11.jpg\" alt=\"ggab_header_1100x400_11\" height=\"400\" width=\"1100\" title=\"ggab_header_1100x400_11\" onerror=\"this.style.display='none'\" loading=\"lazy\" \/>\n\t<\/figure>\n<h1>\n\t\t\tEin Paradies f\u00fcr Angler\t<\/h1>\n\tGetn\u00f6 G\u00e5rds Angelgew\u00e4sser sind privat und erstrecken sich \u00fcber 1.000 ha&#8230;<br \/>\nWillkommen in Getn\u00f6 G\u00e5rd, im Herzen des fischreichen Sees \u00c5snen! Dieses Gebiet ist eine sonderbare Seenlandschaft mit belaubten Str\u00e4nden, Wiesen und W\u00e4ldern in einer natursch\u00f6nen und tierreichen Umgebung. Getn\u00f6 G\u00e5rd liegt auf einer Halbinsel umringt von mehreren kleinen und grossen INseln und stellt ein Eldorado f\u00fcr Sportangler dar. Hier gibt es reichlich Hecht und Barsch sowie Zander und Aal- Auch viele intressante Weissfischarten wie Schlei, Brasse und Rotauge leben in diesem Gebiet. Ausserdem steht dem intressierten Sportangler auch ein Spezialsee mit Lachs- und Regenbogenforellen sowie Spiegel- und Grasskarpfen zur Verf\u00fcgung. Die staatliche Touristenbeh\u00f6rde Svenska Turistr\u00e5det und die Touristen selbst haben Lennart Olsson von Getn\u00f6 G\u00e5rd als ,,Schwedischen Sportangelunternahmer des Jahres 1999&#8243; ausgezeichnet.\n\t<h3>Fischarten<\/h3>\n<p>Neben den drei gr\u00f6ssten Arten Hecht, Zander und Barsch, gibt es noch reichlich Aal und allerhand Weissfischarten wie Brasse, Schlei, Rotauge und Pl\u00f6tze. Insgesamt kommen mehr als 20 Weissfischarten vor. Im See K\u00e5lsj\u00f6n gibt es eingesetzte Lachs- und Regenbogenforellen sowie Speigel- und Grasskarpfen.<\/p>\n<h3>Angelmethoden<\/h3>\n<p>Auf Hecht und Zander eignen sich am Besten Spinn- und Schleppangeln, auf Barsch am besten Spinnangeln. Aber, auch Eisangeln auf Barsch und Aalquappe sind im \u00c5snen sehr intressant. Das Angeln mit lebenden K\u00f6dern eignet sich am besten auf Karpfen und andere Weissfischarten. Wer das Fliegenfischen bevorzugt, kann auf unserem Binnensee auf Lachs- und Regenbogenforelle sein Gl\u00fcck versuchen.<\/p>\n<h3>Angelf\u00fchrer<\/h3>\n<p>Unsere Angelf\u00fchrer kennen das Gew\u00e4sser wie Ihre Westentasche, und f\u00fchren Sie, auf Wunsch, mit einem speziellen Schleppangelboot an die besten Pl\u00e4tze. Wir bieten Hechtsafari und Nachtangeln auf Zander an.<\/p>\n<h3>Boote und Angelausr\u00fcstung<\/h3>\nAuf Getn\u00f6 G\u00e5rd stehen rund 20 Boote zur Miete bereit. Die Boote &#8211; sowohl aus Kunststoff als auch aus Aluminium &#8211; sind mit 4\u2011PS\u20114\u2011Takt-Motoren oder Elektromotoren ausgestattet. Im Mietpreis ist eine einfache Karte enthalten. Tiefenkarte und Angelschein sind an der Rezeption erh\u00e4ltlich. F\u00fcr Motorboote ist eine Kaution von 1.500 SEK erforderlich.\nF\u00fcr das Trolling stehen gr\u00f6\u00dfere Spezialboote zur Verf\u00fcgung, die zusammen mit einem Angelguide genutzt werden k\u00f6nnen. An der Rezeption besteht zudem die M\u00f6glichkeit, die Angelausr\u00fcstung mit den besten K\u00f6dern f\u00fcr die Fische des \u00c5snen zu erg\u00e4nzen sowie Echolote, Kanus und Fahrr\u00e4der zu mieten.\n<h3>Unterkunft<\/h3>\n<p>In Getn\u00f6 G\u00e5rd stehen 15 Ferienh\u00e4user bereit, die Anzahl der Schlafpl\u00e4tze variiert zwischen 2 und 14 Betten, die Gr\u00f6sse zwischen 1 und 7 Zimmern. Vier der H\u00e4user sind ohne Elektrizit\u00e4t, sie sind mit Gas ausger\u00fcstet. Einigen H\u00e4usern steht eine eigene Sauna zur Verf\u00fcgung. Des Weiteren sing einige H\u00e4user mit Sat-TV und Tiefk\u00fchlschrank ausgestattet, ansonsten kann auch hier der Tiefk\u00fchlschrank auf dem Campingplatz genutzt werden. Auf wunsch stellen wir Ihnen auch einen R\u00e4ucherhofen am Haus zur Verf\u00fcgung. Bitte bringen Sie Ihre eigene Bettw\u00e4sche etc. mit. e sist aber auch m\u00f6glich dies auf Bestellung auszuleihen. In Getn\u00f6 G\u00e5rd gibt es auch einen wundersch\u00f6n gelgenen 3-Sterne Naturcampingplatz mit 150 Pl\u00e4tzen.<\/p>\n<h3>Verpflegung<\/h3>\n<p>In der Hauptsaison steht unseren G\u00e4sten jeweils 2-mal in der Woche die T\u00fcr unseres Restaurants und Pub&#8217;s offen. Auf Vorbestellung arrangieren wir f\u00fcr Gruppen auch spezielle \u00d6ffnungszeiten. Ein Caf\u00e9 mit Kaffe, Backwaren und Lebensmittel finden Sie neben der Rezeption.<\/p>\n<h3>Sonstiger Service<\/h3>\n<p>Getn\u00f6 G\u00e5rd richtet Firmen- und Vereinsveranstaltungen wie Konferenzen, Kurse und Feierlichkeiten aus. Unsere grossen Versammlungs- und Vortragsr\u00e4ume sind technisch voll ausger\u00fcstet und wir haben vollst\u00e4ndige Bewirtungsrechte. Wir organisieren gerne f\u00fcr Ihre Veranstaltung ein Wikingerabenteuer oder \u00e4hnliche Naturaktivit\u00e4ten.<\/p>\n<h3>Sonstige Aktivit\u00e4ten<\/h3>\n<p>In Getn\u00f6 G\u00e5rd bestehen zahlreiche M\u00f6glichkeiten der Freizeitgestaltung, wie z.B Wikingerk\u00e4mpfe f\u00fcr unsere Grossen ind Adventure-Club f\u00fcr unsere Kleinen. Es k\u00f6nnen Fahrr\u00e4der, Kanus, Kajaks Boote uvm. ausgelihen werden. Es steht auch ein Tennisplatz zur Verf\u00fcgung.<\/p>\n<h3>Reisen und Transporte<\/h3>\n<p>Sie erreichen Getn\u00f6 G\u00e5rd bequem mit dem eigenen Auto. Wir k\u00f6nnen f\u00fcr Ihnen transport vom Bahnhof oder Flughafen organisieren. Auch ein Transfer vom F\u00e4hrterminal in trelleborg kann organisiert werden. Bitte fordern Sie unsere spezielle Preisliste an.<\/p>\n\t\t<h2><a href=\"https:\/\/www.getnogard.se\/de\/rekordfaenge\/\" target=\"_self\">Rekordf\u00e4nge<\/a><\/h2><figure itemscope itemtype=\"https:\/\/schema.org\/ImageObject\">\n\t\t\t\t<a href=\"https:\/\/www.getnogard.se\/de\/rekordfaenge\/\"  target=\"_self\" itemprop=\"url\">\n\t\t\t\t<img decoding=\"async\" src=\"https:\/\/www.getnogard.se\/wp-content\/uploads\/ggab-record-2021-02.jpg\" alt=\"ggab-record-2021-02\" height=\"400\" width=\"680\" title=\"ggab-record-2021-02\" onerror=\"this.style.display='none'\" loading=\"lazy\" \/>\n\t\t\t\t<\/a>\n\t<\/figure>\n<a href=\"https:\/\/www.getnogard.se\/de\/rekordfaenge\/\"  target=\"_self\">Mehr Lesen<\/a>\t\n\t\t<h2>Angelgebiet<\/h2><figure itemscope itemtype=\"https:\/\/schema.org\/ImageObject\">\n\t\t\t\t<img decoding=\"async\" src=\"https:\/\/www.getnogard.se\/wp-content\/uploads\/ggab-teaser-area.jpg\" alt=\"ggab-teaser-area\" height=\"400\" width=\"680\" title=\"ggab-teaser-area\" onerror=\"this.style.display='none'\" loading=\"lazy\" \/>\n\t<\/figure>\n<h3>\n\t\t\tH\u00e4ufige Fischarten\t<\/h3>\n\t<table border=\"0\" align=\"center\">\n<tbody>\n<tr>\n\n<td>Normalgewicht<\/td>\n<td>Rekord<\/td>\n<\/tr>\n<tr>\n<td>Hecht<\/td>\n<td>3-5 kg<\/td>\n<td>19,5 kg<\/td>\n<\/tr>\n<tr>\n<td>Zander<\/td>\n<td>3-4 kg<\/td>\n<td>11,3 kg<\/td>\n<\/tr>\n<tr>\n<td>Barsch<\/td>\n<td>0,3-0,5 kg<\/td>\n<td>2,8 kg<\/td>\n<\/tr>\n<tr>\n<td>Aal<\/td>\n<td>0,5 kg<\/td>\n<td>3,6 kg<\/td>\n<\/tr>\n<\/tbody>\n<\/table>\n<h3>\n\t\t\tAngelsaison\t<\/h3>\n\t<table border=\"0\" align=\"center\">\n<tbody>\n<tr>\n<td>Winter<\/td>\n<td>\u00a0Januar &#8211; Februar<\/td>\n<\/tr>\n<tr>\n<td>Fr\u00fchjahr<\/td>\n<td>\u00a0April &#8211; Mai<\/td>\n<\/tr>\n<tr>\n<td>Sommer<\/td>\n<td>\u00a0Juni &#8211; Juli &#8211; Augusti<\/td>\n<\/tr>\n<tr>\n<td>Herbst<\/td>\n<td>\u00a0September &#8211; Oktober &#8211; November<\/td>\n<\/tr>\n<\/tbody>\n<\/table>\n<h3>\n\t\t\tPreise f\u00fcr Angelkarte und Regeln f\u00fcr Angeln im See \u00c5snen.\t<\/h3>\n\t<h3>Preise (SEK)<\/h3>\n<p><strong>(gesamter See \u00c5snen)<\/strong><\/p>\n<table border=\"0\" align=\"center\">\n<tbody>\n<tr>\n<td>Jahreskarte<\/td>\n<td>1.000:- SEK<\/td>\n<\/tr>\n<tr>\n<td>Monatskarte<\/td>\n<td>500:- SEK<\/td>\n<\/tr>\n<tr>\n<td>Wochenkarte<\/td>\n<td>400:- SEK<\/td>\n<\/tr>\n<tr>\n<td>Tageskarte<\/td>\n<td>120:- SEK<\/td>\n<\/tr>\n<\/tbody>\n<\/table>\n<p><\/p>\n\t<h3>Min- und Max.<\/h3>\n<p><strong>Abmessungen:<\/strong><\/p>\n<table border=\"0\" align=\"center\">\n<tbody>\n<tr>\n<td>Hecht<\/td>\n<td>min. 50 cm &#8211; max. 80 cm<\/td>\n<\/tr>\n<tr>\n<td>Zander<\/td>\n<td>min. 45 cm &#8211; max. 70 cm<\/td>\n<\/tr>\n<tr>\n<td>Aal<\/td>\n<td>min. 70 cm<\/td>\n<\/tr>\n<tr>\n<td>Lachsforelle<\/td>\n<td>min. 40 cm<\/td>\n<\/tr>\n<\/tbody>\n<\/table>\n\t<p>A\u030asnen Tiefenkarte 100:- SEK<\/p>\n<h3>Angelregeln<\/h3>\n<ul>\n<li>Die Angelkarte gilt <strong>NUR<\/strong> fu\u0308r das Angeln mit Angelruten<\/li>\n<li>Jugendliche unter 16 Jahren angeln gratis.<\/li>\n<li>Die Angelkarte ist personalisiert und gilt nur fu\u0308r das bestimmte Angelgewa\u0308sser. Die Angelkarte ist nicht u\u0308bertragbar, stets mitzufu\u0308hren und auf Verlangen vorzuzeigen.<\/li>\n<li>Angeln mit lebenden Fischko\u0308dern ist nicht erlaubt.<\/li>\n<li>Fu\u0308r Trolling (schleppen mit Motorboot) gelten <strong>maximal 2 Ruten pro Angelkarte.<\/strong><\/li>\n<li><strong>Max. 2 Fische (Zander oder Hecht) pro Angelkarte und Tag.<\/strong> (sonst gelten die &#8222;catch-n-release&#8220; Angelmetode)<\/li>\n<li><strong>Angelverbot fu\u0308r Zander gilt fu\u0308r den gesamten Mai Monat.<\/strong><\/li>\n<li>Sogenannte Weissfische und Barsche du\u0308rfen nicht in den See zuru\u0308ckgeworfen werden.<\/li>\n<li>Angler mu\u0308ssen private Bootstege (100m), Stra\u0308nde und fest installierte und markierte Fischereieinrichtungen vom Markbesitzer (Netze, Ra\u0308ussen, Lange Haken, Grundnetze etc. ) beachten, sowie durch gutes Verhalten zu Beachtung des Jedermannsrechtes beitragen.<\/li>\n<li>Respektieren Sie ausserdem das Verbot des Betretens auf Inseln im Vogelschutzgebiet vom 1. April &#8211; 31. Juli und vom 1. Februar &#8211; 15. August.<\/li>\n<\/ul>\n<p>Angelkarten ko\u0308nnen von Wiederverka\u0308ufer gekauft werden oder digital von i-fiske.se<\/p>\n\t<h2>Aktuelles &amp; Angebote<\/h2>\n<p>Wir informieren Euch \u00fcber News und aktuelle Angebote von Getn\u00f6 &#8211; Lake \u00c5snen Resort.<\/p>\n\n","protected":false},"excerpt":{"rendered":"<p>Ein Paradies f\u00fcr Angler Getn\u00f6 G\u00e5rds Angelgew\u00e4sser sind privat und erstrecken sich \u00fcber 1.000 ha&#8230; Willkommen in Getn\u00f6 G\u00e5rd, im Herzen des fischreichen Sees \u00c5snen! Dieses Gebiet ist eine sonderbare Seenlandschaft mit belaubten Str\u00e4nden, Wiesen und W\u00e4ldern in einer natursch\u00f6nen und tierreichen Umgebung. Getn\u00f6 G\u00e5rd liegt auf einer Halbinsel umringt von mehreren kleinen und grossen [&hellip;]<\/p>\n","protected":false},"author":2,"featured_media":0,"parent":275,"menu_order":0,"comment_status":"closed","ping_status":"closed","template":"","meta":{"_acf_changed":false,"_seopress_robots_primary_cat":"","_seopress_titles_title":"","_seopress_titles_desc":"","_seopress_robots_index":"","site-sidebar-layout":"default","site-content-layout":"","ast-site-content-layout":"default","site-content-style":"default","site-sidebar-style":"default","ast-global-header-display":"","ast-banner-title-visibility":"","ast-main-header-display":"","ast-hfb-above-header-display":"","ast-hfb-below-header-display":"","ast-hfb-mobile-header-display":"","site-post-title":"","ast-breadcrumbs-content":"","ast-featured-img":"","footer-sml-layout":"","ast-disable-related-posts":"","theme-transparent-header-meta":"","adv-header-id-meta":"","stick-header-meta":"","header-above-stick-meta":"","header-main-stick-meta":"","header-below-stick-meta":"","astra-migrate-meta-layouts":"default","ast-page-background-enabled":"default","ast-page-background-meta":{"desktop":{"background-color":"var(--ast-global-color-4)","background-image":"","background-repeat":"repeat","background-position":"center center","background-size":"auto","background-attachment":"scroll","background-type":"","background-media":"","overlay-type":"","overlay-color":"","overlay-opacity":"","overlay-gradient":""},"tablet":{"background-color":"","background-image":"","background-repeat":"repeat","background-position":"center center","background-size":"auto","background-attachment":"scroll","background-type":"","background-media":"","overlay-type":"","overlay-color":"","overlay-opacity":"","overlay-gradient":""},"mobile":{"background-color":"","background-image":"","background-repeat":"repeat","background-position":"center center","background-size":"auto","background-attachment":"scroll","background-type":"","background-media":"","overlay-type":"","overlay-color":"","overlay-opacity":"","overlay-gradient":""}},"ast-content-background-meta":{"desktop":{"background-color":"var(--ast-global-color-5)","background-image":"","background-repeat":"repeat","background-position":"center center","background-size":"auto","background-attachment":"scroll","background-type":"","background-media":"","overlay-type":"","overlay-color":"","overlay-opacity":"","overlay-gradient":""},"tablet":{"background-color":"var(--ast-global-color-5)","background-image":"","background-repeat":"repeat","background-position":"center center","background-size":"auto","background-attachment":"scroll","background-type":"","background-media":"","overlay-type":"","overlay-color":"","overlay-opacity":"","overlay-gradient":""},"mobile":{"background-color":"var(--ast-global-color-5)","background-image":"","background-repeat":"repeat","background-position":"center center","background-size":"auto","background-attachment":"scroll","background-type":"","background-media":"","overlay-type":"","overlay-color":"","overlay-opacity":"","overlay-gradient":""}},"footnotes":""},"class_list":["post-819","page","type-page","status-publish","hentry"],"acf":[],"_links":{"self":[{"href":"https:\/\/www.getnogard.se\/de\/wp-json\/wp\/v2\/pages\/819","targetHints":{"allow":["GET"]}}],"collection":[{"href":"https:\/\/www.getnogard.se\/de\/wp-json\/wp\/v2\/pages"}],"about":[{"href":"https:\/\/www.getnogard.se\/de\/wp-json\/wp\/v2\/types\/page"}],"author":[{"embeddable":true,"href":"https:\/\/www.getnogard.se\/de\/wp-json\/wp\/v2\/users\/2"}],"replies":[{"embeddable":true,"href":"https:\/\/www.getnogard.se\/de\/wp-json\/wp\/v2\/comments?post=819"}],"version-history":[{"count":5,"href":"https:\/\/www.getnogard.se\/de\/wp-json\/wp\/v2\/pages\/819\/revisions"}],"predecessor-version":[{"id":7591,"href":"https:\/\/www.getnogard.se\/de\/wp-json\/wp\/v2\/pages\/819\/revisions\/7591"}],"up":[{"embeddable":true,"href":"https:\/\/www.getnogard.se\/de\/wp-json\/wp\/v2\/pages\/275"}],"wp:attachment":[{"href":"https:\/\/www.getnogard.se\/de\/wp-json\/wp\/v2\/media?parent=819"}],"curies":[{"name":"wp","href":"https:\/\/api.w.org\/{rel}","templated":true}]}}