{"id":958,"date":"2017-05-22T10:12:45","date_gmt":"2017-05-22T08:12:45","guid":{"rendered":"http:\/\/www.getnogard.de\/?page_id=958\/"},"modified":"2017-05-22T10:27:41","modified_gmt":"2017-05-22T08:27:41","slug":"anfahrt","status":"publish","type":"page","link":"https:\/\/www.getnogard.se\/de\/ueber-uns\/anfahrt\/","title":{"rendered":"Anfahrt"},"content":{"rendered":"<p><img loading=\"lazy\" decoding=\"async\" src=\"https:\/\/www.getnogard.se\/wp-content\/uploads\/header_1100x400_02.jpg\" alt=\"header_1100x400_02\" width=\"1100\" height=\"400\" \/><\/p>\n<h1>Anfahrt \/ Wegbeschreibung<\/h1>\n<p>Ab: Trelleborg (210 km), Helsingborg (180 km)<\/p>\n<p>Nehmen Sie entweder, Weg E4 in no\u0308rdlicher Richtung bis Traryd. Dann rechts fahren auf dem Weg 120 in o\u0308stliche Richtung, durch A\u0308lmhult bis zur Kreuzung Weg 120 \/ Weg 126, hier gerade aus fahren nach dem kleinen Dorf A\u030alshult. Folgen Sie den Schildern GETNO\u0308 GA\u030aRD 7 Km.<\/p>\n<p>Oder nehmen Sie den Weg 23 in no\u0308rdlicher Richtung bis A\u0308lmhult, dann den Weg 120 in o\u0308stlicher Richtung, so wie oben schon beschrieben.<\/p>\n<p><iframe loading=\"lazy\" style=\"border: 0; width: 100%; height: 500px;\" src=\"https:\/\/www.google.com\/maps\/embed\/v1\/place?key=AIzaSyD09zQ9PNDNNy9TadMuzRV_UsPUoWKntt8&amp;q=Getn%C3%B6+G%C3%A5rd%2C+Sweden\" width=\"300\" height=\"150\"><\/iframe><\/p>\n<h2 style=\"text-align: center;\">Aktuelles &amp; Angebote<\/h2>\n<p style=\"text-align: center;\">Wir informieren Euch \u00fcber News und aktuelle Angebote von Getn\u00f6 &#8211; Lake \u00c5snen Resort.<\/p>\n","protected":false},"excerpt":{"rendered":"<p>Anfahrt \/ Wegbeschreibung Ab: Trelleborg (210 km), Helsingborg (180 km) Nehmen Sie entweder, Weg E4 in no\u0308rdlicher Richtung bis Traryd. Dann rechts fahren auf dem Weg 120 in o\u0308stliche Richtung, durch A\u0308lmhult bis zur Kreuzung Weg 120 \/ Weg 126, hier gerade aus fahren nach dem kleinen Dorf A\u030alshult. Folgen Sie den Schildern GETNO\u0308 GA\u030aRD [&hellip;]<\/p>\n","protected":false},"author":2,"featured_media":0,"parent":266,"menu_order":0,"comment_status":"closed","ping_status":"closed","template":"","meta":{"_acf_changed":false,"_seopress_robots_primary_cat":"","_seopress_titles_title":"","_seopress_titles_desc":"","_seopress_robots_index":"","site-sidebar-layout":"default","site-content-layout":"","ast-site-content-layout":"default","site-content-style":"default","site-sidebar-style":"default","ast-global-header-display":"","ast-banner-title-visibility":"","ast-main-header-display":"","ast-hfb-above-header-display":"","ast-hfb-below-header-display":"","ast-hfb-mobile-header-display":"","site-post-title":"","ast-breadcrumbs-content":"","ast-featured-img":"","footer-sml-layout":"","ast-disable-related-posts":"","theme-transparent-header-meta":"","adv-header-id-meta":"","stick-header-meta":"","header-above-stick-meta":"","header-main-stick-meta":"","header-below-stick-meta":"","astra-migrate-meta-layouts":"default","ast-page-background-enabled":"default","ast-page-background-meta":{"desktop":{"background-color":"var(--ast-global-color-4)","background-image":"","background-repeat":"repeat","background-position":"center center","background-size":"auto","background-attachment":"scroll","background-type":"","background-media":"","overlay-type":"","overlay-color":"","overlay-opacity":"","overlay-gradient":""},"tablet":{"background-color":"","background-image":"","background-repeat":"repeat","background-position":"center center","background-size":"auto","background-attachment":"scroll","background-type":"","background-media":"","overlay-type":"","overlay-color":"","overlay-opacity":"","overlay-gradient":""},"mobile":{"background-color":"","background-image":"","background-repeat":"repeat","background-position":"center center","background-size":"auto","background-attachment":"scroll","background-type":"","background-media":"","overlay-type":"","overlay-color":"","overlay-opacity":"","overlay-gradient":""}},"ast-content-background-meta":{"desktop":{"background-color":"var(--ast-global-color-5)","background-image":"","background-repeat":"repeat","background-position":"center center","background-size":"auto","background-attachment":"scroll","background-type":"","background-media":"","overlay-type":"","overlay-color":"","overlay-opacity":"","overlay-gradient":""},"tablet":{"background-color":"var(--ast-global-color-5)","background-image":"","background-repeat":"repeat","background-position":"center center","background-size":"auto","background-attachment":"scroll","background-type":"","background-media":"","overlay-type":"","overlay-color":"","overlay-opacity":"","overlay-gradient":""},"mobile":{"background-color":"var(--ast-global-color-5)","background-image":"","background-repeat":"repeat","background-position":"center center","background-size":"auto","background-attachment":"scroll","background-type":"","background-media":"","overlay-type":"","overlay-color":"","overlay-opacity":"","overlay-gradient":""}},"footnotes":""},"class_list":["post-958","page","type-page","status-publish","hentry"],"acf":[],"_links":{"self":[{"href":"https:\/\/www.getnogard.se\/de\/wp-json\/wp\/v2\/pages\/958","targetHints":{"allow":["GET"]}}],"collection":[{"href":"https:\/\/www.getnogard.se\/de\/wp-json\/wp\/v2\/pages"}],"about":[{"href":"https:\/\/www.getnogard.se\/de\/wp-json\/wp\/v2\/types\/page"}],"author":[{"embeddable":true,"href":"https:\/\/www.getnogard.se\/de\/wp-json\/wp\/v2\/users\/2"}],"replies":[{"embeddable":true,"href":"https:\/\/www.getnogard.se\/de\/wp-json\/wp\/v2\/comments?post=958"}],"version-history":[{"count":3,"href":"https:\/\/www.getnogard.se\/de\/wp-json\/wp\/v2\/pages\/958\/revisions"}],"predecessor-version":[{"id":968,"href":"https:\/\/www.getnogard.se\/de\/wp-json\/wp\/v2\/pages\/958\/revisions\/968"}],"up":[{"embeddable":true,"href":"https:\/\/www.getnogard.se\/de\/wp-json\/wp\/v2\/pages\/266"}],"wp:attachment":[{"href":"https:\/\/www.getnogard.se\/de\/wp-json\/wp\/v2\/media?parent=958"}],"curies":[{"name":"wp","href":"https:\/\/api.w.org\/{rel}","templated":true}]}}