{"id":962,"date":"2017-05-22T10:19:06","date_gmt":"2017-05-22T08:19:06","guid":{"rendered":"http:\/\/www.getnogard.de\/?page_id=962\/"},"modified":"2017-05-22T10:24:39","modified_gmt":"2017-05-22T08:24:39","slug":"ausflugsziele","status":"publish","type":"page","link":"https:\/\/www.getnogard.se\/de\/ueber-uns\/ausflugsziele\/","title":{"rendered":"Ausflugsziele"},"content":{"rendered":"<p>\t\t\t\t<img loading=\"lazy\" decoding=\"async\" src=\"https:\/\/www.getnogard.se\/wp-content\/uploads\/header_1100x400_02.jpg\" alt=\"header_1100x400_02\" itemprop=\"image\" height=\"400\" width=\"1100\"  \/><\/p>\n<h1>\n\t\tAusflugsziele<br \/>\n\t<\/h1>\n<table border=\"0\">\n<tbody>\n<tr>\n<td>Ausflugsziel<\/td>\n<td>Reisezeit<\/td>\n<\/tr>\n<tr>\n<td><\/td>\n<td><\/td>\n<\/tr>\n<tr>\n<td><strong>V\u00c4XJ\u00d6<\/strong><\/td>\n<td><\/td>\n<\/tr>\n<tr>\n<td>Glasmuseum<\/td>\n<td>1 Stunde<\/td>\n<\/tr>\n<tr>\n<td>Auswanderhaus<\/td>\n<td>1 Stunde<\/td>\n<\/tr>\n<tr>\n<td>Domkirche<\/td>\n<td>1 Stunde<\/td>\n<\/tr>\n<tr>\n<td>Kronobergs Schlossruine<\/td>\n<td>1 Stunde<\/td>\n<\/tr>\n<tr>\n<td>Teleborgs Schloss<\/td>\n<td>1 Stunde<\/td>\n<\/tr>\n<tr>\n<td>Dampfschiff Thor<\/td>\n<td>1 Stunde<\/td>\n<\/tr>\n<tr>\n<td>Abenteuer Schwimmbad<\/td>\n<td>1 Stunde<\/td>\n<\/tr>\n<tr>\n<td><\/td>\n<td><\/td>\n<\/tr>\n<tr>\n<td><strong>ALVESTA<\/strong><\/td>\n<td><\/td>\n<\/tr>\n<tr>\n<td>Huseby Bruk<\/td>\n<td>40min<\/td>\n<\/tr>\n<tr>\n<td>Hj\u00e4rtenholms Museum<\/td>\n<td>50min<\/td>\n<\/tr>\n<tr>\n<td><\/td>\n<td><\/td>\n<\/tr>\n<tr>\n<td><strong>\u00c4LMHULT<\/strong><\/td>\n<td><\/td>\n<\/tr>\n<tr>\n<td>IKEA Museum<\/td>\n<td>45min<\/td>\n<\/tr>\n<tr>\n<td>Ra\u030ashult-Carl von Linn\u00e9<\/td>\n<td>50min<\/td>\n<\/tr>\n<tr>\n<td><\/td>\n<td><\/td>\n<\/tr>\n<tr>\n<td><strong>RYD<\/strong><\/td>\n<td><\/td>\n<\/tr>\n<tr>\n<td>Kyrk\u00f6 Mosse Auto-Firedhof<\/td>\n<td>30min<\/td>\n<\/tr>\n<tr>\n<td><\/td>\n<td><\/td>\n<\/tr>\n<tr>\n<td><strong>URSHULT<\/strong><\/td>\n<td><\/td>\n<\/tr>\n<tr>\n<td>Kerzenhaus<\/td>\n<td>30min<\/td>\n<\/tr>\n<tr>\n<td>Kurrebo Garten<\/td>\n<td>40min<\/td>\n<\/tr>\n<tr>\n<td>Kunstgalerie Vembo\u00f6<\/td>\n<td>40min<\/td>\n<\/tr>\n<tr>\n<td><\/td>\n<td><\/td>\n<\/tr>\n<tr>\n<td><strong>TINGSRYD<\/strong><\/td>\n<td><\/td>\n<\/tr>\n<tr>\n<td>B\u00f6rjes Varuhus<\/td>\n<td>45min<\/td>\n<\/tr>\n<tr>\n<td>Kaskad Abenteuer-Schwimmbad<\/td>\n<td>45min<\/td>\n<\/tr>\n<tr>\n<td><\/td>\n<td><\/td>\n<\/tr>\n<tr>\n<td><strong>M\u00d6RRUM<\/strong><\/td>\n<td><\/td>\n<\/tr>\n<tr>\n<td>Lachshaus \/ Lachs angeln<\/td>\n<td>1 Stunde<\/td>\n<\/tr>\n<tr>\n<td>Abu Garcia Museum<\/td>\n<td>1 Stunde<\/td>\n<\/tr>\n<tr>\n<td><\/td>\n<td><\/td>\n<\/tr>\n<tr>\n<td><strong>KARLSHAMN<\/strong><\/td>\n<td><\/td>\n<\/tr>\n<tr>\n<td>Kreativum<\/td>\n<td>1 Stunde<\/td>\n<\/tr>\n<tr>\n<td>Eriksbergs Wildgehege<\/td>\n<td>1 Stunde<\/td>\n<\/tr>\n<tr>\n<td><\/td>\n<td><\/td>\n<\/tr>\n<tr>\n<td><strong>GLASRIKET<\/strong><\/td>\n<td><\/td>\n<\/tr>\n<tr>\n<td>Kosta &#8211; Boda<\/td>\n<td>2 Stunden<\/td>\n<\/tr>\n<tr>\n<td>Gr\u00f6na\u030asens &#8211; Elchpark<\/td>\n<td>2 Stunden<\/td>\n<\/tr>\n<tr>\n<td>Orrefors<\/td>\n<td>2 Stunden<\/td>\n<\/tr>\n<tr>\n<td>Str\u00f6mbergshyttan<\/td>\n<td>1,5 Stunden<\/td>\n<\/tr>\n<tr>\n<td>Eriksma\u030ala Jakt- &amp; Angelmuseum<\/td>\n<td>2 Stunden<\/td>\n<\/tr>\n<tr>\n<td><\/td>\n<td><\/td>\n<\/tr>\n<tr>\n<td><strong>KALMAR \/ \u00d6LAND<\/strong><\/td>\n<td><\/td>\n<\/tr>\n<tr>\n<td>Kalmar Schloss<\/td>\n<td>2,5 Stunden<\/td>\n<\/tr>\n<tr>\n<td>\u00d6lands Tierpark<\/td>\n<td>2,5 Stunden<\/td>\n<\/tr>\n<tr>\n<td><\/td>\n<td><\/td>\n<\/tr>\n<tr>\n<td><strong>VIMMERBY<\/strong><\/td>\n<td><\/td>\n<\/tr>\n<tr>\n<td>Astrid Lindgrens Welt<\/td>\n<td>3 Stunden<\/td>\n<\/tr>\n<tr>\n<td><\/td>\n<td><\/td>\n<\/tr>\n<tr>\n<td><strong>V\u00c4RNAMO \/ GNOSJ\u00d6<\/strong><\/td>\n<td><\/td>\n<\/tr>\n<tr>\n<td>High Chaparall &#8211; Stadt des wilden Westen<\/td>\n<td>2 Stunden<\/td>\n<\/tr>\n<tr>\n<td><\/td>\n<td><\/td>\n<\/tr>\n<tr>\n<td><strong>LJUNGBY<\/strong><\/td>\n<td><\/td>\n<\/tr>\n<tr>\n<td>M\u00e4rchenmuseum<\/td>\n<td>1,5 Stunden<\/td>\n<\/tr>\n<tr>\n<td>Laganland Elchpark<\/td>\n<td>1,5 Stunden<\/td>\n<\/tr>\n<\/tbody>\n<\/table>\n<h2 style=\"text-align: center;\">Aktuelles &amp; Angebote<\/h2>\n<p style=\"text-align: center;\">Wir informieren Euch \u00fcber News und aktuelle Angebote von Getn\u00f6 &#8211; Lake \u00c5snen Resort.<\/p>\n","protected":false},"excerpt":{"rendered":"<p>Ausflugsziele Ausflugsziel Reisezeit V\u00c4XJ\u00d6 Glasmuseum 1 Stunde Auswanderhaus 1 Stunde Domkirche 1 Stunde Kronobergs Schlossruine 1 Stunde Teleborgs Schloss 1 Stunde Dampfschiff Thor 1 Stunde Abenteuer Schwimmbad 1 Stunde ALVESTA Huseby Bruk 40min Hj\u00e4rtenholms Museum 50min \u00c4LMHULT IKEA Museum 45min Ra\u030ashult-Carl von Linn\u00e9 50min RYD Kyrk\u00f6 Mosse Auto-Firedhof 30min URSHULT Kerzenhaus 30min Kurrebo Garten 40min [&hellip;]<\/p>\n","protected":false},"author":2,"featured_media":0,"parent":266,"menu_order":0,"comment_status":"closed","ping_status":"closed","template":"","meta":{"_acf_changed":false,"_seopress_robots_primary_cat":"","_seopress_titles_title":"","_seopress_titles_desc":"","_seopress_robots_index":"","site-sidebar-layout":"default","site-content-layout":"","ast-site-content-layout":"default","site-content-style":"default","site-sidebar-style":"default","ast-global-header-display":"","ast-banner-title-visibility":"","ast-main-header-display":"","ast-hfb-above-header-display":"","ast-hfb-below-header-display":"","ast-hfb-mobile-header-display":"","site-post-title":"","ast-breadcrumbs-content":"","ast-featured-img":"","footer-sml-layout":"","ast-disable-related-posts":"","theme-transparent-header-meta":"","adv-header-id-meta":"","stick-header-meta":"","header-above-stick-meta":"","header-main-stick-meta":"","header-below-stick-meta":"","astra-migrate-meta-layouts":"default","ast-page-background-enabled":"default","ast-page-background-meta":{"desktop":{"background-color":"var(--ast-global-color-4)","background-image":"","background-repeat":"repeat","background-position":"center center","background-size":"auto","background-attachment":"scroll","background-type":"","background-media":"","overlay-type":"","overlay-color":"","overlay-opacity":"","overlay-gradient":""},"tablet":{"background-color":"","background-image":"","background-repeat":"repeat","background-position":"center center","background-size":"auto","background-attachment":"scroll","background-type":"","background-media":"","overlay-type":"","overlay-color":"","overlay-opacity":"","overlay-gradient":""},"mobile":{"background-color":"","background-image":"","background-repeat":"repeat","background-position":"center center","background-size":"auto","background-attachment":"scroll","background-type":"","background-media":"","overlay-type":"","overlay-color":"","overlay-opacity":"","overlay-gradient":""}},"ast-content-background-meta":{"desktop":{"background-color":"var(--ast-global-color-5)","background-image":"","background-repeat":"repeat","background-position":"center center","background-size":"auto","background-attachment":"scroll","background-type":"","background-media":"","overlay-type":"","overlay-color":"","overlay-opacity":"","overlay-gradient":""},"tablet":{"background-color":"var(--ast-global-color-5)","background-image":"","background-repeat":"repeat","background-position":"center center","background-size":"auto","background-attachment":"scroll","background-type":"","background-media":"","overlay-type":"","overlay-color":"","overlay-opacity":"","overlay-gradient":""},"mobile":{"background-color":"var(--ast-global-color-5)","background-image":"","background-repeat":"repeat","background-position":"center center","background-size":"auto","background-attachment":"scroll","background-type":"","background-media":"","overlay-type":"","overlay-color":"","overlay-opacity":"","overlay-gradient":""}},"footnotes":""},"class_list":["post-962","page","type-page","status-publish","hentry"],"acf":[],"_links":{"self":[{"href":"https:\/\/www.getnogard.se\/de\/wp-json\/wp\/v2\/pages\/962","targetHints":{"allow":["GET"]}}],"collection":[{"href":"https:\/\/www.getnogard.se\/de\/wp-json\/wp\/v2\/pages"}],"about":[{"href":"https:\/\/www.getnogard.se\/de\/wp-json\/wp\/v2\/types\/page"}],"author":[{"embeddable":true,"href":"https:\/\/www.getnogard.se\/de\/wp-json\/wp\/v2\/users\/2"}],"replies":[{"embeddable":true,"href":"https:\/\/www.getnogard.se\/de\/wp-json\/wp\/v2\/comments?post=962"}],"version-history":[{"count":2,"href":"https:\/\/www.getnogard.se\/de\/wp-json\/wp\/v2\/pages\/962\/revisions"}],"predecessor-version":[{"id":964,"href":"https:\/\/www.getnogard.se\/de\/wp-json\/wp\/v2\/pages\/962\/revisions\/964"}],"up":[{"embeddable":true,"href":"https:\/\/www.getnogard.se\/de\/wp-json\/wp\/v2\/pages\/266"}],"wp:attachment":[{"href":"https:\/\/www.getnogard.se\/de\/wp-json\/wp\/v2\/media?parent=962"}],"curies":[{"name":"wp","href":"https:\/\/api.w.org\/{rel}","templated":true}]}}