{"id":1082,"date":"2017-05-25T17:55:47","date_gmt":"2017-05-25T15:55:47","guid":{"rendered":"http:\/\/www.getnogard.de\/about-us\/"},"modified":"2025-12-03T11:34:07","modified_gmt":"2025-12-03T10:34:07","slug":"about-us","status":"publish","type":"page","link":"https:\/\/www.getnogard.se\/en\/about-us\/","title":{"rendered":"About us"},"content":{"rendered":"\n\n\t\t\t\t<img decoding=\"async\" src=\"https:\/\/www.getnogard.se\/wp-content\/uploads\/Header-Lavikatorpet-2.jpg\" alt=\"Header Lavikatorpet\" itemprop=\"image\" height=\"550\" width=\"1100\" title=\"Header Lavikatorpet\" onerror=\"this.style.display='none'\" loading=\"lazy\" \/>\n<h1>\n\t\t\tWelcome to Getn\u00f6\t<\/h1>\n\t<p>We are happy and proud to welcome you to Getn\u00f6 G\u00e5rd, a nature paradise dating back to the Viking era. The Olsson family have turned this private nature reserve into a true natureparadise: Lake \u00c5snen Resort.<\/p>\n<p><strong>In 2020, we celebrated Getn\u00f6 G\u00e5rds 700th year Anniversary! 1320-2020. The farm has an interesting history and many colourful owners have lived and worked on this island.<\/strong><\/p>\n<p>We continue our cooperation with \u00c5snen National Park, an area of 19 km\u00b2, which is located directly west of us. Getn\u00f6 is the NATURAL WATERWAY into the National Park, which you can easily reach by boat, canoe or kayak. We offer different types of guided tours together with &#8220;\u00c5snenGuiderna&#8221;: such as pike safaris, night fishing, kayaking, osprey safaris, and guided boat tours into the National Park. We only take small groups with local guides for a more genuine experience and minimum disturbance on nature.<\/p>\n<p>The nature around Lake \u00c5snen is unique, with about 1,000 islands and famous fishing waters &#8211; a true Eldorado for nature lovers, fishermen, birdwatchers, and canoeists. You might even discover the &#8220;\u00c5snen Big Five&#8221;.<\/p>\n<p>Together with our staff &#8220;Team Getn\u00f6&#8221;, our aim is to provide our guests with the best possible service. Tell us what you want and we&#8217;ll do everything we can to fulfill your wishes. If it&#8217;s a combination of stimulating outdoor activity and tranquillity you are after, Getn\u00f6 is the place for you &#8211; and we are delighted to have you as our guest!<\/p>\n<p>Hj\u00e4rtligt v\u00e4lkomna!<\/p>\n<p>\/ Ingrid E-M Olsson<\/p>\n\t\t\t\t<img decoding=\"async\" src=\"https:\/\/www.getnogard.se\/wp-content\/uploads\/team-getnoe-ingrid-02.jpg\" alt=\"team-getnoe-ingrid-02\" itemprop=\"image\" height=\"301\" width=\"200\" title=\"team-getnoe-ingrid-02\" onerror=\"this.style.display='none'\" loading=\"lazy\" \/>\n\tIngrid E-M Olsson<br \/>\n<em>Managing Director<\/em>\n\t\t\t\t\t\t\t\t<a href=\"https:\/\/www.getnogard.se\/en\/contact\/\" target=\"_self\">\n\t\t\t\t\t\t<\/a>\n\t<h3><a href=\"https:\/\/www.getnogard.se\/en\/contact\/\"  target=\"_self\">Contact us<\/a><\/h3>\t\n\t\t\t\t\t\t\t\t<a href=\"https:\/\/www.getnogard.se\/en\/about-us\/directions\/\" target=\"_self\">\n\t\t\t\t\t\t<\/a>\n\t<h3><a href=\"https:\/\/www.getnogard.se\/en\/about-us\/directions\/\"  target=\"_self\">Directions<\/a><\/h3>\t\n\t\t\t\t\t\t\t\t<a href=\"https:\/\/www.getnogard.se\/en\/about-us\/showroom\/\" target=\"_self\">\n\t\t\t\t\t\t<\/a>\n\t<h3><a href=\"https:\/\/www.getnogard.se\/en\/about-us\/showroom\/\"  target=\"_self\">Showroom<\/a><\/h3>\t\n\t\t\t\t\t\t\t\t<a href=\"https:\/\/www.getnogard.se\/en\/about-us\/history\/\" target=\"_self\">\n\t\t\t\t\t\t<\/a>\n\t<h3><a href=\"https:\/\/www.getnogard.se\/en\/about-us\/history\/\"  target=\"_self\">History<\/a><\/h3>\t\n\t\t\t\t\t\t\t\t<a href=\"https:\/\/www.getnogard.se\/en\/about-us\/places-to-visit\/\" target=\"_self\">\n\t\t\t\t\t\t<\/a>\n\t<h3><a href=\"https:\/\/www.getnogard.se\/en\/about-us\/places-to-visit\/\"  target=\"_self\">Places to visit<\/a><\/h3>\t\n\t<h3>Press<\/h3>\t\n\t\t\t\t\t\t\t\t<a href=\"https:\/\/www.getnogard.se\/en\/about-us\/team-getnoe\/\" target=\"_self\">\n\t\t\t\t\t\t<\/a>\n\t<h3><a href=\"https:\/\/www.getnogard.se\/en\/about-us\/team-getnoe\/\"  target=\"_self\">Team<\/a><\/h3>\t\n\t\t\t\t\t\t\t\t<a href=\"https:\/\/www.getnogard.se\/en\/about-us\/links-and-partner\/\" target=\"_self\">\n\t\t\t\t\t\t<\/a>\n\t<h3><a href=\"https:\/\/www.getnogard.se\/en\/about-us\/links-and-partner\/\"  target=\"_self\">Links &#038; Partner<\/a><\/h3>\t\n\t\t\t\t<img decoding=\"async\" src=\"https:\/\/www.getnogard.se\/wp-content\/uploads\/eu-flagga_europeiska_jordbruksfonden.jpg\" alt=\"eu-flagga_europeiska_jordbruksfonden\" itemprop=\"image\" height=\"271\" width=\"278\" title=\"eu-flagga_europeiska_jordbruksfonden\" onerror=\"this.style.display='none'\" loading=\"lazy\" \/>\n\t<p>Vi har erh\u00e5llit f\u00f6retagsst\u00f6d hos Europeiska Jordbruksfonden f\u00f6r landsbygdsutveckling, g\u00e4llande v\u00e5ra senaste investeringar; En ny Fritidsstuga 2017. Stugan Kronhjorten \u00e4r 49 m\u00b2 stor, 4-6 b\u00e4ddar och den \u00e4r \u00e4ven en handikappanpassad fritidsstuga. Ett nytt Servicehus 2019, 48 m\u00b2, med wc, duschar, handikapp anpassad wc\/dusch med ramp, teknikutrymme samt diskplatser.<\/p>\n\t<h2>News &amp; Special Offers<\/h2>\n<p>Join our newsletter and stay updated about news &amp; special offers from Getn\u00f6 &#8211; Lake \u00c5snen Resort.<\/p>\n\n","protected":false},"excerpt":{"rendered":"<p>Welcome to Getn\u00f6 We are happy and proud to welcome you to Getn\u00f6 G\u00e5rd, a nature paradise dating back to the Viking era. The Olsson family have turned this private nature reserve into a true natureparadise: Lake \u00c5snen Resort. In 2020, we celebrated Getn\u00f6 G\u00e5rds 700th year Anniversary! 1320-2020. The farm has an interesting history [&hellip;]<\/p>\n","protected":false},"author":2,"featured_media":0,"parent":0,"menu_order":0,"comment_status":"closed","ping_status":"closed","template":"","meta":{"_acf_changed":false,"_seopress_robots_primary_cat":"","_seopress_titles_title":"","_seopress_titles_desc":"","_seopress_robots_index":"","site-sidebar-layout":"default","site-content-layout":"","ast-site-content-layout":"default","site-content-style":"default","site-sidebar-style":"default","ast-global-header-display":"","ast-banner-title-visibility":"","ast-main-header-display":"","ast-hfb-above-header-display":"","ast-hfb-below-header-display":"","ast-hfb-mobile-header-display":"","site-post-title":"","ast-breadcrumbs-content":"","ast-featured-img":"","footer-sml-layout":"","ast-disable-related-posts":"","theme-transparent-header-meta":"","adv-header-id-meta":"","stick-header-meta":"","header-above-stick-meta":"","header-main-stick-meta":"","header-below-stick-meta":"","astra-migrate-meta-layouts":"default","ast-page-background-enabled":"default","ast-page-background-meta":{"desktop":{"background-color":"var(--ast-global-color-4)","background-image":"","background-repeat":"repeat","background-position":"center center","background-size":"auto","background-attachment":"scroll","background-type":"","background-media":"","overlay-type":"","overlay-color":"","overlay-opacity":"","overlay-gradient":""},"tablet":{"background-color":"","background-image":"","background-repeat":"repeat","background-position":"center center","background-size":"auto","background-attachment":"scroll","background-type":"","background-media":"","overlay-type":"","overlay-color":"","overlay-opacity":"","overlay-gradient":""},"mobile":{"background-color":"","background-image":"","background-repeat":"repeat","background-position":"center center","background-size":"auto","background-attachment":"scroll","background-type":"","background-media":"","overlay-type":"","overlay-color":"","overlay-opacity":"","overlay-gradient":""}},"ast-content-background-meta":{"desktop":{"background-color":"var(--ast-global-color-5)","background-image":"","background-repeat":"repeat","background-position":"center center","background-size":"auto","background-attachment":"scroll","background-type":"","background-media":"","overlay-type":"","overlay-color":"","overlay-opacity":"","overlay-gradient":""},"tablet":{"background-color":"var(--ast-global-color-5)","background-image":"","background-repeat":"repeat","background-position":"center center","background-size":"auto","background-attachment":"scroll","background-type":"","background-media":"","overlay-type":"","overlay-color":"","overlay-opacity":"","overlay-gradient":""},"mobile":{"background-color":"var(--ast-global-color-5)","background-image":"","background-repeat":"repeat","background-position":"center center","background-size":"auto","background-attachment":"scroll","background-type":"","background-media":"","overlay-type":"","overlay-color":"","overlay-opacity":"","overlay-gradient":""}},"footnotes":""},"class_list":["post-1082","page","type-page","status-publish","hentry"],"acf":[],"_links":{"self":[{"href":"https:\/\/www.getnogard.se\/en\/wp-json\/wp\/v2\/pages\/1082","targetHints":{"allow":["GET"]}}],"collection":[{"href":"https:\/\/www.getnogard.se\/en\/wp-json\/wp\/v2\/pages"}],"about":[{"href":"https:\/\/www.getnogard.se\/en\/wp-json\/wp\/v2\/types\/page"}],"author":[{"embeddable":true,"href":"https:\/\/www.getnogard.se\/en\/wp-json\/wp\/v2\/users\/2"}],"replies":[{"embeddable":true,"href":"https:\/\/www.getnogard.se\/en\/wp-json\/wp\/v2\/comments?post=1082"}],"version-history":[{"count":5,"href":"https:\/\/www.getnogard.se\/en\/wp-json\/wp\/v2\/pages\/1082\/revisions"}],"predecessor-version":[{"id":6012,"href":"https:\/\/www.getnogard.se\/en\/wp-json\/wp\/v2\/pages\/1082\/revisions\/6012"}],"wp:attachment":[{"href":"https:\/\/www.getnogard.se\/en\/wp-json\/wp\/v2\/media?parent=1082"}],"curies":[{"name":"wp","href":"https:\/\/api.w.org\/{rel}","templated":true}]}}