{"id":1089,"date":"2017-05-25T18:04:32","date_gmt":"2017-05-25T16:04:32","guid":{"rendered":"http:\/\/www.getnogard.de\/about-us\/history\/"},"modified":"2021-05-05T11:01:23","modified_gmt":"2021-05-05T09:01:23","slug":"history","status":"publish","type":"page","link":"https:\/\/www.getnogard.se\/en\/about-us\/history\/","title":{"rendered":"History"},"content":{"rendered":"\n\n\t\t\t\t<img loading=\"lazy\" decoding=\"async\" src=\"https:\/\/www.getnogard.se\/wp-content\/uploads\/ggab_header_1100x400_03.jpg\" alt=\"ggab_header_1100x400_03\" itemprop=\"image\" height=\"400\" width=\"1100\" title=\"ggab_header_1100x400_03\" onerror=\"this.style.display='none'\"  \/>\n<h1>\n\t\tGetn\u00f6 &#8211; a tourist paradise with roots from the past\n\t<\/h1>\n\t<p>Getn\u00f6 Farm has a colourful and fascinating history, with its roots stretching deep into the past. When the inland ice melted 14.000 years ago, an enormous amount of water crushed into gravel and sand. The oldest relics from this period can still be seen on Getn\u00f6. The island is a four kilometers long gravel ridge that stretches across the entire island and other interesting gravel formations. To protect these relics for the future, the present owners, the Olsson Family, formed a privately owned nature reserve, which prohibits the excavation of gravel. Mostly, it is the stones in the area that remind us of the days gone in Getn\u00f6. Cairns from the Bronze Age can also be seen adjacent to ancient fossil fields. The island includes stone foundations after wind turbines and settlements from different periods, grave mounds, stone circles, stone cists and stonewalls. The earliest known documentation relating to Getn\u00f6 dates back to the year 1320. Natural evidence and ancient relic discoveries are registered proof that people lived on Getn\u00f6 as far back as the Stone Age, 6000 B.C.<\/p>\n<h2>Hunting and fishing<\/h2>\n<p>The nomads where the first to stay here, living from fishing and hunting. There were plenty of wild reindeer in the area. As the climate became milder they started to cultivate the ground, also acquired animals. Lake \u00c5snen was then as it is today good fishing ground, there was also an abundance of game and also wild berries of different sorts, this of course meant that there was a good chance for survival. Slowly small villages were built. Under the later part of the stone age 3500 &#8211; 1800 B.C. Getn\u00f6s inhabitants became resident farmers. The care of the cattle became more efficient as so did the farming. They even started to sow and grow grain. The woods became grazing ground for the cattle. Stone mounds and graves witness that there were permanent farms on the island at this time. They went on to open new ground with help of burn beat and then hacking the earth. The new time had made itself known even on Getn\u00f6 in lake \u00c5snen. A sort of barter transaction was started, but it also brought in sickness and even miss growth only the strongest survived. It was a tough generation who lay these districts under the plough.<\/p>\n<h2>Iron and coal<\/h2>\n<p>From the bronze age 1800 &#8211; 500 B.C. there are many discoveries on Getn\u00f6 that can tell how life was there, at that time. It was from this time the so called fossil stone mounds originates, there are many of the on the island. It proofs that many families had their livelihood here and also that there was an abundance of game and fish. On the poor earth they kept goats, therefore the name Getn\u00f6 which means goat fodder. Under the older iron age 500 B.C. &#8211; 500 A.D. people started to make iron. The raw material came from the lakes and mine ores, which made life easier even on Getn\u00f6. They made tools and weapons of metal. And they started to produce charcoal and wood to build houses. Travelling tradesmen started to come from further and further away. Danes and Germans ventured up the Sm\u00e5land border. They had goods, new ideas and impulses from foreign lands as far as the Roman Empire.<\/p>\n<h2>Vikings then and now<\/h2>\n<p>The Viking Age 800-1100 A.D. made the Scandinavians internationally known as far as the Arab world and Russia. The Vikings came as traders, but often with a sword in hand. The people from Sm\u00e5land sold skins and tar. Many returned with well filled ships. Many never returned. To live on a border line as Getn\u00f6s inhabitants did, could sometimes be worrying, but as they lived on an island they were often spared. Round about them newly built churches were burnt down, farms even whole villages were destroyed by the Danish Vikings who were nearby. The people however survived quite well. We can find that there was no bigger catastrophe.<\/p>\n<h2>Smuggling and execution<\/h2>\n<p>Getn\u00f6 has an interesting owner length. We can pick just a few names from this colourful history. The first mentioned owner year 1320 was the knight H\u00e5kan L\u00e4ma, who was forced from Getn\u00f6 and had to leave it to the bishop of V\u00e4xj\u00f6 after a trial. H\u00e5kan was even sentenced to be beheaded. The year 1457 Getn\u00f6 was once again in private hands, squire Bengt Giseson (Tv\u00e5 Str\u00f6mmar\/ Two Streams) gave his bride Iliana Gudmundsdotter (Gr\u00f6nal\u00f6f \/ Green Leafs) the property as a morning gift on their weddingday. Next time something drastic happens on Getn\u00f6 is in the year 1552, when the owner M\u00e5ns Olsson has relinquish the island and farms to the king Gustav Wasa. M\u00e5ns was accused of smuggling and border trade which was forbidden and he became beheaded. After a time Getn\u00f6 became the kings farm and the nobilities farm for 250 years. After a time the kings farm Getn\u00f6 became an estate and was donated to lower nobility until 1804 when it was purchased by three commoner farmers. But ownership was often short while it was unstable in the outside world and one after another of the farm owners fell in battle during unsettled times. Getn\u00f6 became somewhat of a widows farm.<\/p>\n<h2>A wild life<\/h2>\n<p>1639 colonel Lindorm Ulfsax the younger was the owner of Getn\u00f6. He owned 130 farms, but all of them included Getn\u00f6 were lost, due to his way of life with women and gambling. 1639 he was forced to leave Getn\u00f6 and he was executed soon after. Another colourful person on Getn\u00f6 was Marcus Marcusson who bought the farm 1854. He was a contractor almost close to modern time. He went to London and bought a steam engine to operate a saw mill on Getn\u00f6. It was brought back on a steamship via Liverpool and Karlshamn, last step was pulled by oxen to Getn\u00f6. The transport took two months. Unfortunately time had passed so quickly for him an the investment had no success as he was hoping so he went backruptcy. But he was not like his descendents misfortune from 1320, 1552 and 1639 , beheaded.<\/p>\n<h2>Two crofters destiny<\/h2>\n<p>We are now stepping into modern times, there are still people alive who can relate to the people who lived on Getn\u00f6. A Carl Jonasson lived in the 19th century and lived in Stommare Croft. He was a shoemaker and had a Sunday assignment which was on top of his everyday work. He had to make two pairs of clogs then row the boat to Urshults church. The year 1895 Carl Jonassons son Joel took over, but 1905 he emigrated to America, his wife followed five years later. Karl Johanneson and his wife Agda had six children. They were a crofter family on Lunnatorpet, it was a small croft and they were very poor. Agda begged for food, once she asked the squire for bread but he denied her this. His housekeeper however felt sorry for her and sent a maid, when it was dark with a loaf of bread. Agda was known for her strength she carried a slaughtered calf to \u00c5lshults country shop. For the money she bought provisions and on one occasion she bought a harrow and carried it all the way home, which was seven kilometres.<\/p>\n<h2>Time of the wolfs<\/h2>\n<p>There are stories from this time about dangerous wolfs were for Getn\u00f6 inhabitants in every day life. The church books in Sm\u00e5land tell how many where attacked by wolfes. A winter day 1845 Squire Masse and his farm hand, went to fetch water for the tub. They took a horse and cart down to lake \u00c5snen which was frozen. There they were confronted by a pack of wolfs, the horse frightened and galloped with the cart back to the stable. The wife saw this and became worried and asked the old man Petter to get his shot gun and then sent him to see what had happened. At first he found nothing but then he saw traces of blood, he knelt down and started to pray, but suddenly he heard his masters voice loudly calling &#8220;we are alive&#8221;! We hid under the empty tub, one of the wolfs tried to get at us andput both his paws under the tub and we were able to chop of the wolfs paws and when the other wolfs smelt blood they attacked and killed the paw less wolf. Then after a good meal they were satisfied and left. &#8220;We thank God for that!&#8221;<\/p>\n<h2>Five farms became two and then one<\/h2>\n<p>Getn\u00f6 had several farms for a long time. Getn\u00f6 itself had three small farms and Vrigstad, that lies on a peninsula next to Getn\u00f6 had two farms. After the distribution 1813 Getn\u00f6s fusion and Vrigstad fusion meant that each had its own owner. On Getn\u00f6 the owner was August Marcusson squire and on Vrigstad his brother Erik. The turn of the century nothing had changed, the farms were isolated and modernisation went slowly, superstition and old customs still lingered. Even in the 20th century flax was cultivated and wool was spun and woven. Grain was transported by boat to the mill in Horjeboda and the flour the same way back. Vrigstad at this time owned half of the mill. Earlier it must be ground by hand. The hand mill can be seen at the Farm museum. There are no windmills left on the island although they were here 1320. During the winter transport was easier as they could go over the ice. 1870 the railway between Karlshamn and Vislanda was at last ready and this menat a loft for the whole district. Oxens were taken over by horses and modern equipment which mad it easier to transport goods to the railway. Vrigstad was the last farm in this area that still had oxen, one could see them working as late as 1920.<\/p>\n<h2>Haunted<\/h2>\n<p>There was a generation change at Vrigstad. Eriks children took over. Two of them left the district, one called Amanda left for America others broke out and bought their own farms. The youngest son Olof remained on the farm and runs it togehter with his brothers and sisters and a niece Edith. Olof slowly settles economical with all of them. He made a lot of money from fishing on lake \u00c5snen. The last one of the family settled with in the 1950&#8217;s for 65 000 an enormous amount of money. At the same time his sister Anna won 100 000 on a lottery. She used it to build a house. Today it is called Farmorstugan (Grandmother house). She and her brothers and sisters planned to live there when Olof got married. But suddenly Olof realised that if he got married he would loose hes good and cheap labour. So he changed his mind about marriage and took superstition as help. He told Anna that her house was haunted. Nobody believed him and just laughed at him, they prepared for the first night in the house. Six oclock the next morning all sisters and brothers stod outside Vrigstad and begged Olof to let them in. All agreed that they could not live in the house, Olof was right, the house was haunted. It is said that Olof secretly smiled, but he never admitted that he had anything to do with it. Annas house stood emptyu for 23 years till it was sold to cantor Ingmar tysk 1969. Then the house was bought by Lennart Olsson 1982.<\/p>\n<h2>The sale of Getn\u00f6<\/h2>\n<p>August Marcusson&#8217;s six children disagreed on who was to inherit Getn\u00f6, so it was lost from the family. It was bought 1938 by Sven Hallen Schwartz, who was of German origin. He once owned a rubber plantation and moved in with his Danish wife countess Leila. The new owners repaired buildings and also built a house for a foreman.. They even put up something so newfangled as a wind driven electric power station. They were a very well liked and generous couple that lived on Getn\u00f6 a few years. 1944 consul Inge Erichs from Malm\u00f6 bought Getn\u00f6. He had in mind to use it as a summer residence, most of the year his son lived there. During Erichs time they put in electricity from the main land and also a telephone. During this time 1944-47 a Gunnar Johansson on Igel\u00f6n was the lease holder for Getn\u00f6 and there where three professional fishers on the farm.<\/p>\n<h2>New times<\/h2>\n<p>We have now arrived in 1967 when Lennart Olsson became the owner to Getn\u00f6 G\u00e5rd. 1971 he bought Vrigstad from Olof and Anna Marcusson and both of the farms became one Now a new epoch in the history of Getn\u00f6 begins. Farming and forestry was stepped up with the help of large investments. A new road of five kilometres and three bridges were made. The old road between \u00c5lshult and Getn\u00f6 was repaired by the new owner and all houses were renovated. As most there were four horses, two tractors, 100 sheep, hens and 60 charolais cows and calves. This was all run by the foreman Gunnar Svensson. In the spite of great achivement from the foreman couple Gunnar and Doris together with the owners it became difficult to make a profit. Lennart Olsson started to look around for other possibilities for his beautifully situated farm and he fastened for tourism. Getn\u00f6 had all the qualifications to become a paradise for nature lovers and sport fishing. The barn was rebuilt and made into reception, kiosk, caf\u00e9, restaurant, a small food shop, conference rooms and a pub. Many houses were also renowated and rented out to tourists. The smallest for 2 persons, the largest for 18-20persons. A very interesting farm museum was developed and all the ancient findings are on display. A canoebase in \u00c5lshult was started and the naturcampingplace on Getn\u00f6 had 120 places. Investments in motorboats and canoes were made. The canoeroute V\u00e4rendleden started in the beginning of 1980&#8217;s, 120km long to paddle for canoers. A system with tourist\/canoecampingchecks that give service to overnighting canoeists started 1990. It has helped canoe tourism to proceed and other advantages for the landowners in the sparsely populated area around the watersystems. Lake \u00c5snen with its rich fishingwaters is very attractive and Getn\u00f6 is member of Top-10-Fishing areas in Sweden. Lennart Olsson was chosen the sportfishing contractor of the year 1999 by the Swedish Fishingdepartment, the Tourist Delegation and the Tourist Council.<\/p>\n<h2>An oasis<\/h2>\n<p>In a time like ours, people are stressed, at Getn\u00f6 g\u00e5rd we try to give people an experience of the nature and a chance to relax. This can be done if serveral ways. For those who just want to enjoy the wonderful scenery and outside life there is a wide choice. Getn\u00f6 has fantastic variations of birds, wild life and flora. The private nature reserve was founded to protect wild life, flora and bird life for the coming generations.<\/p>\n<p>In 1995, Ingrid Olsson (the daughter of Lennart Olsson) started to work with the tourism business and developed the conference centre. Outdoor- and Teambuilding activities started on Getn\u00f6 G\u00e5rd. Conference guests from both near and far are coming.<\/p>\n<p>In 2003 Ingrid Olsson and her father Lennart Olsson received the price as the top Tourist-entrepreneurs of the year 2003 in south Sm\u00e5land.<\/p>\n<p>In 2007, there was a 100year jubileum on Getn\u00f6 G\u00e5rd. The farm was 40 years in the Olsson family and Lennart and his wife Gunnie Olsson celebrated 60 years anniversary on 19\/7-2007. A big celebration with family, friends and guest from different countries.<\/p>\n<p>In 2010 the estate is divided between the 4 children of Lennart Olsson. Ingrid Olsson continues with the family business: Getn\u00f6 G\u00e5rd, Lake \u00c5snen Resort. Her goal is to develop Getn\u00f6 g\u00e5rd, into an Outdoor Activites Centre together with her son Christoffer Olsson. A National Park will be made in the centre of Lake \u00c5snen in 2015.<\/p>\n\t<h2>News &amp; Special Offers<\/h2>\n<p>We keep you updated about news and special offers from Getn\u00f6 &#8211; Lake \u00c5snen Resort.<\/p>\n\n","protected":false},"excerpt":{"rendered":"<p>Getn\u00f6 &#8211; a tourist paradise with roots from the past Getn\u00f6 Farm has a colourful and fascinating history, with its roots stretching deep into the past. When the inland ice melted 14.000 years ago, an enormous amount of water crushed into gravel and sand. The oldest relics from this period can still be seen on [&hellip;]<\/p>\n","protected":false},"author":2,"featured_media":0,"parent":1082,"menu_order":0,"comment_status":"closed","ping_status":"closed","template":"","meta":{"_acf_changed":false,"_seopress_robots_primary_cat":"","_seopress_titles_title":"","_seopress_titles_desc":"","_seopress_robots_index":"","site-sidebar-layout":"default","site-content-layout":"","ast-site-content-layout":"default","site-content-style":"default","site-sidebar-style":"default","ast-global-header-display":"","ast-banner-title-visibility":"","ast-main-header-display":"","ast-hfb-above-header-display":"","ast-hfb-below-header-display":"","ast-hfb-mobile-header-display":"","site-post-title":"","ast-breadcrumbs-content":"","ast-featured-img":"","footer-sml-layout":"","ast-disable-related-posts":"","theme-transparent-header-meta":"","adv-header-id-meta":"","stick-header-meta":"","header-above-stick-meta":"","header-main-stick-meta":"","header-below-stick-meta":"","astra-migrate-meta-layouts":"default","ast-page-background-enabled":"default","ast-page-background-meta":{"desktop":{"background-color":"var(--ast-global-color-4)","background-image":"","background-repeat":"repeat","background-position":"center center","background-size":"auto","background-attachment":"scroll","background-type":"","background-media":"","overlay-type":"","overlay-color":"","overlay-opacity":"","overlay-gradient":""},"tablet":{"background-color":"","background-image":"","background-repeat":"repeat","background-position":"center center","background-size":"auto","background-attachment":"scroll","background-type":"","background-media":"","overlay-type":"","overlay-color":"","overlay-opacity":"","overlay-gradient":""},"mobile":{"background-color":"","background-image":"","background-repeat":"repeat","background-position":"center center","background-size":"auto","background-attachment":"scroll","background-type":"","background-media":"","overlay-type":"","overlay-color":"","overlay-opacity":"","overlay-gradient":""}},"ast-content-background-meta":{"desktop":{"background-color":"var(--ast-global-color-5)","background-image":"","background-repeat":"repeat","background-position":"center center","background-size":"auto","background-attachment":"scroll","background-type":"","background-media":"","overlay-type":"","overlay-color":"","overlay-opacity":"","overlay-gradient":""},"tablet":{"background-color":"var(--ast-global-color-5)","background-image":"","background-repeat":"repeat","background-position":"center center","background-size":"auto","background-attachment":"scroll","background-type":"","background-media":"","overlay-type":"","overlay-color":"","overlay-opacity":"","overlay-gradient":""},"mobile":{"background-color":"var(--ast-global-color-5)","background-image":"","background-repeat":"repeat","background-position":"center center","background-size":"auto","background-attachment":"scroll","background-type":"","background-media":"","overlay-type":"","overlay-color":"","overlay-opacity":"","overlay-gradient":""}},"footnotes":""},"class_list":["post-1089","page","type-page","status-publish","hentry"],"acf":[],"_links":{"self":[{"href":"https:\/\/www.getnogard.se\/en\/wp-json\/wp\/v2\/pages\/1089","targetHints":{"allow":["GET"]}}],"collection":[{"href":"https:\/\/www.getnogard.se\/en\/wp-json\/wp\/v2\/pages"}],"about":[{"href":"https:\/\/www.getnogard.se\/en\/wp-json\/wp\/v2\/types\/page"}],"author":[{"embeddable":true,"href":"https:\/\/www.getnogard.se\/en\/wp-json\/wp\/v2\/users\/2"}],"replies":[{"embeddable":true,"href":"https:\/\/www.getnogard.se\/en\/wp-json\/wp\/v2\/comments?post=1089"}],"version-history":[{"count":3,"href":"https:\/\/www.getnogard.se\/en\/wp-json\/wp\/v2\/pages\/1089\/revisions"}],"predecessor-version":[{"id":3728,"href":"https:\/\/www.getnogard.se\/en\/wp-json\/wp\/v2\/pages\/1089\/revisions\/3728"}],"up":[{"embeddable":true,"href":"https:\/\/www.getnogard.se\/en\/wp-json\/wp\/v2\/pages\/1082"}],"wp:attachment":[{"href":"https:\/\/www.getnogard.se\/en\/wp-json\/wp\/v2\/media?parent=1089"}],"curies":[{"name":"wp","href":"https:\/\/api.w.org\/{rel}","templated":true}]}}