{"id":1093,"date":"2017-05-25T18:06:14","date_gmt":"2017-05-25T16:06:14","guid":{"rendered":"http:\/\/www.getnogard.de\/about-us\/showroom\/"},"modified":"2026-02-05T13:11:40","modified_gmt":"2026-02-05T12:11:40","slug":"showroom","status":"publish","type":"page","link":"https:\/\/www.getnogard.se\/en\/about-us\/showroom\/","title":{"rendered":"Showroom"},"content":{"rendered":"\n<figure itemscope itemtype=\"https:\/\/schema.org\/ImageObject\">\n\t\t\t\t<img decoding=\"async\" src=\"https:\/\/www.getnogard.se\/wp-content\/uploads\/header_1100x400_01.jpg\" alt=\"header_1100x400_01\" height=\"400\" width=\"1100\" title=\"header_1100x400_01\" onerror=\"this.style.display='none'\" loading=\"lazy\" \/>\n\t<\/figure>\n<h1>\n\t\t\tShowroom Getn\u00f6 &#8211; Lake \u00c5snen Resort\t<\/h1>\n\t<!--presto-player:video_id=5--><figure>\n\t\n\t\t            <video controls preload=\"none\">\n            <source src=\"https:\/\/www.getnogard.se\/wp-content\/uploads\/vid_getnoe_gard_aelgar_k.mp4\" \/>\n        <\/video>\n\t\n<\/figure>\n\t<!--presto-player:video_id=9--><figure>\n\t\n\t\t            <video controls preload=\"none\">\n            <source src=\"https:\/\/www.getnogard.se\/wp-content\/uploads\/vid_getnoe_gard_lake_asnen_resort_k.mp4\" \/>\n        <\/video>\n\t\n<\/figure>\n\t<!--presto-player:video_id=7--><figure>\n\t\n\t\t            <video controls preload=\"none\">\n            <source src=\"https:\/\/www.getnogard.se\/wp-content\/uploads\/vid_getnoe_gard_nature_experience_k.mp4\" \/>\n        <\/video>\n\t\n<\/figure>\n\t<!--presto-player:video_id=10--><figure>\n\t\n\t\t            <video controls preload=\"none\">\n            <source src=\"https:\/\/www.getnogard.se\/wp-content\/uploads\/vid_destination-smaland_getnoe_gard_en_k.mp4\" \/>\n        <\/video>\n\t\n<\/figure>\n\t<!--presto-player:video_id=8--><figure>\n\t\n\t\t            <video controls preload=\"none\">\n            <source src=\"https:\/\/www.getnogard.se\/wp-content\/uploads\/vid_getnoe_gard_naturcamping_k.mp4\" \/>\n        <\/video>\n\t\n<\/figure>\n\t<!--presto-player:video_id=6--><figure>\n\t\n\t\t            <video controls preload=\"none\">\n            <source src=\"https:\/\/www.getnogard.se\/wp-content\/uploads\/vid_getnoe_gard_outdoor_activities_k.mp4\" \/>\n        <\/video>\n\t\n<\/figure>\n\t<h2>News &amp; Special Offers<\/h2>\n<p>Join our newsletter and stay updated about news &amp; special offers from Getn\u00f6 &#8211; Lake \u00c5snen Resort.<\/p>\n\n","protected":false},"excerpt":{"rendered":"<p>Showroom Getn\u00f6 &#8211; Lake \u00c5snen Resort News &amp; Special Offers Join our newsletter and stay updated about news &amp; special offers from Getn\u00f6 &#8211; Lake \u00c5snen Resort.<\/p>\n","protected":false},"author":2,"featured_media":0,"parent":1082,"menu_order":0,"comment_status":"closed","ping_status":"closed","template":"","meta":{"_acf_changed":false,"_seopress_robots_primary_cat":"","_seopress_titles_title":"","_seopress_titles_desc":"","_seopress_robots_index":"","site-sidebar-layout":"default","site-content-layout":"","ast-site-content-layout":"default","site-content-style":"default","site-sidebar-style":"default","ast-global-header-display":"","ast-banner-title-visibility":"","ast-main-header-display":"","ast-hfb-above-header-display":"","ast-hfb-below-header-display":"","ast-hfb-mobile-header-display":"","site-post-title":"","ast-breadcrumbs-content":"","ast-featured-img":"","footer-sml-layout":"","ast-disable-related-posts":"","theme-transparent-header-meta":"","adv-header-id-meta":"","stick-header-meta":"","header-above-stick-meta":"","header-main-stick-meta":"","header-below-stick-meta":"","astra-migrate-meta-layouts":"default","ast-page-background-enabled":"default","ast-page-background-meta":{"desktop":{"background-color":"var(--ast-global-color-4)","background-image":"","background-repeat":"repeat","background-position":"center center","background-size":"auto","background-attachment":"scroll","background-type":"","background-media":"","overlay-type":"","overlay-color":"","overlay-opacity":"","overlay-gradient":""},"tablet":{"background-color":"","background-image":"","background-repeat":"repeat","background-position":"center center","background-size":"auto","background-attachment":"scroll","background-type":"","background-media":"","overlay-type":"","overlay-color":"","overlay-opacity":"","overlay-gradient":""},"mobile":{"background-color":"","background-image":"","background-repeat":"repeat","background-position":"center center","background-size":"auto","background-attachment":"scroll","background-type":"","background-media":"","overlay-type":"","overlay-color":"","overlay-opacity":"","overlay-gradient":""}},"ast-content-background-meta":{"desktop":{"background-color":"var(--ast-global-color-5)","background-image":"","background-repeat":"repeat","background-position":"center center","background-size":"auto","background-attachment":"scroll","background-type":"","background-media":"","overlay-type":"","overlay-color":"","overlay-opacity":"","overlay-gradient":""},"tablet":{"background-color":"var(--ast-global-color-5)","background-image":"","background-repeat":"repeat","background-position":"center center","background-size":"auto","background-attachment":"scroll","background-type":"","background-media":"","overlay-type":"","overlay-color":"","overlay-opacity":"","overlay-gradient":""},"mobile":{"background-color":"var(--ast-global-color-5)","background-image":"","background-repeat":"repeat","background-position":"center center","background-size":"auto","background-attachment":"scroll","background-type":"","background-media":"","overlay-type":"","overlay-color":"","overlay-opacity":"","overlay-gradient":""}},"footnotes":""},"class_list":["post-1093","page","type-page","status-publish","hentry"],"acf":[],"_links":{"self":[{"href":"https:\/\/www.getnogard.se\/en\/wp-json\/wp\/v2\/pages\/1093","targetHints":{"allow":["GET"]}}],"collection":[{"href":"https:\/\/www.getnogard.se\/en\/wp-json\/wp\/v2\/pages"}],"about":[{"href":"https:\/\/www.getnogard.se\/en\/wp-json\/wp\/v2\/types\/page"}],"author":[{"embeddable":true,"href":"https:\/\/www.getnogard.se\/en\/wp-json\/wp\/v2\/users\/2"}],"replies":[{"embeddable":true,"href":"https:\/\/www.getnogard.se\/en\/wp-json\/wp\/v2\/comments?post=1093"}],"version-history":[{"count":4,"href":"https:\/\/www.getnogard.se\/en\/wp-json\/wp\/v2\/pages\/1093\/revisions"}],"predecessor-version":[{"id":6702,"href":"https:\/\/www.getnogard.se\/en\/wp-json\/wp\/v2\/pages\/1093\/revisions\/6702"}],"up":[{"embeddable":true,"href":"https:\/\/www.getnogard.se\/en\/wp-json\/wp\/v2\/pages\/1082"}],"wp:attachment":[{"href":"https:\/\/www.getnogard.se\/en\/wp-json\/wp\/v2\/media?parent=1093"}],"curies":[{"name":"wp","href":"https:\/\/api.w.org\/{rel}","templated":true}]}}