{"id":1158,"date":"2017-07-12T19:16:42","date_gmt":"2017-07-12T17:16:42","guid":{"rendered":"http:\/\/www.getnogard.de\/news\/"},"modified":"2026-04-07T19:26:41","modified_gmt":"2026-04-07T17:26:41","slug":"news","status":"publish","type":"page","link":"https:\/\/www.getnogard.se\/en\/news\/","title":{"rendered":"News"},"content":{"rendered":"\n<h1>\n\t\t\tNews\t<\/h1>\n<h5>\n\t\t\tfrom Getn\u00f6 G\u00e5rd and \u00c5snen National Park\t<\/h5>\n<!-- Gridbuilder \u1d42\u1d3e Plugin (https:\/\/wpgridbuilder.com) -->\n\t\t\t<article data-col=\"1\" data-row=\"1\" data-format=\"standard\" data-fluid><a href=\"https:\/\/www.getnogard.se\/wp-content\/uploads\/Getno-Bokskog-scaled.jpg\" tabindex=\"-1\" data-type=\"image\" data-rel=\"1\" data-title=\"Getn\u00f6 Bokskog\" title=\"Enlarge photo\"><img loading=\"lazy\" decoding=\"async\" src=\"https:\/\/www.getnogard.se\/wp-content\/uploads\/Getno-Bokskog-scaled.jpg\" alt=\"\" height=\"2560\" width=\"1912\"\/><\/a><h3><a href=\"https:\/\/www.getnogard.se\/en\/getnos-newsletter-spring-2026\/\">Getn\u00f6&#8217;s Newsletter &#8211; Spring 2026<\/a><\/h3><a href=\"https:\/\/www.getnogard.se\/en\/news\/news-en\/\" rel=\"category\" data-id=\"18\">news<\/a><a href=\"https:\/\/www.getnogard.se\/en\/getnos-newsletter-spring-2026\/\"><\/a><\/article><article data-col=\"1\" data-row=\"1\" data-format=\"standard\" data-fluid><a href=\"https:\/\/www.getnogard.se\/wp-content\/uploads\/blog-julbord.jpg\" tabindex=\"-1\" data-type=\"image\" data-rel=\"1\" data-title=\"blog-julbord\" title=\"Enlarge photo\"><img loading=\"lazy\" decoding=\"async\" src=\"https:\/\/www.getnogard.se\/wp-content\/uploads\/blog-julbord.jpg\" alt=\"\" height=\"450\" width=\"1100\"\/><\/a><h3><a href=\"https:\/\/www.getnogard.se\/en\/julbord-med-teaterfoerestaellning\/\">Julbord med teaterf\u00f6rest\u00e4llning<\/a><\/h3><a href=\"https:\/\/www.getnogard.se\/en\/news\/news-en\/\" rel=\"category\" data-id=\"18\">news<\/a><a href=\"https:\/\/www.getnogard.se\/en\/julbord-med-teaterfoerestaellning\/\"><\/a><\/article><article data-col=\"1\" data-row=\"1\" data-format=\"standard\" data-fluid><a href=\"https:\/\/www.getnogard.se\/wp-content\/uploads\/Vinter-vid-bron-Getno-kopia.jpg\" tabindex=\"-1\" data-type=\"image\" data-rel=\"1\" data-title=\"Vinter vid bron Getn\u00f6 kopia\" title=\"Enlarge photo\"><img loading=\"lazy\" decoding=\"async\" src=\"https:\/\/www.getnogard.se\/wp-content\/uploads\/Vinter-vid-bron-Getno-kopia.jpg\" alt=\"\" height=\"1024\" width=\"1536\"\/><\/a><h3><a href=\"https:\/\/www.getnogard.se\/en\/getnos-newsletter-winter-2025-2026\/\">Getn\u00f6&#8217;s Newsletter &#8211; Winter &#8217;25 \/ &#8217;26<\/a><\/h3><a href=\"https:\/\/www.getnogard.se\/en\/news\/news-en\/\" rel=\"category\" data-id=\"18\">news<\/a><a href=\"https:\/\/www.getnogard.se\/en\/getnos-newsletter-winter-2025-2026\/\"><\/a><\/article><article data-col=\"1\" data-row=\"1\" data-format=\"standard\" data-fluid><a href=\"https:\/\/www.getnogard.se\/wp-content\/uploads\/blog_header_grandslam_02.jpg\" tabindex=\"-1\" data-type=\"image\" data-rel=\"1\" data-title=\"blog_header_grandslam_02\" title=\"Enlarge photo\"><img loading=\"lazy\" decoding=\"async\" src=\"https:\/\/www.getnogard.se\/wp-content\/uploads\/blog_header_grandslam_02.jpg\" alt=\"\" height=\"450\" width=\"1100\"\/><\/a><h3><a href=\"https:\/\/www.getnogard.se\/en\/asnen-grand-slam\/\">\u00c5SNEN  GRAND-SLAM 2026<\/a><\/h3><a href=\"https:\/\/www.getnogard.se\/en\/news\/news-en\/\" rel=\"category\" data-id=\"18\">news<\/a><a href=\"https:\/\/www.getnogard.se\/en\/asnen-grand-slam\/\"><\/a><\/article><article data-col=\"1\" data-row=\"1\" data-format=\"standard\" data-fluid><a href=\"https:\/\/www.getnogard.se\/wp-content\/uploads\/ggab_header_1100x550_11.jpg\" tabindex=\"-1\" data-type=\"image\" data-rel=\"1\" data-title=\"ggab_header_1100x550_11\" title=\"Enlarge photo\"><img loading=\"lazy\" decoding=\"async\" src=\"https:\/\/www.getnogard.se\/wp-content\/uploads\/ggab_header_1100x550_11.jpg\" alt=\"\" height=\"550\" width=\"1100\"\/><\/a><h3><a href=\"https:\/\/www.getnogard.se\/en\/green-destinations-platinum-award\/\">Green Destinations Platinum Award<\/a><\/h3><a href=\"https:\/\/www.getnogard.se\/en\/news\/press\/\" rel=\"category\" data-id=\"15\">press<\/a><a href=\"https:\/\/www.getnogard.se\/en\/green-destinations-platinum-award\/\"><\/a><\/article>\t\t\n<style id='wpgb-style-inline-css'>\n:root{--wpgb-accent-scheme-1:#0069ff;--wpgb-dark-scheme-1:#262626;--wpgb-dark-scheme-2:#565656;--wpgb-dark-scheme-3:#767676;--wpgb-light-scheme-1:#ffffff;--wpgb-light-scheme-2:#f6f6f6;--wpgb-light-scheme-3:#f5f5f5;--wpgb-lightbox-background:linear-gradient(180deg, rgba(30,30,30,0.45) 0%, rgba(30,30,30,0.9) 100%);--wpgb-lightbox-controls:#ffffff;--wpgb-lightbox-spinner:#ffffff;--wpgb-lightbox-title:#ffffff;--wpgb-lightbox-desc:#bbbbbb;}.wpgb-grid-1 .wpgb-area-top-1>div{flex:inherit;min-width:25%;max-width:100%}.wpgb-grid-1 .wpgb-area-top-1{margin-top:3em;}.wpgb-grid-1 .wpgb-area-top-2>div{flex:inherit;min-width:25%;max-width:100%}.wpgb-grid-1 .wpgb-area-top-2{margin-top:3em;margin-bottom:16px;justify-content:flex-start;}.wpgb-grid-1 .wpgb-area-bottom-1{margin-top:4em;}@media all and (-ms-high-contrast:none), (-ms-high-contrast:active){.wpgb-grid-1:not(.wpgb-enabled) .wpgb-viewport>div{margin:0 -7px}.wpgb-grid-1:not(.wpgb-enabled) .wpgb-card{width:calc(( 100% - 3 * 28px ) \/ 3 - 0.1px);margin:14px}}.wpgb-grid-1:not(.wpgb-enabled) .wpgb-viewport>div{grid-template-columns: repeat(3, 1fr);grid-gap:28px}.wp-grid-builder.wpgb-grid-1:not(.wpgb-enabled) .wpgb-card-inner:before{padding-bottom:75.0001875005%}@media screen and (max-width: 1200px){@media all and (-ms-high-contrast:none), (-ms-high-contrast:active){.wpgb-grid-1:not(.wpgb-enabled) .wpgb-viewport>div{margin:0 -7px}.wpgb-grid-1:not(.wpgb-enabled) .wpgb-card{width:calc(( 100% - 2 * 28px ) \/ 2 - 0.1px);margin:14px}}.wpgb-grid-1:not(.wpgb-enabled) .wpgb-viewport>div{grid-template-columns: repeat(2, 1fr);grid-gap:28px}.wp-grid-builder.wpgb-grid-1:not(.wpgb-enabled) .wpgb-card[data-col=\"2\"],.wp-grid-builder.wpgb-grid-1:not(.wpgb-enabled) .wpgb-card[data-col=\"3\"],.wp-grid-builder.wpgb-grid-1:not(.wpgb-enabled) .wpgb-card[data-col=\"4\"],.wp-grid-builder.wpgb-grid-1:not(.wpgb-enabled) .wpgb-card[data-col=\"5\"],.wp-grid-builder.wpgb-grid-1:not(.wpgb-enabled) .wpgb-card[data-col=\"6\"],.wp-grid-builder.wpgb-grid-1:not(.wpgb-enabled) .wpgb-card[data-col=\"7\"],.wp-grid-builder.wpgb-grid-1:not(.wpgb-enabled) .wpgb-card[data-col=\"8\"],.wp-grid-builder.wpgb-grid-1:not(.wpgb-enabled) .wpgb-card[data-col=\"9\"],.wp-grid-builder.wpgb-grid-1:not(.wpgb-enabled) .wpgb-card[data-col=\"10\"],.wp-grid-builder.wpgb-grid-1:not(.wpgb-enabled) .wpgb-card[data-col=\"11\"]{grid-column: span 2}.wp-grid-builder.wpgb-grid-1:not(.wpgb-enabled) .wpgb-card-inner:before{padding-bottom:75.0001875005%}}@media screen and (max-width: 992px){@media all and (-ms-high-contrast:none), (-ms-high-contrast:active){.wpgb-grid-1:not(.wpgb-enabled) .wpgb-viewport>div{margin:0 -7px}.wpgb-grid-1:not(.wpgb-enabled) .wpgb-card{width:calc(( 100% - 2 * 28px ) \/ 2 - 0.1px);margin:14px}}.wpgb-grid-1:not(.wpgb-enabled) .wpgb-viewport>div{grid-template-columns: repeat(2, 1fr);grid-gap:28px}.wp-grid-builder.wpgb-grid-1:not(.wpgb-enabled) .wpgb-card[data-col=\"2\"],.wp-grid-builder.wpgb-grid-1:not(.wpgb-enabled) .wpgb-card[data-col=\"3\"],.wp-grid-builder.wpgb-grid-1:not(.wpgb-enabled) .wpgb-card[data-col=\"4\"],.wp-grid-builder.wpgb-grid-1:not(.wpgb-enabled) .wpgb-card[data-col=\"5\"],.wp-grid-builder.wpgb-grid-1:not(.wpgb-enabled) .wpgb-card[data-col=\"6\"],.wp-grid-builder.wpgb-grid-1:not(.wpgb-enabled) .wpgb-card[data-col=\"7\"],.wp-grid-builder.wpgb-grid-1:not(.wpgb-enabled) .wpgb-card[data-col=\"8\"],.wp-grid-builder.wpgb-grid-1:not(.wpgb-enabled) .wpgb-card[data-col=\"9\"],.wp-grid-builder.wpgb-grid-1:not(.wpgb-enabled) .wpgb-card[data-col=\"10\"],.wp-grid-builder.wpgb-grid-1:not(.wpgb-enabled) .wpgb-card[data-col=\"11\"]{grid-column: span 2}.wp-grid-builder.wpgb-grid-1:not(.wpgb-enabled) .wpgb-card-inner:before{padding-bottom:75.0001875005%}}@media screen and (max-width: 768px){@media all and (-ms-high-contrast:none), (-ms-high-contrast:active){.wpgb-grid-1:not(.wpgb-enabled) .wpgb-viewport>div{margin:0 -7px}.wpgb-grid-1:not(.wpgb-enabled) .wpgb-card{width:calc(( 100% - 1 * 28px ) \/ 1 - 0.1px);margin:14px}}.wpgb-grid-1:not(.wpgb-enabled) .wpgb-viewport>div{grid-template-columns: repeat(1, 1fr);grid-gap:28px}.wp-grid-builder.wpgb-grid-1:not(.wpgb-enabled) .wpgb-card[data-col=\"1\"],.wp-grid-builder.wpgb-grid-1:not(.wpgb-enabled) .wpgb-card[data-col=\"2\"],.wp-grid-builder.wpgb-grid-1:not(.wpgb-enabled) .wpgb-card[data-col=\"3\"],.wp-grid-builder.wpgb-grid-1:not(.wpgb-enabled) .wpgb-card[data-col=\"4\"],.wp-grid-builder.wpgb-grid-1:not(.wpgb-enabled) .wpgb-card[data-col=\"5\"],.wp-grid-builder.wpgb-grid-1:not(.wpgb-enabled) .wpgb-card[data-col=\"6\"],.wp-grid-builder.wpgb-grid-1:not(.wpgb-enabled) .wpgb-card[data-col=\"7\"],.wp-grid-builder.wpgb-grid-1:not(.wpgb-enabled) .wpgb-card[data-col=\"8\"],.wp-grid-builder.wpgb-grid-1:not(.wpgb-enabled) .wpgb-card[data-col=\"9\"],.wp-grid-builder.wpgb-grid-1:not(.wpgb-enabled) .wpgb-card[data-col=\"10\"],.wp-grid-builder.wpgb-grid-1:not(.wpgb-enabled) .wpgb-card[data-col=\"11\"]{grid-column: span 1}.wp-grid-builder.wpgb-grid-1:not(.wpgb-enabled) .wpgb-card-inner:before{padding-bottom:75.0001875005%}}@media screen and (max-width: 576px){@media all and (-ms-high-contrast:none), (-ms-high-contrast:active){.wpgb-grid-1:not(.wpgb-enabled) .wpgb-viewport>div{margin:0 -7px}.wpgb-grid-1:not(.wpgb-enabled) .wpgb-card{width:calc(( 100% - 1 * 28px ) \/ 1 - 0.1px);margin:14px}}.wpgb-grid-1:not(.wpgb-enabled) .wpgb-viewport>div{grid-template-columns: repeat(1, 1fr);grid-gap:28px}.wp-grid-builder.wpgb-grid-1:not(.wpgb-enabled) .wpgb-card[data-col=\"1\"],.wp-grid-builder.wpgb-grid-1:not(.wpgb-enabled) .wpgb-card[data-col=\"2\"],.wp-grid-builder.wpgb-grid-1:not(.wpgb-enabled) .wpgb-card[data-col=\"3\"],.wp-grid-builder.wpgb-grid-1:not(.wpgb-enabled) .wpgb-card[data-col=\"4\"],.wp-grid-builder.wpgb-grid-1:not(.wpgb-enabled) .wpgb-card[data-col=\"5\"],.wp-grid-builder.wpgb-grid-1:not(.wpgb-enabled) .wpgb-card[data-col=\"6\"],.wp-grid-builder.wpgb-grid-1:not(.wpgb-enabled) .wpgb-card[data-col=\"7\"],.wp-grid-builder.wpgb-grid-1:not(.wpgb-enabled) .wpgb-card[data-col=\"8\"],.wp-grid-builder.wpgb-grid-1:not(.wpgb-enabled) .wpgb-card[data-col=\"9\"],.wp-grid-builder.wpgb-grid-1:not(.wpgb-enabled) .wpgb-card[data-col=\"10\"],.wp-grid-builder.wpgb-grid-1:not(.wpgb-enabled) .wpgb-card[data-col=\"11\"]{grid-column: span 1}.wp-grid-builder.wpgb-grid-1:not(.wpgb-enabled) .wpgb-card-inner:before{padding-bottom:75.0001875005%}}@media screen and (max-width: 320px){@media all and (-ms-high-contrast:none), (-ms-high-contrast:active){.wpgb-grid-1:not(.wpgb-enabled) .wpgb-viewport>div{margin:0 -7px}.wpgb-grid-1:not(.wpgb-enabled) .wpgb-card{width:calc(( 100% - 1 * 28px ) \/ 1 - 0.1px);margin:14px}}.wpgb-grid-1:not(.wpgb-enabled) .wpgb-viewport>div{grid-template-columns: repeat(1, 1fr);grid-gap:28px}.wp-grid-builder.wpgb-grid-1:not(.wpgb-enabled) .wpgb-card[data-col=\"1\"],.wp-grid-builder.wpgb-grid-1:not(.wpgb-enabled) .wpgb-card[data-col=\"2\"],.wp-grid-builder.wpgb-grid-1:not(.wpgb-enabled) .wpgb-card[data-col=\"3\"],.wp-grid-builder.wpgb-grid-1:not(.wpgb-enabled) .wpgb-card[data-col=\"4\"],.wp-grid-builder.wpgb-grid-1:not(.wpgb-enabled) .wpgb-card[data-col=\"5\"],.wp-grid-builder.wpgb-grid-1:not(.wpgb-enabled) .wpgb-card[data-col=\"6\"],.wp-grid-builder.wpgb-grid-1:not(.wpgb-enabled) .wpgb-card[data-col=\"7\"],.wp-grid-builder.wpgb-grid-1:not(.wpgb-enabled) .wpgb-card[data-col=\"8\"],.wp-grid-builder.wpgb-grid-1:not(.wpgb-enabled) .wpgb-card[data-col=\"9\"],.wp-grid-builder.wpgb-grid-1:not(.wpgb-enabled) .wpgb-card[data-col=\"10\"],.wp-grid-builder.wpgb-grid-1:not(.wpgb-enabled) .wpgb-card[data-col=\"11\"]{grid-column: span 1}.wp-grid-builder.wpgb-grid-1:not(.wpgb-enabled) .wpgb-card-inner:before{padding-bottom:75.0001875005%}}.wpgb-grid-1 .wpgb-card.wpgb-card-hidden .wpgb-card-wrapper{transform-origin:50% 100%;transform:perspective(2000px) translateY(200px) rotateX(60deg) scale(0.8);opacity:0;}.wpgb-grid-1 .wpgb-card:not(.wpgb-card-hidden) .wpgb-card-wrapper{transform:perspective(2000px) translateY(0) rotateX(0) scale(1);opacity:1;transition:700ms cubic-bezier(0.1,0.3,0.2,1);transition-property:transform, opacity;;}.wpgb-grid-1 .wpgb-card .wpgb-lazy-load{color:#0069ff;background:#edf3f8}.wpgb-loader-17,.wpgb-loader-17>div{width:50px;height:50px}@-webkit-keyframes wpgb-loader-17{0%{-webkit-transform:rotate(0)}100%{-webkit-transform:rotate(360deg)}}@keyframes wpgb-loader-17{0%{transform:rotate(0)}100%{transform:rotate(360deg)}}.wpgb-loader-17>div{position:relative;background:0 0!important;border:2px solid;border-radius:100%}.wpgb-loader-17>div>div{position:absolute;top:23px;left:23px;display:block;width:2px;margin-top:-1px;margin-left:-1px;border-radius:2px;-webkit-transform-origin:1px 1px 0;transform-origin:1px 1px 0;-webkit-animation:wpgb-loader-17 1.25s infinite linear;animation:wpgb-loader-17 1.25s infinite linear;-webkit-animation-delay:-625ms;animation-delay:-625ms}.wpgb-loader-17>div>div:first-child{height:20px}.wpgb-loader-17>div>div:last-child{height:12px;-webkit-animation-duration:15s;animation-duration:15s;-webkit-animation-delay:-7.5s;animation-delay:-7.5s}.wpgb-grid-1 .wpgb-loader .wpgb-loader-17{transform: scale(1 )}.wpgb-grid-1 .wpgb-loader .wpgb-loader-17 *{color:#0069ff;background:#0069ff}.wp-grid-builder .wpgb-card-21 .wpgb-card-inner{border-radius:.5em;overflow:hidden;-webkit-transition-timing-function:cubic-bezier(0.15,0.75,0.5,1);transition-timing-function:cubic-bezier(0.15,0.75,0.5,1);-webkit-transition-duration:350ms;transition-duration:350ms}.wp-grid-builder .wpgb-card-21:hover .wpgb-card-inner{box-shadow:rgba(0,0,0,0.25) 0 30px 70px 0}.wp-grid-builder .wpgb-card-21 .wpgb-card-media{-webkit-box-flex:1;-ms-flex-positive:1;flex-grow:1}.wp-grid-builder .wpgb-card-21 .wpgb-card-media:hover .wpgb-card-media-thumbnail{-webkit-transform:scaleX(1.1) scaleY(1.1);transform:scaleX(1.1) scaleY(1.1)}.wp-grid-builder .wpgb-card-21 .wpgb-card-media-content{margin:2em}.wp-grid-builder .wpgb-card-21 .wpgb-card-media-overlay{background:linear-gradient(rgba(0,0,0,0) 0%,#000 100%);opacity:.25;-webkit-transition-timing-function:cubic-bezier(0.15,0.75,0.5,1);transition-timing-function:cubic-bezier(0.15,0.75,0.5,1);-webkit-transition-duration:1050ms;transition-duration:1050ms}.wp-grid-builder .wpgb-card-21:hover .wpgb-card-media-overlay{opacity:.5}.wp-grid-builder .wpgb-card-21 .wpgb-card-media-thumbnail{-webkit-transition-timing-function:cubic-bezier(0.15,0.75,0.5,1);transition-timing-function:cubic-bezier(0.15,0.75,0.5,1);-webkit-transition-duration:400ms;transition-duration:400ms;-webkit-transform:scaleX(1) scaleY(1);transform:scaleX(1) scaleY(1)}.wp-grid-builder .wpgb-card-21 .wpgb-card-media:hover .wpgb-card-media-thumbnail{-webkit-transform:scaleX(1.1) scaleY(1.1);transform:scaleX(1.1) scaleY(1.1)}.wp-grid-builder .wpgb-card-21 .wpgb-block-1{padding:0;margin:0 0 .25em;display:inline-block;width:70%;font:600 1.875em\/1.2em Georgia,serif}.wp-grid-builder .wpgb-card-21 .wpgb-block-2 .wpgb-block-term{font-weight:600;font-family:Arial,Helvetica,sans-serif}.wp-grid-builder .wpgb-card-21 .wpgb-block-2{font-size:1.3032em;line-height:1em;width:70%;position:relative;display:block}.wp-grid-builder .wpgb-card-21 .wpgb-block-2 .wpgb-block-term::after{content:\"\";position:absolute;display:block;height:2px;width:100%;left:0;bottom:-4px;background:#fff;opacity:.8;pointer-events:none;animation:.45s cubic-bezier(0.15,0.75,0.5,1) 0s 1 normal forwards running wpgb-underline-in}.wp-grid-builder .wpgb-card-21 .wpgb-block-2 .wpgb-block-term:hover::after{animation:.45s cubic-bezier(0.15,0.75,0.5,1) 0s 1 normal forwards running wpgb-underline-out}.wp-grid-builder .wpgb-card-21 .wpgb-card-media{-webkit-box-flex:1;flex-grow:1}@keyframes wpgb-underline-out{0%{transform:scaleX(0);transform-origin:left center}100%{transform:scaleX(1);transform-origin:left center}}@keyframes wpgb-underline-in{0%{transform:scaleX(1);transform-origin:right center}100%{transform:scaleX(0);transform-origin:right center}}.wp-grid-builder:not(.wpgb-template){opacity:1!important}\n\/*# sourceURL=wpgb-style-inline-css *\/\n<\/style>\n\n","protected":false},"excerpt":{"rendered":"<p>News from Getn\u00f6 G\u00e5rd and \u00c5snen National Park Getn\u00f6&#8217;s Newsletter &#8211; Spring 2026 news Julbord med teaterf\u00f6rest\u00e4llning news Getn\u00f6&#8217;s Newsletter &#8211; Winter &#8217;25 \/ &#8217;26 news \u00c5SNEN GRAND-SLAM 2026 news Green Destinations Platinum Award press<\/p>\n","protected":false},"author":2,"featured_media":0,"parent":0,"menu_order":0,"comment_status":"closed","ping_status":"closed","template":"","meta":{"_acf_changed":false,"_seopress_robots_primary_cat":"","_seopress_titles_title":"","_seopress_titles_desc":"","_seopress_robots_index":"","site-sidebar-layout":"no-sidebar","site-content-layout":"page-builder","ast-site-content-layout":"default","site-content-style":"default","site-sidebar-style":"default","ast-global-header-display":"","ast-banner-title-visibility":"","ast-main-header-display":"","ast-hfb-above-header-display":"","ast-hfb-below-header-display":"","ast-hfb-mobile-header-display":"","site-post-title":"disabled","ast-breadcrumbs-content":"","ast-featured-img":"disabled","footer-sml-layout":"","ast-disable-related-posts":"","theme-transparent-header-meta":"","adv-header-id-meta":"","stick-header-meta":"","header-above-stick-meta":"","header-main-stick-meta":"","header-below-stick-meta":"","astra-migrate-meta-layouts":"default","ast-page-background-enabled":"default","ast-page-background-meta":{"desktop":{"background-color":"var(--ast-global-color-4)","background-image":"","background-repeat":"repeat","background-position":"center center","background-size":"auto","background-attachment":"scroll","background-type":"","background-media":"","overlay-type":"","overlay-color":"","overlay-opacity":"","overlay-gradient":""},"tablet":{"background-color":"","background-image":"","background-repeat":"repeat","background-position":"center center","background-size":"auto","background-attachment":"scroll","background-type":"","background-media":"","overlay-type":"","overlay-color":"","overlay-opacity":"","overlay-gradient":""},"mobile":{"background-color":"","background-image":"","background-repeat":"repeat","background-position":"center center","background-size":"auto","background-attachment":"scroll","background-type":"","background-media":"","overlay-type":"","overlay-color":"","overlay-opacity":"","overlay-gradient":""}},"ast-content-background-meta":{"desktop":{"background-color":"var(--ast-global-color-5)","background-image":"","background-repeat":"repeat","background-position":"center center","background-size":"auto","background-attachment":"scroll","background-type":"","background-media":"","overlay-type":"","overlay-color":"","overlay-opacity":"","overlay-gradient":""},"tablet":{"background-color":"var(--ast-global-color-5)","background-image":"","background-repeat":"repeat","background-position":"center center","background-size":"auto","background-attachment":"scroll","background-type":"","background-media":"","overlay-type":"","overlay-color":"","overlay-opacity":"","overlay-gradient":""},"mobile":{"background-color":"var(--ast-global-color-5)","background-image":"","background-repeat":"repeat","background-position":"center center","background-size":"auto","background-attachment":"scroll","background-type":"","background-media":"","overlay-type":"","overlay-color":"","overlay-opacity":"","overlay-gradient":""}},"footnotes":""},"class_list":["post-1158","page","type-page","status-publish","hentry"],"acf":[],"_links":{"self":[{"href":"https:\/\/www.getnogard.se\/en\/wp-json\/wp\/v2\/pages\/1158","targetHints":{"allow":["GET"]}}],"collection":[{"href":"https:\/\/www.getnogard.se\/en\/wp-json\/wp\/v2\/pages"}],"about":[{"href":"https:\/\/www.getnogard.se\/en\/wp-json\/wp\/v2\/types\/page"}],"author":[{"embeddable":true,"href":"https:\/\/www.getnogard.se\/en\/wp-json\/wp\/v2\/users\/2"}],"replies":[{"embeddable":true,"href":"https:\/\/www.getnogard.se\/en\/wp-json\/wp\/v2\/comments?post=1158"}],"version-history":[{"count":7,"href":"https:\/\/www.getnogard.se\/en\/wp-json\/wp\/v2\/pages\/1158\/revisions"}],"predecessor-version":[{"id":9028,"href":"https:\/\/www.getnogard.se\/en\/wp-json\/wp\/v2\/pages\/1158\/revisions\/9028"}],"wp:attachment":[{"href":"https:\/\/www.getnogard.se\/en\/wp-json\/wp\/v2\/media?parent=1158"}],"curies":[{"name":"wp","href":"https:\/\/api.w.org\/{rel}","templated":true}]}}