{"id":1282,"date":"2017-07-20T18:10:05","date_gmt":"2017-07-20T16:10:05","guid":{"rendered":"https:\/\/www.getnogard.se\/activities\/fishing\/"},"modified":"2026-02-19T11:22:52","modified_gmt":"2026-02-19T10:22:52","slug":"fishing","status":"publish","type":"page","link":"https:\/\/www.getnogard.se\/en\/activities\/fishing\/","title":{"rendered":"Fishing"},"content":{"rendered":"\n<figure itemscope itemtype=\"https:\/\/schema.org\/ImageObject\">\n\t\t\t\t<img decoding=\"async\" src=\"https:\/\/www.getnogard.se\/wp-content\/uploads\/ggab_header_1100x400_11.jpg\" alt=\"ggab_header_1100x400_11\" height=\"400\" width=\"1100\" title=\"ggab_header_1100x400_11\" onerror=\"this.style.display='none'\" loading=\"lazy\" \/>\n\t<\/figure>\n<h1>\n\t\t\tParadise for fishing\t<\/h1>\n\t<p>Welcome to Getn\u00f6 G\u00e5rd, located in the heart of Lake \u00c5snen, known for its abundance of fish. The area constitutes a somewhat unusual sea landscape with thickly, wooded strands and forest meadows, as well as deciduous and evergreen forests in wonderful natural surroundings, rich in animal and birdlife. Getn\u00f6 G\u00e5rd is situated on a number of peninsulas with its own archipelago that offers an eldorado to visiting sport fishers. There is an abundance of pike and perch, as well as zander and eel. The lake is also rich in a number of interesting whitefish such as tench, bream and rudd, but it is also a special lake for rainbow trout and tough-to-catch carp.<\/p>\n\t<h3>Fishing waters<\/h3>\n<p>Getn\u00f6 G\u00e5rd&#8217;s sport fishing waters are privately owned and make up in total 1,000 hectares. The lake&#8217;s abundance in plankton results in fast-growing fish and together with the lake&#8217;s large areas of shallow water, fish production is very high. Besides our own fishing waters here in Getn\u00f6, there are a further 14,500 hectares of Lake \u00c5snen to fish in, as well as &#8220;put and take&#8221; fishing in the 14 hectare large Lake K\u00e5lsj\u00f6n.<\/p>\n<h3>Fish species<\/h3>\n<p>Pike, perch and zander are the three largest species in Lake \u00c5snen. It is also rich in eel and a variety of whitefish such as bream, tench, rudd and roach. There are, in total, over 20 species of whitefish.<\/p>\n<h3>Fishing methods<\/h3>\n<p>Spinning for pike perch and zander. Troll angling for zander and pike, jigging for perch, burbot, etc. Bait fishing for carp and other whitefish, and fly-fishing for trout and salmon.<\/p>\n<h3>Fishing guides<\/h3>\n<p>Getn\u00f6 G\u00e5rd&#8217;s fishing guides know the waters here like the back of their hands and can show you to the hottest fishing spots. A special troll angling boat may be used. We arrange fishingtours with guide, such as Pikesafari and Nightfishing for zander.<\/p>\n<h3>Boats and fishing equipment<\/h3>\nGetn\u00f6 G\u00e5rd has around 20 boats available for rent. The boats &#8211; both plastic and aluminum &#8211; are equipped with 4 hp 4\u2011stroke engines or electric motors. The rental includes a basic map. A depth map and fishing license are available for purchase at the reception. A deposit of 1,500 SEK is required for motorboats.\nFor trolling, larger specialized boats are available to join the fishing guide. At the reception, you can also complete your fishing gear with the best lures for \u00c5snen&#8217;s fish, and get tips on fishing, as well as rent echo sounders, canoes, and bicycles.\n<h3>Accommodation<\/h3>\n<p>There are 15 self-service vacation homes to choose from at Getn\u00f6 G\u00e5rd. The number of beds ranges from 2 to 14 beds, where the size ranges from 1 to 7-roomed accommodation with kitchen facilities. Getn\u00f6 also offers a 3-star naturecamping with 150 sites that is beautifully located in natural surroundings.<\/p>\n<h3>Food<\/h3>\n<p>Getn\u00f6 G\u00e5rd has it&#8217;s own fully-licensed restaurant (groups have to book in advance), as well as a shop that sells groceries and souvenirs. We also have a pub; Getn\u00f6s Moosebar, with a large meeting area and conference facilities.<\/p>\n<h3>Other services<\/h3>\n<p>Getn\u00f6 G\u00e5rd is also at your disposal for company or club events such as conferences, courses or parties. We have large meeting areas and lecture facilities, fitted with the last multimedia technology, as well as offering fully-licensed restaurant services. These events are often arranged in line with outdoor activities and teambuilding activities; Viking adventures.<\/p>\n<h3>Other activities<\/h3>\n<p>There are a wide range of other activities to be enjoyed at Getn\u00f6 G\u00e5rd, such as canoeing, cycling or why not try our teambuilding Viking adventure? Canoes and bikes can be rented and we also have our own tennis court. There are a number of various length (3-4-5 km) hikes to choose from in the area for those who wish to see Getn\u00f6 on foot. Wild fruit and mushrooms can be picked in the area. There are also a number of excursions that can be made in the area.<\/p>\n<h3>Getting to Getn\u00f6<\/h3>\n<p>Getn\u00f6 G\u00e5rd can be reached by car, train or plane. We can organise pick-up at Smaland Airport in V\u00e4xj\u00f6, which has daily connections with international flights, or at the railway stations in Alvesta, V\u00e4xj\u00f6 and \u00c4lmhult. We can also pick you up at the ferry terminals in Trelleborg, Helsingborg, Karlshamn and Karlskrona. Please request a price quotation.<\/p>\n<h3>Equipment<\/h3>\n<p>Our fishing shop stocks the latest equipment, with a range of special lures and wobblers suited for Lake \u00c5snen. Fishing tackle can also be rented. Bed linen and towels are available for rent.<\/p>\n\t\t<h2><a href=\"https:\/\/www.getnogard.se\/en\/record-catches\/\" target=\"_self\">Record Catches<\/a><\/h2><figure itemscope itemtype=\"https:\/\/schema.org\/ImageObject\">\n\t\t\t\t<a href=\"https:\/\/www.getnogard.se\/en\/record-catches\/\"  target=\"_self\" itemprop=\"url\">\n\t\t\t\t<img decoding=\"async\" src=\"https:\/\/www.getnogard.se\/wp-content\/uploads\/ggab-record-2021-02.jpg\" alt=\"ggab-record-2021-02\" height=\"400\" width=\"680\" title=\"ggab-record-2021-02\" onerror=\"this.style.display='none'\" loading=\"lazy\" \/>\n\t\t\t\t<\/a>\n\t<\/figure>\n<a href=\"https:\/\/www.getnogard.se\/en\/record-catches\/\"  target=\"_self\">Read more<\/a>\t\n\t\t<h2>Fishing waters<\/h2><figure itemscope itemtype=\"https:\/\/schema.org\/ImageObject\">\n\t\t\t\t<img decoding=\"async\" src=\"https:\/\/www.getnogard.se\/wp-content\/uploads\/ggab-teaser-area.jpg\" alt=\"ggab-teaser-area\" height=\"400\" width=\"680\" title=\"ggab-teaser-area\" onerror=\"this.style.display='none'\" loading=\"lazy\" \/>\n\t<\/figure>\n<h3>\n\t\t\tFish species\t<\/h3>\n\t<table border=\"0\" align=\"center\">\n<tbody>\n<tr>\n<td>Normal<\/td>\n<td>Weight<\/td>\n<td>Record<\/td>\n<\/tr>\n<tr>\n<td>Pike<\/td>\n<td>3-5 kg<\/td>\n<td>19,5 kg<\/td>\n<\/tr>\n<tr>\n<td>Zander<\/td>\n<td>3-4 kg<\/td>\n<td>11,3 kg<\/td>\n<\/tr>\n<tr>\n<td>Perch<\/td>\n<td>0,3-0,5 kg<\/td>\n<td>2,8 kg<\/td>\n<\/tr>\n<tr>\n<td>Eel<\/td>\n<td>0,5 kg<\/td>\n<td>3,6 kg<\/td>\n<\/tr>\n<\/tbody>\n<\/table>\n<h3>\n\t\t\tFishing season\t<\/h3>\n\t<table border=\"0\" align=\"center\">\n<tbody>\n<tr>\n<td>Winter<\/td>\n<td>\u00a0January &#8211; February<\/td>\n<\/tr>\n<tr>\n<td>Spring<\/td>\n<td>\u00a0April &#8211; May<\/td>\n<\/tr>\n<tr>\n<td>Summer<\/td>\n<td>\u00a0June &#8211; July &#8211; August<\/td>\n<\/tr>\n<tr>\n<td>Autumn<\/td>\n<td>\u00a0September &#8211; October &#8211; November<\/td>\n<\/tr>\n<\/tbody>\n<\/table>\n<h3>\n\t\t\tPrices for Fishinglicence and Rules for fishing in lake \u00c5snen\t<\/h3>\n\t<h3>Prices in SEK<\/h3>\n<p><strong>entire lake \u00c5snen<\/strong><\/p>\n<table border=\"0\" align=\"center\">\n<tbody>\n<tr>\n<td>Yearly licence<\/td>\n<td>1500:- SEK<\/td>\n<\/tr>\n<tr>\n<td>Monthly licence<\/td>\n<td>750:- SEK<\/td>\n<\/tr>\n<tr>\n<td>Weekly licence<\/td>\n<td>500:- SEK<\/td>\n<\/tr>\n<tr>\n<td>Daily licence<\/td>\n<td>150:- SEK<\/td>\n<\/tr>\n<\/tbody>\n<\/table>\n<p><\/p>\n\t<h3>Min- and Max.<\/h3>\n<p><strong>Dimensions:<\/strong><\/p>\n<table border=\"0\" align=\"center\">\n<tbody>\n<tr>\n<td>Pike<\/td>\n<td>min. 50 cm &#8211; max. 80 cm<\/td>\n<\/tr>\n<tr>\n<td>Pike-perch<\/td>\n<td>min. 45 cm &#8211; max. 70 cm<\/td>\n<\/tr>\n<tr>\n<td>Eel<\/td>\n<td>min. 70 cm<\/td>\n<\/tr>\n<tr>\n<td>Salmon trout<\/td>\n<td>min. 40 cm<\/td>\n<\/tr>\n<\/tbody>\n<\/table>\n\t<p>A\u030asnen Depth map 150:- SEK<\/p>\n<h3>Rules for fishing<\/h3>\n<ul>\n<li>The fishinglicence is <strong>ONLY<\/strong> valid for fishingrods.<\/li>\n<li>Youngsters under the age of 16, fish for free.<\/li>\n<li>The licence is personal and valid the the specific area. It must be shown to inspectors on demand.<\/li>\n<li>When Trolling (dragging behind the motorboat) a <strong>maximum of 2 fishing rods are permitted per licence<\/strong>.<\/li>\n<li><strong>Maximum 2 fishes, pike or zander<\/strong>, per fishing licence and day are allowed to bring out. Otherwise is the catch-n-release method to be used.<\/li>\n<li>In the whole month of May, it is forbidden to catch Zander (pike-perch), it is protected.<\/li>\n<li>White fish and perch should not be returned into the lake.<\/li>\n<li>All fishermen are asked to respect privately owned jetties (100 m) beaches and other permanent equipment; (such as traps, nets etc.)<\/li>\n<li>Fishermen should also show respect and follow the general demands made by the public right of access. Also respect the prohibition of landing on islands with signs of bird protection areas, 1 April &#8211; 31 July as well as 1 February &#8211; 15 August. Please see the map.<\/li>\n<\/ul>\n<p>You can buy the fishinglicence from resellers as well as digital on i-fiske.se<\/p>\n\t<h2>News &amp; Special Offers<\/h2>\n<p>Join our newsletter and stay updated about news &amp; special offers from Getn\u00f6 &#8211; Lake \u00c5snen Resort.<\/p>\n\n","protected":false},"excerpt":{"rendered":"<p>Paradise for fishing Welcome to Getn\u00f6 G\u00e5rd, located in the heart of Lake \u00c5snen, known for its abundance of fish. The area constitutes a somewhat unusual sea landscape with thickly, wooded strands and forest meadows, as well as deciduous and evergreen forests in wonderful natural surroundings, rich in animal and birdlife. Getn\u00f6 G\u00e5rd is situated [&hellip;]<\/p>\n","protected":false},"author":2,"featured_media":0,"parent":983,"menu_order":0,"comment_status":"closed","ping_status":"closed","template":"","meta":{"_acf_changed":false,"_seopress_robots_primary_cat":"","_seopress_titles_title":"","_seopress_titles_desc":"","_seopress_robots_index":"","site-sidebar-layout":"default","site-content-layout":"","ast-site-content-layout":"default","site-content-style":"default","site-sidebar-style":"default","ast-global-header-display":"","ast-banner-title-visibility":"","ast-main-header-display":"","ast-hfb-above-header-display":"","ast-hfb-below-header-display":"","ast-hfb-mobile-header-display":"","site-post-title":"","ast-breadcrumbs-content":"","ast-featured-img":"","footer-sml-layout":"","ast-disable-related-posts":"","theme-transparent-header-meta":"","adv-header-id-meta":"","stick-header-meta":"","header-above-stick-meta":"","header-main-stick-meta":"","header-below-stick-meta":"","astra-migrate-meta-layouts":"default","ast-page-background-enabled":"default","ast-page-background-meta":{"desktop":{"background-color":"var(--ast-global-color-4)","background-image":"","background-repeat":"repeat","background-position":"center center","background-size":"auto","background-attachment":"scroll","background-type":"","background-media":"","overlay-type":"","overlay-color":"","overlay-opacity":"","overlay-gradient":""},"tablet":{"background-color":"","background-image":"","background-repeat":"repeat","background-position":"center center","background-size":"auto","background-attachment":"scroll","background-type":"","background-media":"","overlay-type":"","overlay-color":"","overlay-opacity":"","overlay-gradient":""},"mobile":{"background-color":"","background-image":"","background-repeat":"repeat","background-position":"center center","background-size":"auto","background-attachment":"scroll","background-type":"","background-media":"","overlay-type":"","overlay-color":"","overlay-opacity":"","overlay-gradient":""}},"ast-content-background-meta":{"desktop":{"background-color":"var(--ast-global-color-5)","background-image":"","background-repeat":"repeat","background-position":"center center","background-size":"auto","background-attachment":"scroll","background-type":"","background-media":"","overlay-type":"","overlay-color":"","overlay-opacity":"","overlay-gradient":""},"tablet":{"background-color":"var(--ast-global-color-5)","background-image":"","background-repeat":"repeat","background-position":"center center","background-size":"auto","background-attachment":"scroll","background-type":"","background-media":"","overlay-type":"","overlay-color":"","overlay-opacity":"","overlay-gradient":""},"mobile":{"background-color":"var(--ast-global-color-5)","background-image":"","background-repeat":"repeat","background-position":"center center","background-size":"auto","background-attachment":"scroll","background-type":"","background-media":"","overlay-type":"","overlay-color":"","overlay-opacity":"","overlay-gradient":""}},"footnotes":""},"class_list":["post-1282","page","type-page","status-publish","hentry"],"acf":[],"_links":{"self":[{"href":"https:\/\/www.getnogard.se\/en\/wp-json\/wp\/v2\/pages\/1282","targetHints":{"allow":["GET"]}}],"collection":[{"href":"https:\/\/www.getnogard.se\/en\/wp-json\/wp\/v2\/pages"}],"about":[{"href":"https:\/\/www.getnogard.se\/en\/wp-json\/wp\/v2\/types\/page"}],"author":[{"embeddable":true,"href":"https:\/\/www.getnogard.se\/en\/wp-json\/wp\/v2\/users\/2"}],"replies":[{"embeddable":true,"href":"https:\/\/www.getnogard.se\/en\/wp-json\/wp\/v2\/comments?post=1282"}],"version-history":[{"count":5,"href":"https:\/\/www.getnogard.se\/en\/wp-json\/wp\/v2\/pages\/1282\/revisions"}],"predecessor-version":[{"id":7589,"href":"https:\/\/www.getnogard.se\/en\/wp-json\/wp\/v2\/pages\/1282\/revisions\/7589"}],"up":[{"embeddable":true,"href":"https:\/\/www.getnogard.se\/en\/wp-json\/wp\/v2\/pages\/983"}],"wp:attachment":[{"href":"https:\/\/www.getnogard.se\/en\/wp-json\/wp\/v2\/media?parent=1282"}],"curies":[{"name":"wp","href":"https:\/\/api.w.org\/{rel}","templated":true}]}}