{"id":1376,"date":"2018-03-19T13:31:36","date_gmt":"2018-03-19T12:31:36","guid":{"rendered":"https:\/\/www.getnogard.se\/hall-of-fame\/"},"modified":"2026-02-27T11:09:14","modified_gmt":"2026-02-27T10:09:14","slug":"hall-of-fame","status":"publish","type":"page","link":"https:\/\/www.getnogard.se\/en\/hall-of-fame\/","title":{"rendered":"Hall of Fame"},"content":{"rendered":"\n<figure itemscope itemtype=\"https:\/\/schema.org\/ImageObject\">\n\t\t\t\t<img decoding=\"async\" src=\"https:\/\/www.getnogard.se\/wp-content\/uploads\/Headers-Getno.jpg\" alt=\"Headers Getn\u00f6\" height=\"550\" width=\"1100\" title=\"Headers Getn\u00f6\" onerror=\"this.style.display='none'\" loading=\"lazy\" \/>\n\t<\/figure>\n<h1>\n\t\t\tHall of Fame \/ Regulars Apple Tree\t<\/h1>\n\t<p>The Olsson family have now owned Getn\u00f6 G\u00e5rd 50 years,      1967-2017. Getn\u00f6 island is located in the middle of lake \u00c5snen, surounded by nature reserves, bird protection areas and a coming nationalparc in 2018.<\/p>\n<p>Many guests have been coming for vacation and relaxing in the beautiful nature, renting cottages and fishing since the 70&#8217;s. <\/p>\n<p>In 1986 Lennart Olsson opened up the naturecamping. The scenic spot soon became popular among German tourists.  Many keep coming every year, and some families have been here in three-four generations.<\/p>\n<p>To celebrate this Lennarts daughter and now manager and owner of Getn\u00f6 G\u00e5rd Lake \u00c5snen Resort, Ingrid E-M Olsson, will invite the longtime guests to plant an apple tree each on the island.<\/p>\n<p>The trees will form an orchard, every tree chosen by each family and with a plaque with their name.<\/p>\n<p>&#8220;These people are no longer just our guests, they have become my friends. I have grown up with them,&#8221; says Ingrid.<\/p>\n<p>Every year the tree owners will be able to visit their tree and harvest their fruit. If they can&#8217;t make it, Ingrid and her staff will take care of the appletrees, for them.<\/p>\n<p>&#8220;For me nature is a bandaid on our souls, something that will always be there when we need it. To be able to share small pieces of my land with my friends is a way to seal our friendships forever through nature,&#8221; says Ingrid E-M Olsson.<\/p>\n<p>My son Christoffer Olsson will hopefully take over Getn\u00f6 after my generation and continue this natureparadise for the future.<\/p>\n<figure itemscope itemtype=\"https:\/\/schema.org\/ImageObject\">\n\t\t\t\t<img decoding=\"async\" src=\"https:\/\/www.getnogard.se\/wp-content\/uploads\/stammguests_dziedzic.jpg\" alt=\"stammguests_dziedzic\" height=\"918\" width=\"1200\" title=\"stammguests_dziedzic\" onerror=\"this.style.display='none'\" loading=\"lazy\" \/>\n\t<\/figure>\n\t<h2>News &amp; Special Offers<\/h2>\n<p>Join our newsletter and stay updated about news &amp; special offers from Getn\u00f6 &#8211; Lake \u00c5snen Resort.<\/p>\n\n","protected":false},"excerpt":{"rendered":"<p>Hall of Fame \/ Regulars Apple Tree The Olsson family have now owned Getn\u00f6 G\u00e5rd 50 years, 1967-2017. Getn\u00f6 island is located in the middle of lake \u00c5snen, surounded by nature reserves, bird protection areas and a coming nationalparc in 2018. Many guests have been coming for vacation and relaxing in the beautiful nature, renting [&hellip;]<\/p>\n","protected":false},"author":2,"featured_media":0,"parent":0,"menu_order":0,"comment_status":"closed","ping_status":"closed","template":"","meta":{"_acf_changed":false,"_seopress_robots_primary_cat":"","_seopress_titles_title":"","_seopress_titles_desc":"","_seopress_robots_index":"","site-sidebar-layout":"default","site-content-layout":"","ast-site-content-layout":"default","site-content-style":"default","site-sidebar-style":"default","ast-global-header-display":"","ast-banner-title-visibility":"","ast-main-header-display":"","ast-hfb-above-header-display":"","ast-hfb-below-header-display":"","ast-hfb-mobile-header-display":"","site-post-title":"","ast-breadcrumbs-content":"","ast-featured-img":"","footer-sml-layout":"","ast-disable-related-posts":"","theme-transparent-header-meta":"default","adv-header-id-meta":"","stick-header-meta":"","header-above-stick-meta":"","header-main-stick-meta":"","header-below-stick-meta":"","astra-migrate-meta-layouts":"default","ast-page-background-enabled":"default","ast-page-background-meta":{"desktop":{"background-color":"var(--ast-global-color-4)","background-image":"","background-repeat":"repeat","background-position":"center center","background-size":"auto","background-attachment":"scroll","background-type":"","background-media":"","overlay-type":"","overlay-color":"","overlay-opacity":"","overlay-gradient":""},"tablet":{"background-color":"","background-image":"","background-repeat":"repeat","background-position":"center center","background-size":"auto","background-attachment":"scroll","background-type":"","background-media":"","overlay-type":"","overlay-color":"","overlay-opacity":"","overlay-gradient":""},"mobile":{"background-color":"","background-image":"","background-repeat":"repeat","background-position":"center center","background-size":"auto","background-attachment":"scroll","background-type":"","background-media":"","overlay-type":"","overlay-color":"","overlay-opacity":"","overlay-gradient":""}},"ast-content-background-meta":{"desktop":{"background-color":"var(--ast-global-color-5)","background-image":"","background-repeat":"repeat","background-position":"center center","background-size":"auto","background-attachment":"scroll","background-type":"","background-media":"","overlay-type":"","overlay-color":"","overlay-opacity":"","overlay-gradient":""},"tablet":{"background-color":"var(--ast-global-color-5)","background-image":"","background-repeat":"repeat","background-position":"center center","background-size":"auto","background-attachment":"scroll","background-type":"","background-media":"","overlay-type":"","overlay-color":"","overlay-opacity":"","overlay-gradient":""},"mobile":{"background-color":"var(--ast-global-color-5)","background-image":"","background-repeat":"repeat","background-position":"center center","background-size":"auto","background-attachment":"scroll","background-type":"","background-media":"","overlay-type":"","overlay-color":"","overlay-opacity":"","overlay-gradient":""}},"footnotes":""},"class_list":["post-1376","page","type-page","status-publish","hentry"],"acf":[],"_links":{"self":[{"href":"https:\/\/www.getnogard.se\/en\/wp-json\/wp\/v2\/pages\/1376","targetHints":{"allow":["GET"]}}],"collection":[{"href":"https:\/\/www.getnogard.se\/en\/wp-json\/wp\/v2\/pages"}],"about":[{"href":"https:\/\/www.getnogard.se\/en\/wp-json\/wp\/v2\/types\/page"}],"author":[{"embeddable":true,"href":"https:\/\/www.getnogard.se\/en\/wp-json\/wp\/v2\/users\/2"}],"replies":[{"embeddable":true,"href":"https:\/\/www.getnogard.se\/en\/wp-json\/wp\/v2\/comments?post=1376"}],"version-history":[{"count":5,"href":"https:\/\/www.getnogard.se\/en\/wp-json\/wp\/v2\/pages\/1376\/revisions"}],"predecessor-version":[{"id":8128,"href":"https:\/\/www.getnogard.se\/en\/wp-json\/wp\/v2\/pages\/1376\/revisions\/8128"}],"wp:attachment":[{"href":"https:\/\/www.getnogard.se\/en\/wp-json\/wp\/v2\/media?parent=1376"}],"curies":[{"name":"wp","href":"https:\/\/api.w.org\/{rel}","templated":true}]}}