{"id":1495,"date":"2018-05-03T18:06:33","date_gmt":"2018-05-03T16:06:33","guid":{"rendered":"https:\/\/www.getnogard.se\/?page_id=1495"},"modified":"2025-11-22T18:59:27","modified_gmt":"2025-11-22T17:59:27","slug":"guided-tours","status":"publish","type":"page","link":"https:\/\/www.getnogard.se\/en\/guided-tours\/","title":{"rendered":"Guided Tours"},"content":{"rendered":"\n\n\t\t\t\t<img decoding=\"async\" src=\"https:\/\/www.getnogard.se\/wp-content\/uploads\/ggab_header_1100x400_04.jpg\" alt=\"ggab_header_1100x400_04\" itemprop=\"image\" height=\"400\" width=\"1100\" title=\"ggab_header_1100x400_04\" onerror=\"this.style.display='none'\" loading=\"lazy\" \/>\n<h1>\n\t\t\tGuided Tours\t<\/h1>\n<h4>\n\t\t\tWe will guide you to the best<br \/>nature experience in lake \u00c5snen\t<\/h4>\n\t\t<h3>Fishing guides<\/h3>\n\t\t\t<a href=\"https:\/\/www.getnogard.se\/en\/fishing-guides\/\" target=\"_self\">\n\t\t\t\t\t\tclick here\n\t\t\t\t\t<\/a>\n\t\t<h3>Nature &#038; Bird guides<\/h3>\n\t\t\t<a href=\"https:\/\/www.getnogard.se\/en\/guided-tours\/nature-and-bird-guides\/\" target=\"_self\">\n\t\t\t\t\t\tclick here\n\t\t\t\t\t<\/a>\n\t\t<h2>Guidepool for all naturelovers<\/h2><strong>\u00c5snen Guiderna<\/strong> is a guide pool for the entire \u00c5snen area. We can guide you to various nature experiences such as pike safaris, exclusive kayak tours, osprey safaris, night fishing for pike-perch, game watching, vertical fishing, bicycle tours, guided boat tours, nature school for children and fishing school.<br \/>\nOur guide packages often include local food or local picnic baskets.\n\t\t<h2>Lake \u00c5snen 155 km\u00b2<\/h2><p>The lake \u00c5snen has an area of 155 km\u00b2 and a unique lake archipelago with over 1000 islands. A unique nature paradise and a fantastic place for birdwatchers, canoeists, fishermen and nature lovers alike. There are several nature reserves, bird sanctuaries and \u00c5snen National Park (2018). \u00c5snen has an average depth of 3-5 metres and is known for its rich population of both pike and zander.<\/p>\n\t<h2>Discover the BIG FIVE of \u00c5SNEN<\/h2>\nOsprey, black-throated diver, moose, white-tailed eagle and crane.<br \/>\nWith a little luck, you may also see the provincial animal of Sm\u00e5land: the otter.\n<p>WELCOME TO THE \u00c5SNEN &#8211; <strong>NATURE FOR REAL<\/strong> !<\/p>\n\t\t\t\t<img decoding=\"async\" src=\"https:\/\/www.getnogard.se\/wp-content\/uploads\/logo_asnenguiderna_150x100.png\" alt=\"logo_asnenguiderna_150x100\" itemprop=\"image\" height=\"100\" width=\"150\" title=\"logo_asnenguiderna_150x100\" onerror=\"this.style.display='none'\" loading=\"lazy\" \/>\n\t<h2>News &amp; Special Offers<\/h2>\n<p>Join our newsletter and stay updated about news &amp; special offers from Getn\u00f6 &#8211; Lake \u00c5snen Resort.<\/p>\n\n","protected":false},"excerpt":{"rendered":"<p>Guided Tours We will guide you to the bestnature experience in lake \u00c5snen Fishing guides click here Nature &#038; Bird guides click here Guidepool for all naturelovers \u00c5snen Guiderna is a guide pool for the entire \u00c5snen area. We can guide you to various nature experiences such as pike safaris, exclusive kayak tours, osprey safaris, [&hellip;]<\/p>\n","protected":false},"author":2,"featured_media":0,"parent":0,"menu_order":0,"comment_status":"closed","ping_status":"closed","template":"","meta":{"_acf_changed":false,"_seopress_robots_primary_cat":"","_seopress_titles_title":"","_seopress_titles_desc":"","_seopress_robots_index":"","site-sidebar-layout":"default","site-content-layout":"","ast-site-content-layout":"default","site-content-style":"default","site-sidebar-style":"default","ast-global-header-display":"","ast-banner-title-visibility":"","ast-main-header-display":"","ast-hfb-above-header-display":"","ast-hfb-below-header-display":"","ast-hfb-mobile-header-display":"","site-post-title":"","ast-breadcrumbs-content":"","ast-featured-img":"","footer-sml-layout":"","ast-disable-related-posts":"","theme-transparent-header-meta":"default","adv-header-id-meta":"","stick-header-meta":"","header-above-stick-meta":"","header-main-stick-meta":"","header-below-stick-meta":"","astra-migrate-meta-layouts":"default","ast-page-background-enabled":"default","ast-page-background-meta":{"desktop":{"background-color":"var(--ast-global-color-4)","background-image":"","background-repeat":"repeat","background-position":"center center","background-size":"auto","background-attachment":"scroll","background-type":"","background-media":"","overlay-type":"","overlay-color":"","overlay-opacity":"","overlay-gradient":""},"tablet":{"background-color":"","background-image":"","background-repeat":"repeat","background-position":"center center","background-size":"auto","background-attachment":"scroll","background-type":"","background-media":"","overlay-type":"","overlay-color":"","overlay-opacity":"","overlay-gradient":""},"mobile":{"background-color":"","background-image":"","background-repeat":"repeat","background-position":"center center","background-size":"auto","background-attachment":"scroll","background-type":"","background-media":"","overlay-type":"","overlay-color":"","overlay-opacity":"","overlay-gradient":""}},"ast-content-background-meta":{"desktop":{"background-color":"var(--ast-global-color-5)","background-image":"","background-repeat":"repeat","background-position":"center center","background-size":"auto","background-attachment":"scroll","background-type":"","background-media":"","overlay-type":"","overlay-color":"","overlay-opacity":"","overlay-gradient":""},"tablet":{"background-color":"var(--ast-global-color-5)","background-image":"","background-repeat":"repeat","background-position":"center center","background-size":"auto","background-attachment":"scroll","background-type":"","background-media":"","overlay-type":"","overlay-color":"","overlay-opacity":"","overlay-gradient":""},"mobile":{"background-color":"var(--ast-global-color-5)","background-image":"","background-repeat":"repeat","background-position":"center center","background-size":"auto","background-attachment":"scroll","background-type":"","background-media":"","overlay-type":"","overlay-color":"","overlay-opacity":"","overlay-gradient":""}},"footnotes":""},"class_list":["post-1495","page","type-page","status-publish","hentry"],"acf":[],"_links":{"self":[{"href":"https:\/\/www.getnogard.se\/en\/wp-json\/wp\/v2\/pages\/1495","targetHints":{"allow":["GET"]}}],"collection":[{"href":"https:\/\/www.getnogard.se\/en\/wp-json\/wp\/v2\/pages"}],"about":[{"href":"https:\/\/www.getnogard.se\/en\/wp-json\/wp\/v2\/types\/page"}],"author":[{"embeddable":true,"href":"https:\/\/www.getnogard.se\/en\/wp-json\/wp\/v2\/users\/2"}],"replies":[{"embeddable":true,"href":"https:\/\/www.getnogard.se\/en\/wp-json\/wp\/v2\/comments?post=1495"}],"version-history":[{"count":5,"href":"https:\/\/www.getnogard.se\/en\/wp-json\/wp\/v2\/pages\/1495\/revisions"}],"predecessor-version":[{"id":5936,"href":"https:\/\/www.getnogard.se\/en\/wp-json\/wp\/v2\/pages\/1495\/revisions\/5936"}],"wp:attachment":[{"href":"https:\/\/www.getnogard.se\/en\/wp-json\/wp\/v2\/media?parent=1495"}],"curies":[{"name":"wp","href":"https:\/\/api.w.org\/{rel}","templated":true}]}}