{"id":156,"date":"2016-06-14T09:51:52","date_gmt":"2016-06-14T07:51:52","guid":{"rendered":"http:\/\/www.getnogard.de\/en\/?page_id=156"},"modified":"2023-03-29T13:39:57","modified_gmt":"2023-03-29T11:39:57","slug":"legal-notice","status":"publish","type":"page","link":"https:\/\/www.getnogard.se\/en\/legal-notice\/","title":{"rendered":"Legal Notice"},"content":{"rendered":"\n<h1>\n\t\tLegal Notice\n\t<\/h1>\n\tGetn\u00f6 G\u00e5rd AB<br \/>\nGetn\u00f6 G\u00e5rd<br \/>\nS &#8211; 362 96 Ryd<br \/>\nSweden\nEmail: <a href=\"mailto:info@getnogard.se\">info@getnogard.se<\/a><br \/>\nHomepage: www.getnogard.se<br \/>\nTel: +46 (0)477 240 11\n<h2>\n\t\tLegal Notes\n\t<\/h2>\n\t<strong>Content Manager:<\/strong><br \/>\nIngrid E-M Olsson<br \/>\nGetn\u00f6 G\u00e5rd AB<br \/>\n<a href=\"mailto:ingrid@getnogard.se\">ingrid@getnogard.se<\/a>\n<h2>\n\t\tOther Informations\n\t<\/h2>\n\t<p>Privacy Policy for getnogard.se<\/p>\n<h2>\n\t\tPhotos\n\t<\/h2>\n\tCopyright Getn\u00f6 G\u00e5rd AB<br \/>\nIngrid Olsson \/ getnogard.se<br \/>\nBastian Fellenberg \/ mindator.de<br \/>\n129048030 by <a href=\"https:\/\/de.depositphotos.com\/portfolio-9843368.html\" target=\"_blank\" rel=\"noopener\">Roman Pashkovsky<\/a><br \/>\n8763793 by <a href=\"https:\/\/de.depositphotos.com\/portfolio-1008007.html\" target=\"_blank\" rel=\"noopener\">contas30<\/a>\n<p><\/p>\n\t\t\t\t<a href=\"https:\/\/www.getnogard.se\/stugor\/\" target=\"_self\" itemprop=\"url\" rel=\"noopener\">\n\t\t\t\t<img loading=\"lazy\" decoding=\"async\" src=\"https:\/\/www.getnogard.se\/wp-content\/uploads\/bb-plugin\/cache\/getno_stugor_aelgen_02-landscape.jpg\" alt=\"getno_stugor_aelgen_02\" itemprop=\"image\" height=\"374\" width=\"600\" title=\"getno_stugor_aelgen_02\" onerror=\"this.style.display='none'\"  \/>\n\t\t\t\t<\/a>\n<h3><a href=\"https:\/\/www.getnogard.se\/stugor\/\" target=\"_self\" rel=\"noopener\">Cottages<\/a><\/h3>\t\t\n\t\t\t\t<a href=\"https:\/\/www.getnogard.se\/aktiviteter\/\" target=\"_self\" itemprop=\"url\" rel=\"noopener\">\n\t\t\t\t<img loading=\"lazy\" decoding=\"async\" src=\"https:\/\/www.getnogard.se\/wp-content\/uploads\/bb-plugin\/cache\/teaser-kajak-01-landscape.jpg\" alt=\"teaser-kajak-01\" itemprop=\"image\" height=\"374\" width=\"600\" title=\"teaser-kajak-01\" onerror=\"this.style.display='none'\"  \/>\n\t\t\t\t<\/a>\n<h3><a href=\"https:\/\/www.getnogard.se\/aktiviteter\/\" target=\"_self\" rel=\"noopener\">Activities<\/a><\/h3>\t\t\n\t\t\t\t<a href=\"https:\/\/www.getnogard.se\/konferenser\/\" target=\"_self\" itemprop=\"url\" rel=\"noopener\">\n\t\t\t\t<img loading=\"lazy\" decoding=\"async\" src=\"https:\/\/www.getnogard.se\/wp-content\/uploads\/bb-plugin\/cache\/teaser-konferens-01-landscape.jpg\" alt=\"teaser-konferens-01\" itemprop=\"image\" height=\"374\" width=\"600\" title=\"teaser-konferens-01\" onerror=\"this.style.display='none'\"  \/>\n\t\t\t\t<\/a>\n<h3><a href=\"https:\/\/www.getnogard.se\/konferenser\/\" target=\"_self\" rel=\"noopener\">Conferences<\/a><\/h3>\t\t\n\n","protected":false},"excerpt":{"rendered":"<p>Legal Notice Getn\u00f6 G\u00e5rd AB Getn\u00f6 G\u00e5rd S &#8211; 362 96 Ryd Sweden Email: info@getnogard.se Homepage: www.getnogard.se Tel: +46 (0)477 240 11 Legal Notes Content Manager: Ingrid E-M Olsson Getn\u00f6 G\u00e5rd AB ingrid@getnogard.se Other Informations Privacy Policy for getnogard.se Photos Copyright Getn\u00f6 G\u00e5rd AB Ingrid Olsson \/ getnogard.se Bastian Fellenberg \/ mindator.de 129048030 by Roman [&hellip;]<\/p>\n","protected":false},"author":2,"featured_media":0,"parent":0,"menu_order":0,"comment_status":"closed","ping_status":"closed","template":"","meta":{"_acf_changed":false,"_seopress_robots_primary_cat":"","_seopress_titles_title":"","_seopress_titles_desc":"","_seopress_robots_index":"","site-sidebar-layout":"default","site-content-layout":"","ast-site-content-layout":"default","site-content-style":"default","site-sidebar-style":"default","ast-global-header-display":"","ast-banner-title-visibility":"","ast-main-header-display":"","ast-hfb-above-header-display":"","ast-hfb-below-header-display":"","ast-hfb-mobile-header-display":"","site-post-title":"","ast-breadcrumbs-content":"","ast-featured-img":"","footer-sml-layout":"","ast-disable-related-posts":"","theme-transparent-header-meta":"","adv-header-id-meta":"","stick-header-meta":"","header-above-stick-meta":"","header-main-stick-meta":"","header-below-stick-meta":"","astra-migrate-meta-layouts":"default","ast-page-background-enabled":"default","ast-page-background-meta":{"desktop":{"background-color":"var(--ast-global-color-4)","background-image":"","background-repeat":"repeat","background-position":"center center","background-size":"auto","background-attachment":"scroll","background-type":"","background-media":"","overlay-type":"","overlay-color":"","overlay-opacity":"","overlay-gradient":""},"tablet":{"background-color":"","background-image":"","background-repeat":"repeat","background-position":"center center","background-size":"auto","background-attachment":"scroll","background-type":"","background-media":"","overlay-type":"","overlay-color":"","overlay-opacity":"","overlay-gradient":""},"mobile":{"background-color":"","background-image":"","background-repeat":"repeat","background-position":"center center","background-size":"auto","background-attachment":"scroll","background-type":"","background-media":"","overlay-type":"","overlay-color":"","overlay-opacity":"","overlay-gradient":""}},"ast-content-background-meta":{"desktop":{"background-color":"var(--ast-global-color-5)","background-image":"","background-repeat":"repeat","background-position":"center center","background-size":"auto","background-attachment":"scroll","background-type":"","background-media":"","overlay-type":"","overlay-color":"","overlay-opacity":"","overlay-gradient":""},"tablet":{"background-color":"var(--ast-global-color-5)","background-image":"","background-repeat":"repeat","background-position":"center center","background-size":"auto","background-attachment":"scroll","background-type":"","background-media":"","overlay-type":"","overlay-color":"","overlay-opacity":"","overlay-gradient":""},"mobile":{"background-color":"var(--ast-global-color-5)","background-image":"","background-repeat":"repeat","background-position":"center center","background-size":"auto","background-attachment":"scroll","background-type":"","background-media":"","overlay-type":"","overlay-color":"","overlay-opacity":"","overlay-gradient":""}},"footnotes":""},"class_list":["post-156","page","type-page","status-publish","hentry"],"acf":[],"_links":{"self":[{"href":"https:\/\/www.getnogard.se\/en\/wp-json\/wp\/v2\/pages\/156","targetHints":{"allow":["GET"]}}],"collection":[{"href":"https:\/\/www.getnogard.se\/en\/wp-json\/wp\/v2\/pages"}],"about":[{"href":"https:\/\/www.getnogard.se\/en\/wp-json\/wp\/v2\/types\/page"}],"author":[{"embeddable":true,"href":"https:\/\/www.getnogard.se\/en\/wp-json\/wp\/v2\/users\/2"}],"replies":[{"embeddable":true,"href":"https:\/\/www.getnogard.se\/en\/wp-json\/wp\/v2\/comments?post=156"}],"version-history":[{"count":5,"href":"https:\/\/www.getnogard.se\/en\/wp-json\/wp\/v2\/pages\/156\/revisions"}],"predecessor-version":[{"id":4582,"href":"https:\/\/www.getnogard.se\/en\/wp-json\/wp\/v2\/pages\/156\/revisions\/4582"}],"wp:attachment":[{"href":"https:\/\/www.getnogard.se\/en\/wp-json\/wp\/v2\/media?parent=156"}],"curies":[{"name":"wp","href":"https:\/\/api.w.org\/{rel}","templated":true}]}}