{"id":173,"date":"2016-06-14T11:05:25","date_gmt":"2016-06-14T09:05:25","guid":{"rendered":"http:\/\/www.getnogard.de\/en\/?page_id=173"},"modified":"2026-04-28T14:30:00","modified_gmt":"2026-04-28T12:30:00","slug":"contact","status":"publish","type":"page","link":"https:\/\/www.getnogard.se\/en\/contact\/","title":{"rendered":"Contact"},"content":{"rendered":"\n<figure itemscope itemtype=\"https:\/\/schema.org\/ImageObject\">\n\t\t\t\t<img decoding=\"async\" src=\"https:\/\/www.getnogard.se\/wp-content\/uploads\/header_1100x400_01.jpg\" alt=\"header_1100x400_01\" height=\"400\" width=\"1100\" title=\"header_1100x400_01\" onerror=\"this.style.display='none'\" loading=\"lazy\" \/>\n\t<\/figure>\n<h1>\n\t\t\tContact us\t<\/h1>\n<h4>\n\t\t\tMaking a booking request? Please include your full address.\t<\/h4>\n\t<div class=\"frm_forms  with_frm_style frm_style_formidable-style\" id=\"frm_form_6_container\" >\n<form enctype=\"multipart\/form-data\" method=\"post\" class=\"frm-show-form  frm_pro_form \" id=\"form_contact2\" >\n<div class=\"frm_form_fields \">\n<fieldset>\n<legend class=\"frm_hidden\">Contact EN<\/legend>\r\n\r\n<div class=\"frm_fields_container\">\n<input type=\"hidden\" name=\"frm_action\" value=\"create\" \/>\n<input type=\"hidden\" name=\"form_id\" value=\"6\" \/>\n<input type=\"hidden\" name=\"frm_hide_fields_6\" id=\"frm_hide_fields_6\" value=\"\" \/>\n<input type=\"hidden\" name=\"form_key\" value=\"contact2\" \/>\n<input type=\"hidden\" name=\"item_meta[0]\" value=\"\" \/>\n<input type=\"hidden\" id=\"frm_submit_entry_6\" name=\"frm_submit_entry_6\" value=\"7cb42da2a6\" \/><input type=\"hidden\" name=\"_wp_http_referer\" value=\"\/en\/wp-json\/wp\/v2\/pages\/173\" \/><div id=\"frm_field_64_container\" class=\"frm_form_field form-field  frm_required_field frm_top_container frm_first frm_half\">\r\n    <label for=\"field_qh4icy2\" class=\"frm_primary_label\">First Name\r\n        <span class=\"frm_required\">*<\/span>\r\n    <\/label>\r\n    <input  type=\"text\" id=\"field_qh4icy2\" name=\"item_meta[64]\" value=\"\"  data-reqmsg=\"Invalid Input\" aria-required=\"true\" data-invmsg=\"First Name is invalid\" aria-invalid=\"false\"   \/>\r\n    \r\n    \r\n<\/div>\n<div id=\"frm_field_65_container\" class=\"frm_form_field form-field  frm_required_field frm_top_container frm_half\">\r\n    <label for=\"field_ocfup12\" class=\"frm_primary_label\">Last Name\r\n        <span class=\"frm_required\">*<\/span>\r\n    <\/label>\r\n    <input  type=\"text\" id=\"field_ocfup12\" name=\"item_meta[65]\" value=\"\"  data-reqmsg=\"Invalid Input\" aria-required=\"true\" data-invmsg=\"Last Name is invalid\" aria-invalid=\"false\"   \/>\r\n    \r\n    \r\n<\/div>\n<div id=\"frm_field_66_container\" class=\"frm_form_field form-field  frm_required_field frm_top_container frm_full\">\r\n    <label for=\"field_29yf4d2\" class=\"frm_primary_label\">Email\r\n        <span class=\"frm_required\">*<\/span>\r\n    <\/label>\r\n    <input type=\"email\" id=\"field_29yf4d2\" name=\"item_meta[66]\" value=\"\"  data-reqmsg=\"Invalid Input\" aria-required=\"true\" data-invmsg=\"Please enter a valid email address\" aria-invalid=\"false\"  \/>\r\n    \r\n    \r\n<\/div>\n<div id=\"frm_field_72_container\" class=\"frm_form_field form-field  frm_top_container frm_full\">\r\n    <label for=\"field_s33h7\" class=\"frm_primary_label\">Phone\r\n        <span class=\"frm_required\"><\/span>\r\n    <\/label>\r\n    <input  type=\"text\" id=\"field_s33h7\" name=\"item_meta[72]\" value=\"\"  data-invmsg=\"Phone is invalid\" aria-invalid=\"false\"   \/>\r\n    \r\n    \r\n<\/div>\n<div id=\"frm_field_73_container\" class=\"frm_form_field form-field  frm_required_field frm_top_container\">\r\n    <label for=\"field_v6ons\" class=\"frm_primary_label\">Kind of request\r\n        <span class=\"frm_required\">*<\/span>\r\n    <\/label>\r\n    \t\t<select name=\"item_meta[73]\" id=\"field_v6ons\"  data-placeholder=\"Please choose...\"  placeholder=\"Please choose...\" data-reqmsg=\"Invalid Input\" aria-required=\"true\" data-invmsg=\"Kind of request is invalid\" aria-invalid=\"false\"  >\n\t\t<option  class=\"frm-select-placeholder\" value=\"\" data-placeholder=\"true\">Please choose...<\/option><option  value=\"Camping\">Camping<\/option><option  value=\"Houses\">Houses<\/option><option  value=\"Activities\">Activities<\/option><option  value=\"Conferences \/ Groups\">Conferences \/ Groups<\/option><option  value=\"other\">other<\/option>\t<\/select>\n\t\r\n    \r\n    \r\n<\/div>\n<div id=\"frm_field_69_container\" class=\"frm_form_field form-field  frm_required_field frm_top_container frm_full\">\r\n    <label for=\"field_9jv0r12\" class=\"frm_primary_label\">Your Message\r\n        <span class=\"frm_required\">*<\/span>\r\n    <\/label>\r\n    <textarea name=\"item_meta[69]\" id=\"field_9jv0r12\" rows=\"5\"  data-reqmsg=\"Invalid Input\" aria-required=\"true\" data-invmsg=\"Your Message is invalid\" aria-invalid=\"false\"  ><\/textarea>\r\n    \r\n    \r\n<\/div>\n<div id=\"frm_field_70_container\" class=\"frm_form_field form-field  frm_none_container\">\r\n    <label for=\"g-recaptcha-response\" class=\"frm_primary_label\">Captcha\r\n        <span class=\"frm_required\"><\/span>\r\n    <\/label>\r\n    <div  id=\"field_62n6q32\" class=\"g-recaptcha\" data-sitekey=\"6LfHmSIUAAAAADmo2oo996LsjvlZYp8SFsZW1vhl\" data-size=\"normal\" data-theme=\"light\"><\/div>\r\n    \r\n    \r\n<\/div>\n\t\t<input  type=\"hidden\" name=\"item_meta[74]\" id=\"field_rvenp\" value=\"[get_current_language]\"  data-frmval=\"[get_current_language]\"   \/>\n\t\t\t<input type=\"hidden\" name=\"item_key\" value=\"\" \/>\n\t\t\t<div id=\"frm_field_148_container\">\n\t\t\t<label for=\"field_3yxqx\" >\n\t\t\t\tIf you are human, leave this field blank.\t\t\t<\/label>\n\t\t\t<input  id=\"field_3yxqx\" type=\"text\" class=\"frm_form_field form-field frm_verify\" name=\"item_meta[148]\" value=\"\"  \/>\n\t\t<\/div>\n\t\t<input name=\"frm_state\" type=\"hidden\" value=\"36zOLu+HRRiK3ZFOr1WZ9UDtA+B\/F5UT+EtxA3tOWcI4EvC5Z4QK7NF9vDsKyNtF\" \/><div class=\"frm_submit\">\r\n\r\n<input type=\"submit\" value=\"Submit\"  class=\"frm_final_submit\" formnovalidate=\"formnovalidate\" \/>\r\n<img decoding=\"async\" class=\"frm_ajax_loading\" src=\"https:\/\/www.getnogard.se\/wp-content\/plugins\/formidable\/images\/ajax_loader.gif\" alt=\"Wird gesendet\"\/>\r\n\r\n<\/div><\/div>\n<\/fieldset>\n<\/div>\n\n<\/form>\n<\/div>\n\n\t<p><strong>Getn\u00f6 G\u00e5rd AB<\/strong><\/p>\nIngrid E-M Olsson<br \/>\nManaging Director\nS-362 96 Ryd \/ Sm\u00e5land<br \/>\nSweden\n<p>Tel: +46 477 &#8211; 240 11 \/ 21<\/p>\n\t<p><strong>Downloads<\/strong><\/p>\n<ul>\n<li><a href=\"https:\/\/www.getnogard.se\/wp-content\/uploads\/getno_broschyr_EN.pdf\" target=\"_blank\" rel=\"noopener\">Getn\u00f6 Brochure<\/a><\/li>\n<li><a href=\"https:\/\/www.getnogard.se\/wp-content\/uploads\/getno_karta_EN-scaled.jpg\" target=\"_blank\" rel=\"noopener\">Map Getn\u00f6 G\u00e5rd<\/a><\/li>\n<li><a href=\"https:\/\/www.getnogard.se\/wp-content\/uploads\/getno_camping_prislista_EN.pdf\" target=\"_blank\" rel=\"noopener\">Pricelist Camping<\/a><\/li>\n<li><a href=\"https:\/\/www.getnogard.se\/wp-content\/uploads\/getno_stugor_prislista_EN.pdf\" target=\"_blank\" rel=\"noopener\">Pricelist Houses<\/a><\/li>\n<li><a href=\"https:\/\/www.getnogard.se\/wp-content\/uploads\/getno_kanotsafari_prislista_EN.pdf\" target=\"_blank\" rel=\"noopener\">Pricelist Canoe &amp; Camp<\/a><\/li>\n<li><a href=\"https:\/\/www.getnogard.se\/wp-content\/uploads\/getno_aktiviteter_prislista_EN.pdf\" target=\"_blank\" rel=\"noopener\">Pricelist Activities<\/a><\/li>\n<li><a href=\"https:\/\/www.getnogard.se\/wp-content\/uploads\/getno_avtalsvillkor_EN.pdf\" target=\"_blank\" rel=\"noopener\">Terms and conditions<\/a><\/li>\n<li><a href=\"https:\/\/www.getnogard.se\/wp-content\/uploads\/map_destination_asnen.pdf\" target=\"_blank\" rel=\"noopener\">Map Destination \u00c5snen<\/a><\/li>\n<\/ul>\n\t<h2>News &amp; Special Offers<\/h2>\n<p>Join our newsletter and stay updated about news &amp; special offers from Getn\u00f6 &#8211; Lake \u00c5snen Resort.<\/p>\n\n","protected":false},"excerpt":{"rendered":"<p>Contact us Making a booking request? Please include your full address. Getn\u00f6 G\u00e5rd AB Ingrid E-M Olsson Managing Director S-362 96 Ryd \/ Sm\u00e5land Sweden Tel: +46 477 &#8211; 240 11 \/ 21 Downloads Getn\u00f6 Brochure Map Getn\u00f6 G\u00e5rd Pricelist Camping Pricelist Houses Pricelist Canoe &amp; Camp Pricelist Activities Terms and conditions Map Destination \u00c5snen [&hellip;]<\/p>\n","protected":false},"author":2,"featured_media":0,"parent":0,"menu_order":0,"comment_status":"closed","ping_status":"closed","template":"","meta":{"_acf_changed":false,"_seopress_robots_primary_cat":"","_seopress_titles_title":"","_seopress_titles_desc":"","_seopress_robots_index":"","site-sidebar-layout":"default","site-content-layout":"","ast-site-content-layout":"default","site-content-style":"default","site-sidebar-style":"default","ast-global-header-display":"","ast-banner-title-visibility":"","ast-main-header-display":"","ast-hfb-above-header-display":"","ast-hfb-below-header-display":"","ast-hfb-mobile-header-display":"","site-post-title":"","ast-breadcrumbs-content":"","ast-featured-img":"","footer-sml-layout":"","ast-disable-related-posts":"","theme-transparent-header-meta":"","adv-header-id-meta":"","stick-header-meta":"","header-above-stick-meta":"","header-main-stick-meta":"","header-below-stick-meta":"","astra-migrate-meta-layouts":"set","ast-page-background-enabled":"default","ast-page-background-meta":{"desktop":{"background-color":"var(--ast-global-color-4)","background-image":"","background-repeat":"repeat","background-position":"center center","background-size":"auto","background-attachment":"scroll","background-type":"","background-media":"","overlay-type":"","overlay-color":"","overlay-opacity":"","overlay-gradient":""},"tablet":{"background-color":"","background-image":"","background-repeat":"repeat","background-position":"center center","background-size":"auto","background-attachment":"scroll","background-type":"","background-media":"","overlay-type":"","overlay-color":"","overlay-opacity":"","overlay-gradient":""},"mobile":{"background-color":"","background-image":"","background-repeat":"repeat","background-position":"center center","background-size":"auto","background-attachment":"scroll","background-type":"","background-media":"","overlay-type":"","overlay-color":"","overlay-opacity":"","overlay-gradient":""}},"ast-content-background-meta":{"desktop":{"background-color":"var(--ast-global-color-5)","background-image":"","background-repeat":"repeat","background-position":"center center","background-size":"auto","background-attachment":"scroll","background-type":"","background-media":"","overlay-type":"","overlay-color":"","overlay-opacity":"","overlay-gradient":""},"tablet":{"background-color":"var(--ast-global-color-5)","background-image":"","background-repeat":"repeat","background-position":"center center","background-size":"auto","background-attachment":"scroll","background-type":"","background-media":"","overlay-type":"","overlay-color":"","overlay-opacity":"","overlay-gradient":""},"mobile":{"background-color":"var(--ast-global-color-5)","background-image":"","background-repeat":"repeat","background-position":"center center","background-size":"auto","background-attachment":"scroll","background-type":"","background-media":"","overlay-type":"","overlay-color":"","overlay-opacity":"","overlay-gradient":""}},"footnotes":""},"class_list":["post-173","page","type-page","status-publish","hentry"],"acf":[],"_links":{"self":[{"href":"https:\/\/www.getnogard.se\/en\/wp-json\/wp\/v2\/pages\/173","targetHints":{"allow":["GET"]}}],"collection":[{"href":"https:\/\/www.getnogard.se\/en\/wp-json\/wp\/v2\/pages"}],"about":[{"href":"https:\/\/www.getnogard.se\/en\/wp-json\/wp\/v2\/types\/page"}],"author":[{"embeddable":true,"href":"https:\/\/www.getnogard.se\/en\/wp-json\/wp\/v2\/users\/2"}],"replies":[{"embeddable":true,"href":"https:\/\/www.getnogard.se\/en\/wp-json\/wp\/v2\/comments?post=173"}],"version-history":[{"count":10,"href":"https:\/\/www.getnogard.se\/en\/wp-json\/wp\/v2\/pages\/173\/revisions"}],"predecessor-version":[{"id":9698,"href":"https:\/\/www.getnogard.se\/en\/wp-json\/wp\/v2\/pages\/173\/revisions\/9698"}],"wp:attachment":[{"href":"https:\/\/www.getnogard.se\/en\/wp-json\/wp\/v2\/media?parent=173"}],"curies":[{"name":"wp","href":"https:\/\/api.w.org\/{rel}","templated":true}]}}