{"id":332,"date":"2017-03-01T13:41:12","date_gmt":"2017-03-01T12:41:12","guid":{"rendered":"http:\/\/www.getnogard.de\/frontpage\/"},"modified":"2026-04-01T11:44:31","modified_gmt":"2026-04-01T09:44:31","slug":"frontpage","status":"publish","type":"page","link":"https:\/\/www.getnogard.se\/en\/","title":{"rendered":"Frontpage"},"content":{"rendered":"\n<h1>\n\t\t\tNature, Space &#038; Silence\t<\/h1>\n<h3>\n\t\t\tNaturecamping with big space,  secluded cottages and great lake \u00c5snen.\t<\/h3>\n\t\t\t<a href=\"https:\/\/bokning4.paxess.se\/getno2\"  target=\"_blank\" rel=\"noopener\"    rel=\"noopener\">\n\t\t\t\t\t\tOnline booking\n\t\t\t\t\t<\/a>\n\t\t\t<a href=\"https:\/\/www.getnogard.se\/en\/request\/\"  target=\"_self\">\n\t\t\t\t\t\tRequest\n\t\t\t\t\t<\/a>\n<h2>\n\t\t\tWelcome to Getn\u00f6 &#8211; Lake \u00c5snen Resort, a natural paradise\t<\/h2>\n\t<p>We are proud and happy to welcome you to Getno\u0308 Ga\u030ard, a nature paradise dating back to the Viking era. The Olsson family have turned this private nature reserve into a true nature paradise: <strong>Lake A\u030asnen Resort<\/strong>. Beautiful \u00c5SNEN NATIONAL PARK, an area of 19 km\u00b2, is located directly west of Getn\u00f6.<\/p>\n<p>Getno\u0308 is the NATURAL WATERWAY into the National Park, which you can easily reach by <strong>boat, canoe or kayak<\/strong>. We offer different types of guided Tours together with A\u030asnenGuiderna; fishing, storytelling, osprey safaris, guided boat tours and mushroom picking. We only take small groups with a local guide for a more genuine experience and minimum disturbance of nature.<\/p>\n<p>The nature of lake A\u030asnen is unique with about 1000 islands and famous fishing waters, a true Eldorado for nature lovers, fishermen, bird-watchers and canoeists. You might discover the <strong>&#8220;A\u030asnen Big Five&#8221;<\/strong>; the osprey, the moose, the blachtroated diver, the crane, and the sea-eagle. Together with our staff &#8220;Team Getno\u0308&#8221;, our aim is to provide our guests with the best possible service. Tell us what you want and we&#8217;ll do everything we can to fulfill your wishes.<\/p>\n<p>If it&#8217;s a combination of stimulating outdoor activity and tranquillity you are after, Getno\u0308 is the place for you, and we are delighted to have you as our guest!<\/p>\nHj\u00e4rtligt v\u00e4lkomna!<br \/>\nFamily Ingrid Olsson\n<figure itemscope itemtype=\"https:\/\/schema.org\/ImageObject\">\n\t\t\t\t<a href=\"https:\/\/camping.se\/en\/about\/camperschoicewinners\"  target=\"_blank\" rel=\"noopener\"  itemprop=\"url\">\n\t\t\t\t<img decoding=\"async\" src=\"https:\/\/www.getnogard.se\/wp-content\/uploads\/\/camperschoice_logo_black-300x300.png\" alt=\"campers+choice_logo_black\" title=\"campers+choice_logo_black\" onerror=\"this.style.display='none'\" loading=\"lazy\" \/>\n\t\t\t\t<\/a>\n\t<\/figure>\n\t\t<figure itemscope itemtype=\"https:\/\/schema.org\/ImageObject\">\n\t\t\t\t<a href=\"#\"  target=\"_self\" itemprop=\"url\">\n\t\t\t\t<img decoding=\"async\" src=\"https:\/\/www.getnogard.se\/wp-content\/uploads\/bb-plugin\/cache\/getno_stugor_aelgen_02-landscape-5c153e8b2c8a4fed009b0b017420fd19-.jpg\" alt=\"getno_stugor_aelgen_02\" height=\"374\" width=\"600\" title=\"getno_stugor_aelgen_02\" onerror=\"this.style.display='none'\" loading=\"lazy\" \/>\n\t\t\t\t<\/a>\n\t<\/figure>\n<h4><a href=\"#\" target=\"_self\">Houses<\/a><\/h4>\t\n\t\t<figure itemscope itemtype=\"https:\/\/schema.org\/ImageObject\">\n\t\t\t\t<a href=\"#\"  target=\"_self\" itemprop=\"url\">\n\t\t\t\t<img decoding=\"async\" src=\"https:\/\/www.getnogard.se\/wp-content\/uploads\/bb-plugin\/cache\/getno_naturcamping_09-landscape-0ae34821ce6bc1131e9131ee22a685fd-.jpg\" alt=\"getno_naturcamping_09\" height=\"374\" width=\"600\" title=\"getno_naturcamping_09\" onerror=\"this.style.display='none'\" loading=\"lazy\" \/>\n\t\t\t\t<\/a>\n\t<\/figure>\n<h4><a href=\"#\" target=\"_self\">Camping<\/a><\/h4>\t\n\t\t<figure itemscope itemtype=\"https:\/\/schema.org\/ImageObject\">\n\t\t\t\t<a href=\"https:\/\/www.getnogard.se\/en\/green-destinations-platinum-award\/\"  target=\"_self\" itemprop=\"url\">\n\t\t\t\t<img decoding=\"async\" src=\"https:\/\/www.getnogard.se\/wp-content\/uploads\/bb-plugin\/cache\/ggab_frontpage_teaser_blog-landscape-4bf54c6fa7ac539b87f04ec35e281e4d-.jpg\" alt=\"ggab_frontpage_teaser_blog\" height=\"312\" width=\"446\" title=\"ggab_frontpage_teaser_blog\" onerror=\"this.style.display='none'\" loading=\"lazy\" \/>\n\t\t\t\t<\/a>\n\t<\/figure>\n<h4><a href=\"https:\/\/www.getnogard.se\/en\/green-destinations-platinum-award\/\" target=\"_self\">2024 Platinum Award<\/a><\/h4>\t\n\t\t<h3>Special Guided Tours<\/h3>\n\t\t\t<a href=\"https:\/\/www.getnogard.se\/en\/guided-tours\/\"  target=\"_self\">\n\t\t\t\t\t\t\tDiscover now\n\t\t\t\t\t<\/a>\n<h2>\n\t\t\tWith NATURE in mind\t<\/h2>\n\t<h3>regional &#038; sustainable<\/h3><p>with a long tradition since 1967 in the middle of Sm\u00e5land<\/p>\n\t<h3>solar energy<\/h3><p>we produce our own electricity with our solar panels<\/p>\n\t<h3>nature reserve<\/h3><p>more than\u00a015 km\u00b2 private nature reserve on the border to the national\u00a0park<\/p>\n\t\t<h3>News\t\n\t<\/h3><strong>Would you like to work with us at Getn\u00f6?<\/strong>\nWe are looking for seasonal staff!<br \/>\n&#8211; Receptionist<br \/>\n&#8211; Head Chef\n<a href=\"https:\/\/www.getnogard.se\/om-oss\/soeker-saesongspersonal\/\"><em>Learn more &amp; apply today \u21d2<\/em><\/a>\n<hr \/>\n<p><strong data-start=\"577\" data-end=\"616\">Getn\u00f6&#8217;s Newsletter &#8211; Winter edition<\/strong><\/p>\n<p>Discover the latest news, atmospheric photos and seasonal inspiration from Getn\u00f6 in our winter newsletter.<\/p>\n<p><a href=\"https:\/\/www.getnogard.se\/en\/getnos-newsletter-winter-2025-2026\/\"><em>Read and explore the full newsletter \u21d2<\/em><\/a><\/p>\n\t\t<h3>Our opening hours<\/h3><p><strong>Cottages: open all year round<\/strong><\/p>\n<em>For service please call: +46 477 240 11<\/em><br \/>\n<em>Or send an email to: info@getnogard.se<\/em>\n<p><strong>Camping season 2026: 1 May &#8211; 4 October<\/strong><\/p>\n<p><em>The campsite is currently closed. We will open for the season on 1 May 2026 and look forward to welcoming you then!<\/em><\/p>\n\t<h2>News &amp; Special Offers<\/h2>\n<p>Join our newsletter and stay updated about news &amp; special offers from Getn\u00f6 &#8211; Lake \u00c5snen Resort.<\/p>\n\n","protected":false},"excerpt":{"rendered":"<p>Nature, Space &#038; Silence Naturecamping with big space, secluded cottages and great lake \u00c5snen. Online booking Request Welcome to Getn\u00f6 &#8211; Lake \u00c5snen Resort, a natural paradise We are proud and happy to welcome you to Getno\u0308 Ga\u030ard, a nature paradise dating back to the Viking era. The Olsson family have turned this private nature [&hellip;]<\/p>\n","protected":false},"author":2,"featured_media":0,"parent":0,"menu_order":0,"comment_status":"closed","ping_status":"closed","template":"","meta":{"_acf_changed":false,"_seopress_robots_primary_cat":"","_seopress_titles_title":"Welcome to Getn\u00f6 - Lake \u00c5snen Resort, a natural paradise","_seopress_titles_desc":"","_seopress_robots_index":"","site-sidebar-layout":"default","site-content-layout":"","ast-site-content-layout":"default","site-content-style":"default","site-sidebar-style":"default","ast-global-header-display":"","ast-banner-title-visibility":"","ast-main-header-display":"","ast-hfb-above-header-display":"","ast-hfb-below-header-display":"","ast-hfb-mobile-header-display":"","site-post-title":"","ast-breadcrumbs-content":"","ast-featured-img":"","footer-sml-layout":"","ast-disable-related-posts":"","theme-transparent-header-meta":"","adv-header-id-meta":"","stick-header-meta":"","header-above-stick-meta":"","header-main-stick-meta":"","header-below-stick-meta":"","astra-migrate-meta-layouts":"default","ast-page-background-enabled":"default","ast-page-background-meta":{"desktop":{"background-color":"var(--ast-global-color-4)","background-image":"","background-repeat":"repeat","background-position":"center center","background-size":"auto","background-attachment":"scroll","background-type":"","background-media":"","overlay-type":"","overlay-color":"","overlay-opacity":"","overlay-gradient":""},"tablet":{"background-color":"","background-image":"","background-repeat":"repeat","background-position":"center center","background-size":"auto","background-attachment":"scroll","background-type":"","background-media":"","overlay-type":"","overlay-color":"","overlay-opacity":"","overlay-gradient":""},"mobile":{"background-color":"","background-image":"","background-repeat":"repeat","background-position":"center center","background-size":"auto","background-attachment":"scroll","background-type":"","background-media":"","overlay-type":"","overlay-color":"","overlay-opacity":"","overlay-gradient":""}},"ast-content-background-meta":{"desktop":{"background-color":"var(--ast-global-color-5)","background-image":"","background-repeat":"repeat","background-position":"center center","background-size":"auto","background-attachment":"scroll","background-type":"","background-media":"","overlay-type":"","overlay-color":"","overlay-opacity":"","overlay-gradient":""},"tablet":{"background-color":"var(--ast-global-color-5)","background-image":"","background-repeat":"repeat","background-position":"center center","background-size":"auto","background-attachment":"scroll","background-type":"","background-media":"","overlay-type":"","overlay-color":"","overlay-opacity":"","overlay-gradient":""},"mobile":{"background-color":"var(--ast-global-color-5)","background-image":"","background-repeat":"repeat","background-position":"center center","background-size":"auto","background-attachment":"scroll","background-type":"","background-media":"","overlay-type":"","overlay-color":"","overlay-opacity":"","overlay-gradient":""}},"footnotes":""},"class_list":["post-332","page","type-page","status-publish","hentry"],"acf":[],"_links":{"self":[{"href":"https:\/\/www.getnogard.se\/en\/wp-json\/wp\/v2\/pages\/332","targetHints":{"allow":["GET"]}}],"collection":[{"href":"https:\/\/www.getnogard.se\/en\/wp-json\/wp\/v2\/pages"}],"about":[{"href":"https:\/\/www.getnogard.se\/en\/wp-json\/wp\/v2\/types\/page"}],"author":[{"embeddable":true,"href":"https:\/\/www.getnogard.se\/en\/wp-json\/wp\/v2\/users\/2"}],"replies":[{"embeddable":true,"href":"https:\/\/www.getnogard.se\/en\/wp-json\/wp\/v2\/comments?post=332"}],"version-history":[{"count":6,"href":"https:\/\/www.getnogard.se\/en\/wp-json\/wp\/v2\/pages\/332\/revisions"}],"predecessor-version":[{"id":8790,"href":"https:\/\/www.getnogard.se\/en\/wp-json\/wp\/v2\/pages\/332\/revisions\/8790"}],"wp:attachment":[{"href":"https:\/\/www.getnogard.se\/en\/wp-json\/wp\/v2\/media?parent=332"}],"curies":[{"name":"wp","href":"https:\/\/api.w.org\/{rel}","templated":true}]}}