{"id":5154,"date":"2024-11-21T12:12:05","date_gmt":"2024-11-21T11:12:05","guid":{"rendered":"https:\/\/www.getnogard.se\/miljoe-policy\/"},"modified":"2025-10-14T11:27:51","modified_gmt":"2025-10-14T09:27:51","slug":"environmental-policy","status":"publish","type":"page","link":"https:\/\/www.getnogard.se\/en\/environmental-policy\/","title":{"rendered":"Milj\u00f6 Policy"},"content":{"rendered":"\n\n\t<h3>Environmental Policy<\/h3>\n<p>Getn\u00f6 will work for a long-term and sustainable development of the company&#8217;s activities. We want to hand over a beautiful and sustainable nature to the next generation.<\/p>\n<p>Getn\u00f6&#8217;s most important resources are our nature and our immediate environment; Getn\u00f6&#8217;s private nature reserve, Lake \u00c5snen with \u00c5snen National Park and the entire \u00c5snen area, which we and our guests use for recreation \/ vacation, activities and events.<\/p>\n<p>Our goal is that the business should be conducted in the long term and we should protect nature. We will develop with regard to local conditions in an environmentally friendly and climate-smart way.<\/p>\n<p>Getn\u00f6 shall work professionally with continuous improvements and prevention so that we do not burden our surroundings from an environmental point of view. Getn\u00f6 shall comply with applicable environmental legislation.<\/p>\n<p>Getn\u00f6 shall have clear goals for its environmental work and follow up these goals regularly. Work on improving the environment and reducing climate impact must be a natural part of all activities and for Getn\u00f6&#8217;s employees.<\/p>\n<p>Our purchases must, as far as possible, be made locally in the \u00c5snen area and with environmentally friendly goods. We will also encourage guests to shop locally.<\/p>\n<p>Every year, guests and employees should be able to give us feedback, so that we can learn from this and improve.<\/p>\n<p>Ecotourism, a very good word that summarizes how we want to do it: a locally driven experience tourism combined with great responsibility for nature, culture and people. Simply a nice and responsible way of traveling where people show consideration for each other and for nature.<\/p>\n<p><strong>Our goal<\/strong><\/p>\n<ul>\n<li>We will deliver unforgettable nature experiences on nature&#8217;s terms.<\/li>\n<li>The company must be financially viable, all year round.<\/li>\n<li>The business must be run with respect for nature and the environment and benefit local businesses.<\/li>\n<li>The business must be managed professionally and in the long term in a family spirit.<\/li>\n<\/ul>\nGetn\u00f6 G\u00e5rd<br \/>\nIngrid E-M Olsson \/ CEO\n\t\t<h3>Special Guided Tours<\/h3>\n\t\t\t<a href=\"https:\/\/www.getnogard.se\/en\/guided-tours\/\" target=\"_self\">\n\t\t\t\t\t\t\tDiscover now\n\t\t\t\t\t<\/a>\n<h2>\n\t\t\tWith Nature in mind\t<\/h2>\n\t<h3>regional &#038; sustainable<\/h3><p>with a long tradition since 1967 in the middle of Sm\u00e5land<\/p>\n\t<h3>Solar energy<\/h3><p>we produce our own electricity with our solar panels<\/p>\n\t<h3>nature reserve<\/h3><p>more than\u00a015 km\u00b2 private nature reserve on the border to the national\u00a0park<\/p>\n\t\t<h3>News\t\n\t<\/h3><strong>Tourism Award of the Year 2024<\/strong>\r\n<p>Ingrid Olsson at Getn\u00f6 Lake \u00c5snen Resort wins Tourism Award of the Year in Kronoberg County Ingrid Olsson, CEO and owner of Getn\u00f6 Lake \u00c5snen Resort, has won the Tourism Award of the Year in Kronoberg County and thus been nominated for the Grand Tourism Award at the national level. She has successfully developed the resort in the private nature reserve into a vacation dream for tourists, mainly from Germany, Denmark and the Netherlands. \u201cNature is like a plaster for the soul,\u201d says Ingrid.\r\n<a href=\"\/\/www.mynewsdesk.com\/se\/destination-smaaland\/pressreleases\/ingrid-olsson-paa-getnoe-lake-aasnen-resort-vinner-aarets-turismpris-i-kronobergs-laen-3344232\u201d\" rel=\"\u201cnoopener\u201d noopener\" target=\"\u201c_blank\u201d\">&#8594; Link press release<\/a>\r\n<\/p>\n<p>&nbsp;<\/p>\n\t\t<h3>Our opening hours<\/h3><strong>Leisure cottages: open all year round<\/strong><br \/>\r\n<em>For service please call: 0477-24011 or send email to info@getnogard.se<\/em>\r\n<p>\r\nCampsite: open April 26 &#8211; October 5, 2025<\/p>\r\n\r\n<iframe style=\u201cdisplay: none;\u201d><\/iframe>\n\t<h2>News &amp; Special Offers<\/h2>\n<p>Join our newsletter and stay updated about news &amp; special offers from Getn\u00f6 &#8211; Lake \u00c5snen Resort.<\/p>\n\n","protected":false},"excerpt":{"rendered":"<p>Environmental Policy Getn\u00f6 will work for a long-term and sustainable development of the company&#8217;s activities. We want to hand over a beautiful and sustainable nature to the next generation. Getn\u00f6&#8217;s most important resources are our nature and our immediate environment; Getn\u00f6&#8217;s private nature reserve, Lake \u00c5snen with \u00c5snen National Park and the entire \u00c5snen area, [&hellip;]<\/p>\n","protected":false},"author":2,"featured_media":0,"parent":0,"menu_order":0,"comment_status":"closed","ping_status":"closed","template":"","meta":{"_acf_changed":false,"_seopress_robots_primary_cat":"","_seopress_titles_title":"Getn\u00f6 - Lake \u00c5snen Resort | Environmental policy","_seopress_titles_desc":"Getn\u00f6 shall work for a long-term and sustainable development of the company's activities. We want to hand over a beautiful and sustainable nature to the next generation.","_seopress_robots_index":"","site-sidebar-layout":"default","site-content-layout":"","ast-site-content-layout":"default","site-content-style":"default","site-sidebar-style":"default","ast-global-header-display":"","ast-banner-title-visibility":"","ast-main-header-display":"","ast-hfb-above-header-display":"","ast-hfb-below-header-display":"","ast-hfb-mobile-header-display":"","site-post-title":"","ast-breadcrumbs-content":"","ast-featured-img":"","footer-sml-layout":"","ast-disable-related-posts":"","theme-transparent-header-meta":"default","adv-header-id-meta":"","stick-header-meta":"","header-above-stick-meta":"","header-main-stick-meta":"","header-below-stick-meta":"","astra-migrate-meta-layouts":"set","ast-page-background-enabled":"default","ast-page-background-meta":{"desktop":{"background-color":"var(--ast-global-color-4)","background-image":"","background-repeat":"repeat","background-position":"center center","background-size":"auto","background-attachment":"scroll","background-type":"","background-media":"","overlay-type":"","overlay-color":"","overlay-opacity":"","overlay-gradient":""},"tablet":{"background-color":"","background-image":"","background-repeat":"repeat","background-position":"center center","background-size":"auto","background-attachment":"scroll","background-type":"","background-media":"","overlay-type":"","overlay-color":"","overlay-opacity":"","overlay-gradient":""},"mobile":{"background-color":"","background-image":"","background-repeat":"repeat","background-position":"center center","background-size":"auto","background-attachment":"scroll","background-type":"","background-media":"","overlay-type":"","overlay-color":"","overlay-opacity":"","overlay-gradient":""}},"ast-content-background-meta":{"desktop":{"background-color":"var(--ast-global-color-5)","background-image":"","background-repeat":"repeat","background-position":"center center","background-size":"auto","background-attachment":"scroll","background-type":"","background-media":"","overlay-type":"","overlay-color":"","overlay-opacity":"","overlay-gradient":""},"tablet":{"background-color":"var(--ast-global-color-5)","background-image":"","background-repeat":"repeat","background-position":"center center","background-size":"auto","background-attachment":"scroll","background-type":"","background-media":"","overlay-type":"","overlay-color":"","overlay-opacity":"","overlay-gradient":""},"mobile":{"background-color":"var(--ast-global-color-5)","background-image":"","background-repeat":"repeat","background-position":"center center","background-size":"auto","background-attachment":"scroll","background-type":"","background-media":"","overlay-type":"","overlay-color":"","overlay-opacity":"","overlay-gradient":""}},"footnotes":""},"class_list":["post-5154","page","type-page","status-publish","hentry"],"acf":[],"_links":{"self":[{"href":"https:\/\/www.getnogard.se\/en\/wp-json\/wp\/v2\/pages\/5154","targetHints":{"allow":["GET"]}}],"collection":[{"href":"https:\/\/www.getnogard.se\/en\/wp-json\/wp\/v2\/pages"}],"about":[{"href":"https:\/\/www.getnogard.se\/en\/wp-json\/wp\/v2\/types\/page"}],"author":[{"embeddable":true,"href":"https:\/\/www.getnogard.se\/en\/wp-json\/wp\/v2\/users\/2"}],"replies":[{"embeddable":true,"href":"https:\/\/www.getnogard.se\/en\/wp-json\/wp\/v2\/comments?post=5154"}],"version-history":[{"count":5,"href":"https:\/\/www.getnogard.se\/en\/wp-json\/wp\/v2\/pages\/5154\/revisions"}],"predecessor-version":[{"id":5637,"href":"https:\/\/www.getnogard.se\/en\/wp-json\/wp\/v2\/pages\/5154\/revisions\/5637"}],"wp:attachment":[{"href":"https:\/\/www.getnogard.se\/en\/wp-json\/wp\/v2\/media?parent=5154"}],"curies":[{"name":"wp","href":"https:\/\/api.w.org\/{rel}","templated":true}]}}