{"id":5444,"date":"2025-06-28T12:18:30","date_gmt":"2025-06-28T10:18:30","guid":{"rendered":"https:\/\/www.getnogard.se\/?page_id=5444"},"modified":"2025-08-24T16:33:54","modified_gmt":"2025-08-24T14:33:54","slug":"request","status":"publish","type":"page","link":"https:\/\/www.getnogard.se\/en\/request\/","title":{"rendered":"Request"},"content":{"rendered":"\n\n\t\t\t\t<img decoding=\"async\" src=\"https:\/\/www.getnogard.se\/wp-content\/uploads\/header_1100x400_01.jpg\" alt=\"header_1100x400_01\" itemprop=\"image\" height=\"400\" width=\"1100\" title=\"header_1100x400_01\" onerror=\"this.style.display='none'\" loading=\"lazy\" \/>\n<h1>\n\t\t\tRequest\t<\/h1>\n<h4>\n\t\t\tPlease include your full address with booking requests.\t<\/h4>\n\t<div class=\"frm_forms  with_frm_style frm_style_formidable-style\" id=\"frm_form_14_container\" >\n<form enctype=\"multipart\/form-data\" method=\"post\" class=\"frm-show-form  frm_pro_form \" id=\"form_contact25\" >\n<div class=\"frm_form_fields \">\n<fieldset>\n<legend class=\"frm_hidden\">Request EN<\/legend>\r\n\r\n<div class=\"frm_fields_container\">\n<input type=\"hidden\" name=\"frm_action\" value=\"create\" \/>\n<input type=\"hidden\" name=\"form_id\" value=\"14\" \/>\n<input type=\"hidden\" name=\"frm_hide_fields_14\" id=\"frm_hide_fields_14\" value=\"\" \/>\n<input type=\"hidden\" name=\"form_key\" value=\"contact25\" \/>\n<input type=\"hidden\" name=\"item_meta[0]\" value=\"\" \/>\n<input type=\"hidden\" id=\"frm_submit_entry_14\" name=\"frm_submit_entry_14\" value=\"7eabd8c518\" \/><input type=\"hidden\" name=\"_wp_http_referer\" value=\"\/en\/wp-json\/wp\/v2\/pages\/5444\" \/><div id=\"frm_field_137_container\" class=\"frm_form_field form-field  frm_required_field frm_top_container frm_first frm_half\">\r\n    <label for=\"field_qh4icy\" class=\"frm_primary_label\">First Name\r\n        <span class=\"frm_required\">*<\/span>\r\n    <\/label>\r\n    <input  type=\"text\" id=\"field_qh4icy\" name=\"item_meta[137]\" value=\"\"  data-reqmsg=\"Invalid Input\" aria-required=\"true\" data-invmsg=\"First Name ist ung\u00fcltig\" aria-invalid=\"false\"   \/>\r\n    \r\n    \r\n<\/div>\n<div id=\"frm_field_138_container\" class=\"frm_form_field form-field  frm_required_field frm_top_container frm_half\">\r\n    <label for=\"field_ocfup1\" class=\"frm_primary_label\">Last Name\r\n        <span class=\"frm_required\">*<\/span>\r\n    <\/label>\r\n    <input  type=\"text\" id=\"field_ocfup1\" name=\"item_meta[138]\" value=\"\"  data-reqmsg=\"Invalid Input\" aria-required=\"true\" data-invmsg=\"Last Name ist ung\u00fcltig\" aria-invalid=\"false\"   \/>\r\n    \r\n    \r\n<\/div>\n<div id=\"frm_field_139_container\" class=\"frm_form_field form-field  frm_required_field frm_top_container frm_full\">\r\n    <label for=\"field_29yf4d\" class=\"frm_primary_label\">Email\r\n        <span class=\"frm_required\">*<\/span>\r\n    <\/label>\r\n    <input type=\"email\" id=\"field_29yf4d\" name=\"item_meta[139]\" value=\"\"  data-reqmsg=\"Invalid Input\" aria-required=\"true\" data-invmsg=\"Please enter a valid email address\" aria-invalid=\"false\"  \/>\r\n    \r\n    \r\n<\/div>\n<div id=\"frm_field_140_container\" class=\"frm_form_field form-field  frm_top_container frm_full\">\r\n    <label for=\"field_s33h76\" class=\"frm_primary_label\">Phone\r\n        <span class=\"frm_required\"><\/span>\r\n    <\/label>\r\n    <input  type=\"text\" id=\"field_s33h76\" name=\"item_meta[140]\" value=\"\"  data-invmsg=\"Phone ist ung\u00fcltig\" aria-invalid=\"false\"   \/>\r\n    \r\n    \r\n<\/div>\n<div id=\"frm_field_141_container\" class=\"frm_form_field form-field  frm_required_field frm_top_container\">\r\n    <label for=\"field_v6ons6\" class=\"frm_primary_label\">Kind of request\r\n        <span class=\"frm_required\">*<\/span>\r\n    <\/label>\r\n    \t\t<select name=\"item_meta[141]\" id=\"field_v6ons6\"  data-placeholder=\"Please choose...\"  placeholder=\"Please choose...\" data-reqmsg=\"Invalid Input\" aria-required=\"true\" data-invmsg=\"Kind of request is invalid\" aria-invalid=\"false\"  >\n\t\t<option  class=\"frm-select-placeholder\" value=\"\" data-placeholder=\"true\">Please choose...<\/option><option  value=\"Camping\">Camping<\/option><option  value=\"Houses\">Houses<\/option><option  value=\"Activities\">Activities<\/option><option  value=\"Conferences \/ Groups\">Conferences \/ Groups<\/option><option  value=\"other\">other<\/option>\t<\/select>\n\t\r\n    \r\n    \r\n<\/div>\n<div id=\"frm_field_146_container\" class=\"frm_form_field form-field  frm_required_field frm_top_container frm_full\">\r\n    <label for=\"field_9lj7c\" class=\"frm_primary_label\">Full address\r\n        <span class=\"frm_required\">*<\/span>\r\n    <\/label>\r\n    <textarea name=\"item_meta[146]\" id=\"field_9lj7c\" rows=\"5\"  data-reqmsg=\"Invalid Input\" aria-required=\"true\" data-invmsg=\"Full address ist ung\u00fcltig\" aria-invalid=\"false\"  ><\/textarea>\r\n    \r\n    \r\n<\/div>\n<div id=\"frm_field_142_container\" class=\"frm_form_field form-field  frm_required_field frm_top_container frm_full\">\r\n    <label for=\"field_9jv0r1\" class=\"frm_primary_label\">Your Message\r\n        <span class=\"frm_required\">*<\/span>\r\n    <\/label>\r\n    <textarea name=\"item_meta[142]\" id=\"field_9jv0r1\" rows=\"5\"  data-reqmsg=\"Invalid Input\" aria-required=\"true\" data-invmsg=\"Your Message ist ung\u00fcltig\" aria-invalid=\"false\"  ><\/textarea>\r\n    \r\n    \r\n<\/div>\n<div id=\"frm_field_143_container\" class=\"frm_form_field form-field  frm_none_container\">\r\n    <label for=\"g-recaptcha-response\" class=\"frm_primary_label\">Captcha\r\n        <span class=\"frm_required\"><\/span>\r\n    <\/label>\r\n    <div  id=\"field_62n6q3\" class=\"g-recaptcha\" data-sitekey=\"6LfHmSIUAAAAADmo2oo996LsjvlZYp8SFsZW1vhl\" data-size=\"normal\" data-theme=\"light\"><\/div>\r\n    \r\n    \r\n<\/div>\n\t\t<input  type=\"hidden\" name=\"item_meta[144]\" id=\"field_rvenp6\" value=\"[get_current_language]\"  data-frmval=\"[get_current_language]\"   \/>\n\t\t<div id=\"frm_field_145_container\" class=\"frm_form_field form-field \">\r\n\t<div class=\"frm_submit\">\r\n\r\n<input type=\"submit\" value=\"Submit Request\"  class=\"frm_final_submit\" formnovalidate=\"formnovalidate\" \/>\r\n<img decoding=\"async\" class=\"frm_ajax_loading\" src=\"https:\/\/www.getnogard.se\/wp-content\/plugins\/formidable\/images\/ajax_loader.gif\" alt=\"Wird gesendet\"\/>\r\n\r\n<\/div>\r\n<\/div>\n\t<input type=\"hidden\" name=\"item_key\" value=\"\" \/>\n\t\t\t<div id=\"frm_field_148_container\">\n\t\t\t<label for=\"field_g5uq0\" >\n\t\t\t\tIf you are human, leave this field blank.\t\t\t<\/label>\n\t\t\t<input  id=\"field_g5uq0\" type=\"text\" class=\"frm_form_field form-field frm_verify\" name=\"item_meta[148]\" value=\"\"  \/>\n\t\t<\/div>\n\t\t<input name=\"frm_state\" type=\"hidden\" value=\"36zOLu+HRRiK3ZFOr1WZ9XrGrvbO9PUgRVEtZEhmM7lOxXikIpkuZX+GQKEotJsd\" \/><\/div>\n<\/fieldset>\n<\/div>\n\n<\/form>\n<\/div>\n\n\t<p><strong>Getn\u00f6 G\u00e5rd AB<\/strong><\/p>\nIngrid E-M Olsson<br \/>\nManaging Director\nS-362 96 Ryd \/ Sm\u00e5land<br \/>\nSweden\n<p>Tel: +46 477 &#8211; 240 11 \/ 21<\/p>\n\t<p><strong>Downloads<\/strong><\/p>\n<ul>\n<li><a href=\"https:\/\/www.getnogard.se\/wp-content\/uploads\/getno_broschyr_EN.pdf\" target=\"_blank\" rel=\"noopener\">Getn\u00f6 Brochure<\/a><\/li>\n<li><a href=\"https:\/\/www.getnogard.se\/wp-content\/uploads\/getno_camping_prislista_EN.pdf\" target=\"_blank\" rel=\"noopener\">Pricelist Camping<\/a><\/li>\n<li><a href=\"https:\/\/www.getnogard.se\/wp-content\/uploads\/getno_stugor_prislista_EN.pdf\" target=\"_blank\" rel=\"noopener\">Pricelist Houses<\/a><\/li>\n<li><a href=\"https:\/\/www.getnogard.se\/wp-content\/uploads\/getno_kanotsafari_prislista_EN.pdf\" target=\"_blank\" rel=\"noopener\">Pricelist Canoe Safari<\/a><\/li>\n<li><a href=\"https:\/\/www.getnogard.se\/wp-content\/uploads\/getno_avtalsvillkor_EN.pdf\" target=\"_blank\" rel=\"noopener\">Terms and conditions<\/a><\/li>\n<li><a href=\"https:\/\/www.getnogard.se\/wp-content\/uploads\/map_destination_asnen.pdf\" target=\"_blank\" rel=\"noopener\">Map Destination \u00c5snen<\/a><\/li>\n<li><a href=\"https:\/\/www.getnogard.se\/wp-content\/uploads\/getno_map_rules.pdf\" target=\"_blank\" rel=\"noopener\">Map Getn\u00f6 G\u00e5rd<\/a><\/li>\n<\/ul>\n\t<h2>News &amp; Special Offers<\/h2>\n<p>We keep you updated about news and special offers from Getn\u00f6 &#8211; Lake \u00c5snen Resort.<\/p>\n\n","protected":false},"excerpt":{"rendered":"<p>Request Please include your full address with booking requests. Getn\u00f6 G\u00e5rd AB Ingrid E-M Olsson Managing Director S-362 96 Ryd \/ Sm\u00e5land Sweden Tel: +46 477 &#8211; 240 11 \/ 21 Downloads Getn\u00f6 Brochure Pricelist Camping Pricelist Houses Pricelist Canoe Safari Terms and conditions Map Destination \u00c5snen Map Getn\u00f6 G\u00e5rd News &amp; Special Offers We [&hellip;]<\/p>\n","protected":false},"author":2,"featured_media":0,"parent":0,"menu_order":0,"comment_status":"closed","ping_status":"closed","template":"","meta":{"_acf_changed":false,"_seopress_robots_primary_cat":"","_seopress_titles_title":"","_seopress_titles_desc":"","_seopress_robots_index":"","site-sidebar-layout":"default","site-content-layout":"","ast-site-content-layout":"default","site-content-style":"default","site-sidebar-style":"default","ast-global-header-display":"","ast-banner-title-visibility":"","ast-main-header-display":"","ast-hfb-above-header-display":"","ast-hfb-below-header-display":"","ast-hfb-mobile-header-display":"","site-post-title":"","ast-breadcrumbs-content":"","ast-featured-img":"","footer-sml-layout":"","ast-disable-related-posts":"","theme-transparent-header-meta":"default","adv-header-id-meta":"","stick-header-meta":"","header-above-stick-meta":"","header-main-stick-meta":"","header-below-stick-meta":"","astra-migrate-meta-layouts":"set","ast-page-background-enabled":"default","ast-page-background-meta":{"desktop":{"background-color":"var(--ast-global-color-4)","background-image":"","background-repeat":"repeat","background-position":"center center","background-size":"auto","background-attachment":"scroll","background-type":"","background-media":"","overlay-type":"","overlay-color":"","overlay-opacity":"","overlay-gradient":""},"tablet":{"background-color":"","background-image":"","background-repeat":"repeat","background-position":"center center","background-size":"auto","background-attachment":"scroll","background-type":"","background-media":"","overlay-type":"","overlay-color":"","overlay-opacity":"","overlay-gradient":""},"mobile":{"background-color":"","background-image":"","background-repeat":"repeat","background-position":"center center","background-size":"auto","background-attachment":"scroll","background-type":"","background-media":"","overlay-type":"","overlay-color":"","overlay-opacity":"","overlay-gradient":""}},"ast-content-background-meta":{"desktop":{"background-color":"var(--ast-global-color-5)","background-image":"","background-repeat":"repeat","background-position":"center center","background-size":"auto","background-attachment":"scroll","background-type":"","background-media":"","overlay-type":"","overlay-color":"","overlay-opacity":"","overlay-gradient":""},"tablet":{"background-color":"var(--ast-global-color-5)","background-image":"","background-repeat":"repeat","background-position":"center center","background-size":"auto","background-attachment":"scroll","background-type":"","background-media":"","overlay-type":"","overlay-color":"","overlay-opacity":"","overlay-gradient":""},"mobile":{"background-color":"var(--ast-global-color-5)","background-image":"","background-repeat":"repeat","background-position":"center center","background-size":"auto","background-attachment":"scroll","background-type":"","background-media":"","overlay-type":"","overlay-color":"","overlay-opacity":"","overlay-gradient":""}},"footnotes":""},"class_list":["post-5444","page","type-page","status-publish","hentry"],"acf":[],"_links":{"self":[{"href":"https:\/\/www.getnogard.se\/en\/wp-json\/wp\/v2\/pages\/5444","targetHints":{"allow":["GET"]}}],"collection":[{"href":"https:\/\/www.getnogard.se\/en\/wp-json\/wp\/v2\/pages"}],"about":[{"href":"https:\/\/www.getnogard.se\/en\/wp-json\/wp\/v2\/types\/page"}],"author":[{"embeddable":true,"href":"https:\/\/www.getnogard.se\/en\/wp-json\/wp\/v2\/users\/2"}],"replies":[{"embeddable":true,"href":"https:\/\/www.getnogard.se\/en\/wp-json\/wp\/v2\/comments?post=5444"}],"version-history":[{"count":4,"href":"https:\/\/www.getnogard.se\/en\/wp-json\/wp\/v2\/pages\/5444\/revisions"}],"predecessor-version":[{"id":5502,"href":"https:\/\/www.getnogard.se\/en\/wp-json\/wp\/v2\/pages\/5444\/revisions\/5502"}],"wp:attachment":[{"href":"https:\/\/www.getnogard.se\/en\/wp-json\/wp\/v2\/media?parent=5444"}],"curies":[{"name":"wp","href":"https:\/\/api.w.org\/{rel}","templated":true}]}}