{"id":887,"date":"2017-05-21T13:16:54","date_gmt":"2017-05-21T11:16:54","guid":{"rendered":"http:\/\/www.getnogard.de\/houses\/fagelstugan\/"},"modified":"2026-02-05T11:10:01","modified_gmt":"2026-02-05T10:10:01","slug":"gosstugan","status":"publish","type":"page","link":"https:\/\/www.getnogard.se\/en\/houses\/gosstugan\/","title":{"rendered":"G\u00f6sstugan"},"content":{"rendered":"\n<figure itemscope itemtype=\"https:\/\/schema.org\/ImageObject\">\n\t\t\t\t<img decoding=\"async\" src=\"https:\/\/www.getnogard.se\/wp-content\/uploads\/Gosstugan-1.jpg\" alt=\"G\u00f6sstugan\" height=\"550\" width=\"1100\" title=\"G\u00f6sstugan\" onerror=\"this.style.display='none'\" loading=\"lazy\" \/>\n\t<\/figure>\n<h1>\n\t\t\tHoliday Home G\u00f6sstugan\t<\/h1>\n\t<p>G\u00f6sstugan is a pleasant little vacation home, located in beautiful natural surroundings close to the centre. G\u00f6sstugan and G\u00e4ddstugan are built together and, as a result, are ideal for two families that want to live close to each other. Distance to bathing and boat harbour is approx. 300 m, and about 200m to the reception.<\/p>\n<p>G\u00f6sstugan has 28 m\u00b2 in size. 1 bedsofa in the bigger room as well as 2 small bedrooms; 1 single bed and 1 bunk bed. Outdoor terrace with 18 m\u00b2 roof and barbecue and camp fire area. Bedding and kitchen equipment for 3 persons. The home is electrically heated and has a toilet, shower and sauna. Freezer and sauna are shared with G\u00e4ddstugan.<\/p>\n<figure itemscope itemtype=\"https:\/\/schema.org\/ImageObject\">\n\t\t\t\t<a href=\"https:\/\/www.getnogard.se\/wp-content\/uploads\/getno_stugor_faagelstugan_01.jpg\"  target=\"_self\" itemprop=\"url\">\n\t\t\t\t<img decoding=\"async\" src=\"https:\/\/www.getnogard.se\/wp-content\/uploads\/getno_stugor_faagelstugan_01.jpg\" alt=\"getno_stugor_faagelstugan_01\" height=\"374\" width=\"600\" title=\"getno_stugor_faagelstugan_01\" onerror=\"this.style.display='none'\" loading=\"lazy\" \/>\n\t\t\t\t<\/a>\n\t<\/figure>\n<figure itemscope itemtype=\"https:\/\/schema.org\/ImageObject\">\n\t\t\t\t<a href=\"https:\/\/www.getnogard.se\/wp-content\/uploads\/getno_stugor_faagelstugan_02.jpg\"  target=\"_self\" itemprop=\"url\">\n\t\t\t\t<img decoding=\"async\" src=\"https:\/\/www.getnogard.se\/wp-content\/uploads\/getno_stugor_faagelstugan_02.jpg\" alt=\"getno_stugor_faagelstugan_02\" height=\"374\" width=\"600\" title=\"getno_stugor_faagelstugan_02\" onerror=\"this.style.display='none'\" loading=\"lazy\" \/>\n\t\t\t\t<\/a>\n\t<\/figure>\n<figure itemscope itemtype=\"https:\/\/schema.org\/ImageObject\">\n\t\t\t\t<a href=\"https:\/\/www.getnogard.se\/wp-content\/uploads\/getno_stugor_faagelstugan_06.jpg\"  target=\"_self\" itemprop=\"url\">\n\t\t\t\t<img decoding=\"async\" src=\"https:\/\/www.getnogard.se\/wp-content\/uploads\/getno_stugor_faagelstugan_06.jpg\" alt=\"getno_stugor_faagelstugan_06\" height=\"374\" width=\"600\" title=\"getno_stugor_faagelstugan_06\" onerror=\"this.style.display='none'\" loading=\"lazy\" \/>\n\t\t\t\t<\/a>\n\t<\/figure>\n<figure itemscope itemtype=\"https:\/\/schema.org\/ImageObject\">\n\t\t\t\t<a href=\"https:\/\/www.getnogard.se\/wp-content\/uploads\/getno_stugor_faagelstugan_03.jpg\"  target=\"_self\" itemprop=\"url\">\n\t\t\t\t<img decoding=\"async\" src=\"https:\/\/www.getnogard.se\/wp-content\/uploads\/getno_stugor_faagelstugan_03.jpg\" alt=\"getno_stugor_faagelstugan_03\" height=\"374\" width=\"600\" title=\"getno_stugor_faagelstugan_03\" onerror=\"this.style.display='none'\" loading=\"lazy\" \/>\n\t\t\t\t<\/a>\n\t<\/figure>\n<figure itemscope itemtype=\"https:\/\/schema.org\/ImageObject\">\n\t\t\t\t<a href=\"https:\/\/www.getnogard.se\/wp-content\/uploads\/getno_stugor_faagelstugan_05.jpg\"  target=\"_self\" itemprop=\"url\">\n\t\t\t\t<img decoding=\"async\" src=\"https:\/\/www.getnogard.se\/wp-content\/uploads\/getno_stugor_faagelstugan_05.jpg\" alt=\"getno_stugor_faagelstugan_05\" height=\"374\" width=\"600\" title=\"getno_stugor_faagelstugan_05\" onerror=\"this.style.display='none'\" loading=\"lazy\" \/>\n\t\t\t\t<\/a>\n\t<\/figure>\n<figure itemscope itemtype=\"https:\/\/schema.org\/ImageObject\">\n\t\t\t\t<img decoding=\"async\" src=\"https:\/\/www.getnogard.se\/wp-content\/uploads\/Gosstugan-5.jpg\" alt=\"Gosstugan\" height=\"374\" width=\"600\" title=\"Gosstugan\" onerror=\"this.style.display='none'\" loading=\"lazy\" \/>\n\t<\/figure>\n\t\t<h3>\t\n\tFacts<\/h3><ul>\n<li>Number of persons: 3<\/li>\n<li>Size\/area: 28 m\u00b2<\/li>\n<li>Comments: sauna<\/li>\n<li>Winter insulation: yes<\/li>\n<li>Dogs are allowed in this house, please let us know if you have your dog with you.<\/li>\n<li>Smoking is prohibited in all our houses.<\/li>\n<\/ul>\n\t\t<h3>\t\n\tWould you like to book this house?<\/h3><strong>Your contact person<\/strong><br \/>\n Ingrid E-M Olsson\n<strong>Phone:<\/strong><br \/>\n +46 477 &#8211; 240 21\n\t\t\t<a href=\"https:\/\/www.getnogard.se\/en\/contact\/\"  target=\"_self\">\n\t\t\t\t\t\tWrite us an email\n\t\t\t\t\t<\/a>\n\t<h2>News &amp; Special Offers<\/h2>\n<p>Join our newsletter and stay updated about news &amp; special offers from Getn\u00f6 &#8211; Lake \u00c5snen Resort.<\/p>\n\n","protected":false},"excerpt":{"rendered":"<p>Holiday Home G\u00f6sstugan G\u00f6sstugan is a pleasant little vacation home, located in beautiful natural surroundings close to the centre. G\u00f6sstugan and G\u00e4ddstugan are built together and, as a result, are ideal for two families that want to live close to each other. Distance to bathing and boat harbour is approx. 300 m, and about 200m [&hellip;]<\/p>\n","protected":false},"author":2,"featured_media":0,"parent":706,"menu_order":0,"comment_status":"closed","ping_status":"closed","template":"","meta":{"_acf_changed":false,"_seopress_robots_primary_cat":"","_seopress_titles_title":"","_seopress_titles_desc":"","_seopress_robots_index":"","site-sidebar-layout":"default","site-content-layout":"","ast-site-content-layout":"default","site-content-style":"default","site-sidebar-style":"default","ast-global-header-display":"","ast-banner-title-visibility":"","ast-main-header-display":"","ast-hfb-above-header-display":"","ast-hfb-below-header-display":"","ast-hfb-mobile-header-display":"","site-post-title":"","ast-breadcrumbs-content":"","ast-featured-img":"","footer-sml-layout":"","ast-disable-related-posts":"","theme-transparent-header-meta":"default","adv-header-id-meta":"","stick-header-meta":"","header-above-stick-meta":"","header-main-stick-meta":"","header-below-stick-meta":"","astra-migrate-meta-layouts":"default","ast-page-background-enabled":"default","ast-page-background-meta":{"desktop":{"background-color":"var(--ast-global-color-4)","background-image":"","background-repeat":"repeat","background-position":"center center","background-size":"auto","background-attachment":"scroll","background-type":"","background-media":"","overlay-type":"","overlay-color":"","overlay-opacity":"","overlay-gradient":""},"tablet":{"background-color":"","background-image":"","background-repeat":"repeat","background-position":"center center","background-size":"auto","background-attachment":"scroll","background-type":"","background-media":"","overlay-type":"","overlay-color":"","overlay-opacity":"","overlay-gradient":""},"mobile":{"background-color":"","background-image":"","background-repeat":"repeat","background-position":"center center","background-size":"auto","background-attachment":"scroll","background-type":"","background-media":"","overlay-type":"","overlay-color":"","overlay-opacity":"","overlay-gradient":""}},"ast-content-background-meta":{"desktop":{"background-color":"var(--ast-global-color-5)","background-image":"","background-repeat":"repeat","background-position":"center center","background-size":"auto","background-attachment":"scroll","background-type":"","background-media":"","overlay-type":"","overlay-color":"","overlay-opacity":"","overlay-gradient":""},"tablet":{"background-color":"var(--ast-global-color-5)","background-image":"","background-repeat":"repeat","background-position":"center center","background-size":"auto","background-attachment":"scroll","background-type":"","background-media":"","overlay-type":"","overlay-color":"","overlay-opacity":"","overlay-gradient":""},"mobile":{"background-color":"var(--ast-global-color-5)","background-image":"","background-repeat":"repeat","background-position":"center center","background-size":"auto","background-attachment":"scroll","background-type":"","background-media":"","overlay-type":"","overlay-color":"","overlay-opacity":"","overlay-gradient":""}},"footnotes":""},"class_list":["post-887","page","type-page","status-publish","hentry"],"acf":[],"_links":{"self":[{"href":"https:\/\/www.getnogard.se\/en\/wp-json\/wp\/v2\/pages\/887","targetHints":{"allow":["GET"]}}],"collection":[{"href":"https:\/\/www.getnogard.se\/en\/wp-json\/wp\/v2\/pages"}],"about":[{"href":"https:\/\/www.getnogard.se\/en\/wp-json\/wp\/v2\/types\/page"}],"author":[{"embeddable":true,"href":"https:\/\/www.getnogard.se\/en\/wp-json\/wp\/v2\/users\/2"}],"replies":[{"embeddable":true,"href":"https:\/\/www.getnogard.se\/en\/wp-json\/wp\/v2\/comments?post=887"}],"version-history":[{"count":5,"href":"https:\/\/www.getnogard.se\/en\/wp-json\/wp\/v2\/pages\/887\/revisions"}],"predecessor-version":[{"id":6634,"href":"https:\/\/www.getnogard.se\/en\/wp-json\/wp\/v2\/pages\/887\/revisions\/6634"}],"up":[{"embeddable":true,"href":"https:\/\/www.getnogard.se\/en\/wp-json\/wp\/v2\/pages\/706"}],"wp:attachment":[{"href":"https:\/\/www.getnogard.se\/en\/wp-json\/wp\/v2\/media?parent=887"}],"curies":[{"name":"wp","href":"https:\/\/api.w.org\/{rel}","templated":true}]}}