{"id":888,"date":"2017-05-21T13:56:52","date_gmt":"2017-05-21T11:56:52","guid":{"rendered":"http:\/\/www.getnogard.de\/houses\/gaeddstugan\/"},"modified":"2021-02-10T12:06:26","modified_gmt":"2021-02-10T11:06:26","slug":"gaeddstugan","status":"publish","type":"page","link":"https:\/\/www.getnogard.se\/en\/houses\/gaeddstugan\/","title":{"rendered":"G\u00e4ddstugan"},"content":{"rendered":"\n\n\t\t\t\t<img loading=\"lazy\" decoding=\"async\" src=\"https:\/\/www.getnogard.se\/wp-content\/uploads\/getno_stugor_gaeddstugan_header.jpg\" alt=\"getno_stugor_gaeddstugan_header\" itemprop=\"image\" height=\"400\" width=\"1100\" title=\"getno_stugor_gaeddstugan_header\" onerror=\"this.style.display='none'\"  \/>\n<h1>\n\t\tHoliday Home G\u00e4ddstugan\n\t<\/h1>\n\t<p>G\u00e4ddstugan is a cosy little cottage for 2 persons, located in wonderful surroundings close to the centre. G\u00e4ddstugan and F\u00e5gelstugan are built together and, as a result, are ideal for two families that want to live close to each other. Distance to bathing and boat harbour is approx. 300m, and about 200m to the reception.<\/p>\n<p>G\u00e4ddstugan has 23 m\u00b2 area, with kitchen and small hallway. Outdoor terrace with 10 m\u00b2 roof and barbecue and camp fire area. The house has been renovated with wood panelling and a wood stove has been installed. Bedding and kitchen equipment for 3 persons, a doublebed and a bedsofa. G\u00e4ddstugan is heated electrically, has a toilet, shower and sauna. Freezer and sauna are shared with F\u00e5gelstugan.<\/p>\n\t\t\t\t<a href=\"https:\/\/www.getnogard.se\/wp-content\/uploads\/getno_stugor_gaeddstugan_01.jpg\" target=\"_self\" itemprop=\"url\" rel=\"noopener noreferrer\">\n\t\t\t\t<img loading=\"lazy\" decoding=\"async\" src=\"https:\/\/www.getnogard.se\/wp-content\/uploads\/getno_stugor_gaeddstugan_01.jpg\" alt=\"getno_stugor_gaeddstugan_01\" itemprop=\"image\" height=\"374\" width=\"600\" title=\"getno_stugor_gaeddstugan_01\" onerror=\"this.style.display='none'\"  \/>\n\t\t\t\t<\/a>\n\t\t\t\t<a href=\"https:\/\/www.getnogard.se\/wp-content\/uploads\/getno_stugor_gaeddstugan_02.jpg\" target=\"_self\" itemprop=\"url\" rel=\"noopener noreferrer\">\n\t\t\t\t<img loading=\"lazy\" decoding=\"async\" src=\"https:\/\/www.getnogard.se\/wp-content\/uploads\/getno_stugor_gaeddstugan_02.jpg\" alt=\"getno_stugor_gaeddstugan_02\" itemprop=\"image\" height=\"374\" width=\"600\" title=\"getno_stugor_gaeddstugan_02\" onerror=\"this.style.display='none'\"  \/>\n\t\t\t\t<\/a>\n\t\t\t\t<a href=\"https:\/\/www.getnogard.se\/wp-content\/uploads\/getno_stugor_gaeddstugan_03.jpg\" target=\"_self\" itemprop=\"url\" rel=\"noopener noreferrer\">\n\t\t\t\t<img loading=\"lazy\" decoding=\"async\" src=\"https:\/\/www.getnogard.se\/wp-content\/uploads\/getno_stugor_gaeddstugan_03.jpg\" alt=\"getno_stugor_gaeddstugan_03\" itemprop=\"image\" height=\"374\" width=\"600\" title=\"getno_stugor_gaeddstugan_03\" onerror=\"this.style.display='none'\"  \/>\n\t\t\t\t<\/a>\n\t\t\t\t<a href=\"https:\/\/www.getnogard.se\/wp-content\/uploads\/getno_stugor_gaeddstugan_06.jpg\" target=\"_self\" itemprop=\"url\" rel=\"noopener noreferrer\">\n\t\t\t\t<img loading=\"lazy\" decoding=\"async\" src=\"https:\/\/www.getnogard.se\/wp-content\/uploads\/getno_stugor_gaeddstugan_06.jpg\" alt=\"getno_stugor_gaeddstugan_06\" itemprop=\"image\" height=\"374\" width=\"600\" title=\"getno_stugor_gaeddstugan_06\" onerror=\"this.style.display='none'\"  \/>\n\t\t\t\t<\/a>\n\t\t\t\t<a href=\"https:\/\/www.getnogard.se\/wp-content\/uploads\/getno_stugor_gaeddstugan_05.jpg\" target=\"_self\" itemprop=\"url\" rel=\"noopener noreferrer\">\n\t\t\t\t<img loading=\"lazy\" decoding=\"async\" src=\"https:\/\/www.getnogard.se\/wp-content\/uploads\/getno_stugor_gaeddstugan_05.jpg\" alt=\"getno_stugor_gaeddstugan_05\" itemprop=\"image\" height=\"374\" width=\"600\" title=\"getno_stugor_gaeddstugan_05\" onerror=\"this.style.display='none'\"  \/>\n\t\t\t\t<\/a>\n\t\t\t\t<a href=\"https:\/\/www.getnogard.se\/wp-content\/uploads\/getno_stugor_gaeddstugan_04.jpg\" target=\"_self\" itemprop=\"url\" rel=\"noopener noreferrer\">\n\t\t\t\t<img loading=\"lazy\" decoding=\"async\" src=\"https:\/\/www.getnogard.se\/wp-content\/uploads\/getno_stugor_gaeddstugan_04.jpg\" alt=\"getno_stugor_gaeddstugan_04\" itemprop=\"image\" height=\"374\" width=\"600\" title=\"getno_stugor_gaeddstugan_04\" onerror=\"this.style.display='none'\"  \/>\n\t\t\t\t<\/a>\n\t\t<h3>\t\n\tFacts<\/h3>\t\t\n\t\t\t<ul>\n<li>Number of persons: 2<\/li>\n<li>Size\/area: 23 m\u00b2<\/li>\n<li>Comments: wood stove, sauna<\/li>\n<li>Winter insulation: yes<\/li>\n<li>Dogs are allowed in this house, please let us know if you have your dog with you.<\/li>\n<li>Smoking is prohibited in all our houses.<\/li>\n<\/ul>\n\t\t<h3>\t\n\tWould you like to book this house?<\/h3>\t\t\n\t\t\t<strong>Your contact person<\/strong><br \/>\n Ingrid E-M Olsson\n<strong>Phone:<\/strong><br \/>\n +46 477 &#8211; 240 21\n\t\t\t<a href=\"https:\/\/www.getnogard.se\/en\/contact\/\" target=\"_self\" role=\"button\" rel=\"noopener noreferrer\">\n\t\t\t\t\t\tWrite us an email\n\t\t\t\t\t<\/a>\n\t<h2>News &amp; Special Offers<\/h2>\n<p>We keep you updated about news and special offers from Getn\u00f6 &#8211; Lake \u00c5snen Resort.<\/p>\n\n","protected":false},"excerpt":{"rendered":"<p>Holiday Home G\u00e4ddstugan G\u00e4ddstugan is a cosy little cottage for 2 persons, located in wonderful surroundings close to the centre. G\u00e4ddstugan and F\u00e5gelstugan are built together and, as a result, are ideal for two families that want to live close to each other. Distance to bathing and boat harbour is approx. 300m, and about 200m [&hellip;]<\/p>\n","protected":false},"author":2,"featured_media":0,"parent":706,"menu_order":0,"comment_status":"closed","ping_status":"closed","template":"","meta":{"_acf_changed":false,"_seopress_robots_primary_cat":"","_seopress_titles_title":"","_seopress_titles_desc":"","_seopress_robots_index":"","site-sidebar-layout":"default","site-content-layout":"","ast-site-content-layout":"default","site-content-style":"default","site-sidebar-style":"default","ast-global-header-display":"","ast-banner-title-visibility":"","ast-main-header-display":"","ast-hfb-above-header-display":"","ast-hfb-below-header-display":"","ast-hfb-mobile-header-display":"","site-post-title":"","ast-breadcrumbs-content":"","ast-featured-img":"","footer-sml-layout":"","ast-disable-related-posts":"","theme-transparent-header-meta":"","adv-header-id-meta":"","stick-header-meta":"","header-above-stick-meta":"","header-main-stick-meta":"","header-below-stick-meta":"","astra-migrate-meta-layouts":"default","ast-page-background-enabled":"default","ast-page-background-meta":{"desktop":{"background-color":"var(--ast-global-color-4)","background-image":"","background-repeat":"repeat","background-position":"center center","background-size":"auto","background-attachment":"scroll","background-type":"","background-media":"","overlay-type":"","overlay-color":"","overlay-opacity":"","overlay-gradient":""},"tablet":{"background-color":"","background-image":"","background-repeat":"repeat","background-position":"center center","background-size":"auto","background-attachment":"scroll","background-type":"","background-media":"","overlay-type":"","overlay-color":"","overlay-opacity":"","overlay-gradient":""},"mobile":{"background-color":"","background-image":"","background-repeat":"repeat","background-position":"center center","background-size":"auto","background-attachment":"scroll","background-type":"","background-media":"","overlay-type":"","overlay-color":"","overlay-opacity":"","overlay-gradient":""}},"ast-content-background-meta":{"desktop":{"background-color":"var(--ast-global-color-5)","background-image":"","background-repeat":"repeat","background-position":"center center","background-size":"auto","background-attachment":"scroll","background-type":"","background-media":"","overlay-type":"","overlay-color":"","overlay-opacity":"","overlay-gradient":""},"tablet":{"background-color":"var(--ast-global-color-5)","background-image":"","background-repeat":"repeat","background-position":"center center","background-size":"auto","background-attachment":"scroll","background-type":"","background-media":"","overlay-type":"","overlay-color":"","overlay-opacity":"","overlay-gradient":""},"mobile":{"background-color":"var(--ast-global-color-5)","background-image":"","background-repeat":"repeat","background-position":"center center","background-size":"auto","background-attachment":"scroll","background-type":"","background-media":"","overlay-type":"","overlay-color":"","overlay-opacity":"","overlay-gradient":""}},"footnotes":""},"class_list":["post-888","page","type-page","status-publish","hentry"],"acf":[],"_links":{"self":[{"href":"https:\/\/www.getnogard.se\/en\/wp-json\/wp\/v2\/pages\/888","targetHints":{"allow":["GET"]}}],"collection":[{"href":"https:\/\/www.getnogard.se\/en\/wp-json\/wp\/v2\/pages"}],"about":[{"href":"https:\/\/www.getnogard.se\/en\/wp-json\/wp\/v2\/types\/page"}],"author":[{"embeddable":true,"href":"https:\/\/www.getnogard.se\/en\/wp-json\/wp\/v2\/users\/2"}],"replies":[{"embeddable":true,"href":"https:\/\/www.getnogard.se\/en\/wp-json\/wp\/v2\/comments?post=888"}],"version-history":[{"count":2,"href":"https:\/\/www.getnogard.se\/en\/wp-json\/wp\/v2\/pages\/888\/revisions"}],"predecessor-version":[{"id":3546,"href":"https:\/\/www.getnogard.se\/en\/wp-json\/wp\/v2\/pages\/888\/revisions\/3546"}],"up":[{"embeddable":true,"href":"https:\/\/www.getnogard.se\/en\/wp-json\/wp\/v2\/pages\/706"}],"wp:attachment":[{"href":"https:\/\/www.getnogard.se\/en\/wp-json\/wp\/v2\/media?parent=888"}],"curies":[{"name":"wp","href":"https:\/\/api.w.org\/{rel}","templated":true}]}}