{"id":889,"date":"2017-05-21T14:00:39","date_gmt":"2017-05-21T12:00:39","guid":{"rendered":"http:\/\/www.getnogard.de\/houses\/haerbraeet\/"},"modified":"2023-01-12T14:06:12","modified_gmt":"2023-01-12T13:06:12","slug":"haerbraeet","status":"publish","type":"page","link":"https:\/\/www.getnogard.se\/en\/houses\/haerbraeet\/","title":{"rendered":"H\u00e4rbr\u00e4et"},"content":{"rendered":"\n\n\t\t\t\t<img loading=\"lazy\" decoding=\"async\" src=\"https:\/\/www.getnogard.se\/wp-content\/uploads\/getno_stugor_haerbraeet_header.jpg\" alt=\"getno_stugor_haerbraeet_header\" itemprop=\"image\" height=\"400\" width=\"1100\" title=\"getno_stugor_haerbraeet_header\" onerror=\"this.style.display='none'\"  \/>\n<h1>\n\t\tHoliday Home H\u00e4rbr\u00e4et\n\t<\/h1>\n\t<p>H\u00e4rbr\u00e4et is an older house suitable for fishinggroups, located on the Vrigstad G\u00e5rd peninsula that lies to the west of the main island Getn\u00f6. It is situated in beautiful natural surroundings about 150 metres to the lake. The home has a wonderful view of the lake with a garden and beautiful flowering meadows.<\/p>\n<p>H\u00e4rbr\u00e4et is a renovated house originally built in the beginning of the 1900&#8217;s. A cosy home with old rustic style, 75 m\u00b2 in size with living room, kitchen area, hall, bathroom with wc\/shower, 2 bedrooms with sleeping recesses and large sauna with 2 showers in the cellar. Bedding and kitchen equipment for 6 persons. Electric heating, fridge, freezer, microwave and dishwasher. Outdoor terrace with 20 m\u00b2 roof, barbecue and camp fire area. Private bathing and boating approx 150 m.<\/p>\n\t\t\t\t<a href=\"https:\/\/www.getnogard.se\/wp-content\/uploads\/getno_stugor_haerbraeet_10.jpg\" target=\"_self\" itemprop=\"url\" rel=\"noopener\">\n\t\t\t\t<img loading=\"lazy\" decoding=\"async\" src=\"https:\/\/www.getnogard.se\/wp-content\/uploads\/getno_stugor_haerbraeet_10.jpg\" alt=\"getno_stugor_haerbraeet_10\" itemprop=\"image\" height=\"374\" width=\"600\" title=\"getno_stugor_haerbraeet_10\" onerror=\"this.style.display='none'\"  \/>\n\t\t\t\t<\/a>\n\t\t\t\t<a href=\"https:\/\/www.getnogard.se\/wp-content\/uploads\/getno_stugor_haerbraeet_02.jpg\" target=\"_self\" itemprop=\"url\" rel=\"noopener\">\n\t\t\t\t<img loading=\"lazy\" decoding=\"async\" src=\"https:\/\/www.getnogard.se\/wp-content\/uploads\/getno_stugor_haerbraeet_02.jpg\" alt=\"getno_stugor_haerbraeet_02\" itemprop=\"image\" height=\"374\" width=\"600\" title=\"getno_stugor_haerbraeet_02\" onerror=\"this.style.display='none'\"  \/>\n\t\t\t\t<\/a>\n\t\t\t\t<a href=\"https:\/\/www.getnogard.se\/wp-content\/uploads\/getno_stugor_haerbraeet_14.jpg\" target=\"_self\" itemprop=\"url\" rel=\"noopener\">\n\t\t\t\t<img loading=\"lazy\" decoding=\"async\" src=\"https:\/\/www.getnogard.se\/wp-content\/uploads\/getno_stugor_haerbraeet_14.jpg\" alt=\"getno_stugor_haerbraeet_14\" itemprop=\"image\" height=\"374\" width=\"600\" title=\"getno_stugor_haerbraeet_14\" onerror=\"this.style.display='none'\"  \/>\n\t\t\t\t<\/a>\n\t\t\t\t<a href=\"https:\/\/www.getnogard.se\/wp-content\/uploads\/getno_stugor_haerbraeet_11.jpg\" target=\"_self\" itemprop=\"url\" rel=\"noopener\">\n\t\t\t\t<img loading=\"lazy\" decoding=\"async\" src=\"https:\/\/www.getnogard.se\/wp-content\/uploads\/getno_stugor_haerbraeet_11.jpg\" alt=\"getno_stugor_haerbraeet_11\" itemprop=\"image\" height=\"374\" width=\"600\" title=\"getno_stugor_haerbraeet_11\" onerror=\"this.style.display='none'\"  \/>\n\t\t\t\t<\/a>\n\t\t\t\t<a href=\"https:\/\/www.getnogard.se\/wp-content\/uploads\/getno_stugor_haerbraeet_12.jpg\" target=\"_self\" itemprop=\"url\" rel=\"noopener\">\n\t\t\t\t<img loading=\"lazy\" decoding=\"async\" src=\"https:\/\/www.getnogard.se\/wp-content\/uploads\/getno_stugor_haerbraeet_12.jpg\" alt=\"getno_stugor_haerbraeet_12\" itemprop=\"image\" height=\"374\" width=\"600\" title=\"getno_stugor_haerbraeet_12\" onerror=\"this.style.display='none'\"  \/>\n\t\t\t\t<\/a>\n\t\t\t\t<a href=\"https:\/\/www.getnogard.se\/wp-content\/uploads\/getno_stugor_haerbraeet_13.jpg\" target=\"_self\" itemprop=\"url\" rel=\"noopener\">\n\t\t\t\t<img loading=\"lazy\" decoding=\"async\" src=\"https:\/\/www.getnogard.se\/wp-content\/uploads\/getno_stugor_haerbraeet_13.jpg\" alt=\"getno_stugor_haerbraeet_13\" itemprop=\"image\" height=\"374\" width=\"600\" title=\"getno_stugor_haerbraeet_13\" onerror=\"this.style.display='none'\"  \/>\n\t\t\t\t<\/a>\n\t\t<h3>\t\n\tFacts<\/h3>\t\t\n\t\t\t<ul>\n<li>Number of persons: 6<\/li>\n<li>Size\/area: 75 m\u00b2<\/li>\n<li>Comments: sauna<\/li>\n<li>Winter insulation: yes<\/li>\n<li>Pets are not allowed in this house.<\/li>\n<li>Smoking is prohibited in all our houses.<\/li>\n<\/ul>\n\t\t<h3>\t\n\tWould you like to book this house?<\/h3>\t\t\n\t\t\t<strong>Your contact person<\/strong><br \/>\n Ingrid E-M Olsson\n<strong>Phone:<\/strong><br \/>\n +46 477 &#8211; 240 21\n\t\t\t<a href=\"https:\/\/www.getnogard.se\/en\/contact\/\" target=\"_self\" role=\"button\" rel=\"noopener\">\n\t\t\t\t\t\tWrite us an email\n\t\t\t\t\t<\/a>\n\t<h2>News &amp; Special Offers<\/h2>\n<p>We keep you updated about news and special offers from Getn\u00f6 &#8211; Lake \u00c5snen Resort.<\/p>\n\n","protected":false},"excerpt":{"rendered":"<p>Holiday Home H\u00e4rbr\u00e4et H\u00e4rbr\u00e4et is an older house suitable for fishinggroups, located on the Vrigstad G\u00e5rd peninsula that lies to the west of the main island Getn\u00f6. It is situated in beautiful natural surroundings about 150 metres to the lake. The home has a wonderful view of the lake with a garden and beautiful flowering [&hellip;]<\/p>\n","protected":false},"author":2,"featured_media":0,"parent":706,"menu_order":0,"comment_status":"closed","ping_status":"closed","template":"","meta":{"_acf_changed":false,"_seopress_robots_primary_cat":"","_seopress_titles_title":"","_seopress_titles_desc":"","_seopress_robots_index":"","site-sidebar-layout":"default","site-content-layout":"","ast-site-content-layout":"default","site-content-style":"default","site-sidebar-style":"default","ast-global-header-display":"","ast-banner-title-visibility":"","ast-main-header-display":"","ast-hfb-above-header-display":"","ast-hfb-below-header-display":"","ast-hfb-mobile-header-display":"","site-post-title":"","ast-breadcrumbs-content":"","ast-featured-img":"","footer-sml-layout":"","ast-disable-related-posts":"","theme-transparent-header-meta":"","adv-header-id-meta":"","stick-header-meta":"","header-above-stick-meta":"","header-main-stick-meta":"","header-below-stick-meta":"","astra-migrate-meta-layouts":"default","ast-page-background-enabled":"default","ast-page-background-meta":{"desktop":{"background-color":"var(--ast-global-color-4)","background-image":"","background-repeat":"repeat","background-position":"center center","background-size":"auto","background-attachment":"scroll","background-type":"","background-media":"","overlay-type":"","overlay-color":"","overlay-opacity":"","overlay-gradient":""},"tablet":{"background-color":"","background-image":"","background-repeat":"repeat","background-position":"center center","background-size":"auto","background-attachment":"scroll","background-type":"","background-media":"","overlay-type":"","overlay-color":"","overlay-opacity":"","overlay-gradient":""},"mobile":{"background-color":"","background-image":"","background-repeat":"repeat","background-position":"center center","background-size":"auto","background-attachment":"scroll","background-type":"","background-media":"","overlay-type":"","overlay-color":"","overlay-opacity":"","overlay-gradient":""}},"ast-content-background-meta":{"desktop":{"background-color":"var(--ast-global-color-5)","background-image":"","background-repeat":"repeat","background-position":"center center","background-size":"auto","background-attachment":"scroll","background-type":"","background-media":"","overlay-type":"","overlay-color":"","overlay-opacity":"","overlay-gradient":""},"tablet":{"background-color":"var(--ast-global-color-5)","background-image":"","background-repeat":"repeat","background-position":"center center","background-size":"auto","background-attachment":"scroll","background-type":"","background-media":"","overlay-type":"","overlay-color":"","overlay-opacity":"","overlay-gradient":""},"mobile":{"background-color":"var(--ast-global-color-5)","background-image":"","background-repeat":"repeat","background-position":"center center","background-size":"auto","background-attachment":"scroll","background-type":"","background-media":"","overlay-type":"","overlay-color":"","overlay-opacity":"","overlay-gradient":""}},"footnotes":""},"class_list":["post-889","page","type-page","status-publish","hentry"],"acf":[],"_links":{"self":[{"href":"https:\/\/www.getnogard.se\/en\/wp-json\/wp\/v2\/pages\/889","targetHints":{"allow":["GET"]}}],"collection":[{"href":"https:\/\/www.getnogard.se\/en\/wp-json\/wp\/v2\/pages"}],"about":[{"href":"https:\/\/www.getnogard.se\/en\/wp-json\/wp\/v2\/types\/page"}],"author":[{"embeddable":true,"href":"https:\/\/www.getnogard.se\/en\/wp-json\/wp\/v2\/users\/2"}],"replies":[{"embeddable":true,"href":"https:\/\/www.getnogard.se\/en\/wp-json\/wp\/v2\/comments?post=889"}],"version-history":[{"count":3,"href":"https:\/\/www.getnogard.se\/en\/wp-json\/wp\/v2\/pages\/889\/revisions"}],"predecessor-version":[{"id":4437,"href":"https:\/\/www.getnogard.se\/en\/wp-json\/wp\/v2\/pages\/889\/revisions\/4437"}],"up":[{"embeddable":true,"href":"https:\/\/www.getnogard.se\/en\/wp-json\/wp\/v2\/pages\/706"}],"wp:attachment":[{"href":"https:\/\/www.getnogard.se\/en\/wp-json\/wp\/v2\/media?parent=889"}],"curies":[{"name":"wp","href":"https:\/\/api.w.org\/{rel}","templated":true}]}}