{"id":894,"date":"2017-05-21T15:39:27","date_gmt":"2017-05-21T13:39:27","guid":{"rendered":"http:\/\/www.getnogard.de\/houses\/radjuret\/"},"modified":"2023-10-28T10:47:21","modified_gmt":"2023-10-28T08:47:21","slug":"radjuret","status":"publish","type":"page","link":"https:\/\/www.getnogard.se\/en\/houses\/radjuret\/","title":{"rendered":"R\u00e5djuret"},"content":{"rendered":"\n\n\t\t\t\t<img loading=\"lazy\" decoding=\"async\" src=\"https:\/\/www.getnogard.se\/wp-content\/uploads\/getno_stugor_raadjuret_header.jpg\" alt=\"getno_stugor_raadjuret_header\" itemprop=\"image\" height=\"400\" width=\"1100\" title=\"getno_stugor_raadjuret_header\" onerror=\"this.style.display='none'\"  \/>\n<h1>\n\t\tHoliday Home R\u00e5djuret\n\t<\/h1>\n\t<p>Typical cottage from Sm\u00e5land, located in wonderful surroundings only about 150 metres from the reception, centre shop and caf\u00e9. Distance to lakeside and bathing- and boating bridges is approx. 300 m.<\/p>\n<p>R\u00e5djuret is 40 m\u00b2 in size, has 2 bedrooms. a kitchen and an amenity room. A modern, fully-fitted home with bedding and kitchen equipment for 4 persons. Electrical installation; fridge &amp; freezer, microwave, dishwasher, radio, TV. 1 bathroom with wc, shower, tiled interior. Outdoor terrace with 12 m\u00b2 roof, and garden furniture, barbecue and camp fire area. It is a non-smoking home and pets are not allowed. Distance to neighbouring house, \u00c4lgen, is approx. 90 m.<\/p>\n\t\t\t\t<a href=\"https:\/\/www.getnogard.se\/wp-content\/uploads\/getno_stugor_raadjuret_01.jpg\" target=\"_self\" itemprop=\"url\" rel=\"noopener\">\n\t\t\t\t<img loading=\"lazy\" decoding=\"async\" src=\"https:\/\/www.getnogard.se\/wp-content\/uploads\/getno_stugor_raadjuret_01.jpg\" alt=\"getno_stugor_raadjuret_01\" itemprop=\"image\" height=\"374\" width=\"600\" title=\"getno_stugor_raadjuret_01\" onerror=\"this.style.display='none'\"  \/>\n\t\t\t\t<\/a>\n\t\t\t\t<a href=\"https:\/\/www.getnogard.se\/wp-content\/uploads\/getno_stugor_raadjuret_02.jpg\" target=\"_self\" itemprop=\"url\" rel=\"noopener\">\n\t\t\t\t<img loading=\"lazy\" decoding=\"async\" src=\"https:\/\/www.getnogard.se\/wp-content\/uploads\/getno_stugor_raadjuret_02.jpg\" alt=\"getno_stugor_raadjuret_02\" itemprop=\"image\" height=\"374\" width=\"600\" title=\"getno_stugor_raadjuret_02\" onerror=\"this.style.display='none'\"  \/>\n\t\t\t\t<\/a>\n\t\t\t\t<a href=\"https:\/\/www.getnogard.se\/wp-content\/uploads\/getno_stugor_raadjuret_03.jpg\" target=\"_self\" itemprop=\"url\" rel=\"noopener\">\n\t\t\t\t<img loading=\"lazy\" decoding=\"async\" src=\"https:\/\/www.getnogard.se\/wp-content\/uploads\/getno_stugor_raadjuret_03.jpg\" alt=\"getno_stugor_raadjuret_03\" itemprop=\"image\" height=\"374\" width=\"600\" title=\"getno_stugor_raadjuret_03\" onerror=\"this.style.display='none'\"  \/>\n\t\t\t\t<\/a>\n\t\t\t\t<a href=\"https:\/\/www.getnogard.se\/wp-content\/uploads\/getno_stugor_raadjuret_04.jpg\" target=\"_self\" itemprop=\"url\" rel=\"noopener\">\n\t\t\t\t<img loading=\"lazy\" decoding=\"async\" src=\"https:\/\/www.getnogard.se\/wp-content\/uploads\/getno_stugor_raadjuret_04.jpg\" alt=\"getno_stugor_raadjuret_04\" itemprop=\"image\" height=\"374\" width=\"600\" title=\"getno_stugor_raadjuret_04\" onerror=\"this.style.display='none'\"  \/>\n\t\t\t\t<\/a>\n\t\t\t\t<a href=\"https:\/\/www.getnogard.se\/wp-content\/uploads\/getno_stugor_raadjuret_05.jpg\" target=\"_self\" itemprop=\"url\" rel=\"noopener\">\n\t\t\t\t<img loading=\"lazy\" decoding=\"async\" src=\"https:\/\/www.getnogard.se\/wp-content\/uploads\/getno_stugor_raadjuret_05.jpg\" alt=\"getno_stugor_raadjuret_05\" itemprop=\"image\" height=\"374\" width=\"600\" title=\"getno_stugor_raadjuret_05\" onerror=\"this.style.display='none'\"  \/>\n\t\t\t\t<\/a>\n\t\t\t\t<a href=\"https:\/\/www.getnogard.se\/wp-content\/uploads\/getno_stugor_raadjuret_06.jpg\" target=\"_self\" itemprop=\"url\" rel=\"noopener\">\n\t\t\t\t<img loading=\"lazy\" decoding=\"async\" src=\"https:\/\/www.getnogard.se\/wp-content\/uploads\/getno_stugor_raadjuret_06.jpg\" alt=\"getno_stugor_raadjuret_06\" itemprop=\"image\" height=\"374\" width=\"600\" title=\"getno_stugor_raadjuret_06\" onerror=\"this.style.display='none'\"  \/>\n\t\t\t\t<\/a>\n\t\t<h3>\t\n\tFacts<\/h3>\t\t\n\t\t\t<ul>\n<li>Number of persons: 4<\/li>\n<li>Size\/area: 40 m\u00b2<\/li>\n<li>Comments: beautiful location, dishwasher<\/li>\n<li>Winter insulation: yes<\/li>\n<li>Pets are not allowed in this house.<\/li>\n<li>Smoking is prohibited in all our houses.<\/li>\n<\/ul>\n\t\t<h3>\t\n\tWould you like to book this house?<\/h3>\t\t\n\t\t\t<strong>Your contact person<\/strong><br \/>\n Ingrid E-M Olsson\n<strong>Phone:<\/strong><br \/>\n +46 477 &#8211; 240 21\n\t\t\t<a href=\"https:\/\/www.getnogard.se\/en\/contact\/\" target=\"_self\" rel=\"noopener\">\n\t\t\t\t\t\tWrite us an email\n\t\t\t\t\t<\/a>\n\t<h2>News &amp; Special Offers<\/h2>\n<p>We keep you updated about news and special offers from Getn\u00f6 &#8211; Lake \u00c5snen Resort.<\/p>\n\n","protected":false},"excerpt":{"rendered":"<p>Holiday Home R\u00e5djuret Typical cottage from Sm\u00e5land, located in wonderful surroundings only about 150 metres from the reception, centre shop and caf\u00e9. Distance to lakeside and bathing- and boating bridges is approx. 300 m. R\u00e5djuret is 40 m\u00b2 in size, has 2 bedrooms. a kitchen and an amenity room. A modern, fully-fitted home with bedding [&hellip;]<\/p>\n","protected":false},"author":2,"featured_media":0,"parent":706,"menu_order":0,"comment_status":"closed","ping_status":"closed","template":"","meta":{"_acf_changed":false,"_seopress_robots_primary_cat":"","_seopress_titles_title":"","_seopress_titles_desc":"","_seopress_robots_index":"","site-sidebar-layout":"default","site-content-layout":"","ast-site-content-layout":"default","site-content-style":"default","site-sidebar-style":"default","ast-global-header-display":"","ast-banner-title-visibility":"","ast-main-header-display":"","ast-hfb-above-header-display":"","ast-hfb-below-header-display":"","ast-hfb-mobile-header-display":"","site-post-title":"","ast-breadcrumbs-content":"","ast-featured-img":"","footer-sml-layout":"","ast-disable-related-posts":"","theme-transparent-header-meta":"","adv-header-id-meta":"","stick-header-meta":"","header-above-stick-meta":"","header-main-stick-meta":"","header-below-stick-meta":"","astra-migrate-meta-layouts":"default","ast-page-background-enabled":"default","ast-page-background-meta":{"desktop":{"background-color":"var(--ast-global-color-4)","background-image":"","background-repeat":"repeat","background-position":"center center","background-size":"auto","background-attachment":"scroll","background-type":"","background-media":"","overlay-type":"","overlay-color":"","overlay-opacity":"","overlay-gradient":""},"tablet":{"background-color":"","background-image":"","background-repeat":"repeat","background-position":"center center","background-size":"auto","background-attachment":"scroll","background-type":"","background-media":"","overlay-type":"","overlay-color":"","overlay-opacity":"","overlay-gradient":""},"mobile":{"background-color":"","background-image":"","background-repeat":"repeat","background-position":"center center","background-size":"auto","background-attachment":"scroll","background-type":"","background-media":"","overlay-type":"","overlay-color":"","overlay-opacity":"","overlay-gradient":""}},"ast-content-background-meta":{"desktop":{"background-color":"var(--ast-global-color-5)","background-image":"","background-repeat":"repeat","background-position":"center center","background-size":"auto","background-attachment":"scroll","background-type":"","background-media":"","overlay-type":"","overlay-color":"","overlay-opacity":"","overlay-gradient":""},"tablet":{"background-color":"var(--ast-global-color-5)","background-image":"","background-repeat":"repeat","background-position":"center center","background-size":"auto","background-attachment":"scroll","background-type":"","background-media":"","overlay-type":"","overlay-color":"","overlay-opacity":"","overlay-gradient":""},"mobile":{"background-color":"var(--ast-global-color-5)","background-image":"","background-repeat":"repeat","background-position":"center center","background-size":"auto","background-attachment":"scroll","background-type":"","background-media":"","overlay-type":"","overlay-color":"","overlay-opacity":"","overlay-gradient":""}},"footnotes":""},"class_list":["post-894","page","type-page","status-publish","hentry"],"acf":[],"_links":{"self":[{"href":"https:\/\/www.getnogard.se\/en\/wp-json\/wp\/v2\/pages\/894","targetHints":{"allow":["GET"]}}],"collection":[{"href":"https:\/\/www.getnogard.se\/en\/wp-json\/wp\/v2\/pages"}],"about":[{"href":"https:\/\/www.getnogard.se\/en\/wp-json\/wp\/v2\/types\/page"}],"author":[{"embeddable":true,"href":"https:\/\/www.getnogard.se\/en\/wp-json\/wp\/v2\/users\/2"}],"replies":[{"embeddable":true,"href":"https:\/\/www.getnogard.se\/en\/wp-json\/wp\/v2\/comments?post=894"}],"version-history":[{"count":3,"href":"https:\/\/www.getnogard.se\/en\/wp-json\/wp\/v2\/pages\/894\/revisions"}],"predecessor-version":[{"id":4835,"href":"https:\/\/www.getnogard.se\/en\/wp-json\/wp\/v2\/pages\/894\/revisions\/4835"}],"up":[{"embeddable":true,"href":"https:\/\/www.getnogard.se\/en\/wp-json\/wp\/v2\/pages\/706"}],"wp:attachment":[{"href":"https:\/\/www.getnogard.se\/en\/wp-json\/wp\/v2\/media?parent=894"}],"curies":[{"name":"wp","href":"https:\/\/api.w.org\/{rel}","templated":true}]}}