{"id":895,"date":"2017-05-21T15:42:54","date_gmt":"2017-05-21T13:42:54","guid":{"rendered":"http:\/\/www.getnogard.de\/houses\/raettarebostaden\/"},"modified":"2025-03-28T12:50:53","modified_gmt":"2025-03-28T11:50:53","slug":"raettarebostaden","status":"publish","type":"page","link":"https:\/\/www.getnogard.se\/en\/houses\/raettarebostaden\/","title":{"rendered":"R\u00e4ttarebostaden"},"content":{"rendered":"\n\n\t\t\t\t<img loading=\"lazy\" decoding=\"async\" src=\"https:\/\/www.getnogard.se\/wp-content\/uploads\/getno_stugor_raettarebostaden_header02.jpg\" alt=\"getno_stugor_raettarebostaden_header02\" itemprop=\"image\" height=\"400\" width=\"1100\" title=\"getno_stugor_raettarebostaden_header02\" onerror=\"this.style.display='none'\"  \/>\n<h1>\n\t\tHoliday Home R\u00e4ttarebostaden\n\t<\/h1>\n\t<p>Beautiful vacation home with enough space for 1 to 2 families, smaller conference- and sportfishing groups. R\u00e4ttarebostaden is situated right by Getn\u00f6 centre close to the reception, centre shop and caf\u00e9. Distance to lakeside and private bathing and boating is approx. 180 m.<\/p>\n<p>R\u00e4ttarebostaden is a large house (170 m\u00b2), with 2 floors, 7 rooms and a kitchen, hall and 3 bathrooms, tiled stove in the TV room. Electrical installation; fridge &amp; freezer, dishwasher, microwave, radio, WiFi and TV. Bedding and kitchen equipment for 12 persons. 3 bathrooms with wc, shower, 1 extra wc and sauna. There is also a laundry in the cellar with a washing machine and tumble dryer. Outdoor terrace with 15 m\u00b2 roof, as well as garden furniture, barbecue and camp fire area.<\/p>\n\t\t\t\t<a href=\"https:\/\/www.getnogard.se\/wp-content\/uploads\/getno_stugor_raettarebostaden_01.jpg\" target=\"_self\" itemprop=\"url\" rel=\"noopener\">\n\t\t\t\t<img loading=\"lazy\" decoding=\"async\" src=\"https:\/\/www.getnogard.se\/wp-content\/uploads\/getno_stugor_raettarebostaden_01.jpg\" alt=\"getno_stugor_raettarebostaden_01\" itemprop=\"image\" height=\"374\" width=\"600\" title=\"getno_stugor_raettarebostaden_01\" onerror=\"this.style.display='none'\"  \/>\n\t\t\t\t<\/a>\n\t\t\t\t<a href=\"https:\/\/www.getnogard.se\/wp-content\/uploads\/getno_stugor_raettarebostaden_10.jpg\" target=\"_self\" itemprop=\"url\" rel=\"noopener\">\n\t\t\t\t<img loading=\"lazy\" decoding=\"async\" src=\"https:\/\/www.getnogard.se\/wp-content\/uploads\/getno_stugor_raettarebostaden_10.jpg\" alt=\"getno_stugor_raettarebostaden_10\" itemprop=\"image\" height=\"374\" width=\"600\" title=\"getno_stugor_raettarebostaden_10\" onerror=\"this.style.display='none'\"  \/>\n\t\t\t\t<\/a>\n\t\t\t\t<a href=\"https:\/\/www.getnogard.se\/wp-content\/uploads\/getno_stugor_raettarebostaden_11.jpg\" target=\"_self\" itemprop=\"url\" rel=\"noopener\">\n\t\t\t\t<img loading=\"lazy\" decoding=\"async\" src=\"https:\/\/www.getnogard.se\/wp-content\/uploads\/getno_stugor_raettarebostaden_11.jpg\" alt=\"getno_stugor_raettarebostaden_11\" itemprop=\"image\" height=\"374\" width=\"600\" title=\"getno_stugor_raettarebostaden_11\" onerror=\"this.style.display='none'\"  \/>\n\t\t\t\t<\/a>\n\t\t\t\t<a href=\"https:\/\/www.getnogard.se\/wp-content\/uploads\/getno_stugor_raettarebostaden_15.jpg\" target=\"_self\" itemprop=\"url\" rel=\"noopener\">\n\t\t\t\t<img loading=\"lazy\" decoding=\"async\" src=\"https:\/\/www.getnogard.se\/wp-content\/uploads\/getno_stugor_raettarebostaden_15.jpg\" alt=\"getno_stugor_raettarebostaden_15\" itemprop=\"image\" height=\"374\" width=\"600\" title=\"getno_stugor_raettarebostaden_15\" onerror=\"this.style.display='none'\"  \/>\n\t\t\t\t<\/a>\n\t\t\t\t<a href=\"https:\/\/www.getnogard.se\/wp-content\/uploads\/getno_stugor_raettarebostaden_19.jpg\" target=\"_self\" itemprop=\"url\" rel=\"noopener\">\n\t\t\t\t<img loading=\"lazy\" decoding=\"async\" src=\"https:\/\/www.getnogard.se\/wp-content\/uploads\/getno_stugor_raettarebostaden_19.jpg\" alt=\"getno_stugor_raettarebostaden_19\" itemprop=\"image\" height=\"374\" width=\"600\" title=\"getno_stugor_raettarebostaden_19\" onerror=\"this.style.display='none'\"  \/>\n\t\t\t\t<\/a>\n\t\t\t\t<a href=\"https:\/\/www.getnogard.se\/wp-content\/uploads\/getno_stugor_raettarebostaden_17.jpg\" target=\"_self\" itemprop=\"url\" rel=\"noopener\">\n\t\t\t\t<img loading=\"lazy\" decoding=\"async\" src=\"https:\/\/www.getnogard.se\/wp-content\/uploads\/getno_stugor_raettarebostaden_17.jpg\" alt=\"getno_stugor_raettarebostaden_17\" itemprop=\"image\" height=\"374\" width=\"600\" title=\"getno_stugor_raettarebostaden_17\" onerror=\"this.style.display='none'\"  \/>\n\t\t\t\t<\/a>\n\t\t\t\t<a href=\"https:\/\/www.getnogard.se\/wp-content\/uploads\/getno_stugor_raettarebostaden_12.jpg\" target=\"_self\" itemprop=\"url\" rel=\"noopener\">\n\t\t\t\t<img loading=\"lazy\" decoding=\"async\" src=\"https:\/\/www.getnogard.se\/wp-content\/uploads\/getno_stugor_raettarebostaden_12.jpg\" alt=\"getno_stugor_raettarebostaden_12\" itemprop=\"image\" height=\"374\" width=\"600\" title=\"getno_stugor_raettarebostaden_12\" onerror=\"this.style.display='none'\"  \/>\n\t\t\t\t<\/a>\n\t\t\t\t<a href=\"https:\/\/www.getnogard.se\/wp-content\/uploads\/getno_stugor_raettarebostaden_16.jpg\" target=\"_self\" itemprop=\"url\" rel=\"noopener\">\n\t\t\t\t<img loading=\"lazy\" decoding=\"async\" src=\"https:\/\/www.getnogard.se\/wp-content\/uploads\/getno_stugor_raettarebostaden_16.jpg\" alt=\"getno_stugor_raettarebostaden_16\" itemprop=\"image\" height=\"374\" width=\"600\" title=\"getno_stugor_raettarebostaden_16\" onerror=\"this.style.display='none'\"  \/>\n\t\t\t\t<\/a>\n\t\t\t\t<a href=\"https:\/\/www.getnogard.se\/wp-content\/uploads\/getno_stugor_raettarebostaden_13.jpg\" target=\"_self\" itemprop=\"url\" rel=\"noopener\">\n\t\t\t\t<img loading=\"lazy\" decoding=\"async\" src=\"https:\/\/www.getnogard.se\/wp-content\/uploads\/getno_stugor_raettarebostaden_13.jpg\" alt=\"getno_stugor_raettarebostaden_13\" itemprop=\"image\" height=\"374\" width=\"600\" title=\"getno_stugor_raettarebostaden_13\" onerror=\"this.style.display='none'\"  \/>\n\t\t\t\t<\/a>\n\t\t<h3>\t\n\tFacts<\/h3><ul>\n<li>Number of persons: 12<\/li>\n<li>Size\/area: 170 m\u00b2<\/li>\n<li>Comments: sauna<\/li>\n<li>Winter insulation: yes<\/li>\n<li>Pets are not allowed in this house.<\/li>\n<li>Smoking is prohibited in all our houses.<\/li>\n<\/ul>\n\t\t<h3>\t\n\tWould you like to book this house?<\/h3><strong>Your contact person<\/strong><br \/>\n Ingrid E-M Olsson\n<strong>Phone:<\/strong><br \/>\n +46 477 &#8211; 240 21\n\t\t\t<a href=\"https:\/\/www.getnogard.se\/en\/contact\/\" target=\"_self\" rel=\"noopener\">\n\t\t\t\t\t\tWrite us an email\n\t\t\t\t\t<\/a>\n\t<h2>News &amp; Special Offers<\/h2>\n<p>We keep you updated about news and special offers from Getn\u00f6 &#8211; Lake \u00c5snen Resort.<\/p>\n\n","protected":false},"excerpt":{"rendered":"<p>Holiday Home R\u00e4ttarebostaden Beautiful vacation home with enough space for 1 to 2 families, smaller conference- and sportfishing groups. R\u00e4ttarebostaden is situated right by Getn\u00f6 centre close to the reception, centre shop and caf\u00e9. Distance to lakeside and private bathing and boating is approx. 180 m. R\u00e4ttarebostaden is a large house (170 m\u00b2), with 2 [&hellip;]<\/p>\n","protected":false},"author":2,"featured_media":0,"parent":706,"menu_order":0,"comment_status":"closed","ping_status":"closed","template":"","meta":{"_acf_changed":false,"_seopress_robots_primary_cat":"","_seopress_titles_title":"","_seopress_titles_desc":"","_seopress_robots_index":"","site-sidebar-layout":"default","site-content-layout":"","ast-site-content-layout":"default","site-content-style":"default","site-sidebar-style":"default","ast-global-header-display":"","ast-banner-title-visibility":"","ast-main-header-display":"","ast-hfb-above-header-display":"","ast-hfb-below-header-display":"","ast-hfb-mobile-header-display":"","site-post-title":"","ast-breadcrumbs-content":"","ast-featured-img":"","footer-sml-layout":"","ast-disable-related-posts":"","theme-transparent-header-meta":"","adv-header-id-meta":"","stick-header-meta":"","header-above-stick-meta":"","header-main-stick-meta":"","header-below-stick-meta":"","astra-migrate-meta-layouts":"default","ast-page-background-enabled":"default","ast-page-background-meta":{"desktop":{"background-color":"var(--ast-global-color-4)","background-image":"","background-repeat":"repeat","background-position":"center center","background-size":"auto","background-attachment":"scroll","background-type":"","background-media":"","overlay-type":"","overlay-color":"","overlay-opacity":"","overlay-gradient":""},"tablet":{"background-color":"","background-image":"","background-repeat":"repeat","background-position":"center center","background-size":"auto","background-attachment":"scroll","background-type":"","background-media":"","overlay-type":"","overlay-color":"","overlay-opacity":"","overlay-gradient":""},"mobile":{"background-color":"","background-image":"","background-repeat":"repeat","background-position":"center center","background-size":"auto","background-attachment":"scroll","background-type":"","background-media":"","overlay-type":"","overlay-color":"","overlay-opacity":"","overlay-gradient":""}},"ast-content-background-meta":{"desktop":{"background-color":"var(--ast-global-color-5)","background-image":"","background-repeat":"repeat","background-position":"center center","background-size":"auto","background-attachment":"scroll","background-type":"","background-media":"","overlay-type":"","overlay-color":"","overlay-opacity":"","overlay-gradient":""},"tablet":{"background-color":"var(--ast-global-color-5)","background-image":"","background-repeat":"repeat","background-position":"center center","background-size":"auto","background-attachment":"scroll","background-type":"","background-media":"","overlay-type":"","overlay-color":"","overlay-opacity":"","overlay-gradient":""},"mobile":{"background-color":"var(--ast-global-color-5)","background-image":"","background-repeat":"repeat","background-position":"center center","background-size":"auto","background-attachment":"scroll","background-type":"","background-media":"","overlay-type":"","overlay-color":"","overlay-opacity":"","overlay-gradient":""}},"footnotes":""},"class_list":["post-895","page","type-page","status-publish","hentry"],"acf":[],"_links":{"self":[{"href":"https:\/\/www.getnogard.se\/en\/wp-json\/wp\/v2\/pages\/895","targetHints":{"allow":["GET"]}}],"collection":[{"href":"https:\/\/www.getnogard.se\/en\/wp-json\/wp\/v2\/pages"}],"about":[{"href":"https:\/\/www.getnogard.se\/en\/wp-json\/wp\/v2\/types\/page"}],"author":[{"embeddable":true,"href":"https:\/\/www.getnogard.se\/en\/wp-json\/wp\/v2\/users\/2"}],"replies":[{"embeddable":true,"href":"https:\/\/www.getnogard.se\/en\/wp-json\/wp\/v2\/comments?post=895"}],"version-history":[{"count":5,"href":"https:\/\/www.getnogard.se\/en\/wp-json\/wp\/v2\/pages\/895\/revisions"}],"predecessor-version":[{"id":5309,"href":"https:\/\/www.getnogard.se\/en\/wp-json\/wp\/v2\/pages\/895\/revisions\/5309"}],"up":[{"embeddable":true,"href":"https:\/\/www.getnogard.se\/en\/wp-json\/wp\/v2\/pages\/706"}],"wp:attachment":[{"href":"https:\/\/www.getnogard.se\/en\/wp-json\/wp\/v2\/media?parent=895"}],"curies":[{"name":"wp","href":"https:\/\/api.w.org\/{rel}","templated":true}]}}