{"id":901,"date":"2017-05-21T15:59:46","date_gmt":"2017-05-21T13:59:46","guid":{"rendered":"http:\/\/www.getnogard.de\/houses\/vrigstad-gard\/"},"modified":"2025-04-25T11:47:44","modified_gmt":"2025-04-25T09:47:44","slug":"vrigstad-gard","status":"publish","type":"page","link":"https:\/\/www.getnogard.se\/en\/houses\/vrigstad-gard\/","title":{"rendered":"Vrigstad G\u00e5rd"},"content":{"rendered":"\n\n\t\t\t\t<img loading=\"lazy\" decoding=\"async\" src=\"https:\/\/www.getnogard.se\/wp-content\/uploads\/getno_stugor_vrigstadgaard_header.jpg\" alt=\"getno_stugor_vrigstadgaard_header\" itemprop=\"image\" height=\"400\" width=\"1100\" title=\"getno_stugor_vrigstadgaard_header\" onerror=\"this.style.display='none'\"  \/>\n<h1>\n\t\tHoliday Home Vrigstad G\u00e5rd\n\t<\/h1>\n\t<p>A beautifully situated building on the Vrigstad G\u00e5rd peninsula that lies to the west of the main island of Getn\u00f6. Vrigstad G\u00e5rd is ideal for fishinggroups. Wonderful lake view, large garden with fruit trees, and only 150 m from the lake<\/p>\n<p>Old farmstead, renovated in a rustic style, built in beginning of the 1900&#8217;s. it has 2 floors, 180 m\u00b2 in size, 12 beds, 6 rooms, hall and large kitchen, 2 newly renowated bathrooms with wc and showers. The living room has an open fireplace. Bedding and kitchen equipment for 12 persons. Electrically heated, fridge, freezer, microwave, dishwasher, radio and tv. Outdoor terrace with 20 m\u00b2 roof, as well as outdoor barbecue and campfire area. Private boatbridge, approx. 150 m.<\/p>\n\t\t\t\t<a href=\"https:\/\/www.getnogard.se\/wp-content\/uploads\/getno_stugor_vrigstad_15.jpg\" target=\"_self\" itemprop=\"url\" rel=\"noopener\">\n\t\t\t\t<img loading=\"lazy\" decoding=\"async\" src=\"https:\/\/www.getnogard.se\/wp-content\/uploads\/getno_stugor_vrigstad_15.jpg\" alt=\"getno_stugor_vrigstad_15\" itemprop=\"image\" height=\"374\" width=\"600\" title=\"getno_stugor_vrigstad_15\" onerror=\"this.style.display='none'\"  \/>\n\t\t\t\t<\/a>\n\t\t\t\t<a href=\"https:\/\/www.getnogard.se\/wp-content\/uploads\/getno_stugor_vrigstad_13.jpg\" target=\"_self\" itemprop=\"url\" rel=\"noopener\">\n\t\t\t\t<img loading=\"lazy\" decoding=\"async\" src=\"https:\/\/www.getnogard.se\/wp-content\/uploads\/getno_stugor_vrigstad_13.jpg\" alt=\"getno_stugor_vrigstad_13\" itemprop=\"image\" height=\"374\" width=\"600\" title=\"getno_stugor_vrigstad_13\" onerror=\"this.style.display='none'\"  \/>\n\t\t\t\t<\/a>\n\t\t\t\t<a href=\"https:\/\/www.getnogard.se\/wp-content\/uploads\/getno_stugor_vrigstad_14.jpg\" target=\"_self\" itemprop=\"url\" rel=\"noopener\">\n\t\t\t\t<img loading=\"lazy\" decoding=\"async\" src=\"https:\/\/www.getnogard.se\/wp-content\/uploads\/getno_stugor_vrigstad_14.jpg\" alt=\"getno_stugor_vrigstad_14\" itemprop=\"image\" height=\"374\" width=\"600\" title=\"getno_stugor_vrigstad_14\" onerror=\"this.style.display='none'\"  \/>\n\t\t\t\t<\/a>\n\t\t\t\t<a href=\"https:\/\/www.getnogard.se\/wp-content\/uploads\/getno_stugor_vrigstad_11.jpg\" target=\"_self\" itemprop=\"url\" rel=\"noopener\">\n\t\t\t\t<img loading=\"lazy\" decoding=\"async\" src=\"https:\/\/www.getnogard.se\/wp-content\/uploads\/getno_stugor_vrigstad_11.jpg\" alt=\"getno_stugor_vrigstad_11\" itemprop=\"image\" height=\"374\" width=\"600\" title=\"getno_stugor_vrigstad_11\" onerror=\"this.style.display='none'\"  \/>\n\t\t\t\t<\/a>\n\t\t\t\t<a href=\"https:\/\/www.getnogard.se\/wp-content\/uploads\/getno_stugor_vrigstad_10.jpg\" target=\"_self\" itemprop=\"url\" rel=\"noopener\">\n\t\t\t\t<img loading=\"lazy\" decoding=\"async\" src=\"https:\/\/www.getnogard.se\/wp-content\/uploads\/getno_stugor_vrigstad_10.jpg\" alt=\"getno_stugor_vrigstad_10\" itemprop=\"image\" height=\"374\" width=\"600\" title=\"getno_stugor_vrigstad_10\" onerror=\"this.style.display='none'\"  \/>\n\t\t\t\t<\/a>\n\t\t\t\t<a href=\"https:\/\/www.getnogard.se\/wp-content\/uploads\/getno_stugor_vrigstad_16.jpg\" target=\"_self\" itemprop=\"url\" rel=\"noopener\">\n\t\t\t\t<img loading=\"lazy\" decoding=\"async\" src=\"https:\/\/www.getnogard.se\/wp-content\/uploads\/getno_stugor_vrigstad_16.jpg\" alt=\"getno_stugor_vrigstad_16\" itemprop=\"image\" height=\"374\" width=\"600\" title=\"getno_stugor_vrigstad_16\" onerror=\"this.style.display='none'\"  \/>\n\t\t\t\t<\/a>\n\t\t\t\t<a href=\"https:\/\/www.getnogard.se\/wp-content\/uploads\/getno_stugor_vrigstadgaard_03.jpg\" target=\"_self\" itemprop=\"url\" rel=\"noopener\">\n\t\t\t\t<img loading=\"lazy\" decoding=\"async\" src=\"https:\/\/www.getnogard.se\/wp-content\/uploads\/getno_stugor_vrigstadgaard_03.jpg\" alt=\"getno_stugor_vrigstadgaard_03\" itemprop=\"image\" height=\"374\" width=\"600\" title=\"getno_stugor_vrigstadgaard_03\" onerror=\"this.style.display='none'\"  \/>\n\t\t\t\t<\/a>\n\t\t\t\t<a href=\"https:\/\/www.getnogard.se\/wp-content\/uploads\/getno_stugor_vrigstad_12.jpg\" target=\"_self\" itemprop=\"url\" rel=\"noopener\">\n\t\t\t\t<img loading=\"lazy\" decoding=\"async\" src=\"https:\/\/www.getnogard.se\/wp-content\/uploads\/getno_stugor_vrigstad_12.jpg\" alt=\"getno_stugor_vrigstad_12\" itemprop=\"image\" height=\"374\" width=\"600\" title=\"getno_stugor_vrigstad_12\" onerror=\"this.style.display='none'\"  \/>\n\t\t\t\t<\/a>\n\t\t\t\t<a href=\"https:\/\/www.getnogard.se\/wp-content\/uploads\/getno_stugor_vrigstadgaard_06.jpg\" target=\"_self\" itemprop=\"url\" rel=\"noopener\">\n\t\t\t\t<img loading=\"lazy\" decoding=\"async\" src=\"https:\/\/www.getnogard.se\/wp-content\/uploads\/getno_stugor_vrigstadgaard_06.jpg\" alt=\"getno_stugor_vrigstadgaard_06\" itemprop=\"image\" height=\"374\" width=\"600\" title=\"getno_stugor_vrigstadgaard_06\" onerror=\"this.style.display='none'\"  \/>\n\t\t\t\t<\/a>\n\t\t<h3>\t\n\tFacts<\/h3><ul>\n<li>Number of persons: 12<\/li>\n<li>Size\/area: 180 m\u00b2<\/li>\n<li>Comments:<\/li>\n<li>Winter insulation: yes<\/li>\n<li>Pets are not allowed in this house.<\/li>\n<li>Smoking is prohibited in all our houses.<\/li>\n<\/ul>\n\t\t<h3>\t\n\tWould you like to book this house?<\/h3><strong>Your contact person<\/strong><br \/>\n Ingrid E-M Olsson\n<strong>Phone:<\/strong><br \/>\n +46 477 &#8211; 240 21\n\t\t\t<a href=\"https:\/\/www.getnogard.se\/en\/contact\/\" target=\"_self\" rel=\"noopener\">\n\t\t\t\t\t\tWrite us an email\n\t\t\t\t\t<\/a>\n\t<h2>News &amp; Special Offers<\/h2>\n<p>We keep you updated about news and special offers from Getn\u00f6 &#8211; Lake \u00c5snen Resort.<\/p>\n\n","protected":false},"excerpt":{"rendered":"<p>Holiday Home Vrigstad G\u00e5rd A beautifully situated building on the Vrigstad G\u00e5rd peninsula that lies to the west of the main island of Getn\u00f6. Vrigstad G\u00e5rd is ideal for fishinggroups. Wonderful lake view, large garden with fruit trees, and only 150 m from the lake Old farmstead, renovated in a rustic style, built in beginning [&hellip;]<\/p>\n","protected":false},"author":2,"featured_media":0,"parent":706,"menu_order":0,"comment_status":"closed","ping_status":"closed","template":"","meta":{"_acf_changed":false,"_seopress_robots_primary_cat":"","_seopress_titles_title":"","_seopress_titles_desc":"","_seopress_robots_index":"","site-sidebar-layout":"default","site-content-layout":"","ast-site-content-layout":"default","site-content-style":"default","site-sidebar-style":"default","ast-global-header-display":"","ast-banner-title-visibility":"","ast-main-header-display":"","ast-hfb-above-header-display":"","ast-hfb-below-header-display":"","ast-hfb-mobile-header-display":"","site-post-title":"","ast-breadcrumbs-content":"","ast-featured-img":"","footer-sml-layout":"","ast-disable-related-posts":"","theme-transparent-header-meta":"","adv-header-id-meta":"","stick-header-meta":"","header-above-stick-meta":"","header-main-stick-meta":"","header-below-stick-meta":"","astra-migrate-meta-layouts":"default","ast-page-background-enabled":"default","ast-page-background-meta":{"desktop":{"background-color":"var(--ast-global-color-4)","background-image":"","background-repeat":"repeat","background-position":"center center","background-size":"auto","background-attachment":"scroll","background-type":"","background-media":"","overlay-type":"","overlay-color":"","overlay-opacity":"","overlay-gradient":""},"tablet":{"background-color":"","background-image":"","background-repeat":"repeat","background-position":"center center","background-size":"auto","background-attachment":"scroll","background-type":"","background-media":"","overlay-type":"","overlay-color":"","overlay-opacity":"","overlay-gradient":""},"mobile":{"background-color":"","background-image":"","background-repeat":"repeat","background-position":"center center","background-size":"auto","background-attachment":"scroll","background-type":"","background-media":"","overlay-type":"","overlay-color":"","overlay-opacity":"","overlay-gradient":""}},"ast-content-background-meta":{"desktop":{"background-color":"var(--ast-global-color-5)","background-image":"","background-repeat":"repeat","background-position":"center center","background-size":"auto","background-attachment":"scroll","background-type":"","background-media":"","overlay-type":"","overlay-color":"","overlay-opacity":"","overlay-gradient":""},"tablet":{"background-color":"var(--ast-global-color-5)","background-image":"","background-repeat":"repeat","background-position":"center center","background-size":"auto","background-attachment":"scroll","background-type":"","background-media":"","overlay-type":"","overlay-color":"","overlay-opacity":"","overlay-gradient":""},"mobile":{"background-color":"var(--ast-global-color-5)","background-image":"","background-repeat":"repeat","background-position":"center center","background-size":"auto","background-attachment":"scroll","background-type":"","background-media":"","overlay-type":"","overlay-color":"","overlay-opacity":"","overlay-gradient":""}},"footnotes":""},"class_list":["post-901","page","type-page","status-publish","hentry"],"acf":[],"_links":{"self":[{"href":"https:\/\/www.getnogard.se\/en\/wp-json\/wp\/v2\/pages\/901","targetHints":{"allow":["GET"]}}],"collection":[{"href":"https:\/\/www.getnogard.se\/en\/wp-json\/wp\/v2\/pages"}],"about":[{"href":"https:\/\/www.getnogard.se\/en\/wp-json\/wp\/v2\/types\/page"}],"author":[{"embeddable":true,"href":"https:\/\/www.getnogard.se\/en\/wp-json\/wp\/v2\/users\/2"}],"replies":[{"embeddable":true,"href":"https:\/\/www.getnogard.se\/en\/wp-json\/wp\/v2\/comments?post=901"}],"version-history":[{"count":5,"href":"https:\/\/www.getnogard.se\/en\/wp-json\/wp\/v2\/pages\/901\/revisions"}],"predecessor-version":[{"id":5322,"href":"https:\/\/www.getnogard.se\/en\/wp-json\/wp\/v2\/pages\/901\/revisions\/5322"}],"up":[{"embeddable":true,"href":"https:\/\/www.getnogard.se\/en\/wp-json\/wp\/v2\/pages\/706"}],"wp:attachment":[{"href":"https:\/\/www.getnogard.se\/en\/wp-json\/wp\/v2\/media?parent=901"}],"curies":[{"name":"wp","href":"https:\/\/api.w.org\/{rel}","templated":true}]}}